{"id":10,"date":"2018-12-07T12:56:26","date_gmt":"2018-12-07T11:56:26","guid":{"rendered":"http:\/\/blogs.univ-jfc.fr\/dynamiquesurbaines\/?page_id=10"},"modified":"2019-09-02T16:25:02","modified_gmt":"2019-09-02T14:25:02","slug":"a-propos","status":"publish","type":"page","link":"https:\/\/blogs.univ-jfc.fr\/dynamiquesurbaines\/a-propos\/","title":{"rendered":"A propos"},"content":{"rendered":"<p align=\"justify\">Ce colloque sanctionne le travail men\u00e9 depuis 2015 par une \u00e9quipe transnationale, regroupant l\u2019Universit\u00e9 Libre de Bruxelles, le Laboratoire de m\u00e9di\u00e9vistique occidentale de Paris (UMR 8589), l&rsquo;Universit\u00e9 Paris 1-Panth\u00e9on Sorbonne, l\u2019Universit\u00e9 do Minho de Braga, et l\u2019Universit\u00e9 d\u2019Albi- Framespa (UMR 5136), via un programme Pessoa.<\/p>\n<p align=\"justify\">Pour poursuivre et cl\u00f4turer ce projet, et pour formaliser les conclusions auxquelles les \u00e9quipes ont abouti, le format colloque semble adapt\u00e9. Il permettra aux participants de communiquer leurs conclusions en fonction des probl\u00e9matiques cibl\u00e9es, tout en stimulant la discussion avec des communicants hors projet, invit\u00e9s pour contraster, compl\u00e9ter, critiquer ou enrichir les approches envisag\u00e9es.<\/p>\n<p><img loading=\"lazy\" class=\"aligncenter size-large wp-image-298\" src=\"http:\/\/blogs.univ-jfc.fr\/dynamiquesurbaines\/wp-content\/uploads\/sites\/70\/2018\/12\/colloquepierre-page-001-724x1024.jpg\" alt=\"\" width=\"525\" height=\"743\" srcset=\"https:\/\/blogs.univ-jfc.fr\/dynamiquesurbaines\/wp-content\/uploads\/sites\/70\/2018\/12\/colloquepierre-page-001-724x1024.jpg 724w, https:\/\/blogs.univ-jfc.fr\/dynamiquesurbaines\/wp-content\/uploads\/sites\/70\/2018\/12\/colloquepierre-page-001-212x300.jpg 212w, https:\/\/blogs.univ-jfc.fr\/dynamiquesurbaines\/wp-content\/uploads\/sites\/70\/2018\/12\/colloquepierre-page-001-768x1087.jpg 768w, https:\/\/blogs.univ-jfc.fr\/dynamiquesurbaines\/wp-content\/uploads\/sites\/70\/2018\/12\/colloquepierre-page-001.jpg 877w\" sizes=\"(max-width: 525px) 100vw, 525px\" \/><\/p>\n<p align=\"justify\">Ainsi, des scientifiques europ\u00e9ens ont \u00e9t\u00e9 invit\u00e9s \u00e0 communiquer \u00e0 partir de l\u2019argumentaire suivant :<\/p>\n<p align=\"justify\">Sur le temps long, la p\u00e9trification de la ville, la dominante des mat\u00e9riaux durs au premier rang desquels se trouve la pierre, appara\u00eet dans l\u2019historiographie traditionnelle comme le r\u00e9sultat, la cons\u00e9quence voire la repr\u00e9sentation ultime du fait urbain dans ses param\u00e8tres politiques, sociaux, \u00e9conomiques ou culturels. Ce colloque propose de revenir sur ce postulat en reconsid\u00e9rant les rapports et les dynamiques existants entre l\u2019\u00e9volution de la ville et l\u2019usage de la pierre, pour les \u00e9difices \u00e0 la fois priv\u00e9s et publics.<\/p>\n<p align=\"justify\">La dynamique \u00e9volutive de la ville induit- elle le passage aux mat\u00e9riaux durs ? Par corollaire, la modification dans l\u2019emploi et dans l\u2019usage de la pierre est-elle cons\u00e9quence de changements constructifs, techniques ou esth\u00e9tiques, ou inversement ? Ainsi, peut-on mettre en interaction mat\u00e9riaux, techniques et dynamiques urbaines ? Ce rapport fonction- usage &#8211; mat\u00e9riau peut-il \u00eatre conditionn\u00e9 par des param\u00e8tres pragmatiques issus d\u2019un contexte politique, \u00e9conomique, d\u00e9mographique, esth\u00e9tique ou symbolique?<\/p>\n<p align=\"justify\">De plus, le colloque questionne les rapports entre la pierre et les autres mat\u00e9riaux. Ces derniers sont-ils forc\u00e9ment envisag\u00e9s comme substitutifs, compl\u00e9ments ou choix par d\u00e9faut dans une tradition d&rsquo;utilisation de la pierre, vue comme le mat\u00e9riau noble et p\u00e9renne par excellence ? Ces probl\u00e9matiques am\u00e8nent \u00e0 consid\u00e9rer le r\u00f4le des acteurs (pouvoirs publics, gens de M\u00e9tier, entrepreneurs\u2026) dans l\u2019adoption de la pierre pour les projets urbains.<\/p>\n<p align=\"justify\">In fine, la pierre est-elle forc\u00e9ment le marqueur d\u2019une \u00e9volution, d\u2019une dynamique \u00e0 l\u2019\u00e9chelle de la ville ?<br \/>\nPour envisager ce sujet, les communicants pourront utiliser de multiples sources (textuelles, arch\u00e9ologiques, iconographiques, architecturales, etc.) \u00e0 puiser dans les diff\u00e9rents domaines de la recherche.<\/p>\n<h5>Comit\u00e9 scientifique :<\/h5>\n<p>Philippe BERNARDI \u2013 Paris-1 Panth\u00e9on-Sorbonne &#8211; LaMOP<br \/>\nPaulo CHARRUADAS \u2013 Universit\u00e9 Libre de Bruxelles<br \/>\nMaria DO CARMO FRANCO RIBEIRO \u2013 Universit\u00e9 de Braga<br \/>\nH\u00e9l\u00e8ne NOIZET \u2013 Paris-1 Panth\u00e9on-Sorbonne &#8211; LaMOP<br \/>\nC\u00e9cile SABATHIER\u2013 Paris-1 Panth\u00e9on-Sorbonne &#8211; LaMOP<br \/>\nPhilippe SOSNOWSKA &#8211; Universit\u00e9 Libre de Bruxelles<br \/>\nArnaldo SOUSA MELO \u2013 Universit\u00e9 de Braga<br \/>\nSandrine VICTOR \u2013 Institut National Universitaire Champollion, Albi<\/p>\n<p>&nbsp;<\/p>\n<p>&nbsp;<\/p>\n","protected":false},"excerpt":{"rendered":"<p>Ce colloque sanctionne le travail men\u00e9 depuis 2015 par une \u00e9quipe transnationale, regroupant l\u2019Universit\u00e9 Libre de Bruxelles, le Laboratoire de m\u00e9di\u00e9vistique occidentale de Paris (UMR 8589), l&rsquo;Universit\u00e9 Paris 1-Panth\u00e9on Sorbonne, l\u2019Universit\u00e9 do Minho de Braga, et l\u2019Universit\u00e9 d\u2019Albi- Framespa (UMR 5136), via un programme Pessoa. Pour poursuivre et cl\u00f4turer ce projet, et pour formaliser les &hellip; <\/p>\n<p class=\"link-more\"><a href=\"https:\/\/blogs.univ-jfc.fr\/dynamiquesurbaines\/a-propos\/\" class=\"more-link\">Continuer la lecture<span class=\"screen-reader-text\"> de &laquo;&nbsp;A propos&nbsp;&raquo;<\/span><\/a><\/p>\n","protected":false},"author":20,"featured_media":0,"parent":0,"menu_order":0,"comment_status":"closed","ping_status":"closed","template":"","meta":[],"_links":{"self":[{"href":"https:\/\/blogs.univ-jfc.fr\/dynamiquesurbaines\/wp-json\/wp\/v2\/pages\/10"}],"collection":[{"href":"https:\/\/blogs.univ-jfc.fr\/dynamiquesurbaines\/wp-json\/wp\/v2\/pages"}],"about":[{"href":"https:\/\/blogs.univ-jfc.fr\/dynamiquesurbaines\/wp-json\/wp\/v2\/types\/page"}],"author":[{"embeddable":true,"href":"https:\/\/blogs.univ-jfc.fr\/dynamiquesurbaines\/wp-json\/wp\/v2\/users\/20"}],"replies":[{"embeddable":true,"href":"https:\/\/blogs.univ-jfc.fr\/dynamiquesurbaines\/wp-json\/wp\/v2\/comments?post=10"}],"version-history":[{"count":6,"href":"https:\/\/blogs.univ-jfc.fr\/dynamiquesurbaines\/wp-json\/wp\/v2\/pages\/10\/revisions"}],"predecessor-version":[{"id":310,"href":"https:\/\/blogs.univ-jfc.fr\/dynamiquesurbaines\/wp-json\/wp\/v2\/pages\/10\/revisions\/310"}],"wp:attachment":[{"href":"https:\/\/blogs.univ-jfc.fr\/dynamiquesurbaines\/wp-json\/wp\/v2\/media?parent=10"}],"curies":[{"name":"wp","href":"https:\/\/api.w.org\/{rel}","templated":true}]}}