{"id":12,"date":"2018-12-07T12:56:38","date_gmt":"2018-12-07T11:56:38","guid":{"rendered":"http:\/\/blogs.univ-jfc.fr\/dynamiquesurbaines\/?page_id=12"},"modified":"2019-04-18T17:27:47","modified_gmt":"2019-04-18T15:27:47","slug":"partenaires-et-soutiens","status":"publish","type":"page","link":"https:\/\/blogs.univ-jfc.fr\/dynamiquesurbaines\/partenaires-et-soutiens\/","title":{"rendered":"Partenaires et soutiens"},"content":{"rendered":"<h2><span style=\"color: #ff6600\">Les partenaires \u00e0 l&rsquo;organisation de ce colloque sont :<\/span><\/h2>\n<p>INU Champollion, Albi<\/p>\n<p>Laboratoire Framespa, UMR 5136, Toulouse<\/p>\n<p>Axe de recherche TCF, Albi<\/p>\n<p>Universit\u00e9 Paris 1 Panth\u00e9on-Sorbonne<\/p>\n<p>IUF<\/p>\n<p>Laboratoire Lamop, UMR 8589<\/p>\n<p>Universit\u00e9 Libre de Bruxelles<\/p>\n<p>Universidade do Minho, Braga<\/p>\n<p>Lab2pt<\/p>\n<p>Cam\u00f5es<\/p>\n<p>Communaut\u00e9 d&rsquo;Agglom\u00e9ration de l&rsquo;Albigeois<\/p>\n<p>&nbsp;<\/p>\n<h2><span style=\"color: #ff6600\">Merci du soutien de :<\/span><\/h2>\n<p>&nbsp;<\/p>\n<div id='gallery-1' class='gallery galleryid-12 gallery-columns-5 gallery-size-medium'><figure class='gallery-item'>\n\t\t\t<div class='gallery-icon landscape'>\n\t\t\t\t<a href='https:\/\/blogs.univ-jfc.fr\/dynamiquesurbaines\/albi\/'><img width=\"300\" height=\"300\" src=\"https:\/\/blogs.univ-jfc.fr\/dynamiquesurbaines\/wp-content\/uploads\/sites\/70\/2018\/12\/albi-300x300.jpg\" class=\"attachment-medium size-medium\" alt=\"\" loading=\"lazy\" srcset=\"https:\/\/blogs.univ-jfc.fr\/dynamiquesurbaines\/wp-content\/uploads\/sites\/70\/2018\/12\/albi-300x300.jpg 300w, https:\/\/blogs.univ-jfc.fr\/dynamiquesurbaines\/wp-content\/uploads\/sites\/70\/2018\/12\/albi-150x150.jpg 150w, https:\/\/blogs.univ-jfc.fr\/dynamiquesurbaines\/wp-content\/uploads\/sites\/70\/2018\/12\/albi-100x100.jpg 100w, https:\/\/blogs.univ-jfc.fr\/dynamiquesurbaines\/wp-content\/uploads\/sites\/70\/2018\/12\/albi.jpg 400w\" sizes=\"100vw\" \/><\/a>\n\t\t\t<\/div><\/figure><figure class='gallery-item'>\n\t\t\t<div class='gallery-icon landscape'>\n\t\t\t\t<a href='https:\/\/blogs.univ-jfc.fr\/dynamiquesurbaines\/framespa\/'><img width=\"110\" height=\"110\" src=\"https:\/\/blogs.univ-jfc.fr\/dynamiquesurbaines\/wp-content\/uploads\/sites\/70\/2018\/12\/framespa.jpg\" class=\"attachment-medium size-medium\" alt=\"\" loading=\"lazy\" srcset=\"https:\/\/blogs.univ-jfc.fr\/dynamiquesurbaines\/wp-content\/uploads\/sites\/70\/2018\/12\/framespa.jpg 110w, https:\/\/blogs.univ-jfc.fr\/dynamiquesurbaines\/wp-content\/uploads\/sites\/70\/2018\/12\/framespa-100x100.jpg 100w\" sizes=\"100vw\" \/><\/a>\n\t\t\t<\/div><\/figure><figure class='gallery-item'>\n\t\t\t<div class='gallery-icon landscape'>\n\t\t\t\t<a href='https:\/\/blogs.univ-jfc.fr\/dynamiquesurbaines\/partenaires-et-soutiens\/image\/'><img width=\"300\" height=\"300\" src=\"https:\/\/blogs.univ-jfc.fr\/dynamiquesurbaines\/wp-content\/uploads\/sites\/70\/2018\/12\/image-300x300.jpg\" class=\"attachment-medium size-medium\" alt=\"\" loading=\"lazy\" srcset=\"https:\/\/blogs.univ-jfc.fr\/dynamiquesurbaines\/wp-content\/uploads\/sites\/70\/2018\/12\/image-300x300.jpg 300w, https:\/\/blogs.univ-jfc.fr\/dynamiquesurbaines\/wp-content\/uploads\/sites\/70\/2018\/12\/image-150x150.jpg 150w, https:\/\/blogs.univ-jfc.fr\/dynamiquesurbaines\/wp-content\/uploads\/sites\/70\/2018\/12\/image-100x100.jpg 100w, https:\/\/blogs.univ-jfc.fr\/dynamiquesurbaines\/wp-content\/uploads\/sites\/70\/2018\/12\/image.jpg 474w\" sizes=\"100vw\" \/><\/a>\n\t\t\t<\/div><\/figure><figure class='gallery-item'>\n\t\t\t<div class='gallery-icon landscape'>\n\t\t\t\t<a href='https:\/\/blogs.univ-jfc.fr\/dynamiquesurbaines\/sorbonne\/'><img width=\"300\" height=\"204\" src=\"https:\/\/blogs.univ-jfc.fr\/dynamiquesurbaines\/wp-content\/uploads\/sites\/70\/2018\/12\/sorbonne-300x204.jpg\" class=\"attachment-medium size-medium\" alt=\"\" loading=\"lazy\" srcset=\"https:\/\/blogs.univ-jfc.fr\/dynamiquesurbaines\/wp-content\/uploads\/sites\/70\/2018\/12\/sorbonne-300x204.jpg 300w, https:\/\/blogs.univ-jfc.fr\/dynamiquesurbaines\/wp-content\/uploads\/sites\/70\/2018\/12\/sorbonne.jpg 474w\" sizes=\"100vw\" \/><\/a>\n\t\t\t<\/div><\/figure><figure class='gallery-item'>\n\t\t\t<div class='gallery-icon landscape'>\n\t\t\t\t<a href='https:\/\/blogs.univ-jfc.fr\/dynamiquesurbaines\/lamop\/'><img width=\"300\" height=\"176\" src=\"https:\/\/blogs.univ-jfc.fr\/dynamiquesurbaines\/wp-content\/uploads\/sites\/70\/2018\/12\/lamop-300x176.jpg\" class=\"attachment-medium size-medium\" alt=\"\" loading=\"lazy\" srcset=\"https:\/\/blogs.univ-jfc.fr\/dynamiquesurbaines\/wp-content\/uploads\/sites\/70\/2018\/12\/lamop-300x176.jpg 300w, https:\/\/blogs.univ-jfc.fr\/dynamiquesurbaines\/wp-content\/uploads\/sites\/70\/2018\/12\/lamop.jpg 369w\" sizes=\"100vw\" \/><\/a>\n\t\t\t<\/div><\/figure><figure class='gallery-item'>\n\t\t\t<div class='gallery-icon landscape'>\n\t\t\t\t<a href='https:\/\/blogs.univ-jfc.fr\/dynamiquesurbaines\/iuf\/'><img width=\"300\" height=\"105\" src=\"https:\/\/blogs.univ-jfc.fr\/dynamiquesurbaines\/wp-content\/uploads\/sites\/70\/2018\/12\/iuf-300x105.jpg\" class=\"attachment-medium size-medium\" alt=\"\" loading=\"lazy\" srcset=\"https:\/\/blogs.univ-jfc.fr\/dynamiquesurbaines\/wp-content\/uploads\/sites\/70\/2018\/12\/iuf-300x105.jpg 300w, https:\/\/blogs.univ-jfc.fr\/dynamiquesurbaines\/wp-content\/uploads\/sites\/70\/2018\/12\/iuf.jpg 474w\" sizes=\"100vw\" \/><\/a>\n\t\t\t<\/div><\/figure><figure class='gallery-item'>\n\t\t\t<div class='gallery-icon landscape'>\n\t\t\t\t<a href='https:\/\/blogs.univ-jfc.fr\/dynamiquesurbaines\/braga\/'><img width=\"300\" height=\"300\" src=\"https:\/\/blogs.univ-jfc.fr\/dynamiquesurbaines\/wp-content\/uploads\/sites\/70\/2018\/12\/braga-300x300.jpg\" class=\"attachment-medium size-medium\" alt=\"\" loading=\"lazy\" srcset=\"https:\/\/blogs.univ-jfc.fr\/dynamiquesurbaines\/wp-content\/uploads\/sites\/70\/2018\/12\/braga-300x300.jpg 300w, https:\/\/blogs.univ-jfc.fr\/dynamiquesurbaines\/wp-content\/uploads\/sites\/70\/2018\/12\/braga-150x150.jpg 150w, https:\/\/blogs.univ-jfc.fr\/dynamiquesurbaines\/wp-content\/uploads\/sites\/70\/2018\/12\/braga-100x100.jpg 100w, https:\/\/blogs.univ-jfc.fr\/dynamiquesurbaines\/wp-content\/uploads\/sites\/70\/2018\/12\/braga.jpg 474w\" sizes=\"100vw\" \/><\/a>\n\t\t\t<\/div><\/figure><figure class='gallery-item'>\n\t\t\t<div class='gallery-icon landscape'>\n\t\t\t\t<a href='https:\/\/blogs.univ-jfc.fr\/dynamiquesurbaines\/bruxelles\/'><img width=\"300\" height=\"300\" src=\"https:\/\/blogs.univ-jfc.fr\/dynamiquesurbaines\/wp-content\/uploads\/sites\/70\/2018\/12\/bruxelles-300x300.jpg\" class=\"attachment-medium size-medium\" alt=\"\" loading=\"lazy\" srcset=\"https:\/\/blogs.univ-jfc.fr\/dynamiquesurbaines\/wp-content\/uploads\/sites\/70\/2018\/12\/bruxelles-300x300.jpg 300w, https:\/\/blogs.univ-jfc.fr\/dynamiquesurbaines\/wp-content\/uploads\/sites\/70\/2018\/12\/bruxelles-150x150.jpg 150w, https:\/\/blogs.univ-jfc.fr\/dynamiquesurbaines\/wp-content\/uploads\/sites\/70\/2018\/12\/bruxelles-100x100.jpg 100w, https:\/\/blogs.univ-jfc.fr\/dynamiquesurbaines\/wp-content\/uploads\/sites\/70\/2018\/12\/bruxelles.jpg 474w\" sizes=\"100vw\" \/><\/a>\n\t\t\t<\/div><\/figure><figure class='gallery-item'>\n\t\t\t<div class='gallery-icon landscape'>\n\t\t\t\t<a href='https:\/\/blogs.univ-jfc.fr\/dynamiquesurbaines\/labo-braga\/'><img width=\"299\" height=\"168\" src=\"https:\/\/blogs.univ-jfc.fr\/dynamiquesurbaines\/wp-content\/uploads\/sites\/70\/2018\/12\/labo-braga.jpg\" class=\"attachment-medium size-medium\" alt=\"\" loading=\"lazy\" sizes=\"100vw\" \/><\/a>\n\t\t\t<\/div><\/figure><figure class='gallery-item'>\n\t\t\t<div class='gallery-icon landscape'>\n\t\t\t\t<a href='https:\/\/blogs.univ-jfc.fr\/dynamiquesurbaines\/albi-cite\/'><img width=\"300\" height=\"212\" src=\"https:\/\/blogs.univ-jfc.fr\/dynamiquesurbaines\/wp-content\/uploads\/sites\/70\/2018\/12\/albi-cit\u00e9-300x212.jpg\" class=\"attachment-medium size-medium\" alt=\"\" loading=\"lazy\" srcset=\"https:\/\/blogs.univ-jfc.fr\/dynamiquesurbaines\/wp-content\/uploads\/sites\/70\/2018\/12\/albi-cit\u00e9-300x212.jpg 300w, https:\/\/blogs.univ-jfc.fr\/dynamiquesurbaines\/wp-content\/uploads\/sites\/70\/2018\/12\/albi-cit\u00e9.jpg 474w\" sizes=\"100vw\" \/><\/a>\n\t\t\t<\/div><\/figure><figure class='gallery-item'>\n\t\t\t<div class='gallery-icon portrait'>\n\t\t\t\t<a href='https:\/\/blogs.univ-jfc.fr\/dynamiquesurbaines\/partenaires-et-soutiens\/logo_1994_dumaanj-v1\/'><img width=\"220\" height=\"300\" src=\"https:\/\/blogs.univ-jfc.fr\/dynamiquesurbaines\/wp-content\/uploads\/sites\/70\/2018\/12\/Logo_1994_Dumaanj.v1-220x300.jpg\" class=\"attachment-medium size-medium\" alt=\"\" loading=\"lazy\" srcset=\"https:\/\/blogs.univ-jfc.fr\/dynamiquesurbaines\/wp-content\/uploads\/sites\/70\/2018\/12\/Logo_1994_Dumaanj.v1-220x300.jpg 220w, https:\/\/blogs.univ-jfc.fr\/dynamiquesurbaines\/wp-content\/uploads\/sites\/70\/2018\/12\/Logo_1994_Dumaanj.v1-768x1049.jpg 768w, https:\/\/blogs.univ-jfc.fr\/dynamiquesurbaines\/wp-content\/uploads\/sites\/70\/2018\/12\/Logo_1994_Dumaanj.v1-e1555600746636.jpg 750w\" sizes=\"100vw\" \/><\/a>\n\t\t\t<\/div><\/figure><figure class='gallery-item'>\n\t\t\t<div class='gallery-icon landscape'>\n\t\t\t\t<a href='https:\/\/blogs.univ-jfc.fr\/dynamiquesurbaines\/partenaires-et-soutiens\/icamoes-01\/'><img width=\"300\" height=\"107\" src=\"https:\/\/blogs.univ-jfc.fr\/dynamiquesurbaines\/wp-content\/uploads\/sites\/70\/2018\/12\/ICamoes-01-300x107.jpg\" class=\"attachment-medium size-medium\" alt=\"\" loading=\"lazy\" srcset=\"https:\/\/blogs.univ-jfc.fr\/dynamiquesurbaines\/wp-content\/uploads\/sites\/70\/2018\/12\/ICamoes-01-300x107.jpg 300w, https:\/\/blogs.univ-jfc.fr\/dynamiquesurbaines\/wp-content\/uploads\/sites\/70\/2018\/12\/ICamoes-01-768x275.jpg 768w, https:\/\/blogs.univ-jfc.fr\/dynamiquesurbaines\/wp-content\/uploads\/sites\/70\/2018\/12\/ICamoes-01-1024x367.jpg 1024w, https:\/\/blogs.univ-jfc.fr\/dynamiquesurbaines\/wp-content\/uploads\/sites\/70\/2018\/12\/ICamoes-01.jpg 1360w\" sizes=\"100vw\" \/><\/a>\n\t\t\t<\/div><\/figure><figure class='gallery-item'>\n\t\t\t<div class='gallery-icon landscape'>\n\t\t\t\t<a href='https:\/\/blogs.univ-jfc.fr\/dynamiquesurbaines\/partenaires-et-soutiens\/afhc_logo\/'><img width=\"300\" height=\"137\" src=\"https:\/\/blogs.univ-jfc.fr\/dynamiquesurbaines\/wp-content\/uploads\/sites\/70\/2018\/12\/AFHC_logo_moyen-300x137.jpg\" class=\"attachment-medium size-medium\" alt=\"\" loading=\"lazy\" srcset=\"https:\/\/blogs.univ-jfc.fr\/dynamiquesurbaines\/wp-content\/uploads\/sites\/70\/2018\/12\/AFHC_logo_moyen-300x137.jpg 300w, https:\/\/blogs.univ-jfc.fr\/dynamiquesurbaines\/wp-content\/uploads\/sites\/70\/2018\/12\/AFHC_logo_moyen.jpg 709w\" sizes=\"100vw\" \/><\/a>\n\t\t\t<\/div><\/figure>\n\t\t<\/div>\n\n<p>&nbsp;<\/p>\n","protected":false},"excerpt":{"rendered":"<p>Les partenaires \u00e0 l&rsquo;organisation de ce colloque sont : INU Champollion, Albi Laboratoire Framespa, UMR 5136, Toulouse Axe de recherche TCF, Albi Universit\u00e9 Paris 1 Panth\u00e9on-Sorbonne IUF Laboratoire Lamop, UMR 8589 Universit\u00e9 Libre de Bruxelles Universidade do Minho, Braga Lab2pt Cam\u00f5es Communaut\u00e9 d&rsquo;Agglom\u00e9ration de l&rsquo;Albigeois &nbsp; Merci du soutien de : &nbsp; &nbsp;<\/p>\n","protected":false},"author":20,"featured_media":0,"parent":0,"menu_order":0,"comment_status":"closed","ping_status":"closed","template":"","meta":[],"_links":{"self":[{"href":"https:\/\/blogs.univ-jfc.fr\/dynamiquesurbaines\/wp-json\/wp\/v2\/pages\/12"}],"collection":[{"href":"https:\/\/blogs.univ-jfc.fr\/dynamiquesurbaines\/wp-json\/wp\/v2\/pages"}],"about":[{"href":"https:\/\/blogs.univ-jfc.fr\/dynamiquesurbaines\/wp-json\/wp\/v2\/types\/page"}],"author":[{"embeddable":true,"href":"https:\/\/blogs.univ-jfc.fr\/dynamiquesurbaines\/wp-json\/wp\/v2\/users\/20"}],"replies":[{"embeddable":true,"href":"https:\/\/blogs.univ-jfc.fr\/dynamiquesurbaines\/wp-json\/wp\/v2\/comments?post=12"}],"version-history":[{"count":9,"href":"https:\/\/blogs.univ-jfc.fr\/dynamiquesurbaines\/wp-json\/wp\/v2\/pages\/12\/revisions"}],"predecessor-version":[{"id":293,"href":"https:\/\/blogs.univ-jfc.fr\/dynamiquesurbaines\/wp-json\/wp\/v2\/pages\/12\/revisions\/293"}],"wp:attachment":[{"href":"https:\/\/blogs.univ-jfc.fr\/dynamiquesurbaines\/wp-json\/wp\/v2\/media?parent=12"}],"curies":[{"name":"wp","href":"https:\/\/api.w.org\/{rel}","templated":true}]}}