{"id":134,"date":"2019-02-08T16:47:24","date_gmt":"2019-02-08T15:47:24","guid":{"rendered":"http:\/\/blogs.univ-jfc.fr\/dynamiquesurbaines\/?page_id=134"},"modified":"2019-09-02T19:08:06","modified_gmt":"2019-09-02T17:08:06","slug":"clement-alix-2","status":"publish","type":"page","link":"https:\/\/blogs.univ-jfc.fr\/dynamiquesurbaines\/clement-alix-2\/","title":{"rendered":"Cl\u00e9ment Alix : points de rep\u00e8res"},"content":{"rendered":"<p><img loading=\"lazy\" class=\"alignleft wp-image-135 size-thumbnail\" src=\"http:\/\/blogs.univ-jfc.fr\/dynamiquesurbaines\/wp-content\/uploads\/sites\/70\/2019\/02\/Scan00-150x150.jpg\" alt=\"\" width=\"150\" height=\"150\" srcset=\"https:\/\/blogs.univ-jfc.fr\/dynamiquesurbaines\/wp-content\/uploads\/sites\/70\/2019\/02\/Scan00-150x150.jpg 150w, https:\/\/blogs.univ-jfc.fr\/dynamiquesurbaines\/wp-content\/uploads\/sites\/70\/2019\/02\/Scan00-100x100.jpg 100w\" sizes=\"(max-width: 150px) 100vw, 150px\" \/><\/p>\n<h5><span style=\"color: #ff6600\">Cl\u00e9ment ALIX<\/span><\/h5>\n<p align=\"justify\">Arch\u00e9ologue du b\u00e2ti, P\u00f4le d\u2019Arch\u00e9ologie ville d\u2019Orl\u00e9ans \/ chercheur associ\u00e9 Centre d\u2019\u00e9tudes sup\u00e9rieures de la Renaissance, UMR CNRS 7323.<\/p>\n<p align=\"justify\">Travaille depuis 2000 sur l&rsquo;histoire de l&rsquo;architecture domestique de la fin du Moyen \u00c2ge et de la Renaissance, plus particuli\u00e8rement sur l&rsquo;habitat de la ville d&rsquo;Orl\u00e9ans. Ses recherches ont port\u00e9 notamment sur des techniques de construction telles que le pan-de-bois, ou sur certains espaces de la maison urbaine comme les caves. Depuis 2006, il m\u00e8ne les \u00e9tudes d&rsquo;arch\u00e9ologie du b\u00e2ti au sein du P\u00f4le d\u2019Arch\u00e9ologie de la ville d\u2019Orl\u00e9ans, notamment dans le cadre de la campagne de ravalements des fa\u00e7ades du centre ancien.<\/p>\n<p>Bibliographie s\u00e9lective :<\/p>\n<ul>\n<li>\n<p align=\"justify\">\u00ab\u00a0\u00a0Aspects de la construction dans l\u2019habitat orl\u00e9anais (13e -16e si\u00e8cles)\u00a0\u00bb, in Medieval Europe Paris 2007, actes du 4e Congr\u00e8s international d\u2019Arch\u00e9ologie M\u00e9di\u00e9vale et Moderne, 3-8 septembre 2007, Paris, Institut National d\u2019Histoire de l\u2019Art, 2007, 19 p., <a href=\"http:\/\/medieval-europe-paris-2007.univ-paris1.fr\/C.Alix.pdf\">http:\/\/medieval-europe-paris-2007.univ-paris1.fr\/C.Alix.pdf<\/a><\/p>\n<\/li>\n<li>\n<p align=\"justify\">avec \u00c9paud Fr\u00e9d\u00e9ric (dir.), La construction en pan de bois au Moyen \u00c2ge et \u00e0 la Renaissance, PUR\/PUFR, 2013, 449 p.<\/p>\n<\/li>\n<li>\n<p align=\"justify\">avec Josset Didier, Massat Thierry, \u00ab\u00a0\u00a0Activit\u00e9s d\u2019extraction de mat\u00e9riaux calcaire au c\u0153ur de la ville d\u2019Orl\u00e9ans\u00a0entre la fin du Xe et le XVe si\u00e8cle \u00bb, dans Lorenz (J.), Blary (F.), G\u00e9ly (J.-P.) dir., Construire la ville. Histoire urbaine de la pierre \u00e0 b\u00e2ti, actes du 137e Congr\u00e8s des Soci\u00e9t\u00e9s Historiques et Scientifiques, 23-28 avril 2012, CTHS Sciences, 2014, 11-26.<\/p>\n<\/li>\n<li>\n<p align=\"justify\">\u00ab\u00a0Les maisons d\u2019Orl\u00e9ans du 11e si\u00e8cle au d\u00e9but du 15e si\u00e8cle. \u00c9tude des \u00e9l\u00e9vations et des caves\u00a0\u00bb, in West &#8211; und mitteleurop\u00e4ischer Hausbau im Wandel 1150 \u2013 1350 [Evolution de la construction des maisons dans l\u2019ouest et le centre de l\u2019Europe pendant la p\u00e9riode 1150-1350], actes du colloque international de Cluny (octobre 2005), Arbeitskreis f\u00fcr Hausforschung, Marburg\u00a0: Jonas Verlag, coll. \u00ab\u00a0Jahrbuch f\u00fcr Hausforschung Band 56\u00a0\u00bb, 2016, \u00a0pp. 157-193.<\/p>\n<\/li>\n<\/ul>\n","protected":false},"excerpt":{"rendered":"<p>Cl\u00e9ment ALIX Arch\u00e9ologue du b\u00e2ti, P\u00f4le d\u2019Arch\u00e9ologie ville d\u2019Orl\u00e9ans \/ chercheur associ\u00e9 Centre d\u2019\u00e9tudes sup\u00e9rieures de la Renaissance, UMR CNRS 7323. Travaille depuis 2000 sur l&rsquo;histoire de l&rsquo;architecture domestique de la fin du Moyen \u00c2ge et de la Renaissance, plus particuli\u00e8rement sur l&rsquo;habitat de la ville d&rsquo;Orl\u00e9ans. Ses recherches ont port\u00e9 notamment sur des techniques &hellip; <\/p>\n<p class=\"link-more\"><a href=\"https:\/\/blogs.univ-jfc.fr\/dynamiquesurbaines\/clement-alix-2\/\" class=\"more-link\">Continuer la lecture<span class=\"screen-reader-text\"> de &laquo;&nbsp;Cl\u00e9ment Alix : points de rep\u00e8res&nbsp;&raquo;<\/span><\/a><\/p>\n","protected":false},"author":20,"featured_media":0,"parent":0,"menu_order":0,"comment_status":"closed","ping_status":"closed","template":"","meta":[],"_links":{"self":[{"href":"https:\/\/blogs.univ-jfc.fr\/dynamiquesurbaines\/wp-json\/wp\/v2\/pages\/134"}],"collection":[{"href":"https:\/\/blogs.univ-jfc.fr\/dynamiquesurbaines\/wp-json\/wp\/v2\/pages"}],"about":[{"href":"https:\/\/blogs.univ-jfc.fr\/dynamiquesurbaines\/wp-json\/wp\/v2\/types\/page"}],"author":[{"embeddable":true,"href":"https:\/\/blogs.univ-jfc.fr\/dynamiquesurbaines\/wp-json\/wp\/v2\/users\/20"}],"replies":[{"embeddable":true,"href":"https:\/\/blogs.univ-jfc.fr\/dynamiquesurbaines\/wp-json\/wp\/v2\/comments?post=134"}],"version-history":[{"count":8,"href":"https:\/\/blogs.univ-jfc.fr\/dynamiquesurbaines\/wp-json\/wp\/v2\/pages\/134\/revisions"}],"predecessor-version":[{"id":340,"href":"https:\/\/blogs.univ-jfc.fr\/dynamiquesurbaines\/wp-json\/wp\/v2\/pages\/134\/revisions\/340"}],"wp:attachment":[{"href":"https:\/\/blogs.univ-jfc.fr\/dynamiquesurbaines\/wp-json\/wp\/v2\/media?parent=134"}],"curies":[{"name":"wp","href":"https:\/\/api.w.org\/{rel}","templated":true}]}}