{"id":151,"date":"2019-02-08T17:04:03","date_gmt":"2019-02-08T16:04:03","guid":{"rendered":"http:\/\/blogs.univ-jfc.fr\/dynamiquesurbaines\/?page_id=151"},"modified":"2019-02-08T17:05:36","modified_gmt":"2019-02-08T16:05:36","slug":"daniel-morleghem-points-de-reperes","status":"publish","type":"page","link":"https:\/\/blogs.univ-jfc.fr\/dynamiquesurbaines\/daniel-morleghem-points-de-reperes\/","title":{"rendered":"Daniel Morleghem : points de rep\u00e8res"},"content":{"rendered":"<p><img loading=\"lazy\" class=\"alignleft wp-image-152 size-thumbnail\" src=\"http:\/\/blogs.univ-jfc.fr\/dynamiquesurbaines\/wp-content\/uploads\/sites\/70\/2019\/02\/DSC_0351-Copie-150x150.jpg\" alt=\"\" width=\"150\" height=\"150\" srcset=\"https:\/\/blogs.univ-jfc.fr\/dynamiquesurbaines\/wp-content\/uploads\/sites\/70\/2019\/02\/DSC_0351-Copie-150x150.jpg 150w, https:\/\/blogs.univ-jfc.fr\/dynamiquesurbaines\/wp-content\/uploads\/sites\/70\/2019\/02\/DSC_0351-Copie-100x100.jpg 100w\" sizes=\"(max-width: 150px) 100vw, 150px\" \/><\/p>\n<p>&nbsp;<\/p>\n<p>&nbsp;<\/p>\n<p>&nbsp;<\/p>\n<h5><span style=\"color: #ff6600\">Daniel Morleghem<\/span><\/h5>\n<p>Docteur en Arch\u00e9ologie, membre associ\u00e9 \u00e0 l\u2019UMR 7324 Citeres-LAT.<\/p>\n<p align=\"justify\">Docteur en Arch\u00e9ologie de l\u2019universit\u00e9 de Tours, je suis sp\u00e9cialis\u00e9 dans le monde souterrain et particuli\u00e8rement les carri\u00e8res de sarcophages alto-m\u00e9di\u00e9vales. Je collabore depuis 2016 au programme SICAVOR (\u00e9tude des cavit\u00e9s [caves et carri\u00e8res] orl\u00e9anaises) particuli\u00e8rement sur les aspects m\u00e9thodologiques et informatiques\u00a0: \u00e9laboration et gestion du syst\u00e8me de base de donn\u00e9es g\u00e9ographiques (Qgis et Spatialite), relev\u00e9s 3D, DAO, etc.<\/p>\n<p align=\"justify\">Bibliographie s\u00e9lective :<\/p>\n<ul>\n<li>\n<p align=\"justify\">avec Alix, C.\u00a0 \u2013 \u00ab\u00a0Les caves d\u2019Orl\u00e9ans et les apports de la recherche SICAVOR\u00a0\u00bb, colloque international <em>Caves et celliers au Moyen \u00c2ge et \u00e0 l\u2019\u00e9poque Moderne<\/em>, 4-6 octobre 2017, Tours\u00a0; <em>\u00e0 para\u00eetre en 2019<\/em>.<\/li>\n<\/p>\n<li>\n<p align=\"justify\">avec Alix, C., et Courtois, J.\u00a0 \u2013 <em>\u00c9tude arch\u00e9ologique des cavit\u00e9s d\u2019Orl\u00e9ans\u00a0: des archives aux mod\u00e8les num\u00e9riques (programme SICAVOR)<\/em>, 21<sup>e<\/sup> colloque international du GMPCA, 18-21 avril 2017, Rennes\u00a0; projet de publication sous forme d\u2019article en cours.<\/li>\n<\/p>\n<\/ul>\n","protected":false},"excerpt":{"rendered":"<p>&nbsp; &nbsp; &nbsp; Daniel Morleghem Docteur en Arch\u00e9ologie, membre associ\u00e9 \u00e0 l\u2019UMR 7324 Citeres-LAT. Docteur en Arch\u00e9ologie de l\u2019universit\u00e9 de Tours, je suis sp\u00e9cialis\u00e9 dans le monde souterrain et particuli\u00e8rement les carri\u00e8res de sarcophages alto-m\u00e9di\u00e9vales. Je collabore depuis 2016 au programme SICAVOR (\u00e9tude des cavit\u00e9s [caves et carri\u00e8res] orl\u00e9anaises) particuli\u00e8rement sur les aspects m\u00e9thodologiques et &hellip; <\/p>\n<p class=\"link-more\"><a href=\"https:\/\/blogs.univ-jfc.fr\/dynamiquesurbaines\/daniel-morleghem-points-de-reperes\/\" class=\"more-link\">Continuer la lecture<span class=\"screen-reader-text\"> de &laquo;&nbsp;Daniel Morleghem : points de rep\u00e8res&nbsp;&raquo;<\/span><\/a><\/p>\n","protected":false},"author":20,"featured_media":0,"parent":0,"menu_order":0,"comment_status":"closed","ping_status":"closed","template":"","meta":[],"_links":{"self":[{"href":"https:\/\/blogs.univ-jfc.fr\/dynamiquesurbaines\/wp-json\/wp\/v2\/pages\/151"}],"collection":[{"href":"https:\/\/blogs.univ-jfc.fr\/dynamiquesurbaines\/wp-json\/wp\/v2\/pages"}],"about":[{"href":"https:\/\/blogs.univ-jfc.fr\/dynamiquesurbaines\/wp-json\/wp\/v2\/types\/page"}],"author":[{"embeddable":true,"href":"https:\/\/blogs.univ-jfc.fr\/dynamiquesurbaines\/wp-json\/wp\/v2\/users\/20"}],"replies":[{"embeddable":true,"href":"https:\/\/blogs.univ-jfc.fr\/dynamiquesurbaines\/wp-json\/wp\/v2\/comments?post=151"}],"version-history":[{"count":3,"href":"https:\/\/blogs.univ-jfc.fr\/dynamiquesurbaines\/wp-json\/wp\/v2\/pages\/151\/revisions"}],"predecessor-version":[{"id":155,"href":"https:\/\/blogs.univ-jfc.fr\/dynamiquesurbaines\/wp-json\/wp\/v2\/pages\/151\/revisions\/155"}],"wp:attachment":[{"href":"https:\/\/blogs.univ-jfc.fr\/dynamiquesurbaines\/wp-json\/wp\/v2\/media?parent=151"}],"curies":[{"name":"wp","href":"https:\/\/api.w.org\/{rel}","templated":true}]}}