{"id":157,"date":"2019-02-08T17:09:03","date_gmt":"2019-02-08T16:09:03","guid":{"rendered":"http:\/\/blogs.univ-jfc.fr\/dynamiquesurbaines\/?page_id=157"},"modified":"2019-02-08T17:10:39","modified_gmt":"2019-02-08T16:10:39","slug":"helene-noizet-points-de-reperes","status":"publish","type":"page","link":"https:\/\/blogs.univ-jfc.fr\/dynamiquesurbaines\/helene-noizet-points-de-reperes\/","title":{"rendered":"H\u00e9l\u00e8ne Noizet : points de rep\u00e8res"},"content":{"rendered":"<p><img loading=\"lazy\" class=\"alignleft wp-image-158 size-thumbnail\" src=\"http:\/\/blogs.univ-jfc.fr\/dynamiquesurbaines\/wp-content\/uploads\/sites\/70\/2019\/02\/H_Noizet_photo-150x150.jpg\" alt=\"\" width=\"150\" height=\"150\" srcset=\"https:\/\/blogs.univ-jfc.fr\/dynamiquesurbaines\/wp-content\/uploads\/sites\/70\/2019\/02\/H_Noizet_photo-150x150.jpg 150w, https:\/\/blogs.univ-jfc.fr\/dynamiquesurbaines\/wp-content\/uploads\/sites\/70\/2019\/02\/H_Noizet_photo-100x100.jpg 100w\" sizes=\"(max-width: 150px) 100vw, 150px\" \/><\/p>\n<p>&nbsp;<\/p>\n<p>&nbsp;<\/p>\n<p>&nbsp;<\/p>\n<h5><span style=\"color: #ff6600\">H\u00e9l\u00e8ne Noizet<\/span><\/h5>\n<p>Universit\u00e9 Paris-1 Panth\u00e9on-Sorbonne, LAMOP (UMR 8595)<\/p>\n<p align=\"justify\">Ma\u00eetre de conf\u00e9rences en histoire m\u00e9di\u00e9vale \u00e0 l\u2019Universit\u00e9 de Paris-1 depuis 2005, je travaille sur le fait urbain m\u00e9di\u00e9val, plus pr\u00e9cis\u00e9ment sur la question de la fabrique urbaine. Int\u00e9grant les propositions conceptuelles et m\u00e9thodologiques de l\u2019arch\u00e9ologie et de la g\u00e9ographie, je m\u2019int\u00e9resse tout particuli\u00e8rement \u00e0 la production sociale de la morphologie urbaine\u00a0: comment les pratiques et les repr\u00e9sentations sociales, propres au Moyen \u00c2ge, se traduisent-elles par des dispositifs formels (r\u00e9seau viaire, parcellaire, b\u00e2ti), transmis dans les plans parcellaires\u00a0? J\u2019examine par exemple comment la simplification binaire des r\u00e9gimes de vie eccl\u00e9siastique (r\u00e9guliers\/s\u00e9culiers), instaur\u00e9e par la r\u00e9forme carolingienne, a des effets sur la structure de l\u2019espace urbain encore perceptibles dans les plans cadastraux du d\u00e9but du 19e s.\u00a0 Apr\u00e8s avoir travaill\u00e9 sur la ville de Tours, je privil\u00e9gie d\u00e9sormais l\u2019\u00e9tude de Paris, pour laquelle je coordonne le projet ALPAGE (Analyse diachronique de l\u2019espace urbain parisien\u00a0: approche g\u00e9omatique)\u00a0: http:\/\/alpage.huma-num.fr\/<\/p>\n<p>Bibliographie :<\/p>\n<p>&nbsp;<\/p>\n<ul>\n<li>La fabrique de la ville. Espaces et soci\u00e9t\u00e9s \u00e0 Tours (IXe &#8211; XIIIe s.), Paris, Publications de la Sorbonne, 2007, 504 p.<\/li>\n<li>avec\u00a0 Bove, Boris ; Costa, Laurent (dir.), Paris de parcelles en pixels. Analyse g\u00e9omatique de l&rsquo;espace parisien m\u00e9di\u00e9val et moderne, \u00e9d. Presses universitaires de Vincennes-Comit\u00e9 d\u2019Histoire de la Ville de Paris, Paris, 2013.<\/li>\n<li>\u00ab\u00a0La ville au Moyen \u00c2ge et \u00e0 l\u2019\u00e9poque moderne\u00a0\u00bb, EspacesTemps.net, 07.10.2014, <a href=\"http:\/\/www.espacestemps.net\/articles\/la-ville-au-moyen-age-et-a-lepoque-moderne\/\">http:\/\/www.espacestemps.net\/articles\/la-ville-au-moyen-age-et-a-lepoque-moderne\/<\/a><\/li>\n<li>avec Davide Gherdevich, \u00ab\u00a0Les rythmes spatiaux et temporels de la dynamique urbaine \u00e0 Paris du 16e au d\u00e9but du 19e s.\u00a0\u00bb, dans Maria do Carmo Ribeiro e Arnaldo Sousa Melo (\u00e9d.), Evolu\u00e7\u00e3o da paisagem urbana\u00a0: cidade e periferia, Braga, 2014, p. 175-204.<\/li>\n<\/ul>\n<p>&nbsp;<\/p>\n<p>&nbsp;<\/p>\n","protected":false},"excerpt":{"rendered":"<p>&nbsp; &nbsp; &nbsp; H\u00e9l\u00e8ne Noizet Universit\u00e9 Paris-1 Panth\u00e9on-Sorbonne, LAMOP (UMR 8595) Ma\u00eetre de conf\u00e9rences en histoire m\u00e9di\u00e9vale \u00e0 l\u2019Universit\u00e9 de Paris-1 depuis 2005, je travaille sur le fait urbain m\u00e9di\u00e9val, plus pr\u00e9cis\u00e9ment sur la question de la fabrique urbaine. Int\u00e9grant les propositions conceptuelles et m\u00e9thodologiques de l\u2019arch\u00e9ologie et de la g\u00e9ographie, je m\u2019int\u00e9resse tout particuli\u00e8rement &hellip; <\/p>\n<p class=\"link-more\"><a href=\"https:\/\/blogs.univ-jfc.fr\/dynamiquesurbaines\/helene-noizet-points-de-reperes\/\" class=\"more-link\">Continuer la lecture<span class=\"screen-reader-text\"> de &laquo;&nbsp;H\u00e9l\u00e8ne Noizet : points de rep\u00e8res&nbsp;&raquo;<\/span><\/a><\/p>\n","protected":false},"author":20,"featured_media":0,"parent":0,"menu_order":0,"comment_status":"closed","ping_status":"closed","template":"","meta":[],"_links":{"self":[{"href":"https:\/\/blogs.univ-jfc.fr\/dynamiquesurbaines\/wp-json\/wp\/v2\/pages\/157"}],"collection":[{"href":"https:\/\/blogs.univ-jfc.fr\/dynamiquesurbaines\/wp-json\/wp\/v2\/pages"}],"about":[{"href":"https:\/\/blogs.univ-jfc.fr\/dynamiquesurbaines\/wp-json\/wp\/v2\/types\/page"}],"author":[{"embeddable":true,"href":"https:\/\/blogs.univ-jfc.fr\/dynamiquesurbaines\/wp-json\/wp\/v2\/users\/20"}],"replies":[{"embeddable":true,"href":"https:\/\/blogs.univ-jfc.fr\/dynamiquesurbaines\/wp-json\/wp\/v2\/comments?post=157"}],"version-history":[{"count":3,"href":"https:\/\/blogs.univ-jfc.fr\/dynamiquesurbaines\/wp-json\/wp\/v2\/pages\/157\/revisions"}],"predecessor-version":[{"id":161,"href":"https:\/\/blogs.univ-jfc.fr\/dynamiquesurbaines\/wp-json\/wp\/v2\/pages\/157\/revisions\/161"}],"wp:attachment":[{"href":"https:\/\/blogs.univ-jfc.fr\/dynamiquesurbaines\/wp-json\/wp\/v2\/media?parent=157"}],"curies":[{"name":"wp","href":"https:\/\/api.w.org\/{rel}","templated":true}]}}