{"id":16,"date":"2018-12-07T12:57:03","date_gmt":"2018-12-07T11:57:03","guid":{"rendered":"http:\/\/blogs.univ-jfc.fr\/dynamiquesurbaines\/?page_id=16"},"modified":"2019-09-02T19:18:38","modified_gmt":"2019-09-02T17:18:38","slug":"les-intervenants","status":"publish","type":"page","link":"https:\/\/blogs.univ-jfc.fr\/dynamiquesurbaines\/les-intervenants\/","title":{"rendered":"Les intervenants"},"content":{"rendered":"<p><a href=\"http:\/\/blogs.univ-jfc.fr\/dynamiquesurbaines\/clement-alix-2\/\">Cl\u00e9ment Alix<\/a><\/p>\n<p><a href=\"http:\/\/blogs.univ-jfc.fr\/dynamiquesurbaines\/caroline-de-barrau-points-de-reperes\/\">Caroline de Barrau<\/a><\/p>\n<p><a href=\"http:\/\/blogs.univ-jfc.fr\/dynamiquesurbaines\/philippe-bernardi-points-de-reperes\/\">Philippe Bernardi<\/a><\/p>\n<p><a href=\"http:\/\/blogs.univ-jfc.fr\/dynamiquesurbaines\/anna-boato-points-de-reperes\/\">Anna Boato<\/a><\/p>\n<p><a href=\"http:\/\/blogs.univ-jfc.fr\/dynamiquesurbaines\/quitterie-cazes-points-de-reperes\/\">Quitterie Cazes<\/a><\/p>\n<p><a href=\"http:\/\/blogs.univ-jfc.fr\/dynamiquesurbaines\/paulo-charruadas-points-de-reperes\/\">Paulo Charruadas<\/a><\/p>\n<p><a href=\"http:\/\/blogs.univ-jfc.fr\/dynamiquesurbaines\/vincent-debonne-points-de-reperes\/\">Vincent Debonne<\/a><\/p>\n<p><a href=\"http:\/\/blogs.univ-jfc.fr\/dynamiquesurbaines\/lucie-gaugain-points-de-reperes\/\">Lucie Gaugain<\/a><\/p>\n<p><a href=\"http:\/\/blogs.univ-jfc.fr\/dynamiquesurbaines\/lea-hermenault-points-de-reperes\/\">L\u00e9a Hermenault<\/a><\/p>\n<p><a href=\"http:\/\/blogs.univ-jfc.fr\/dynamiquesurbaines\/marie-lafont-points-de-reperes\/\">Marie Lafont<\/a><\/p>\n<p><a href=\"http:\/\/blogs.univ-jfc.fr\/dynamiquesurbaines\/marie-christine-laleman-points-de-reperes\/\">Marie-Christine Laleman<\/a><\/p>\n<p><a href=\"http:\/\/blogs.univ-jfc.fr\/dynamiquesurbaines\/bastien-lefebvre-points-de-reperes\/\">Bastien Lefebvre<\/a><\/p>\n<p><a href=\"http:\/\/blogs.univ-jfc.fr\/dynamiquesurbaines\/enrico-lusso-points-de-reperes\/\">Enrico Lusso<\/a><\/p>\n<p><a href=\"http:\/\/blogs.univ-jfc.fr\/dynamiquesurbaines\/arnaldo-melo-points-de-reperes\/\">Arnaldo Sousa Melo<\/a><\/p>\n<p><a href=\"http:\/\/blogs.univ-jfc.fr\/dynamiquesurbaines\/daniel-morleghem-points-de-reperes\/\">Daniel Morleghem<\/a><\/p>\n<p><a href=\"http:\/\/blogs.univ-jfc.fr\/dynamiquesurbaines\/helene-noizet-points-de-reperes\/\">H\u00e9l\u00e8ne Noizet<\/a><\/p>\n<p><a href=\"http:\/\/blogs.univ-jfc.fr\/dynamiquesurbaines\/maria-do-carmo-ribeiro-points-de-reperes\/\">Maria do Carmo Ribeiro<\/a><\/p>\n<p><a href=\"http:\/\/blogs.univ-jfc.fr\/dynamiquesurbaines\/cecile-sabathier-points-de-reperes\/\">C\u00e9cile Sabathier<\/a><\/p>\n<p><a href=\"http:\/\/blogs.univ-jfc.fr\/dynamiquesurbaines\/raphaele-skupien-points-de-reperes\/\">Rapha\u00eble Skupien<\/a><\/p>\n<p><a href=\"http:\/\/blogs.univ-jfc.fr\/dynamiquesurbaines\/philippe-sosnowska-points-de-reperes\/\">Philippe Sosnowska<\/a><\/p>\n<p><a href=\"http:\/\/blogs.univ-jfc.fr\/dynamiquesurbaines\/luisa-trindade-points-de-reperes\/\">Lu\u00edsa Trindade<\/a><\/p>\n<p><a href=\"http:\/\/blogs.univ-jfc.fr\/dynamiquesurbaines\/sandrine-victor-points-de-reperes\/\">Sandrine Victor<\/a><\/p>\n","protected":false},"excerpt":{"rendered":"<p>Cl\u00e9ment Alix Caroline de Barrau Philippe Bernardi Anna Boato Quitterie Cazes Paulo Charruadas Vincent Debonne Lucie Gaugain L\u00e9a Hermenault Marie Lafont Marie-Christine Laleman Bastien Lefebvre Enrico Lusso Arnaldo Sousa Melo Daniel Morleghem H\u00e9l\u00e8ne Noizet Maria do Carmo Ribeiro C\u00e9cile Sabathier Rapha\u00eble Skupien Philippe Sosnowska Lu\u00edsa Trindade Sandrine Victor<\/p>\n","protected":false},"author":20,"featured_media":0,"parent":0,"menu_order":0,"comment_status":"closed","ping_status":"closed","template":"","meta":[],"_links":{"self":[{"href":"https:\/\/blogs.univ-jfc.fr\/dynamiquesurbaines\/wp-json\/wp\/v2\/pages\/16"}],"collection":[{"href":"https:\/\/blogs.univ-jfc.fr\/dynamiquesurbaines\/wp-json\/wp\/v2\/pages"}],"about":[{"href":"https:\/\/blogs.univ-jfc.fr\/dynamiquesurbaines\/wp-json\/wp\/v2\/types\/page"}],"author":[{"embeddable":true,"href":"https:\/\/blogs.univ-jfc.fr\/dynamiquesurbaines\/wp-json\/wp\/v2\/users\/20"}],"replies":[{"embeddable":true,"href":"https:\/\/blogs.univ-jfc.fr\/dynamiquesurbaines\/wp-json\/wp\/v2\/comments?post=16"}],"version-history":[{"count":30,"href":"https:\/\/blogs.univ-jfc.fr\/dynamiquesurbaines\/wp-json\/wp\/v2\/pages\/16\/revisions"}],"predecessor-version":[{"id":349,"href":"https:\/\/blogs.univ-jfc.fr\/dynamiquesurbaines\/wp-json\/wp\/v2\/pages\/16\/revisions\/349"}],"wp:attachment":[{"href":"https:\/\/blogs.univ-jfc.fr\/dynamiquesurbaines\/wp-json\/wp\/v2\/media?parent=16"}],"curies":[{"name":"wp","href":"https:\/\/api.w.org\/{rel}","templated":true}]}}