{"id":162,"date":"2019-02-08T17:11:27","date_gmt":"2019-02-08T16:11:27","guid":{"rendered":"http:\/\/blogs.univ-jfc.fr\/dynamiquesurbaines\/?page_id=162"},"modified":"2019-09-02T19:09:40","modified_gmt":"2019-09-02T17:09:40","slug":"anna-boato-points-de-reperes","status":"publish","type":"page","link":"https:\/\/blogs.univ-jfc.fr\/dynamiquesurbaines\/anna-boato-points-de-reperes\/","title":{"rendered":"Anna Boato : points de rep\u00e8res"},"content":{"rendered":"<p><img loading=\"lazy\" class=\"alignleft wp-image-213 size-thumbnail\" src=\"http:\/\/blogs.univ-jfc.fr\/dynamiquesurbaines\/wp-content\/uploads\/sites\/70\/2019\/02\/Anna_Boato-150x150.jpg\" alt=\"\" width=\"150\" height=\"150\" srcset=\"https:\/\/blogs.univ-jfc.fr\/dynamiquesurbaines\/wp-content\/uploads\/sites\/70\/2019\/02\/Anna_Boato-150x150.jpg 150w, https:\/\/blogs.univ-jfc.fr\/dynamiquesurbaines\/wp-content\/uploads\/sites\/70\/2019\/02\/Anna_Boato-100x100.jpg 100w\" sizes=\"(max-width: 150px) 100vw, 150px\" \/><\/p>\n<p>&nbsp;<\/p>\n<p>&nbsp;<\/p>\n<p>&nbsp;<\/p>\n<h5><span style=\"color: #ff6600\">Anna Boato<\/span><\/h5>\n<p>&nbsp;<\/p>\n<p align=\"justify\">Professeure associ\u00e9e de Restauration du Dipartimento Architettura e Design, Scuola Politecnica, Universit\u00e0 degli Studi di Genova, o\u00f9 elle enseigne le Restauro architettonico et l\u2019Archeologia dell\u2019Architettura.<\/p>\n<p align=\"justify\">Elle conduit des recherches dans les domaines suivants : analyse et interpr\u00e9tation du lexique technique ancien, histoire de production des mat\u00e9riaux et des techniques constructives pr\u00e9-industrielles (et plus particuli\u00e8rement dans la cit\u00e9 de G\u00eanes), application des m\u00e9thodes arch\u00e9ologiques \u00e0 l\u2019architecture m\u00e9di\u00e9vale et post m\u00e9di\u00e9vale (r\u00e9flexions m\u00e9thodologiques et recherches de terrain).<\/p>\n<p>Bibliographie s\u00e9lective :<\/p>\n<ul>\n<li>\n<p align=\"justify\">Costruire \u201calla moderna\u201d. Materiali e tecniche a Genova tra XV e XVI secolo, Firenze, All\u2019Insegna del Giglio,\u00a0 2005.<\/p>\n<\/li>\n<li>\n<p align=\"justify\">\u00a0L\u2019archeologia in architettura. Misurazioni, stratigrafie, datazioni, restauro, Venezia, Marsilio, 2008.<\/p>\n<\/li>\n<li>\n<p align=\"justify\">Architetture e infrastrutture di una citt\u00e0 al centro del Mediterraneo: Genova medioevale tra influssi e ricezioni, in Genova, una capitale del Mediterraneo tra Bisanzio e il mondo islamico. Storia, arte, architettura, Atti del Convegno internazionale (Genova 26-27 maggio 2016), a cura di A. Naser Eslami, Bruno Mondadori-Pearson Italia, Milano-Torino, 2016, pp. 283-299.<\/p>\n<\/li>\n<li>\n<p align=\"justify\">\u00a0Metal Ties in Genoa, Italy: Manufacture, Trade and Use from the Fifteenth to the Eighteenth Century, in \u201cInternational Journal of Architectural Heritage\u201d, \u00e0 para\u00eetre.<\/p>\n<\/li>\n<\/ul>\n","protected":false},"excerpt":{"rendered":"<p>&nbsp; &nbsp; &nbsp; Anna Boato &nbsp; Professeure associ\u00e9e de Restauration du Dipartimento Architettura e Design, Scuola Politecnica, Universit\u00e0 degli Studi di Genova, o\u00f9 elle enseigne le Restauro architettonico et l\u2019Archeologia dell\u2019Architettura. Elle conduit des recherches dans les domaines suivants : analyse et interpr\u00e9tation du lexique technique ancien, histoire de production des mat\u00e9riaux et des techniques &hellip; <\/p>\n<p class=\"link-more\"><a href=\"https:\/\/blogs.univ-jfc.fr\/dynamiquesurbaines\/anna-boato-points-de-reperes\/\" class=\"more-link\">Continuer la lecture<span class=\"screen-reader-text\"> de &laquo;&nbsp;Anna Boato : points de rep\u00e8res&nbsp;&raquo;<\/span><\/a><\/p>\n","protected":false},"author":20,"featured_media":0,"parent":0,"menu_order":0,"comment_status":"closed","ping_status":"closed","template":"","meta":[],"_links":{"self":[{"href":"https:\/\/blogs.univ-jfc.fr\/dynamiquesurbaines\/wp-json\/wp\/v2\/pages\/162"}],"collection":[{"href":"https:\/\/blogs.univ-jfc.fr\/dynamiquesurbaines\/wp-json\/wp\/v2\/pages"}],"about":[{"href":"https:\/\/blogs.univ-jfc.fr\/dynamiquesurbaines\/wp-json\/wp\/v2\/types\/page"}],"author":[{"embeddable":true,"href":"https:\/\/blogs.univ-jfc.fr\/dynamiquesurbaines\/wp-json\/wp\/v2\/users\/20"}],"replies":[{"embeddable":true,"href":"https:\/\/blogs.univ-jfc.fr\/dynamiquesurbaines\/wp-json\/wp\/v2\/comments?post=162"}],"version-history":[{"count":6,"href":"https:\/\/blogs.univ-jfc.fr\/dynamiquesurbaines\/wp-json\/wp\/v2\/pages\/162\/revisions"}],"predecessor-version":[{"id":342,"href":"https:\/\/blogs.univ-jfc.fr\/dynamiquesurbaines\/wp-json\/wp\/v2\/pages\/162\/revisions\/342"}],"wp:attachment":[{"href":"https:\/\/blogs.univ-jfc.fr\/dynamiquesurbaines\/wp-json\/wp\/v2\/media?parent=162"}],"curies":[{"name":"wp","href":"https:\/\/api.w.org\/{rel}","templated":true}]}}