{"id":166,"date":"2019-02-08T17:12:17","date_gmt":"2019-02-08T16:12:17","guid":{"rendered":"http:\/\/blogs.univ-jfc.fr\/dynamiquesurbaines\/?page_id=166"},"modified":"2019-03-06T13:10:31","modified_gmt":"2019-03-06T12:10:31","slug":"maria-do-carmo-ribeiro-points-de-reperes","status":"publish","type":"page","link":"https:\/\/blogs.univ-jfc.fr\/dynamiquesurbaines\/maria-do-carmo-ribeiro-points-de-reperes\/","title":{"rendered":"Maria do Carmo Ribeiro : points de rep\u00e8res"},"content":{"rendered":"<p><img loading=\"lazy\" class=\"alignleft wp-image-240 size-thumbnail\" src=\"http:\/\/blogs.univ-jfc.fr\/dynamiquesurbaines\/wp-content\/uploads\/sites\/70\/2019\/02\/Maria_do_Carmo-150x150.jpg\" alt=\"\" width=\"150\" height=\"150\" srcset=\"https:\/\/blogs.univ-jfc.fr\/dynamiquesurbaines\/wp-content\/uploads\/sites\/70\/2019\/02\/Maria_do_Carmo-150x150.jpg 150w, https:\/\/blogs.univ-jfc.fr\/dynamiquesurbaines\/wp-content\/uploads\/sites\/70\/2019\/02\/Maria_do_Carmo-100x100.jpg 100w, https:\/\/blogs.univ-jfc.fr\/dynamiquesurbaines\/wp-content\/uploads\/sites\/70\/2019\/02\/Maria_do_Carmo.jpg 180w\" sizes=\"(max-width: 150px) 100vw, 150px\" \/><\/p>\n<p>&nbsp;<\/p>\n<p>&nbsp;<\/p>\n<p>&nbsp;<\/p>\n<h5><span style=\"color: #ff6600\">Maria do Carmo Ribeiro<\/span><\/h5>\n<p>&nbsp;<\/p>\n<p>Universit\u00e9 du Minho \u2013 Braga\/Portugal, Lab2PT<\/p>\n<p>&#8211; Professeure au d\u00e9partement d&rsquo;histoire de l&rsquo;Universit\u00e9 de Minho<br \/>\n&#8211; Chercheure \u00e0 l&rsquo;unit\u00e9 de recherche et d\u00e9veloppement Lab2PT (Laboratoire Paysages, Patrimoine et Territoires \/ Universit\u00e9 de Minho)<\/p>\n<p>&#8211; Doctorat en arch\u00e9ologie (Universit\u00e9 de Minho, 2008)<\/p>\n<p>&nbsp;<\/p>\n<p align=\"justify\">Depuis son doctorat jusqu\u2019\u00e0 pr\u00e9sent, parall\u00e8lement \u00e0 ses activit\u00e9s d\u2019enseignement, elle a centr\u00e9 ses recherches sur les questions li\u00e9es \u00e0 l\u2019urbanisme et \u00e0 la transformation morphologique des espaces urbains des villes historiques. Elle travaille aussi sur les aspects sociaux et \u00e9conomiques des pouvoirs urbains, dans leur articulation avec la mat\u00e9rialisation du paysage urbain, \u00e0 long terme, ainsi que dans la perspective de l&rsquo;histoire de la construction, avec une incidence particuli\u00e8re \u00e0 l&rsquo;\u00e9poque m\u00e9di\u00e9vale et moderne.<\/p>\n<p align=\"justify\">Dans ce contexte, a particip\u00e9 et organis\u00e9 r\u00e9unions scientifiques, et elle est l\u00b4auteur et co-auteur de publications scientifiques.<\/p>\n<ul>\n<li>\n<p align=\"justify\">MELO, Arnaldo Sousa; RIBEIRO, Maria do Carmo &#8211; \u201cLate-medieval construction site management at the Monastery of Jer\u00f3nimos in Lisbon\u201d. <em>Construction History. International Journal of the Construction History Society<\/em>. Cambridge. ISSN 0267-7768. Vol. 30, n\u00ba.1 (2015), p. 23-37. <a href=\"http:\/\/hdl.handle.net\/1822\/38651\">http:\/\/hdl.handle.net\/1822\/38651<\/a>.<\/li>\n<\/p>\n<li>\n<p align=\"justify\">RIBEIRO, Maria do Carmo; MARTINS, Manuela; MAGALH\u00c3ES, Fernanda e BOTICA, Nat\u00e1lia Botica &#8211; \u201cThe urban morphology in Braga, fourteenth-fifteenth centuries. Analysis methodology\u201c. In SABAT\u00c9, Flocel; BRUFAL, Jes\u00fas (eds.) <em>Medieval Territories<\/em>, Cambridge Scholars Publishing, 2018. ISBN: 978-1-5275-0795-1. p. 352-381. <a href=\"http:\/\/hdl.handle.net\/1822\/55449\">http:\/\/hdl.handle.net\/1822\/55449<\/a><\/li>\n<\/p>\n<li>\n<p align=\"justify\">RIBEIRO, Maria do Carmo &#8211; \u201cO poder de fabricar a paisagem urbana medieval. Materialidades e discursos na cidade medieval de Braga\u201d. In ANDRADE, Am\u00e9lia A.; TENENTE, Catarina; SILVA, Gon\u00e7alo M.; PRATA, Sara (eds.) <em>Espa\u00e7os e poderes na Europa Urbana Medieval<\/em>, Lisboa: IEM &#8211; Instituto de Estudos Medievais da Faculdade de Ci\u00eancias Socais e Humanas da Universidade de Lisboa\/C\u00e2mara Municipal de Castelo de Vide, 2018, p. 359-380. <a href=\"http:\/\/hdl.handle.net\/1822\/57092\">http:\/\/hdl.handle.net\/1822\/57092<\/a>.<\/li>\n<\/p>\n<li>\n<p align=\"justify\">RIBEIRO, Maria do Carmo; MARTINS, Manuela \u2013 \u201cA cidade nas encruzilhadas da hist\u00f3ria. Evolu\u00e7\u00e3o urbana de uma cidade com 2000 mil anos: Braga (Noroeste de Portugal)\u201d. <em>Dimens\u00f5es \u2013 Revista de Hist\u00f3ria da Ufes<\/em>. ISSN 2179-8869. Vol. 40, jan.-jun. 2018, p. 11-38. <a href=\"http:\/\/hdl.handle.net\/1822\/55263\">http:\/\/hdl.handle.net\/1822\/55263<\/a>; DOI: 10.23871\/dimensoes-n40-19079<\/li>\n<\/p>\n<\/ul>\n","protected":false},"excerpt":{"rendered":"<p>&nbsp; &nbsp; &nbsp; Maria do Carmo Ribeiro &nbsp; Universit\u00e9 du Minho \u2013 Braga\/Portugal, Lab2PT &#8211; Professeure au d\u00e9partement d&rsquo;histoire de l&rsquo;Universit\u00e9 de Minho &#8211; Chercheure \u00e0 l&rsquo;unit\u00e9 de recherche et d\u00e9veloppement Lab2PT (Laboratoire Paysages, Patrimoine et Territoires \/ Universit\u00e9 de Minho) &#8211; Doctorat en arch\u00e9ologie (Universit\u00e9 de Minho, 2008) &nbsp; Depuis son doctorat jusqu\u2019\u00e0 pr\u00e9sent, &hellip; <\/p>\n<p class=\"link-more\"><a href=\"https:\/\/blogs.univ-jfc.fr\/dynamiquesurbaines\/maria-do-carmo-ribeiro-points-de-reperes\/\" class=\"more-link\">Continuer la lecture<span class=\"screen-reader-text\"> de &laquo;&nbsp;Maria do Carmo Ribeiro : points de rep\u00e8res&nbsp;&raquo;<\/span><\/a><\/p>\n","protected":false},"author":20,"featured_media":0,"parent":0,"menu_order":0,"comment_status":"closed","ping_status":"closed","template":"","meta":[],"_links":{"self":[{"href":"https:\/\/blogs.univ-jfc.fr\/dynamiquesurbaines\/wp-json\/wp\/v2\/pages\/166"}],"collection":[{"href":"https:\/\/blogs.univ-jfc.fr\/dynamiquesurbaines\/wp-json\/wp\/v2\/pages"}],"about":[{"href":"https:\/\/blogs.univ-jfc.fr\/dynamiquesurbaines\/wp-json\/wp\/v2\/types\/page"}],"author":[{"embeddable":true,"href":"https:\/\/blogs.univ-jfc.fr\/dynamiquesurbaines\/wp-json\/wp\/v2\/users\/20"}],"replies":[{"embeddable":true,"href":"https:\/\/blogs.univ-jfc.fr\/dynamiquesurbaines\/wp-json\/wp\/v2\/comments?post=166"}],"version-history":[{"count":5,"href":"https:\/\/blogs.univ-jfc.fr\/dynamiquesurbaines\/wp-json\/wp\/v2\/pages\/166\/revisions"}],"predecessor-version":[{"id":283,"href":"https:\/\/blogs.univ-jfc.fr\/dynamiquesurbaines\/wp-json\/wp\/v2\/pages\/166\/revisions\/283"}],"wp:attachment":[{"href":"https:\/\/blogs.univ-jfc.fr\/dynamiquesurbaines\/wp-json\/wp\/v2\/media?parent=166"}],"curies":[{"name":"wp","href":"https:\/\/api.w.org\/{rel}","templated":true}]}}