{"id":168,"date":"2019-02-08T17:12:42","date_gmt":"2019-02-08T16:12:42","guid":{"rendered":"http:\/\/blogs.univ-jfc.fr\/dynamiquesurbaines\/?page_id=168"},"modified":"2019-09-02T19:19:04","modified_gmt":"2019-09-02T17:19:04","slug":"bastien-lefebvre-points-de-reperes","status":"publish","type":"page","link":"https:\/\/blogs.univ-jfc.fr\/dynamiquesurbaines\/bastien-lefebvre-points-de-reperes\/","title":{"rendered":"Bastien Lefebvre : points de rep\u00e8res"},"content":{"rendered":"<p><img loading=\"lazy\" class=\"alignleft wp-image-234 size-thumbnail\" src=\"http:\/\/blogs.univ-jfc.fr\/dynamiquesurbaines\/wp-content\/uploads\/sites\/70\/2019\/02\/Bastien_Lefebvre-150x150.jpg\" alt=\"\" width=\"150\" height=\"150\" srcset=\"https:\/\/blogs.univ-jfc.fr\/dynamiquesurbaines\/wp-content\/uploads\/sites\/70\/2019\/02\/Bastien_Lefebvre-150x150.jpg 150w, https:\/\/blogs.univ-jfc.fr\/dynamiquesurbaines\/wp-content\/uploads\/sites\/70\/2019\/02\/Bastien_Lefebvre-300x300.jpg 300w, https:\/\/blogs.univ-jfc.fr\/dynamiquesurbaines\/wp-content\/uploads\/sites\/70\/2019\/02\/Bastien_Lefebvre-768x768.jpg 768w, https:\/\/blogs.univ-jfc.fr\/dynamiquesurbaines\/wp-content\/uploads\/sites\/70\/2019\/02\/Bastien_Lefebvre-1024x1024.jpg 1024w, https:\/\/blogs.univ-jfc.fr\/dynamiquesurbaines\/wp-content\/uploads\/sites\/70\/2019\/02\/Bastien_Lefebvre-100x100.jpg 100w\" sizes=\"(max-width: 150px) 100vw, 150px\" \/><\/p>\n<p>&nbsp;<\/p>\n<p>&nbsp;<\/p>\n<p>&nbsp;<\/p>\n<h5><span style=\"color: #ff6600\">Bastien lefebvre<\/span><\/h5>\n<p>&nbsp;<\/p>\n<p align=\"justify\">Bastien Lefebvre est ma\u00eetre de conf\u00e9rences en histoire de l&rsquo;art et arch\u00e9ologie m\u00e9di\u00e9vale \u00e0 l&rsquo;universit\u00e9 Toulouse Jean-Jaur\u00e8s. Il s&rsquo;int\u00e9resse en particulier \u00e0 l\u2019architecture. Ses programmes de recherches portent sur les demeures m\u00e9di\u00e9vales, appr\u00e9hend\u00e9es par la fouille et l&rsquo;arch\u00e9ologie du b\u00e2ti ainsi que sur la formation et la transformation des villes dans le temps long.<\/p>\n<p>Bibliographie s\u00e9lective :<\/p>\n<ul>\n<li>\n<p align=\"justify\">\u00a0La formation d\u2019un tissu urbain \u00e0 Tours. De l\u2019amphith\u00e9\u00e2tre antique au quartier canonial. Recherches sur Tours vol. 11, 70e suppl. \u00e0 la RACF, Tours, 2019.<\/p>\n<\/li>\n<li>\n<p align=\"justify\">\u00ab\u00a0Atlas Historique des villes de France. Analyses et r\u00e9flexions \u00e0 propos de la chronologie de l\u2019histoire urbaine\u00a0\u00bb, Histoire urbaine, \u00a0n\u00b0 37, ao\u00fbt 2013 : 159-181.<\/p>\n<\/li>\n<li>\n<p align=\"justify\">\u00a0\u00ab\u00a0Indre-et-Loire. Tours. L&rsquo;agrandissement de la maison d&rsquo;un chanoine de la cath\u00e9drale en 1407\u00a0\u00bb,\u00a0Bulletin Monumental, t. 167-II-2008 : 154-158.<\/p>\n<\/li>\n<li>\n<p align=\"justify\">Avec Dufa\u00ff B. et Riou S. &#8211; \u00a0\u00ab\u00a0L&rsquo;avant-corps de la tour philippienne du ch\u00e2teau de Chinon (Indre-et-Loire) : un exemple d&rsquo;adaptation d&rsquo;un standard architectural aux contraintes topographiques\u00a0\u00bb, Revue arch\u00e9ologique du Centre de la France, Tome 44, 2005. [En ligne], mis en ligne le 01 d\u00e9cembre 2006. URL : <a href=\"http:\/\/racf.revues.org\/\/index525.html\">http:\/\/racf.revues.org\/\/index525.html<\/a> [consult\u00e9 le 15 janvier 2019].<\/p>\n<\/li>\n<\/ul>\n","protected":false},"excerpt":{"rendered":"<p>&nbsp; &nbsp; &nbsp; Bastien lefebvre &nbsp; Bastien Lefebvre est ma\u00eetre de conf\u00e9rences en histoire de l&rsquo;art et arch\u00e9ologie m\u00e9di\u00e9vale \u00e0 l&rsquo;universit\u00e9 Toulouse Jean-Jaur\u00e8s. Il s&rsquo;int\u00e9resse en particulier \u00e0 l\u2019architecture. Ses programmes de recherches portent sur les demeures m\u00e9di\u00e9vales, appr\u00e9hend\u00e9es par la fouille et l&rsquo;arch\u00e9ologie du b\u00e2ti ainsi que sur la formation et la transformation des &hellip; <\/p>\n<p class=\"link-more\"><a href=\"https:\/\/blogs.univ-jfc.fr\/dynamiquesurbaines\/bastien-lefebvre-points-de-reperes\/\" class=\"more-link\">Continuer la lecture<span class=\"screen-reader-text\"> de &laquo;&nbsp;Bastien Lefebvre : points de rep\u00e8res&nbsp;&raquo;<\/span><\/a><\/p>\n","protected":false},"author":20,"featured_media":0,"parent":0,"menu_order":0,"comment_status":"closed","ping_status":"closed","template":"","meta":[],"_links":{"self":[{"href":"https:\/\/blogs.univ-jfc.fr\/dynamiquesurbaines\/wp-json\/wp\/v2\/pages\/168"}],"collection":[{"href":"https:\/\/blogs.univ-jfc.fr\/dynamiquesurbaines\/wp-json\/wp\/v2\/pages"}],"about":[{"href":"https:\/\/blogs.univ-jfc.fr\/dynamiquesurbaines\/wp-json\/wp\/v2\/types\/page"}],"author":[{"embeddable":true,"href":"https:\/\/blogs.univ-jfc.fr\/dynamiquesurbaines\/wp-json\/wp\/v2\/users\/20"}],"replies":[{"embeddable":true,"href":"https:\/\/blogs.univ-jfc.fr\/dynamiquesurbaines\/wp-json\/wp\/v2\/comments?post=168"}],"version-history":[{"count":7,"href":"https:\/\/blogs.univ-jfc.fr\/dynamiquesurbaines\/wp-json\/wp\/v2\/pages\/168\/revisions"}],"predecessor-version":[{"id":350,"href":"https:\/\/blogs.univ-jfc.fr\/dynamiquesurbaines\/wp-json\/wp\/v2\/pages\/168\/revisions\/350"}],"wp:attachment":[{"href":"https:\/\/blogs.univ-jfc.fr\/dynamiquesurbaines\/wp-json\/wp\/v2\/media?parent=168"}],"curies":[{"name":"wp","href":"https:\/\/api.w.org\/{rel}","templated":true}]}}