{"id":172,"date":"2019-02-08T17:13:56","date_gmt":"2019-02-08T16:13:56","guid":{"rendered":"http:\/\/blogs.univ-jfc.fr\/dynamiquesurbaines\/?page_id=172"},"modified":"2019-02-08T18:30:45","modified_gmt":"2019-02-08T17:30:45","slug":"lea-hermenault-points-de-reperes","status":"publish","type":"page","link":"https:\/\/blogs.univ-jfc.fr\/dynamiquesurbaines\/lea-hermenault-points-de-reperes\/","title":{"rendered":"L\u00e9a Hermenault : points de rep\u00e8res"},"content":{"rendered":"<p><img loading=\"lazy\" class=\"alignleft wp-image-227 size-thumbnail\" src=\"http:\/\/blogs.univ-jfc.fr\/dynamiquesurbaines\/wp-content\/uploads\/sites\/70\/2019\/02\/Lea_Hermenault-150x150.jpg\" alt=\"\" width=\"150\" height=\"150\" srcset=\"https:\/\/blogs.univ-jfc.fr\/dynamiquesurbaines\/wp-content\/uploads\/sites\/70\/2019\/02\/Lea_Hermenault-150x150.jpg 150w, https:\/\/blogs.univ-jfc.fr\/dynamiquesurbaines\/wp-content\/uploads\/sites\/70\/2019\/02\/Lea_Hermenault-100x100.jpg 100w, https:\/\/blogs.univ-jfc.fr\/dynamiquesurbaines\/wp-content\/uploads\/sites\/70\/2019\/02\/Lea_Hermenault.jpg 200w\" sizes=\"(max-width: 150px) 100vw, 150px\" \/><\/p>\n<p>&nbsp;<\/p>\n<p>&nbsp;<\/p>\n<p>&nbsp;<\/p>\n<h5><span style=\"color: #ff6600\">Lea Hermenault<\/span><\/h5>\n<p>&nbsp;<\/p>\n<p align=\"justify\">Titulaire d\u2019un doctorat en arch\u00e9ologie m\u00e9di\u00e9vale et moderne traitant du r\u00f4le des flux de circulations pour l\u2019\u00e9volution du tissu urbain parisien entre les XVe et XIXe si\u00e8cle et soutenu \u00e0 l\u2019universit\u00e9 Paris 1 Panth\u00e9on-Sorbonne en 2017, je suis actuellement chercheur post-doctorante associ\u00e9e \u00e0 l\u2019\u00e9quipe \u00ab\u00a0Arch\u00e9ologies environnementales\u00a0\u00bb de l\u2019UMR 7041 ArScAn, ing\u00e9nieur de recherche contractuelle \u00e0 l\u2019EHESS et enseignante vacataire \u00e0 l\u2019universit\u00e9 Paris 1.<\/p>\n<p>Bibliographie :<\/p>\n<ul>\n<li>\n<p align=\"justify\">\u00a0\u00ab\u00a0Percevoir les rythmes d\u2019\u00e9volution du tissu urbain parisien dans la seconde moiti\u00e9 du XV\u00e8me si\u00e8cle gr\u00e2ce \u00e0 l\u2019\u00e9tude des transactions fonci\u00e8res : le traitement des intervalles d\u2019impr\u00e9cision des datations.\u00a0\u00bb, dans Arch\u00e9ologies num\u00e9riques [en ligne], n\u00b01, octobre 2017. DOI : 10.21494\/ISTE.OP.2017.0169<\/li>\n<\/p>\n<li>\n<p align=\"justify\">\u00ab\u00a0Paris et la Seine au premier Moyen \u00c2ge, occupation des territoires fluviaux \u00e0 Paris entre le Ve et le Xe si\u00e8cle\u00a0\u00bb, dans Revue Arch\u00e9ologique de l&rsquo;Est, suppl\u00e9ment n\u00b042, dirig\u00e9 par Edith Peytremann, pp.49-60, 2016.<\/li>\n<\/p>\n<li>\n<p align=\"justify\">\u00a0\u00ab\u00a0Mesurer et localiser le travail des artisans paveurs dans la ville : les d\u00e9penses de pavage du Domaine \u00e0 Paris au XVe si\u00e8cle\u00a0\u00bb, dans Histoire urbaine, n\u00b043, juillet 2015, pp. 13-30<\/li>\n<\/p>\n<li>\n<p align=\"justify\">\u00ab\u00a0Aborder la mobilit\u00e9 \u00e0 travers ses impacts mat\u00e9riels : le cas des circulations intra-urbaines parisiennes \u00e0 la fin de la p\u00e9riode m\u00e9di\u00e9vale\u00a0\u00bb dans Naudinot N, Meignen L, Binder D, Querr\u00e9 G (dir.), Les syst\u00e8mes de mobilit\u00e9 de la Pr\u00e9histoire au Moyen \u00c2ge, Editions APDCA, Antibes, 2015, pp. 319-333<\/li>\n<\/p>\n<\/ul>\n","protected":false},"excerpt":{"rendered":"<p>&nbsp; &nbsp; &nbsp; Lea Hermenault &nbsp; Titulaire d\u2019un doctorat en arch\u00e9ologie m\u00e9di\u00e9vale et moderne traitant du r\u00f4le des flux de circulations pour l\u2019\u00e9volution du tissu urbain parisien entre les XVe et XIXe si\u00e8cle et soutenu \u00e0 l\u2019universit\u00e9 Paris 1 Panth\u00e9on-Sorbonne en 2017, je suis actuellement chercheur post-doctorante associ\u00e9e \u00e0 l\u2019\u00e9quipe \u00ab\u00a0Arch\u00e9ologies environnementales\u00a0\u00bb de l\u2019UMR 7041 &hellip; <\/p>\n<p class=\"link-more\"><a href=\"https:\/\/blogs.univ-jfc.fr\/dynamiquesurbaines\/lea-hermenault-points-de-reperes\/\" class=\"more-link\">Continuer la lecture<span class=\"screen-reader-text\"> de &laquo;&nbsp;L\u00e9a Hermenault : points de rep\u00e8res&nbsp;&raquo;<\/span><\/a><\/p>\n","protected":false},"author":20,"featured_media":0,"parent":0,"menu_order":0,"comment_status":"closed","ping_status":"closed","template":"","meta":[],"_links":{"self":[{"href":"https:\/\/blogs.univ-jfc.fr\/dynamiquesurbaines\/wp-json\/wp\/v2\/pages\/172"}],"collection":[{"href":"https:\/\/blogs.univ-jfc.fr\/dynamiquesurbaines\/wp-json\/wp\/v2\/pages"}],"about":[{"href":"https:\/\/blogs.univ-jfc.fr\/dynamiquesurbaines\/wp-json\/wp\/v2\/types\/page"}],"author":[{"embeddable":true,"href":"https:\/\/blogs.univ-jfc.fr\/dynamiquesurbaines\/wp-json\/wp\/v2\/users\/20"}],"replies":[{"embeddable":true,"href":"https:\/\/blogs.univ-jfc.fr\/dynamiquesurbaines\/wp-json\/wp\/v2\/comments?post=172"}],"version-history":[{"count":5,"href":"https:\/\/blogs.univ-jfc.fr\/dynamiquesurbaines\/wp-json\/wp\/v2\/pages\/172\/revisions"}],"predecessor-version":[{"id":276,"href":"https:\/\/blogs.univ-jfc.fr\/dynamiquesurbaines\/wp-json\/wp\/v2\/pages\/172\/revisions\/276"}],"wp:attachment":[{"href":"https:\/\/blogs.univ-jfc.fr\/dynamiquesurbaines\/wp-json\/wp\/v2\/media?parent=172"}],"curies":[{"name":"wp","href":"https:\/\/api.w.org\/{rel}","templated":true}]}}