{"id":174,"date":"2019-02-08T17:14:28","date_gmt":"2019-02-08T16:14:28","guid":{"rendered":"http:\/\/blogs.univ-jfc.fr\/dynamiquesurbaines\/?page_id=174"},"modified":"2019-09-02T18:33:08","modified_gmt":"2019-09-02T16:33:08","slug":"luisa-trindade-points-de-reperes","status":"publish","type":"page","link":"https:\/\/blogs.univ-jfc.fr\/dynamiquesurbaines\/luisa-trindade-points-de-reperes\/","title":{"rendered":"Luisa Trindade : points de rep\u00e8res"},"content":{"rendered":"<p><img loading=\"lazy\" class=\"alignleft wp-image-252 size-thumbnail\" src=\"http:\/\/blogs.univ-jfc.fr\/dynamiquesurbaines\/wp-content\/uploads\/sites\/70\/2019\/02\/Luisa_Trindade-150x150.jpeg\" alt=\"\" width=\"150\" height=\"150\" srcset=\"https:\/\/blogs.univ-jfc.fr\/dynamiquesurbaines\/wp-content\/uploads\/sites\/70\/2019\/02\/Luisa_Trindade-150x150.jpeg 150w, https:\/\/blogs.univ-jfc.fr\/dynamiquesurbaines\/wp-content\/uploads\/sites\/70\/2019\/02\/Luisa_Trindade-100x100.jpeg 100w\" sizes=\"(max-width: 150px) 100vw, 150px\" \/><\/p>\n<p>&nbsp;<\/p>\n<p>&nbsp;<\/p>\n<p>&nbsp;<\/p>\n<h5><span style=\"color: #ff6600\">Luisa Trindade<\/span><\/h5>\n<p align=\"justify\">Lu\u00edsa Trindade \u00e9 doutora em Hist\u00f3ria da Arte pela Universidade de Coimbra (2010), em cujo departamento de Hist\u00f3ria, Estudos Europeus, Arqueologia e Artes leciona desde 1996.  Coordenadora do mestrado em Arte e Patrim\u00f3nio \u00e9 tamb\u00e9m investigadora do Centro de Estudos Sociais da Universidade de Coimbra (CES). A par da lecciona\u00e7\u00e3o de diversas disciplinas de Hist\u00f3ria da Arte e Hist\u00f3ria do Urbanismo (1\u00ba, 2\u00ba e 3\u00ba ciclos de Estudo), tem-se dedicado sobretudo \u00e0 investiga\u00e7\u00e3o sobre a cidade tardo-medieval portuguesa, estrutura, equipamentos e viv\u00eancias.<\/p>\n<p align=\"justify\">Entre as suas publica\u00e7\u00f5es contam-se:<\/p>\n<p align=\"justify\">\u00ab\u00a0Hist\u00f3ria do Urbanismo: investiga\u00e7\u00e3o, fontes e instrumentos\u00a0\u00bb. ANDRADE, Am\u00e9lia Aguiar et al (eds.) &#8211; Espa\u00e7os e poderes nas cidades da Europa Medieval. Instituto de Estudos Medievais, 2018, p. 39-77.<\/p>\n<p align=\"justify\">\u00ab\u00a0Pa\u00e7os r\u00e9gios nas margens do rio: o Tejo como curso e paisagem\u00a0\u00bb. In LOZANO BARTOLOZZI, M\u00aa del Mar; M\u00c9NDEZ HERN\u00c1N, Vicente, (coords. y eds.) &#8211; Paisajes Culturales del Agua. C\u00e1ceres: Universidad de Extremadura, 2017, p. 85-99.<\/p>\n<p align=\"justify\">\u00ab\u00a0Ordens urbanas ou Ordens do rei? Urbanismo das Ordens Militares no Portugal dos s\u00e9culos XII a XIV\u00a0\u00bb. In Oliveira, Lu\u00eds Filipe (coord.) &#8211; Comendas Urbanas das Ordens Militares. Lisboa: Colibri, 2016 , p. 85-118.<\/p>\n<p>\u00ab\u00a0Os banhos p\u00fablicos em Portugal na Idade M\u00e9dia. digitAR &#8211; Revista Digital de Arqueologia, Arquitetura e Artes | Digital Journal of Archaeology, Architecture and Arts, O corpo atrav\u00e9s da imagem. Coimbra: CEAACP, 2(2015), p. 206-221.<\/p>\n<p align=\"justify\">\u00ab\u00a0Um bom e fermoso pa\u00e7o do concelho\u00a0\u00bb no \u00ab\u00a0milhor e mais nobre lugar da vila\u201d. Actas do IV Congresso de Hist\u00f3ria da Arte Portuguesa em Homenagem a Jos\u00e9-Augusto Fran\u00e7a. Lisboa: Associa\u00e7\u00e3o Portuguesa de Historiadores de Arte (APHA), 2014, p. 348-358 (Com Caroline Arag\u00e3o Cabral).<\/p>\n<p align=\"justify\">Urbanismo na composi\u00e7\u00e3o de Portugal. Coimbra: Imprensa da Universidade de Coimbra, 2013.<\/p>\n<p align=\"justify\">\u00ab\u00a0Sei citt\u00e0 nuove in linea: costruire una frontiera nel XIII secolo\u201d. CASAMENTO, Aldo (a cura di) &#8211; Fondazioni urbane. Citt\u00e0 nuove europee dal medioevo al Novecento. Forma Urbis. Roma:  Edizioni Kappa. I (2012), p. 95-110.<\/p>\n<p align=\"justify\">A Casa urbana em Coimbra. Dos finais da Idade M\u00e9dia aos in\u00edcios da \u00c9poca Moderna. Coimbra: C\u00e2mara Municipal, 2002.<\/p>\n<p>Curriculum completo em http:\/\/www.ces.uc.pt\/investigadores\/cv\/luisa_trindade.php<\/p>\n","protected":false},"excerpt":{"rendered":"<p>&nbsp; &nbsp; &nbsp; Luisa Trindade Lu\u00edsa Trindade \u00e9 doutora em Hist\u00f3ria da Arte pela Universidade de Coimbra (2010), em cujo departamento de Hist\u00f3ria, Estudos Europeus, Arqueologia e Artes leciona desde 1996. Coordenadora do mestrado em Arte e Patrim\u00f3nio \u00e9 tamb\u00e9m investigadora do Centro de Estudos Sociais da Universidade de Coimbra (CES). A par da lecciona\u00e7\u00e3o &hellip; <\/p>\n<p class=\"link-more\"><a href=\"https:\/\/blogs.univ-jfc.fr\/dynamiquesurbaines\/luisa-trindade-points-de-reperes\/\" class=\"more-link\">Continuer la lecture<span class=\"screen-reader-text\"> de &laquo;&nbsp;Luisa Trindade : points de rep\u00e8res&nbsp;&raquo;<\/span><\/a><\/p>\n","protected":false},"author":20,"featured_media":0,"parent":0,"menu_order":0,"comment_status":"closed","ping_status":"closed","template":"","meta":[],"_links":{"self":[{"href":"https:\/\/blogs.univ-jfc.fr\/dynamiquesurbaines\/wp-json\/wp\/v2\/pages\/174"}],"collection":[{"href":"https:\/\/blogs.univ-jfc.fr\/dynamiquesurbaines\/wp-json\/wp\/v2\/pages"}],"about":[{"href":"https:\/\/blogs.univ-jfc.fr\/dynamiquesurbaines\/wp-json\/wp\/v2\/types\/page"}],"author":[{"embeddable":true,"href":"https:\/\/blogs.univ-jfc.fr\/dynamiquesurbaines\/wp-json\/wp\/v2\/users\/20"}],"replies":[{"embeddable":true,"href":"https:\/\/blogs.univ-jfc.fr\/dynamiquesurbaines\/wp-json\/wp\/v2\/comments?post=174"}],"version-history":[{"count":4,"href":"https:\/\/blogs.univ-jfc.fr\/dynamiquesurbaines\/wp-json\/wp\/v2\/pages\/174\/revisions"}],"predecessor-version":[{"id":322,"href":"https:\/\/blogs.univ-jfc.fr\/dynamiquesurbaines\/wp-json\/wp\/v2\/pages\/174\/revisions\/322"}],"wp:attachment":[{"href":"https:\/\/blogs.univ-jfc.fr\/dynamiquesurbaines\/wp-json\/wp\/v2\/media?parent=174"}],"curies":[{"name":"wp","href":"https:\/\/api.w.org\/{rel}","templated":true}]}}