{"id":18,"date":"2018-12-07T12:57:16","date_gmt":"2018-12-07T11:57:16","guid":{"rendered":"http:\/\/blogs.univ-jfc.fr\/dynamiquesurbaines\/?page_id=18"},"modified":"2019-01-15T11:02:42","modified_gmt":"2019-01-15T10:02:42","slug":"resume-des-communications","status":"publish","type":"page","link":"https:\/\/blogs.univ-jfc.fr\/dynamiquesurbaines\/resume-des-communications\/","title":{"rendered":"R\u00e9sum\u00e9 des communications"},"content":{"rendered":"<ul>\n<li><a href=\"http:\/\/blogs.univ-jfc.fr\/dynamiquesurbaines\/skupien\/\"><strong><span style=\"color: #ff6600\">Rapha\u00eble Skupien<\/span><\/strong><\/a> \u2013 Usages et repr\u00e9sentations de la pierre \u00e0 b\u00e2tir dans le paysage parisien, du XIVe au XVIe si\u00e8cle.<\/li>\n<li><a href=\"http:\/\/blogs.univ-jfc.fr\/dynamiquesurbaines\/laleman\/\"><strong><span style=\"color: #ff6600\">Marie-Christine Laleman<\/span><\/strong><\/a>&#8211; Les maisons m\u00e9di\u00e9vales en pierre \u00e0 Gand (Belgique)\u00a0: \u00a0\u00bb guide\u00a0\u00bb d\u2019une organisation urbaine aux XIIe et XIIIe si\u00e8cles.<\/li>\n<li><a href=\"http:\/\/blogs.univ-jfc.fr\/dynamiquesurbaines\/de-bone\/\"><strong><span style=\"color: #ff6600\">Vincent Debonne<\/span><\/strong><\/a> \u2013 Between quarry, clay pit and forest. Materials of the building trade in medieval and early modern Oudenaarde (Belgium).<\/li>\n<li><a href=\"http:\/\/blogs.univ-jfc.fr\/dynamiquesurbaines\/clement-alix\/\"><strong><span style=\"color: #ff6600\">Cl\u00e9ment Alix<\/span><\/strong><\/a> \u2013 Usages de la pierre \u00e0 b\u00e2tir dans les constructions d\u2019Orl\u00e9ans aux XIIIe \u2013 XVIe si\u00e8cles.<\/li>\n<li><a href=\"http:\/\/blogs.univ-jfc.fr\/dynamiquesurbaines\/caroline-de-barrau\/\"><strong><span style=\"color: #ff6600\">Caroline de Barrau<\/span><\/strong><\/a> &#8211; De terre, de galet et de pierre\u00a0: la construction \u00e0 Perpignan (XIe-XVe si\u00e8cle).<\/li>\n<li><a href=\"http:\/\/blogs.univ-jfc.fr\/dynamiquesurbaines\/marie-lafont-et-lucie-gaugain\/\"><strong><span style=\"color: #ff6600\">Marie Lafont\u00a0 et Lucie Gaugain<\/span><\/strong><\/a> &#8211; Tours, chantiers d\u2019une ville royale \u00e0 la fin du Moyen \u00c2ge.<\/li>\n<li><a href=\"http:\/\/blogs.univ-jfc.fr\/dynamiquesurbaines\/lea-hermenault\/\"><strong><span style=\"color: #ff6600\">L\u00e9a Hermenault<\/span> <\/strong><\/a>\u2013 \u00ab\u00a0Paver de carreaux bons, loyaux et marchans.\u00a0\u00bb Le pavage des rues de Paris \u00e0 partir du XIIIe si\u00e8cle, une certaine id\u00e9e de la ville et de la repr\u00e9sentation du pouvoir.<\/li>\n<li><a href=\"http:\/\/blogs.univ-jfc.fr\/dynamiquesurbaines\/arnaldo-melo-et-maria-do-carmo-ribeiro\/\"><strong><span style=\"color: #ff6600\">Arnaldo Melo et Maria do Carmo Ribeiro<\/span><\/strong><\/a> \u2013 Les rapports entre la pierre et les autres mat\u00e9riaux de construction dans les \u00a0\u00a0\u00a0 villes portugaise au Moyen \u00c2ge.<\/li>\n<li><a href=\"http:\/\/blogs.univ-jfc.fr\/dynamiquesurbaines\/gabri-van-tussenbroek\/\"><span style=\"color: #ff6600\"><strong>Gabri Van Tussenbroek<\/strong><\/span> <\/a>\u2013 Town houses in the Northern Netherlands before 1600. Material, construction\u00a0 and geographical distribution.<\/li>\n<li><a href=\"http:\/\/blogs.univ-jfc.fr\/dynamiquesurbaines\/quitterie-cazes\/\"><strong><span style=\"color: #ff6600\">Quitterie Cazes<\/span> <\/strong><\/a>\u2013 La pierre dans la construction toulousaine.<\/li>\n<li><a href=\"http:\/\/blogs.univ-jfc.fr\/dynamiquesurbaines\/paulo-charruadas-et-philippe-sosnowska\/\"><strong><span style=\"color: #ff6600\">Paulo Charruadas et Philippe Sosnowska<\/span><\/strong><\/a> \u2013 La \u00ab\u00a0p\u00e9trification\u00a0\u00bb du b\u00e2ti urbain en Brabant m\u00e9ridional \u00e0 la fin du Moyen \u00c2ge. \u00c9tat de la question, probl\u00e9matiques et perspectives.<\/li>\n<li><a href=\"http:\/\/blogs.univ-jfc.fr\/dynamiquesurbaines\/anna-boato\/\"><strong><span style=\"color: #ff6600\">Anna Boato<\/span><\/strong><\/a> \u2013 Dal legno alla pietra. Genova\u00a0: tempi e modalit\u00e0 di una trasformazione.<\/li>\n<li><a href=\"http:\/\/blogs.univ-jfc.fr\/dynamiquesurbaines\/helene-noizet\/\"><strong><span style=\"color: #ff6600\">H\u00e9l\u00e8ne Noizet<\/span><\/strong> <\/a>\u2013 La p\u00e9trification du tissu urbain, un effet du choix des mat\u00e9riaux\u00a0?<\/li>\n<li><a href=\"http:\/\/blogs.univ-jfc.fr\/dynamiquesurbaines\/luisa-trindade\/\"><strong><span style=\"color: #ff6600\">Lu\u00edsa Trindade<\/span><\/strong><\/a> &#8211; \u00ab\u00a0Que se erga parede direita de pedra e cal\u00a0\u00bb. Construir casa na cidade\u00a0 medieval portuguesa.<\/li>\n<li><a href=\"http:\/\/blogs.univ-jfc.fr\/dynamiquesurbaines\/bastien-lefebvre\/\"><strong><span style=\"color: #ff6600\">Bastien Lef\u00e8bvre<\/span><\/strong><\/a> \u2013 Les mat\u00e9riaux de la maison urbaine au Moyen \u00c2ge, le point du vue de l\u2019arch\u00e9ologie.<\/li>\n<li><a href=\"http:\/\/blogs.univ-jfc.fr\/dynamiquesurbaines\/enrico-lusso\/\"><span style=\"color: #ff6600\"><strong>Enrico Lusso<\/strong><\/span><\/a>&#8211; Legno e paglia, pietra e mattone. Tecniche edilizie e decoro urbano negli insediamenti del Piemonte bassomedievale<strong>\u00a0<\/strong><\/li>\n<\/ul>\n","protected":false},"excerpt":{"rendered":"<p>Rapha\u00eble Skupien \u2013 Usages et repr\u00e9sentations de la pierre \u00e0 b\u00e2tir dans le paysage parisien, du XIVe au XVIe si\u00e8cle. Marie-Christine Laleman&#8211; Les maisons m\u00e9di\u00e9vales en pierre \u00e0 Gand (Belgique)\u00a0: \u00a0\u00bb guide\u00a0\u00bb d\u2019une organisation urbaine aux XIIe et XIIIe si\u00e8cles. Vincent Debonne \u2013 Between quarry, clay pit and forest. Materials of the building trade in &hellip; <\/p>\n<p class=\"link-more\"><a href=\"https:\/\/blogs.univ-jfc.fr\/dynamiquesurbaines\/resume-des-communications\/\" class=\"more-link\">Continuer la lecture<span class=\"screen-reader-text\"> de &laquo;&nbsp;R\u00e9sum\u00e9 des communications&nbsp;&raquo;<\/span><\/a><\/p>\n","protected":false},"author":20,"featured_media":0,"parent":0,"menu_order":0,"comment_status":"closed","ping_status":"closed","template":"","meta":[],"_links":{"self":[{"href":"https:\/\/blogs.univ-jfc.fr\/dynamiquesurbaines\/wp-json\/wp\/v2\/pages\/18"}],"collection":[{"href":"https:\/\/blogs.univ-jfc.fr\/dynamiquesurbaines\/wp-json\/wp\/v2\/pages"}],"about":[{"href":"https:\/\/blogs.univ-jfc.fr\/dynamiquesurbaines\/wp-json\/wp\/v2\/types\/page"}],"author":[{"embeddable":true,"href":"https:\/\/blogs.univ-jfc.fr\/dynamiquesurbaines\/wp-json\/wp\/v2\/users\/20"}],"replies":[{"embeddable":true,"href":"https:\/\/blogs.univ-jfc.fr\/dynamiquesurbaines\/wp-json\/wp\/v2\/comments?post=18"}],"version-history":[{"count":6,"href":"https:\/\/blogs.univ-jfc.fr\/dynamiquesurbaines\/wp-json\/wp\/v2\/pages\/18\/revisions"}],"predecessor-version":[{"id":126,"href":"https:\/\/blogs.univ-jfc.fr\/dynamiquesurbaines\/wp-json\/wp\/v2\/pages\/18\/revisions\/126"}],"wp:attachment":[{"href":"https:\/\/blogs.univ-jfc.fr\/dynamiquesurbaines\/wp-json\/wp\/v2\/media?parent=18"}],"curies":[{"name":"wp","href":"https:\/\/api.w.org\/{rel}","templated":true}]}}