{"id":180,"date":"2019-02-08T17:15:52","date_gmt":"2019-02-08T16:15:52","guid":{"rendered":"http:\/\/blogs.univ-jfc.fr\/dynamiquesurbaines\/?page_id=180"},"modified":"2019-09-02T19:18:07","modified_gmt":"2019-09-02T17:18:07","slug":"marie-christine-laleman-points-de-reperes","status":"publish","type":"page","link":"https:\/\/blogs.univ-jfc.fr\/dynamiquesurbaines\/marie-christine-laleman-points-de-reperes\/","title":{"rendered":"Marie-Christine Laleman : points de rep\u00e8res"},"content":{"rendered":"<p><img loading=\"lazy\" class=\"alignleft wp-image-231 size-thumbnail\" src=\"http:\/\/blogs.univ-jfc.fr\/dynamiquesurbaines\/wp-content\/uploads\/sites\/70\/2019\/02\/Marie_Christine_Laleman_-150x150.jpg\" alt=\"\" width=\"150\" height=\"150\" srcset=\"https:\/\/blogs.univ-jfc.fr\/dynamiquesurbaines\/wp-content\/uploads\/sites\/70\/2019\/02\/Marie_Christine_Laleman_-150x150.jpg 150w, https:\/\/blogs.univ-jfc.fr\/dynamiquesurbaines\/wp-content\/uploads\/sites\/70\/2019\/02\/Marie_Christine_Laleman_-100x100.jpg 100w\" sizes=\"(max-width: 150px) 100vw, 150px\" \/><\/p>\n<p>&nbsp;<\/p>\n<p>&nbsp;<\/p>\n<p>&nbsp;<\/p>\n<h5><span style=\"color: #ff6600\">Marie-Christine Laleman<\/span><\/h5>\n<p>&nbsp;<\/p>\n<p align=\"justify\">Marie Christine Laleman est directrice honoraire du D\u00e9partement d\u2019Arch\u00e9ologie urbaine et des Archives de la ville de Gand (Gent, Flandre orientale, Belgique). Elle fit des \u00e9tudes d\u2019arch\u00e9ologie et d\u2019histoire de l\u2019art \u00e0 l\u2019Universit\u00e9 de Gand et se sp\u00e9cialisa, en tant que m\u00e9di\u00e9viste et arch\u00e9ologue, dans l\u2019architecture et les techniques de construction. De multiples publications depuis 1973 traitent l\u2019arch\u00e9ologie urbaine, de l\u2019histoire urbaine de Gand, des r\u00e9sultats de fouilles et d\u2019autres interventions arch\u00e9ologiques \u00e0 Gand, de la recherche interdisciplinaire relative \u00e0 Gand ainsi que de l\u2019arch\u00e9ologie du b\u00e2ti.<\/p>\n<p>Bibliographie s\u00e9lective :<\/p>\n<ul>\n<li>\n<p align=\"justify\">avec RAVESCHOT, P., Inleiding tot de studie van de woonhuizen in Gent. Periode 1100-1300. De kelders, (Verhandelingen Koninklijke Academie voor Wetenschappen, Letteren en Schone Kunsten van Belgi\u00eb), Brussel, 1991.<\/p>\n<\/li>\n<li>\n<p align=\"justify\">Maisons m\u00e9di\u00e9vales en pierre \u00e0 Gand. Apport de l\u2019arch\u00e9ologie urbaine, in: Nouvelles approches concernant la culture de l\u2019habitat, Turnhout, 1991, p. 89-98.<\/p>\n<\/li>\n<li>\n<p align=\"justify\">\u00a0De Gentse Stenen: getuigen van handel in laken, graan en bouwstenen (11de-14de eeuw), in: Rotterdam Papers, Rotterdam, 1992, nr. 7, p. 61-73.<\/p>\n<\/li>\n<li>\n<p align=\"justify\">Enkele aspecten van stedelijke ontwikkeling in Gent: percelen, huizen en bewoners, in: Rotterdam Papers, Rotterdam, 1999, nr. 10, p. 143-153.<\/p>\n<\/li>\n<li>\n<p align=\"justify\">avec\u00a0 STOOPS, G., Baksteengebruik in Vlaamse steden. Gent in de middeleeuwen, in: COOMANS, T. &amp; VAN ROYEN, H. (eds), Medieval Brick Architecture in Flanders and Northern Europe: the question of the Cistercian Origin. Middeleeuwse baksteenarchitectuur in Vlaanderen en Noord-Europa, (Novi monasterii, nr. 7), Koksijde, 2008, p. 163-183.<\/p>\n<\/li>\n<li>\n<p align=\"justify\">Columns in houses. Domestic architecture and stone trade in late-medieval Flanders, in: CLEVIS, H. (ed.), Medieval Material Culture. Studies in honour of Jan Thijssen, Zwolle, 2009, p. 129-191.<\/p>\n<\/li>\n<li>\n<p align=\"justify\">avec EVERAERT, G., LIEVOIS, D., Natuursteen in Gent. Materi\u00eble getuigen en geschreven bronnen, in: CNUDDE, V., DEWANKELE, J., DE CEUKELAIRE, M., EVERAERT, G., JACOBS, P., LALEMAN, M.C. (red.), Gent\u2026 steengoed!, Gent, 2009, p. 6-221.<\/p>\n<\/li>\n<li>\n<p align=\"justify\">avec VERMEIREN, G., Ruimte en bewoning in het centrum van het middeleeuwse Gent, in: Handelingen der Maatschappij voor Geschiedenis &amp; Oudheidkunde te Gent, Gent, 2010, nr. 64\/1, p. 3-56.<\/p>\n<\/li>\n<\/ul>\n","protected":false},"excerpt":{"rendered":"<p>&nbsp; &nbsp; &nbsp; Marie-Christine Laleman &nbsp; Marie Christine Laleman est directrice honoraire du D\u00e9partement d\u2019Arch\u00e9ologie urbaine et des Archives de la ville de Gand (Gent, Flandre orientale, Belgique). Elle fit des \u00e9tudes d\u2019arch\u00e9ologie et d\u2019histoire de l\u2019art \u00e0 l\u2019Universit\u00e9 de Gand et se sp\u00e9cialisa, en tant que m\u00e9di\u00e9viste et arch\u00e9ologue, dans l\u2019architecture et les techniques &hellip; <\/p>\n<p class=\"link-more\"><a href=\"https:\/\/blogs.univ-jfc.fr\/dynamiquesurbaines\/marie-christine-laleman-points-de-reperes\/\" class=\"more-link\">Continuer la lecture<span class=\"screen-reader-text\"> de &laquo;&nbsp;Marie-Christine Laleman : points de rep\u00e8res&nbsp;&raquo;<\/span><\/a><\/p>\n","protected":false},"author":20,"featured_media":0,"parent":0,"menu_order":0,"comment_status":"closed","ping_status":"closed","template":"","meta":[],"_links":{"self":[{"href":"https:\/\/blogs.univ-jfc.fr\/dynamiquesurbaines\/wp-json\/wp\/v2\/pages\/180"}],"collection":[{"href":"https:\/\/blogs.univ-jfc.fr\/dynamiquesurbaines\/wp-json\/wp\/v2\/pages"}],"about":[{"href":"https:\/\/blogs.univ-jfc.fr\/dynamiquesurbaines\/wp-json\/wp\/v2\/types\/page"}],"author":[{"embeddable":true,"href":"https:\/\/blogs.univ-jfc.fr\/dynamiquesurbaines\/wp-json\/wp\/v2\/users\/20"}],"replies":[{"embeddable":true,"href":"https:\/\/blogs.univ-jfc.fr\/dynamiquesurbaines\/wp-json\/wp\/v2\/comments?post=180"}],"version-history":[{"count":8,"href":"https:\/\/blogs.univ-jfc.fr\/dynamiquesurbaines\/wp-json\/wp\/v2\/pages\/180\/revisions"}],"predecessor-version":[{"id":348,"href":"https:\/\/blogs.univ-jfc.fr\/dynamiquesurbaines\/wp-json\/wp\/v2\/pages\/180\/revisions\/348"}],"wp:attachment":[{"href":"https:\/\/blogs.univ-jfc.fr\/dynamiquesurbaines\/wp-json\/wp\/v2\/media?parent=180"}],"curies":[{"name":"wp","href":"https:\/\/api.w.org\/{rel}","templated":true}]}}