{"id":182,"date":"2019-02-08T17:17:10","date_gmt":"2019-02-08T16:17:10","guid":{"rendered":"http:\/\/blogs.univ-jfc.fr\/dynamiquesurbaines\/?page_id=182"},"modified":"2019-09-02T18:15:23","modified_gmt":"2019-09-02T16:15:23","slug":"paulo-charruadas-points-de-reperes","status":"publish","type":"page","link":"https:\/\/blogs.univ-jfc.fr\/dynamiquesurbaines\/paulo-charruadas-points-de-reperes\/","title":{"rendered":"Paulo Charruadas : points de rep\u00e8res"},"content":{"rendered":"<p><img loading=\"lazy\" class=\"alignleft wp-image-220 size-thumbnail\" src=\"http:\/\/blogs.univ-jfc.fr\/dynamiquesurbaines\/wp-content\/uploads\/sites\/70\/2019\/02\/s200_paulo.charruadas-150x150.jpg\" alt=\"\" width=\"150\" height=\"150\" srcset=\"https:\/\/blogs.univ-jfc.fr\/dynamiquesurbaines\/wp-content\/uploads\/sites\/70\/2019\/02\/s200_paulo.charruadas-150x150.jpg 150w, https:\/\/blogs.univ-jfc.fr\/dynamiquesurbaines\/wp-content\/uploads\/sites\/70\/2019\/02\/s200_paulo.charruadas-100x100.jpg 100w, https:\/\/blogs.univ-jfc.fr\/dynamiquesurbaines\/wp-content\/uploads\/sites\/70\/2019\/02\/s200_paulo.charruadas.jpg 200w\" sizes=\"(max-width: 150px) 100vw, 150px\" \/><\/p>\n<p>&nbsp;<\/p>\n<p>&nbsp;<\/p>\n<p>&nbsp;<\/p>\n<h5><span style=\"color: #ff6600\">Paulo Charruadas<\/span><\/h5>\n<p align=\"justify\">Licenci\u00e9 en histoire de l&rsquo;art et arch\u00e9ologie (1999), en histoire (2002) et docteur en histoire, art et arch\u00e9ologie (2008), Paulo Charruadas m\u00e8ne des recherches tant en histoire m\u00e9di\u00e9vale qu\u2019en arch\u00e9ologie du b\u00e2ti ancien, prenant principalement pour cadre la ville de Bruxelles et le duch\u00e9 de Brabant.<\/p>\n<p align=\"justify\">En histoire m\u00e9di\u00e9vale, ses recherches ont \u00e9t\u00e9 d\u00e9velopp\u00e9es dans une th\u00e8se de doctorat pr\u00e9par\u00e9e sous la direction de Michel de Waha (Mandat Mini-Arc ULB, 2004-2008). La recherche envisage la croissance \u00e9conomique de la r\u00e9gion en imbriquant \u00e9troitement ville et campagne, d\u2019une part, tout en essayant de mettre en \u00e9vidence, d\u2019autre part, les continuit\u00e9s sociales et culturelles qui attachent le milieu seigneurial, les \u00e9lites rurales et l\u2019aristocratie urbaine. Les rapports sociaux y sont analys\u00e9s \u00e0 l\u2019aune de l\u2019\u00e9mergence urbaine et de la construction de la principaut\u00e9 territoriale de Brabant.<\/p>\n<p align=\"justify\">En arch\u00e9ologie du b\u00e2ti, la recherche qui l\u2019occupe pour le moment (mandat IRSIB-R\u00e9gion de Bruxelles-Capitale, 2009-2011) prend pour cadre un projet intitul\u00e9 \u00ab Arch\u00e9ologie du b\u00e2ti en R\u00e9gion bruxelloise : mise en \u0153uvre documentaire, analyse et \u00e9l\u00e9ments de programme \u00bb, men\u00e9 au sein de l\u2019Unit\u00e9 de Recherche CReA-Patrimoine. L\u2019\u00e9tude envisage une r\u00e9flexion tenant compte des r\u00e9cents acquis scientifiques sur l\u2019histoire de Bruxelles, des nouvelles m\u00e9thodes d\u2019investigation de cette jeune discipline et des exemples \u00ab \u00e9trangers \u00bb ouvrant la voie \u00e0 une \u00e9tude comparative. La recherche devrait d\u00e9boucher sur une meilleure connaissance du patrimoine architectural bruxellois et des outils facilitant la prise de d\u00e9cision des autorit\u00e9s publiques comp\u00e9tentes (communales et r\u00e9gionales).<\/p>\n","protected":false},"excerpt":{"rendered":"<p>&nbsp; &nbsp; &nbsp; Paulo Charruadas Licenci\u00e9 en histoire de l&rsquo;art et arch\u00e9ologie (1999), en histoire (2002) et docteur en histoire, art et arch\u00e9ologie (2008), Paulo Charruadas m\u00e8ne des recherches tant en histoire m\u00e9di\u00e9vale qu\u2019en arch\u00e9ologie du b\u00e2ti ancien, prenant principalement pour cadre la ville de Bruxelles et le duch\u00e9 de Brabant. En histoire m\u00e9di\u00e9vale, ses &hellip; <\/p>\n<p class=\"link-more\"><a href=\"https:\/\/blogs.univ-jfc.fr\/dynamiquesurbaines\/paulo-charruadas-points-de-reperes\/\" class=\"more-link\">Continuer la lecture<span class=\"screen-reader-text\"> de &laquo;&nbsp;Paulo Charruadas : points de rep\u00e8res&nbsp;&raquo;<\/span><\/a><\/p>\n","protected":false},"author":20,"featured_media":0,"parent":0,"menu_order":0,"comment_status":"closed","ping_status":"closed","template":"","meta":[],"_links":{"self":[{"href":"https:\/\/blogs.univ-jfc.fr\/dynamiquesurbaines\/wp-json\/wp\/v2\/pages\/182"}],"collection":[{"href":"https:\/\/blogs.univ-jfc.fr\/dynamiquesurbaines\/wp-json\/wp\/v2\/pages"}],"about":[{"href":"https:\/\/blogs.univ-jfc.fr\/dynamiquesurbaines\/wp-json\/wp\/v2\/types\/page"}],"author":[{"embeddable":true,"href":"https:\/\/blogs.univ-jfc.fr\/dynamiquesurbaines\/wp-json\/wp\/v2\/users\/20"}],"replies":[{"embeddable":true,"href":"https:\/\/blogs.univ-jfc.fr\/dynamiquesurbaines\/wp-json\/wp\/v2\/comments?post=182"}],"version-history":[{"count":5,"href":"https:\/\/blogs.univ-jfc.fr\/dynamiquesurbaines\/wp-json\/wp\/v2\/pages\/182\/revisions"}],"predecessor-version":[{"id":317,"href":"https:\/\/blogs.univ-jfc.fr\/dynamiquesurbaines\/wp-json\/wp\/v2\/pages\/182\/revisions\/317"}],"wp:attachment":[{"href":"https:\/\/blogs.univ-jfc.fr\/dynamiquesurbaines\/wp-json\/wp\/v2\/media?parent=182"}],"curies":[{"name":"wp","href":"https:\/\/api.w.org\/{rel}","templated":true}]}}