{"id":186,"date":"2019-02-08T17:17:44","date_gmt":"2019-02-08T16:17:44","guid":{"rendered":"http:\/\/blogs.univ-jfc.fr\/dynamiquesurbaines\/?page_id=186"},"modified":"2019-09-02T16:37:39","modified_gmt":"2019-09-02T14:37:39","slug":"quitterie-cazes-points-de-reperes","status":"publish","type":"page","link":"https:\/\/blogs.univ-jfc.fr\/dynamiquesurbaines\/quitterie-cazes-points-de-reperes\/","title":{"rendered":"Quitterie Cazes : points de rep\u00e8res"},"content":{"rendered":"<p><img loading=\"lazy\" class=\"alignleft wp-image-217 size-thumbnail\" src=\"http:\/\/blogs.univ-jfc.fr\/dynamiquesurbaines\/wp-content\/uploads\/sites\/70\/2019\/02\/AVT_Quitterie-Cazes_4978-150x150.jpeg\" alt=\"\" width=\"150\" height=\"150\" srcset=\"https:\/\/blogs.univ-jfc.fr\/dynamiquesurbaines\/wp-content\/uploads\/sites\/70\/2019\/02\/AVT_Quitterie-Cazes_4978-150x150.jpeg 150w, https:\/\/blogs.univ-jfc.fr\/dynamiquesurbaines\/wp-content\/uploads\/sites\/70\/2019\/02\/AVT_Quitterie-Cazes_4978-100x100.jpeg 100w\" sizes=\"(max-width: 150px) 100vw, 150px\" \/><\/p>\n<p>&nbsp;<\/p>\n<p>&nbsp;<\/p>\n<p>&nbsp;<\/p>\n<h5><span style=\"color: #ff6600\">Quitterie Cazes<\/span><\/h5>\n<p>&nbsp;<\/p>\n<p align=\"justify\">Quitterie Cazes a d\u2019abord \u00e9t\u00e9 arch\u00e9ologue sur des chantiers essentiellement urbains (Saint-Denis, Paris, Toulouse), avant d\u2019\u00eatre recrut\u00e9e comme ma\u00eetre de conf\u00e9rences en histoire de l\u2019art m\u00e9di\u00e9val \u00e0 l\u2019Universit\u00e9 de Paris 1-Panth\u00e9on Sorbonne puis \u00e0 l\u2019Universit\u00e9 Toulouse Jean-Jaur\u00e8s. Elle est rattach\u00e9e \u00e0 l\u2019UMR 5136 \/ Framespa de Toulouse et participe aux programmes de recherche PRECA dirig\u00e9 par Carles Mancho (Universit\u00e9 Autonome de Barcelone) et ReMArch (Recyclage et remploi des mat\u00e9riaux de l\u2019architecture aux p\u00e9riodes anciennes) dirig\u00e9 par Pierre Guibert et (CNRS, Bordeaux).<\/p>\n<p align=\"justify\">Son habilitation \u00e0 diriger des recherches, soutenue en 2008, portait sur Toulouse m\u00e9di\u00e9vale en perspectives. Entre histoire de l\u2019art et arch\u00e9ologie. Ses principales publications portent sur Le quartier canonial de la cath\u00e9drale Saint-\u00c9tienne de Toulouse, Carcassonne, 1998, 194 p. (publication de la th\u00e8se soutenue en 1993), Le clo\u00eetre de Moissac, en collaboration avec Maurice Scell\u00e8s, Bordeaux, 2001, 239 p., Saint-Sernin de Toulouse, en collaboration avec Daniel Cazes, Graulhet, 2008, 348 p., Toulouse au Moyen \u00c2ge. 1000 ans d\u2019histoire urbaine, ouvrage collectif co-dirig\u00e9 avec Jean Catalo, Toulouse, 2010, 271 p.<\/p>\n<p align=\"justify\">Ses articles concernent essentiellement des questions portant sur la sculpture ou l\u2019architecture romane, mais aussi des aspects plus arch\u00e9ologiques (techniques de construction, arch\u00e9ologie urbaine toulousaine\u2026).<\/p>\n","protected":false},"excerpt":{"rendered":"<p>&nbsp; &nbsp; &nbsp; Quitterie Cazes &nbsp; Quitterie Cazes a d\u2019abord \u00e9t\u00e9 arch\u00e9ologue sur des chantiers essentiellement urbains (Saint-Denis, Paris, Toulouse), avant d\u2019\u00eatre recrut\u00e9e comme ma\u00eetre de conf\u00e9rences en histoire de l\u2019art m\u00e9di\u00e9val \u00e0 l\u2019Universit\u00e9 de Paris 1-Panth\u00e9on Sorbonne puis \u00e0 l\u2019Universit\u00e9 Toulouse Jean-Jaur\u00e8s. Elle est rattach\u00e9e \u00e0 l\u2019UMR 5136 \/ Framespa de Toulouse et participe &hellip; <\/p>\n<p class=\"link-more\"><a href=\"https:\/\/blogs.univ-jfc.fr\/dynamiquesurbaines\/quitterie-cazes-points-de-reperes\/\" class=\"more-link\">Continuer la lecture<span class=\"screen-reader-text\"> de &laquo;&nbsp;Quitterie Cazes : points de rep\u00e8res&nbsp;&raquo;<\/span><\/a><\/p>\n","protected":false},"author":20,"featured_media":0,"parent":0,"menu_order":0,"comment_status":"closed","ping_status":"closed","template":"","meta":[],"_links":{"self":[{"href":"https:\/\/blogs.univ-jfc.fr\/dynamiquesurbaines\/wp-json\/wp\/v2\/pages\/186"}],"collection":[{"href":"https:\/\/blogs.univ-jfc.fr\/dynamiquesurbaines\/wp-json\/wp\/v2\/pages"}],"about":[{"href":"https:\/\/blogs.univ-jfc.fr\/dynamiquesurbaines\/wp-json\/wp\/v2\/types\/page"}],"author":[{"embeddable":true,"href":"https:\/\/blogs.univ-jfc.fr\/dynamiquesurbaines\/wp-json\/wp\/v2\/users\/20"}],"replies":[{"embeddable":true,"href":"https:\/\/blogs.univ-jfc.fr\/dynamiquesurbaines\/wp-json\/wp\/v2\/comments?post=186"}],"version-history":[{"count":4,"href":"https:\/\/blogs.univ-jfc.fr\/dynamiquesurbaines\/wp-json\/wp\/v2\/pages\/186\/revisions"}],"predecessor-version":[{"id":313,"href":"https:\/\/blogs.univ-jfc.fr\/dynamiquesurbaines\/wp-json\/wp\/v2\/pages\/186\/revisions\/313"}],"wp:attachment":[{"href":"https:\/\/blogs.univ-jfc.fr\/dynamiquesurbaines\/wp-json\/wp\/v2\/media?parent=186"}],"curies":[{"name":"wp","href":"https:\/\/api.w.org\/{rel}","templated":true}]}}