{"id":188,"date":"2019-02-08T17:18:01","date_gmt":"2019-02-08T16:18:01","guid":{"rendered":"http:\/\/blogs.univ-jfc.fr\/dynamiquesurbaines\/?page_id=188"},"modified":"2019-09-02T19:04:09","modified_gmt":"2019-09-02T17:04:09","slug":"raphaele-skupien-points-de-reperes","status":"publish","type":"page","link":"https:\/\/blogs.univ-jfc.fr\/dynamiquesurbaines\/raphaele-skupien-points-de-reperes\/","title":{"rendered":"Rapha\u00eble Skupien : points de rep\u00e8res"},"content":{"rendered":"<p><img loading=\"lazy\" class=\"alignleft wp-image-246 size-thumbnail\" src=\"http:\/\/blogs.univ-jfc.fr\/dynamiquesurbaines\/wp-content\/uploads\/sites\/70\/2019\/02\/Raphaele_Skupien_.JPG-150x150.jpg\" alt=\"\" width=\"150\" height=\"150\" srcset=\"https:\/\/blogs.univ-jfc.fr\/dynamiquesurbaines\/wp-content\/uploads\/sites\/70\/2019\/02\/Raphaele_Skupien_.JPG-150x150.jpg 150w, https:\/\/blogs.univ-jfc.fr\/dynamiquesurbaines\/wp-content\/uploads\/sites\/70\/2019\/02\/Raphaele_Skupien_.JPG-1200x1200.jpg 1200w, https:\/\/blogs.univ-jfc.fr\/dynamiquesurbaines\/wp-content\/uploads\/sites\/70\/2019\/02\/Raphaele_Skupien_.JPG-100x100.jpg 100w\" sizes=\"(max-width: 150px) 100vw, 150px\" \/><\/p>\n<p>&nbsp;<\/p>\n<p>&nbsp;<\/p>\n<p>&nbsp;<\/p>\n<h5><span style=\"color: #ff6600\">Rapha\u00eble Skupien<\/span><\/h5>\n<p align=\"justify\">Rapha\u00eble Skupien est l\u2019auteur d\u2019une th\u00e8se de doctorat en histoire de l\u2019art sur la gen\u00e8se du paysage urbain dans le milieu parisien \u00e0 la fin du Moyen \u00c2ge. Apr\u00e8s avoir envisag\u00e9 les rapports entre les arts figur\u00e9s et les arts monumentaux \u00e0 travers les repr\u00e9sentations reconnaissables de la ville de Paris et de ses monuments, dans une d\u00e9marche \u00e0 la fois arch\u00e9ologique et prosopographique, elle poursuit actuellement ses recherches sur le r\u00f4le des peintres dans la configuration de l\u2019espace fran\u00e7ais \u00e0 l\u2019aube de la Renaissance.<\/p>\n<p>Bibliographie s\u00e9lective<\/p>\n<ul>\n<li style=\"text-align: left\">\n<p align=\"justify\">Le peintre et le monument. L\u2019invention du paysage urbain dans la peinture parisienne de la fin du Moyen \u00c2ge (XIVe-XVIe si\u00e8cles),th\u00e8se de doctorat dactyl. sous la dir. d\u2019\u00c9tienne HAMON, Universit\u00e9 d\u2019Amiens, 2017, 4 vol.<\/p>\n<\/li>\n<li style=\"text-align: left\">\n<p align=\"justify\">\u00ab ESQUIEU Yves (\u00e9d.), <em>Les couleurs de la ville. R\u00e9alit\u00e9s historiques et pratiques <\/em>contemporaines \u00bb, <em>Bulletin monumental, <\/em>2018, n\u00b0 176-3, p. 266-267 (compte-rendu).<\/li>\n<\/p>\n<li style=\"text-align: left\">\n<p align=\"justify\">dans <em>Quand les artistes dessinaient les cartes. Vues et figures de l\u2019espace fran\u00e7ais au Moyen \u00c2ge et \u00e0 la Renaissance, <\/em>exposition au Mus\u00e9e des Archives nationales (Paris, h\u00f4tel Soubise, du 24 septembre 2019 au 7 janvier 2020), Paris, \u00e9d. Le Passage, <em>\u00e0 para\u00eetre en 2019<\/em>.<\/li>\n<\/p>\n<li style=\"text-align: left\">\n<p align=\"justify\">\u00ab Le Paris du ma\u00eetre du cardinal de Bourbon ; types iconographiques des maisons parisiennes \u00e0 la fin du XVe si\u00e8cle \u00bb, dans \u00c9tienne HAMON, Mathieu B\u00c9GHIN et Rapha\u00eble SKUPIEN (dir.), <em>Forme de la maison<\/em>, actes de colloque (Amiens, mai 2016), <em>\u00e0 para\u00eetre.<\/em><\/li>\n<\/p>\n<li style=\"text-align: left\">\n<p align=\"justify\">\u00ab L\u2019esth\u00e9tique de la rue droite \u00e0 Paris et le r\u00f4le des peintres dans la reconstruction de l\u2019espace urbain apr\u00e8s la guerre de Cent Ans \u00bb, s\u00e9minaire d\u2019Histoire de la construction, journ\u00e9e d\u2019\u00e9tude des jeunes chercheurs (Paris, INHA, 26 mars 2018).<\/li>\n<\/p>\n<\/ul>\n<p>&nbsp;<\/p>\n<p>&nbsp;<\/p>\n<p>&nbsp;<\/p>\n<p>&nbsp;<\/p>\n<p>&nbsp;<\/p>\n<p>&nbsp;<\/p>\n","protected":false},"excerpt":{"rendered":"<p>&nbsp; &nbsp; &nbsp; Rapha\u00eble Skupien Rapha\u00eble Skupien est l\u2019auteur d\u2019une th\u00e8se de doctorat en histoire de l\u2019art sur la gen\u00e8se du paysage urbain dans le milieu parisien \u00e0 la fin du Moyen \u00c2ge. Apr\u00e8s avoir envisag\u00e9 les rapports entre les arts figur\u00e9s et les arts monumentaux \u00e0 travers les repr\u00e9sentations reconnaissables de la ville de &hellip; <\/p>\n<p class=\"link-more\"><a href=\"https:\/\/blogs.univ-jfc.fr\/dynamiquesurbaines\/raphaele-skupien-points-de-reperes\/\" class=\"more-link\">Continuer la lecture<span class=\"screen-reader-text\"> de &laquo;&nbsp;Rapha\u00eble Skupien : points de rep\u00e8res&nbsp;&raquo;<\/span><\/a><\/p>\n","protected":false},"author":20,"featured_media":0,"parent":0,"menu_order":0,"comment_status":"closed","ping_status":"closed","template":"","meta":[],"_links":{"self":[{"href":"https:\/\/blogs.univ-jfc.fr\/dynamiquesurbaines\/wp-json\/wp\/v2\/pages\/188"}],"collection":[{"href":"https:\/\/blogs.univ-jfc.fr\/dynamiquesurbaines\/wp-json\/wp\/v2\/pages"}],"about":[{"href":"https:\/\/blogs.univ-jfc.fr\/dynamiquesurbaines\/wp-json\/wp\/v2\/types\/page"}],"author":[{"embeddable":true,"href":"https:\/\/blogs.univ-jfc.fr\/dynamiquesurbaines\/wp-json\/wp\/v2\/users\/20"}],"replies":[{"embeddable":true,"href":"https:\/\/blogs.univ-jfc.fr\/dynamiquesurbaines\/wp-json\/wp\/v2\/comments?post=188"}],"version-history":[{"count":14,"href":"https:\/\/blogs.univ-jfc.fr\/dynamiquesurbaines\/wp-json\/wp\/v2\/pages\/188\/revisions"}],"predecessor-version":[{"id":335,"href":"https:\/\/blogs.univ-jfc.fr\/dynamiquesurbaines\/wp-json\/wp\/v2\/pages\/188\/revisions\/335"}],"wp:attachment":[{"href":"https:\/\/blogs.univ-jfc.fr\/dynamiquesurbaines\/wp-json\/wp\/v2\/media?parent=188"}],"curies":[{"name":"wp","href":"https:\/\/api.w.org\/{rel}","templated":true}]}}