{"id":190,"date":"2019-02-08T17:18:15","date_gmt":"2019-02-08T16:18:15","guid":{"rendered":"http:\/\/blogs.univ-jfc.fr\/dynamiquesurbaines\/?page_id=190"},"modified":"2019-09-02T19:12:09","modified_gmt":"2019-09-02T17:12:09","slug":"vincent-debonne-points-de-reperes","status":"publish","type":"page","link":"https:\/\/blogs.univ-jfc.fr\/dynamiquesurbaines\/vincent-debonne-points-de-reperes\/","title":{"rendered":"Vincent Debonne : points de rep\u00e8res"},"content":{"rendered":"<p><img loading=\"lazy\" class=\"alignleft wp-image-223 size-thumbnail\" src=\"http:\/\/blogs.univ-jfc.fr\/dynamiquesurbaines\/wp-content\/uploads\/sites\/70\/2019\/02\/Vincent_Debonne-150x150.jpg\" alt=\"\" width=\"150\" height=\"150\" srcset=\"https:\/\/blogs.univ-jfc.fr\/dynamiquesurbaines\/wp-content\/uploads\/sites\/70\/2019\/02\/Vincent_Debonne-150x150.jpg 150w, https:\/\/blogs.univ-jfc.fr\/dynamiquesurbaines\/wp-content\/uploads\/sites\/70\/2019\/02\/Vincent_Debonne-100x100.jpg 100w\" sizes=\"(max-width: 150px) 100vw, 150px\" \/><\/p>\n<p>&nbsp;<\/p>\n<p>&nbsp;<\/p>\n<p>&nbsp;<\/p>\n<h5><span style=\"color: #ff6600\">Vincent debonne<\/span><\/h5>\n<p>&nbsp;<\/p>\n<p align=\"justify\">Apr\u00e8s avoir obtenu un master en Histoire de l\u2019Art, Vincent Debonne s\u2019est tourn\u00e9 vers l\u2019arch\u00e9ologie du b\u00e2ti. En tant qu\u2019arch\u00e9ologue, il travaille \u00e0 l\u2019Institut Flamand du Patrimoine depuis 2006, et a men\u00e9 de nombreuses \u00e9tudes sur des \u00e9difices sis en Flandre, \u00e9rig\u00e9s entre la fin du Moyen Age et le XVIIIe si\u00e8cle. Ses recherches se concentraient initialement sur l\u2019architecture m\u00e9di\u00e9vale dans les Flandres actuelles (nord de la Belgique), avec une attention sp\u00e9ciale accord\u00e9e aux mat\u00e9riaux et techniques de construction, ainsi qu\u2019aux m\u00e9thodes de datation. Pour son doctorat consacr\u00e9 \u00e0 l\u2019architecture m\u00e9di\u00e9vale en brique dans les Flandres, il a men\u00e9 de nombreuses \u00e9tudes d\u2019arch\u00e9ologie du b\u00e2ti, incluant des analyses de charpentes afin d\u2019obtenir, par la dendrochronologie, des datations pr\u00e9cises.<\/p>\n<p>Bibliographie s\u00e9lective (ces titres sont disponibles <em>online<\/em>):<\/p>\n<ul>\n<li>\n<p align=\"justify\">avec\u00a0 Lachaert Pieter-Jan 2007: Een middeleeuws huis in Oudenaarde (prov. Oost-Vlaanderen): historisch en bouwhistorisch onderzoek in Hoogstraat 7, Relicta. Archeologie, Monumenten- en Landschapsonderzoek in Vlaanderen 3, 237-288.<\/p>\n<\/li>\n<li>\n<p align=\"justify\">2014\u00a0: Brick Production and Brick Building in Medieval Flanders. In\u00a0: Ratilainen Tanja, Bernotas Rivo &amp; Herrmann Christofer (eds.), Fresh Approaches to Brick Production and Use in the Middle Ages, BAR International Series 2611, 11-25.<\/p>\n<\/li>\n<li>\n<p align=\"justify\">avec Haneca Kristof 2012\u00a0: Damme (Flandre occidentale). Analyse dendrochronologique du ch\u0153ur-halle de l\u2019\u00e9glise Notre-Dame, Bulletin Monumental 170.1, 60-62.<\/p>\n<\/li>\n<li>\n<p align=\"justify\">\u00a02017\u00a0: Bruges. Etude arch\u00e9ologique du b\u00e2ti d\u2019une maison du XIIIe si\u00e8cle au 4, place de la Grue (Kraanplein), Bulletin Monumental 175.4, 410-414.<\/p>\n<\/li>\n<\/ul>\n","protected":false},"excerpt":{"rendered":"<p>&nbsp; &nbsp; &nbsp; Vincent debonne &nbsp; Apr\u00e8s avoir obtenu un master en Histoire de l\u2019Art, Vincent Debonne s\u2019est tourn\u00e9 vers l\u2019arch\u00e9ologie du b\u00e2ti. En tant qu\u2019arch\u00e9ologue, il travaille \u00e0 l\u2019Institut Flamand du Patrimoine depuis 2006, et a men\u00e9 de nombreuses \u00e9tudes sur des \u00e9difices sis en Flandre, \u00e9rig\u00e9s entre la fin du Moyen Age et &hellip; <\/p>\n<p class=\"link-more\"><a href=\"https:\/\/blogs.univ-jfc.fr\/dynamiquesurbaines\/vincent-debonne-points-de-reperes\/\" class=\"more-link\">Continuer la lecture<span class=\"screen-reader-text\"> de &laquo;&nbsp;Vincent Debonne : points de rep\u00e8res&nbsp;&raquo;<\/span><\/a><\/p>\n","protected":false},"author":20,"featured_media":0,"parent":0,"menu_order":0,"comment_status":"closed","ping_status":"closed","template":"","meta":[],"_links":{"self":[{"href":"https:\/\/blogs.univ-jfc.fr\/dynamiquesurbaines\/wp-json\/wp\/v2\/pages\/190"}],"collection":[{"href":"https:\/\/blogs.univ-jfc.fr\/dynamiquesurbaines\/wp-json\/wp\/v2\/pages"}],"about":[{"href":"https:\/\/blogs.univ-jfc.fr\/dynamiquesurbaines\/wp-json\/wp\/v2\/types\/page"}],"author":[{"embeddable":true,"href":"https:\/\/blogs.univ-jfc.fr\/dynamiquesurbaines\/wp-json\/wp\/v2\/users\/20"}],"replies":[{"embeddable":true,"href":"https:\/\/blogs.univ-jfc.fr\/dynamiquesurbaines\/wp-json\/wp\/v2\/comments?post=190"}],"version-history":[{"count":6,"href":"https:\/\/blogs.univ-jfc.fr\/dynamiquesurbaines\/wp-json\/wp\/v2\/pages\/190\/revisions"}],"predecessor-version":[{"id":343,"href":"https:\/\/blogs.univ-jfc.fr\/dynamiquesurbaines\/wp-json\/wp\/v2\/pages\/190\/revisions\/343"}],"wp:attachment":[{"href":"https:\/\/blogs.univ-jfc.fr\/dynamiquesurbaines\/wp-json\/wp\/v2\/media?parent=190"}],"curies":[{"name":"wp","href":"https:\/\/api.w.org\/{rel}","templated":true}]}}