{"id":192,"date":"2019-02-08T17:18:31","date_gmt":"2019-02-08T16:18:31","guid":{"rendered":"http:\/\/blogs.univ-jfc.fr\/dynamiquesurbaines\/?page_id=192"},"modified":"2019-09-02T19:08:55","modified_gmt":"2019-09-02T17:08:56","slug":"philippe-bernardi-points-de-reperes","status":"publish","type":"page","link":"https:\/\/blogs.univ-jfc.fr\/dynamiquesurbaines\/philippe-bernardi-points-de-reperes\/","title":{"rendered":"Philippe Bernardi : points de rep\u00e8res"},"content":{"rendered":"<p><img loading=\"lazy\" class=\"alignleft wp-image-205 size-thumbnail\" src=\"http:\/\/blogs.univ-jfc.fr\/dynamiquesurbaines\/wp-content\/uploads\/sites\/70\/2019\/02\/philippe_bernardi-140x150.jpg\" alt=\"\" width=\"140\" height=\"150\" \/><\/p>\n<p>&nbsp;<\/p>\n<p>&nbsp;<\/p>\n<p>&nbsp;<\/p>\n<h5><span style=\"color: #ff6600\">Philippe Bernardi<\/span><\/h5>\n<p>Directeur de recherche.<\/p>\n<p align=\"justify\">UMR 8589 &#8211; LAMOP &#8211; Laboratoire de m\u00e9di\u00e9vistique occidentale de Paris.<\/p>\n<p align=\"justify\">Les travaux de Philippe Bernardi portent sur le domaine du b\u00e2timent \u00e0 la fin du Moyen \u00c2ge. Cette recherche, men\u00e9e essentiellement \u00e0 partir des sources \u00e9crites conserv\u00e9es pour le sud-est de la France actuelle, a pour originalit\u00e9 premi\u00e8re d\u2019allier l\u2019\u00e9tude des techniques \u00e0 celle de la dimension \u00e9conomique et sociale de l\u2019action de b\u00e2tir. Ce choix place d\u00e9lib\u00e9r\u00e9ment ses travaux \u00e0 la crois\u00e9e de divers domaines ou approches et explique les multiples collaborations avec des arch\u00e9ologues comme avec des historiens de l\u2019\u00e9conomie, des architectes, des dendrochronologues ou autres chercheurs pratiquant des analyses de laboratoire.<\/p>\n<p align=\"justify\">L\u2019objet m\u00eame de ses travaux s\u2019est d\u00e9plac\u00e9, au cours de ces derni\u00e8res ann\u00e9es, de l\u2019\u00e9tude des transferts technologiques et \u00e9conomiques effectu\u00e9s autour de l\u2019axe d\u00e9fini par la vall\u00e9e de la Durance, vers une approche du quotidien et des relations professionnelles et personnelles (sociales et \u00e9conomiques) apparaissant en toile de fond des modes de production et d\u2019\u00e9change. Plus qu\u2019\u00e0 l\u2019innovation, c\u2019est aux usages qu\u2019il s\u2019int\u00e9resse, aux pratiques qui forment le socle sur lequel, \u00e0 l\u2019occasion, la nouveaut\u00e9 va intervenir.<\/p>\n<p align=\"justify\">Publications et r\u00e9f\u00e9rences disponibles en archives ouvertes :<\/p>\n<ul>\n<li>Article dans des revues<\/li>\n<\/ul>\n<p align=\"justify\">Bernardi P., Anheim E., Theis V., Maelle R., (2014), La notion de <em>libri statutorum<\/em> : \u00ab tribut philologique \u00bb ou r\u00e9alit\u00e9 documentaire? Les statuts communaux du Moyen \u00c2ge conserv\u00e9s pour l\u2019actuel d\u00e9partement de Vaucluse, M\u00e9langes de l\u2019\u00c9cole fran\u00e7aise de Rome &#8211; Moyen \u00c2ge, \u00c9cole fran\u00e7aise de Rome, 2014, M\u00e9langes de l\u2019\u00c9cole fran\u00e7aise de Rome &#8211; Moyen \u00c2ge. Codicologie et langage de la norme dans les statuts de la M\u00e9diterran\u00e9e occidentale \u00e0 la fin du Moyen \u00c2ge (XIIe-XVe si\u00e8cles), <a href=\"http:\/\/mefrm.revues.org\/2133\">http:\/\/mefrm.revues.org\/2133<\/a>.<br \/>\n[<a href=\"http:\/\/hal-paris1.archives-ouvertes.fr\/hal-01170612\/fr\/\">http:\/\/hal-paris1.archives-ouvertes.fr\/hal-01170612\/fr\/<\/a>]<\/p>\n<ul>\n<li>Ouvrage (y compris \u00e9dition critique et traduction)<\/li>\n<\/ul>\n<p align=\"justify\">P\u00e9cout T., Bernardi P., Bonnaud J., Cassioli M., Mailloux A., Sauze E., Stephan J., Theis V., Carraz D., Claude S., Dupuis M., Varano M., (2017), L\u2019enqu\u00eate g\u00e9n\u00e9rale de Leopardo da Foligno dans le comt\u00e9 de Forcalquier (juin &#8211; septembre 1332), \u00c9ditions du Comit\u00e9 des travaux historiques et scientifiques, 74, pp.1285, 2017, Collection de documents in\u00e9dits sur l&rsquo;histoire de France, 978-2-7355-0848-8<br \/>\n[<a href=\"http:\/\/hal-paris1.archives-ouvertes.fr\/halshs-01794029\/fr\/\">http:\/\/hal-paris1.archives-ouvertes.fr\/halshs-01794029\/fr\/<\/a>]<\/p>\n<p align=\"justify\">Tardieu J., Anne B., Bernardi P., Hartmann-Virnich A., Husson E., Le Barrier C., Parron I., Reveyron N., (1996), L&rsquo;\u00e9chafaudage m\u00e9di\u00e9val, Minist\u00e8re de la Culture, DRAC Rh\u00f4ne-Alpes, 1996, Documents d&rsquo;Arch\u00e9ologie en Rh\u00f4ne-Alpes, Guy Barruol<br \/>\n[<a href=\"http:\/\/hal-paris1.archives-ouvertes.fr\/halshs-01968146\/fr\">http:\/\/hal-paris1.archives-ouvertes.fr\/halshs-01968146\/fr<\/a>\/]<\/p>\n<ul>\n<li>Chapitre d&rsquo;ouvrage<\/li>\n<\/ul>\n<p align=\"justify\">L&rsquo;H\u00e9ritier M., Bernardi P., Davoine C., Dessales H., (2018), Regular building maintenance and long-term conservation in ancient times, Building Knowledge, Constructing Histories: Proceedings of the 6th International Congress on Construction History (6ICCH 2018), July 9-13, 2018, Brussels, Belgium, 2018<br \/>\n[<a href=\"http:\/\/hal-paris1.archives-ouvertes.fr\/halshs-01913487\/fr\/\">http:\/\/hal-paris1.archives-ouvertes.fr\/halshs-01913487\/fr\/<\/a>]<\/p>\n<p align=\"justify\">Carvais R., Bernardi P., Dessales H., Lambert G., N\u00e8gre V., (2015), Une histoire de la construction \u00e0 la fran\u00e7aise. 2004-2014, Becchi, Antonio and Sakarovitch, Jo\u00ebl and Carvais, Robert. L&rsquo;histoire de la construction. Un m\u00e9ridien europ\u00e9en \/ Construction History. A European Meridian, Association francophone d&rsquo;histoire de la construction, pp.49&#8211;139, 2015<br \/>\n[<a href=\"http:\/\/hal-paris1.archives-ouvertes.fr\/hal-01648880\/fr\/\">http:\/\/hal-paris1.archives-ouvertes.fr\/hal-01648880\/fr\/<\/a>]<\/p>\n<ul>\n<li>Communication dans un congr\u00e8s<\/li>\n<\/ul>\n<p align=\"justify\">L&rsquo;H\u00e9ritier M., Dillmann P., Guillot I., Bernardi P., (2014), Premi\u00e8re approche du comportement m\u00e9canique des fers de construction anciens, Les temps de la construction. Processus, acteurs, mat\u00e9riaux, Actes du deuxi\u00e8me congr\u00e8s francophone d\u2019histoire de la construction, Jan 2014, Lyon, France. pp.555-567, 2016<br \/>\n[<a href=\"http:\/\/hal-paris1.archives-ouvertes.fr\/hal-01466033\/fr\/\">http:\/\/hal-paris1.archives-ouvertes.fr\/hal-01466033\/fr\/<\/a>]<\/p>\n<p align=\"justify\">L&rsquo;H\u00e9ritier M., Dillmann P., Timbert A., Bernardi P., (2012), Reinforcement, consolidation or commissioner\u2019s choice. How and why iron armatures were used in gothic construction, Nuts &amp; Bolts of Construction History : Culture, Technology and Society, Jul 2012, Paris, France. pp.557-564<br \/>\n[<a href=\"http:\/\/hal-paris1.archives-ouvertes.fr\/hal-01466046\/fr\/\">http:\/\/hal-paris1.archives-ouvertes.fr\/hal-01466046\/fr\/<\/a>]<\/p>\n<p align=\"justify\">Beck P., Bernardi P., Feller L., (2006), Salaire et salariat. Propositions pour une conclusion de la rencontre des 19 et 20 mai 2006, Salaire et salariat au Moyen \u00c2ge : Historiographie du th\u00e8me, May 2006, Avignon, France. LAMOP, pp.106-112, 2006.<br \/>\n[<a href=\"http:\/\/hal-paris1.archives-ouvertes.fr\/halshs-00520871\/fr\/\">http:\/\/hal-paris1.archives-ouvertes.fr\/halshs-00520871\/fr\/<\/a>]<\/p>\n","protected":false},"excerpt":{"rendered":"<p>&nbsp; &nbsp; &nbsp; Philippe Bernardi Directeur de recherche. UMR 8589 &#8211; LAMOP &#8211; Laboratoire de m\u00e9di\u00e9vistique occidentale de Paris. Les travaux de Philippe Bernardi portent sur le domaine du b\u00e2timent \u00e0 la fin du Moyen \u00c2ge. Cette recherche, men\u00e9e essentiellement \u00e0 partir des sources \u00e9crites conserv\u00e9es pour le sud-est de la France actuelle, a pour &hellip; <\/p>\n<p class=\"link-more\"><a href=\"https:\/\/blogs.univ-jfc.fr\/dynamiquesurbaines\/philippe-bernardi-points-de-reperes\/\" class=\"more-link\">Continuer la lecture<span class=\"screen-reader-text\"> de &laquo;&nbsp;Philippe Bernardi : points de rep\u00e8res&nbsp;&raquo;<\/span><\/a><\/p>\n","protected":false},"author":20,"featured_media":0,"parent":0,"menu_order":0,"comment_status":"closed","ping_status":"closed","template":"","meta":[],"_links":{"self":[{"href":"https:\/\/blogs.univ-jfc.fr\/dynamiquesurbaines\/wp-json\/wp\/v2\/pages\/192"}],"collection":[{"href":"https:\/\/blogs.univ-jfc.fr\/dynamiquesurbaines\/wp-json\/wp\/v2\/pages"}],"about":[{"href":"https:\/\/blogs.univ-jfc.fr\/dynamiquesurbaines\/wp-json\/wp\/v2\/types\/page"}],"author":[{"embeddable":true,"href":"https:\/\/blogs.univ-jfc.fr\/dynamiquesurbaines\/wp-json\/wp\/v2\/users\/20"}],"replies":[{"embeddable":true,"href":"https:\/\/blogs.univ-jfc.fr\/dynamiquesurbaines\/wp-json\/wp\/v2\/comments?post=192"}],"version-history":[{"count":8,"href":"https:\/\/blogs.univ-jfc.fr\/dynamiquesurbaines\/wp-json\/wp\/v2\/pages\/192\/revisions"}],"predecessor-version":[{"id":341,"href":"https:\/\/blogs.univ-jfc.fr\/dynamiquesurbaines\/wp-json\/wp\/v2\/pages\/192\/revisions\/341"}],"wp:attachment":[{"href":"https:\/\/blogs.univ-jfc.fr\/dynamiquesurbaines\/wp-json\/wp\/v2\/media?parent=192"}],"curies":[{"name":"wp","href":"https:\/\/api.w.org\/{rel}","templated":true}]}}