{"id":196,"date":"2019-02-08T17:19:01","date_gmt":"2019-02-08T16:19:01","guid":{"rendered":"http:\/\/blogs.univ-jfc.fr\/dynamiquesurbaines\/?page_id=196"},"modified":"2019-09-05T09:30:07","modified_gmt":"2019-09-05T07:30:07","slug":"sandrine-victor-points-de-reperes","status":"publish","type":"page","link":"https:\/\/blogs.univ-jfc.fr\/dynamiquesurbaines\/sandrine-victor-points-de-reperes\/","title":{"rendered":"Sandrine Victor : points de rep\u00e8res"},"content":{"rendered":"<p><img loading=\"lazy\" class=\"alignleft wp-image-255 size-thumbnail\" src=\"http:\/\/blogs.univ-jfc.fr\/dynamiquesurbaines\/wp-content\/uploads\/sites\/70\/2019\/02\/s200_sandrine.victor-150x150.jpg\" alt=\"\" width=\"150\" height=\"150\" srcset=\"https:\/\/blogs.univ-jfc.fr\/dynamiquesurbaines\/wp-content\/uploads\/sites\/70\/2019\/02\/s200_sandrine.victor-150x150.jpg 150w, https:\/\/blogs.univ-jfc.fr\/dynamiquesurbaines\/wp-content\/uploads\/sites\/70\/2019\/02\/s200_sandrine.victor-100x100.jpg 100w, https:\/\/blogs.univ-jfc.fr\/dynamiquesurbaines\/wp-content\/uploads\/sites\/70\/2019\/02\/s200_sandrine.victor.jpg 200w\" sizes=\"(max-width: 150px) 100vw, 150px\" \/><\/p>\n<p>&nbsp;<\/p>\n<p>&nbsp;<\/p>\n<p>&nbsp;<\/p>\n<h5><span style=\"color: #ff6600\">Sandrine Victor<\/span><\/h5>\n<p>&nbsp;<\/p>\n<p align=\"justify\">Sandrine Victor est ma\u00eetre de conf\u00e9rences \u00e0 l&rsquo;Institut National Universitaire Champollion d&rsquo;Albi. Membre de l&rsquo;UMR 5136 Framespa de Toulouse, rattach\u00e9e \u00e0 l&rsquo;axe Terrae, elle y anime un atelier d&rsquo;Histoire et\u00a0 Arch\u00e9ologie de la Construction et du b\u00e2ti \u00ab\u00a0Terrae-Atelier Operandi\u00a0\u00bb.<\/p>\n<p align=\"justify\">Sp\u00e9cialiste de l&rsquo;histoire \u00e9conomique et sociale des chantiers, elle s&rsquo;est int\u00e9ress\u00e9e aux figures du monde des M\u00e9tiers, comme le professionnel, l&rsquo;expert ou l&rsquo;entrepreneur. Elle interroge en particulier les sources notari\u00e9es, les contrats et les comptabilit\u00e9s.<\/p>\n<p align=\"justify\">Sa th\u00e8se, <em>La construction et les M\u00e9tiers de la construction \u00e0 G\u00e9rone au XVe si\u00e8cle<\/em>, a \u00e9t\u00e9 publi\u00e9 en 2008 aux \u00e9ditions M\u00e9ridiennes (Toulouse). Ses autres publications sont visible sur son profil <a href=\"https:\/\/cv.archives-ouvertes.fr\/sandrine-victor\">HAL<\/a> , ainsi que sur son profil <a href=\"https:\/\/univ-jfc.academia.edu\/SandrineVictor\">Academia <\/a>.<\/p>\n","protected":false},"excerpt":{"rendered":"<p>&nbsp; &nbsp; &nbsp; Sandrine Victor &nbsp; Sandrine Victor est ma\u00eetre de conf\u00e9rences \u00e0 l&rsquo;Institut National Universitaire Champollion d&rsquo;Albi. Membre de l&rsquo;UMR 5136 Framespa de Toulouse, rattach\u00e9e \u00e0 l&rsquo;axe Terrae, elle y anime un atelier d&rsquo;Histoire et\u00a0 Arch\u00e9ologie de la Construction et du b\u00e2ti \u00ab\u00a0Terrae-Atelier Operandi\u00a0\u00bb. Sp\u00e9cialiste de l&rsquo;histoire \u00e9conomique et sociale des chantiers, elle s&rsquo;est &hellip; <\/p>\n<p class=\"link-more\"><a href=\"https:\/\/blogs.univ-jfc.fr\/dynamiquesurbaines\/sandrine-victor-points-de-reperes\/\" class=\"more-link\">Continuer la lecture<span class=\"screen-reader-text\"> de &laquo;&nbsp;Sandrine Victor : points de rep\u00e8res&nbsp;&raquo;<\/span><\/a><\/p>\n","protected":false},"author":20,"featured_media":0,"parent":0,"menu_order":0,"comment_status":"closed","ping_status":"closed","template":"","meta":[],"_links":{"self":[{"href":"https:\/\/blogs.univ-jfc.fr\/dynamiquesurbaines\/wp-json\/wp\/v2\/pages\/196"}],"collection":[{"href":"https:\/\/blogs.univ-jfc.fr\/dynamiquesurbaines\/wp-json\/wp\/v2\/pages"}],"about":[{"href":"https:\/\/blogs.univ-jfc.fr\/dynamiquesurbaines\/wp-json\/wp\/v2\/types\/page"}],"author":[{"embeddable":true,"href":"https:\/\/blogs.univ-jfc.fr\/dynamiquesurbaines\/wp-json\/wp\/v2\/users\/20"}],"replies":[{"embeddable":true,"href":"https:\/\/blogs.univ-jfc.fr\/dynamiquesurbaines\/wp-json\/wp\/v2\/comments?post=196"}],"version-history":[{"count":5,"href":"https:\/\/blogs.univ-jfc.fr\/dynamiquesurbaines\/wp-json\/wp\/v2\/pages\/196\/revisions"}],"predecessor-version":[{"id":356,"href":"https:\/\/blogs.univ-jfc.fr\/dynamiquesurbaines\/wp-json\/wp\/v2\/pages\/196\/revisions\/356"}],"wp:attachment":[{"href":"https:\/\/blogs.univ-jfc.fr\/dynamiquesurbaines\/wp-json\/wp\/v2\/media?parent=196"}],"curies":[{"name":"wp","href":"https:\/\/api.w.org\/{rel}","templated":true}]}}