{"id":20,"date":"2018-12-07T12:57:25","date_gmt":"2018-12-07T11:57:25","guid":{"rendered":"http:\/\/blogs.univ-jfc.fr\/dynamiquesurbaines\/?page_id=20"},"modified":"2019-11-13T11:31:20","modified_gmt":"2019-11-13T10:31:20","slug":"web-tv","status":"publish","type":"page","link":"https:\/\/blogs.univ-jfc.fr\/dynamiquesurbaines\/web-tv\/","title":{"rendered":"Web-Tv"},"content":{"rendered":"<h1><img loading=\"lazy\" class=\"size-medium wp-image-382 aligncenter\" src=\"http:\/\/blogs.univ-jfc.fr\/dynamiquesurbaines\/wp-content\/uploads\/sites\/70\/2018\/12\/web-tv-1-e1573641059815-300x166.png\" alt=\"\" width=\"300\" height=\"166\" srcset=\"https:\/\/blogs.univ-jfc.fr\/dynamiquesurbaines\/wp-content\/uploads\/sites\/70\/2018\/12\/web-tv-1-e1573641059815-300x166.png 300w, https:\/\/blogs.univ-jfc.fr\/dynamiquesurbaines\/wp-content\/uploads\/sites\/70\/2018\/12\/web-tv-1-e1573641059815-768x424.png 768w, https:\/\/blogs.univ-jfc.fr\/dynamiquesurbaines\/wp-content\/uploads\/sites\/70\/2018\/12\/web-tv-1-e1573641059815-1024x566.png 1024w, https:\/\/blogs.univ-jfc.fr\/dynamiquesurbaines\/wp-content\/uploads\/sites\/70\/2018\/12\/web-tv-1-e1573641059815.png 1144w\" sizes=\"(max-width: 300px) 100vw, 300px\" \/><\/h1>\n<h1 style=\"text-align: center\">Ne manquez rien du colloque !<\/h1>\n<h3>Retrouvez toutes les communications film\u00e9es ici :<\/h3>\n<p>&nbsp;<\/p>\n<p>Introduction : <a href=\"https:\/\/media.univ-jfc.fr\/videos\/?video=MEDIA191108112334137\">Sandrine Victor<\/a> ( INU Champollion, Framespa) et <a href=\"https:\/\/media.univ-jfc.fr\/videos\/?video=MEDIA191108112334137\">C\u00e9cile Sabathier<\/a> (Lamop)<\/p>\n<ul>\n<li><a href=\"https:\/\/media.univ-jfc.fr\/videos\/?video=MEDIA191108112525870\">Rapha\u00eble Skupien<\/a> \u2013 Universit\u00e9 de Picardie Jules Vernes, TRAME<\/li>\n<\/ul>\n<p style=\"text-align: left\"><em>Usages et repr\u00e9sentations de la pierre \u00e0 b\u00e2tir dans le paysage parisien, du XIVe au XVIe si\u00e8cle. \u00a0\u00a0\u00a0\u00a0<\/em><\/p>\n<ul>\n<li style=\"text-align: left\"><a href=\"https:\/\/media.univ-jfc.fr\/videos\/?video=MEDIA191108113238721\">Marie-Christine Laleman<\/a><\/li>\n<\/ul>\n<p style=\"text-align: left\"><em> Les maisons m\u00e9di\u00e9vales en pierre \u00e0 Gand (Belgique)\u00a0: \u00ab\u00a0guide\u00a0\u00bb d\u2019une organisation urbaine aux XIIe et XIIIe si\u00e8cles.<\/em><\/p>\n<ul>\n<li><a href=\"https:\/\/media.univ-jfc.fr\/videos\/?video=MEDIA191108140445580\">Vincent Debonne<\/a> \u2013 Institut Flamand du Patrimoine, Katholieke Universiteit \u00a0\u00a0 Leuven<\/li>\n<\/ul>\n<p style=\"text-align: left\"><em>Between quarry, clay pit and forest. Materials of the building trade in medieval and early modern Oudenaarde (Belgium).<\/em><\/p>\n<ul>\n<li><a href=\"https:\/\/media.univ-jfc.fr\/videos\/?video=MEDIA191108140715516\">Cl\u00e9ment Alix<\/a> \u2013 Universit\u00e9 de Tours, CESR<\/li>\n<\/ul>\n<p style=\"text-align: left\"><em>Usages de la pierre \u00e0 b\u00e2tir dans les constructions d\u2019Orl\u00e9ans aux XIIIe \u2013 XVIe si\u00e8cles.<\/em><\/p>\n<ul>\n<li><a href=\"https:\/\/media.univ-jfc.fr\/videos\/?video=MEDIA191108140934678\">Caroline de Barrau<\/a> &#8211; Universit\u00e9 de Perpignan<\/li>\n<\/ul>\n<p style=\"text-align: left\"><em>De terre, de galet et de pierre\u00a0: la construction \u00e0 Perpignan (XIe-XVe si\u00e8cle).<\/em><\/p>\n<ul>\n<li><a href=\"https:\/\/media.univ-jfc.fr\/videos\/?video=MEDIA191108141319938\">Marie Lafont et Lucie Gaugain<\/a> (Universit\u00e9 de Tours, CERS)<\/li>\n<\/ul>\n<p><em>Tours, chantiers d\u2019une ville royale \u00e0 la fin du Moyen \u00c2ge.<\/em><\/p>\n<ul>\n<li><a href=\"https:\/\/media.univ-jfc.fr\/videos\/?video=MEDIA191108141711735\">L\u00e9a Hermenault<\/a> \u2013 Universit\u00e9 Paris 1 Panth\u00e9on-Sorbonne, ArScAn<\/li>\n<\/ul>\n<p style=\"text-align: left\"><em>\u00ab\u00a0Paver de carreaux bons, loyaux et marchans.\u00a0\u00bb Le pavage des rues de Paris \u00e0 partir du XIIIe si\u00e8cle, une certaine id\u00e9e de la ville et de la repr\u00e9sentation du pouvoir.<\/em><\/p>\n<ul>\n<li><a href=\"https:\/\/media.univ-jfc.fr\/videos\/?video=MEDIA191108155528365\">Arnaldo Melo et Maria do Carmo Ribeiro<\/a> \u2013 Universidade do Minho, Lab2pt<\/li>\n<\/ul>\n<p><em>Les rapports entre la pierre et les autres mat\u00e9riaux de construction dans les \u00a0\u00a0\u00a0 villes portugaises au Moyen \u00c2ge.<\/em><\/p>\n<ul>\n<li><a href=\"https:\/\/media.univ-jfc.fr\/videos\/?video=MEDIA191108155828152\">Enrico Lusso<\/a><\/li>\n<\/ul>\n<p><em>Legno e paglia, pietra e mattone. Tecniche edilizie e decoro urbano negli insediamenti del Piemonte bassomedievale<\/em><\/p>\n<ul>\n<li><a href=\"https:\/\/media.univ-jfc.fr\/videos\/?video=MEDIA191108160305694\">Quitterie Cazes<\/a> \u2013 Universit\u00e9 Toulouse II Jean-Jaur\u00e8s, Framespa<\/li>\n<\/ul>\n<p style=\"text-align: left\"><em>La pierre dans la construction toulousaine.<\/em><\/p>\n<ul>\n<li><a href=\"https:\/\/media.univ-jfc.fr\/videos\/?video=MEDIA191112162114946\">Paulo Charruadas et Philippe Sosnowska<\/a> \u2013 Universit\u00e9 libre de Bruxelles<\/li>\n<\/ul>\n<p style=\"text-align: left\"><em>La\u00a0 \u00ab\u00a0p\u00e9trification\u00a0\u00bb du b\u00e2ti urbain en Brabant m\u00e9ridional \u00e0 la fin du Moyen \u00c2ge. \u00c9tat de la question, probl\u00e9matiques et perspectives.<\/em><\/p>\n<ul>\n<li><a href=\"https:\/\/media.univ-jfc.fr\/videos\/?video=MEDIA191112162329234\">Anna Boato<\/a> \u2013 Dipartimento Architettura e Design, Universit\u00e0 degli Studi di Genova<\/li>\n<\/ul>\n<p><em>Dal legno alla pietra. Genova\u00a0: tempi e modalit\u00e0 di una trasformazione.<\/em><\/p>\n<ul>\n<li><a href=\"https:\/\/media.univ-jfc.fr\/videos\/?video=MEDIA191112162545776\">Lu\u00edsa Trindade<\/a> &#8211; Universidade de Coimbra<\/li>\n<\/ul>\n<p style=\"text-align: left\"><em>\u00ab\u00a0Que se erga parede direita de pedra e cal \u00ab\u00a0. Construir casa na cidade\u00a0 medieval portuguesa.<\/em><\/p>\n<ul>\n<li><a href=\"https:\/\/media.univ-jfc.fr\/videos\/?video=MEDIA191112162825663\">Bastien Lefebvre<\/a> \u2013 Universit\u00e9 Toulouse II Jean-Jaur\u00e8s, TRACES<\/li>\n<\/ul>\n<p style=\"text-align: left\"><em>Les mat\u00e9riaux de la maison urbaine au Moyen \u00c2ge, le point du vue de l\u2019arch\u00e9ologie.<\/em><\/p>\n<ul>\n<li><a href=\"https:\/\/media.univ-jfc.fr\/videos\/?video=MEDIA191112163023560\">Conclusions par Philippe Bernardi<\/a> \u2013 LaMOP, CNRS \u2013 Universit\u00e9 Paris 1 Panth\u00e9on-Sorbonne<\/li>\n<\/ul>\n<p>&nbsp;<\/p>\n<p><em>Montage vid\u00e9o et mise en forme : Nathalie Boutounet, DSIUN, INU Champollion<\/em><\/p>\n","protected":false},"excerpt":{"rendered":"<p>Ne manquez rien du colloque ! Retrouvez toutes les communications film\u00e9es ici : &nbsp; Introduction : Sandrine Victor ( INU Champollion, Framespa) et C\u00e9cile Sabathier (Lamop) Rapha\u00eble Skupien \u2013 Universit\u00e9 de Picardie Jules Vernes, TRAME Usages et repr\u00e9sentations de la pierre \u00e0 b\u00e2tir dans le paysage parisien, du XIVe au XVIe si\u00e8cle. \u00a0\u00a0\u00a0\u00a0 Marie-Christine Laleman &hellip; <\/p>\n<p class=\"link-more\"><a href=\"https:\/\/blogs.univ-jfc.fr\/dynamiquesurbaines\/web-tv\/\" class=\"more-link\">Continuer la lecture<span class=\"screen-reader-text\"> de &laquo;&nbsp;Web-Tv&nbsp;&raquo;<\/span><\/a><\/p>\n","protected":false},"author":20,"featured_media":0,"parent":0,"menu_order":0,"comment_status":"closed","ping_status":"closed","template":"","meta":[],"_links":{"self":[{"href":"https:\/\/blogs.univ-jfc.fr\/dynamiquesurbaines\/wp-json\/wp\/v2\/pages\/20"}],"collection":[{"href":"https:\/\/blogs.univ-jfc.fr\/dynamiquesurbaines\/wp-json\/wp\/v2\/pages"}],"about":[{"href":"https:\/\/blogs.univ-jfc.fr\/dynamiquesurbaines\/wp-json\/wp\/v2\/types\/page"}],"author":[{"embeddable":true,"href":"https:\/\/blogs.univ-jfc.fr\/dynamiquesurbaines\/wp-json\/wp\/v2\/users\/20"}],"replies":[{"embeddable":true,"href":"https:\/\/blogs.univ-jfc.fr\/dynamiquesurbaines\/wp-json\/wp\/v2\/comments?post=20"}],"version-history":[{"count":20,"href":"https:\/\/blogs.univ-jfc.fr\/dynamiquesurbaines\/wp-json\/wp\/v2\/pages\/20\/revisions"}],"predecessor-version":[{"id":383,"href":"https:\/\/blogs.univ-jfc.fr\/dynamiquesurbaines\/wp-json\/wp\/v2\/pages\/20\/revisions\/383"}],"wp:attachment":[{"href":"https:\/\/blogs.univ-jfc.fr\/dynamiquesurbaines\/wp-json\/wp\/v2\/media?parent=20"}],"curies":[{"name":"wp","href":"https:\/\/api.w.org\/{rel}","templated":true}]}}