{"id":22,"date":"2018-12-07T12:57:35","date_gmt":"2018-12-07T11:57:35","guid":{"rendered":"http:\/\/blogs.univ-jfc.fr\/dynamiquesurbaines\/?page_id=22"},"modified":"2019-09-05T09:36:24","modified_gmt":"2019-09-05T07:36:24","slug":"autour-du-colloque","status":"publish","type":"page","link":"https:\/\/blogs.univ-jfc.fr\/dynamiquesurbaines\/autour-du-colloque\/","title":{"rendered":"Autour du colloque"},"content":{"rendered":"<p><img loading=\"lazy\" class=\"aligncenter size-large wp-image-358\" src=\"http:\/\/blogs.univ-jfc.fr\/dynamiquesurbaines\/wp-content\/uploads\/sites\/70\/2018\/12\/autourducolloque-page-001-1-724x1024.jpg\" alt=\"\" width=\"525\" height=\"743\" srcset=\"https:\/\/blogs.univ-jfc.fr\/dynamiquesurbaines\/wp-content\/uploads\/sites\/70\/2018\/12\/autourducolloque-page-001-1-724x1024.jpg 724w, https:\/\/blogs.univ-jfc.fr\/dynamiquesurbaines\/wp-content\/uploads\/sites\/70\/2018\/12\/autourducolloque-page-001-1-212x300.jpg 212w, https:\/\/blogs.univ-jfc.fr\/dynamiquesurbaines\/wp-content\/uploads\/sites\/70\/2018\/12\/autourducolloque-page-001-1-768x1086.jpg 768w, https:\/\/blogs.univ-jfc.fr\/dynamiquesurbaines\/wp-content\/uploads\/sites\/70\/2018\/12\/autourducolloque-page-001-1.jpg 1754w\" sizes=\"(max-width: 525px) 100vw, 525px\" \/><\/p>\n<p>&nbsp;<\/p>\n<p style=\"text-align: justify\">Pascal Waringo a appris son m\u00e9tier de ma\u00e7on d\u00e8s l\u2019\u00e2ge de 14 ans. L\u2019un de ses premiers chantiers fut la construction d\u2019une tour en pierres de taille. Il n\u2019a depuis pas d\u00e9menti sa passion pour les chantiers de restauration.<br \/>\nCompagnon du Tour de France, il dispose d\u2019une riche exp\u00e9rience, qui au cours d\u2019une trentaine d\u2019ann\u00e9es d\u2019activit\u00e9s, l\u2019a conduit \u00e0 se sp\u00e9cialiser dans les techniques de constructions m\u00e9di\u00e9vales. Son expertise dans la restauration des \u00e9difices du patrimoine a \u00e9t\u00e9 maintes fois salu\u00e9e et reconnue. Il a \u00e9crit de nombreux articles dans des magazines professionnels.<br \/>\nAvec les associations historiques \u00ab Du moyen-\u00e2ge \u00e0 nos jours \u00bb et \u00ab Les b\u00e2tisseurs m\u00e9di\u00e9vaux \u00bb, Pascal Waringo a particip\u00e9 \u00e0 des reconstitutions de chantiers dans de nombreux sites en France et en Europe, travaillant avec des techniques, du mat\u00e9riel et des outils d\u2019inspiration m\u00e9di\u00e9vale. Il pratique le trait, utilise la corde \u00e0 13 noeuds, manie la \u00ab quine \u00bb et la \u00ab section dor\u00e9e \u00bb. Aujourd\u2019hui, Pascal Waringo a d\u00e9cid\u00e9 de partager son savoir, son exp\u00e9rience et ses r\u00e9flexions en tant que conf\u00e9rencier. Ce technicien, historien, philosophe et metteur en sc\u00e8ne, n\u2019a pas son pareil pour capter son auditoire. Il est fid\u00e8le au vieil adage : \u00ab il faut regarder hier pour mieux voir demain \u00bb.<\/p>\n","protected":false},"excerpt":{"rendered":"<p>&nbsp; Pascal Waringo a appris son m\u00e9tier de ma\u00e7on d\u00e8s l\u2019\u00e2ge de 14 ans. L\u2019un de ses premiers chantiers fut la construction d\u2019une tour en pierres de taille. Il n\u2019a depuis pas d\u00e9menti sa passion pour les chantiers de restauration. Compagnon du Tour de France, il dispose d\u2019une riche exp\u00e9rience, qui au cours d\u2019une trentaine &hellip; <\/p>\n<p class=\"link-more\"><a href=\"https:\/\/blogs.univ-jfc.fr\/dynamiquesurbaines\/autour-du-colloque\/\" class=\"more-link\">Continuer la lecture<span class=\"screen-reader-text\"> de &laquo;&nbsp;Autour du colloque&nbsp;&raquo;<\/span><\/a><\/p>\n","protected":false},"author":20,"featured_media":0,"parent":0,"menu_order":0,"comment_status":"closed","ping_status":"closed","template":"","meta":[],"_links":{"self":[{"href":"https:\/\/blogs.univ-jfc.fr\/dynamiquesurbaines\/wp-json\/wp\/v2\/pages\/22"}],"collection":[{"href":"https:\/\/blogs.univ-jfc.fr\/dynamiquesurbaines\/wp-json\/wp\/v2\/pages"}],"about":[{"href":"https:\/\/blogs.univ-jfc.fr\/dynamiquesurbaines\/wp-json\/wp\/v2\/types\/page"}],"author":[{"embeddable":true,"href":"https:\/\/blogs.univ-jfc.fr\/dynamiquesurbaines\/wp-json\/wp\/v2\/users\/20"}],"replies":[{"embeddable":true,"href":"https:\/\/blogs.univ-jfc.fr\/dynamiquesurbaines\/wp-json\/wp\/v2\/comments?post=22"}],"version-history":[{"count":6,"href":"https:\/\/blogs.univ-jfc.fr\/dynamiquesurbaines\/wp-json\/wp\/v2\/pages\/22\/revisions"}],"predecessor-version":[{"id":359,"href":"https:\/\/blogs.univ-jfc.fr\/dynamiquesurbaines\/wp-json\/wp\/v2\/pages\/22\/revisions\/359"}],"wp:attachment":[{"href":"https:\/\/blogs.univ-jfc.fr\/dynamiquesurbaines\/wp-json\/wp\/v2\/media?parent=22"}],"curies":[{"name":"wp","href":"https:\/\/api.w.org\/{rel}","templated":true}]}}