{"id":58,"date":"2018-12-07T13:33:39","date_gmt":"2018-12-07T12:33:39","guid":{"rendered":"http:\/\/blogs.univ-jfc.fr\/dynamiquesurbaines\/?page_id=58"},"modified":"2018-12-07T13:35:32","modified_gmt":"2018-12-07T12:35:32","slug":"skupien","status":"publish","type":"page","link":"https:\/\/blogs.univ-jfc.fr\/dynamiquesurbaines\/skupien\/","title":{"rendered":"Rapha\u00eble Skupien"},"content":{"rendered":"<p align=\"justify\">La ville m\u00e9di\u00e9vale appara\u00eet comme une ville essentiellement min\u00e9rale\u2009; elle se repr\u00e9sente sous la forme d\u2019une enceinte fortifi\u00e9e, un mur de pierre ponctu\u00e9 de tours et abritant parfois en son sein un ch\u00e2teau, une \u00e9glise voire une halle marchande. L\u2019imagerie conventionnelle du XII<sup>e<\/sup>\u00a0si\u00e8cle montre des constructions en pierre de taille dont le parement est nettement dessin\u00e9. Tributaires de cette tradition iconographique, les graveurs de sceaux et les enlumineurs, qui \u00e0 la fin du Moyen \u00c2ge ont cherch\u00e9 \u00e0 repr\u00e9senter Paris et ses monuments, ont g\u00e9n\u00e9ralement figur\u00e9 la terr\u00e9e dite de Charles V sous les m\u00eames traits que l\u2019enceinte de Philippe\u00a0Auguste. Quant \u00e0 la cath\u00e9drale Notre-Dame, ind\u00e9niablement construite en pierre de taille, les peintres l\u2019ont par\u00e9e de diverses \u00ab\u2009peaux\u2009\u00bb min\u00e9rales ou m\u00e9talliques dont la port\u00e9e symbolique se con\u00e7oit en fonction du contexte de production de l\u2019image. De mani\u00e8re plus g\u00e9n\u00e9rale, le rendu des surfaces parement\u00e9es par les peintres apporte un \u00e9clairage sur une \u00e9volution de l\u2019esth\u00e9tique murale entre le XIV<sup>e<\/sup> et le XVI<sup>e<\/sup>\u00a0si\u00e8cle. Si certains artistes se sont attach\u00e9s \u00e0 rendre fid\u00e8lement les mat\u00e9riaux de construction mis en \u0153uvre dans la capitale fran\u00e7aise, comme l\u2019illustrent les vues du quartier des Gobelins r\u00e9nov\u00e9 autour de 1500, d\u2019autres ont davantage \u00e9t\u00e9 sensibles aux effets produits par les enduits d\u00e9coratifs, imitant ou dissimulant la pierre \u00e0 b\u00e2tir. La tension qu\u2019il existe entre la valeur d\u2019usage et la valeur id\u00e9ologique des mat\u00e9riaux est au c\u0153ur de cette communication. Il s\u2019agira, \u00e0 partir du cas parisien, d\u2019\u00e9tudier les mutations du paysage urbain sous l\u2019angle de la r\u00e9partition des mat\u00e9riaux (pierre, brique, bois, parements feints) dans la ville et de la fa\u00e7on dont cette r\u00e9alit\u00e9 est transpos\u00e9e dans le domaine des arts figur\u00e9s (\u0153uvres d\u2019art d\u2019une part, figures de justice d\u2019autre part), et vice versa. On montrera ainsi que l\u2019esth\u00e9tique urbaine port\u00e9e par les peintres de Paris a pu nourrir l\u2019imaginaire des b\u00e2tisseurs.<\/p>\n","protected":false},"excerpt":{"rendered":"<p>La ville m\u00e9di\u00e9vale appara\u00eet comme une ville essentiellement min\u00e9rale\u2009; elle se repr\u00e9sente sous la forme d\u2019une enceinte fortifi\u00e9e, un mur de pierre ponctu\u00e9 de tours et abritant parfois en son sein un ch\u00e2teau, une \u00e9glise voire une halle marchande. L\u2019imagerie conventionnelle du XIIe\u00a0si\u00e8cle montre des constructions en pierre de taille dont le parement est nettement &hellip; <\/p>\n<p class=\"link-more\"><a href=\"https:\/\/blogs.univ-jfc.fr\/dynamiquesurbaines\/skupien\/\" class=\"more-link\">Continuer la lecture<span class=\"screen-reader-text\"> de &laquo;&nbsp;Rapha\u00eble Skupien&nbsp;&raquo;<\/span><\/a><\/p>\n","protected":false},"author":20,"featured_media":0,"parent":0,"menu_order":0,"comment_status":"closed","ping_status":"closed","template":"","meta":[],"_links":{"self":[{"href":"https:\/\/blogs.univ-jfc.fr\/dynamiquesurbaines\/wp-json\/wp\/v2\/pages\/58"}],"collection":[{"href":"https:\/\/blogs.univ-jfc.fr\/dynamiquesurbaines\/wp-json\/wp\/v2\/pages"}],"about":[{"href":"https:\/\/blogs.univ-jfc.fr\/dynamiquesurbaines\/wp-json\/wp\/v2\/types\/page"}],"author":[{"embeddable":true,"href":"https:\/\/blogs.univ-jfc.fr\/dynamiquesurbaines\/wp-json\/wp\/v2\/users\/20"}],"replies":[{"embeddable":true,"href":"https:\/\/blogs.univ-jfc.fr\/dynamiquesurbaines\/wp-json\/wp\/v2\/comments?post=58"}],"version-history":[{"count":3,"href":"https:\/\/blogs.univ-jfc.fr\/dynamiquesurbaines\/wp-json\/wp\/v2\/pages\/58\/revisions"}],"predecessor-version":[{"id":65,"href":"https:\/\/blogs.univ-jfc.fr\/dynamiquesurbaines\/wp-json\/wp\/v2\/pages\/58\/revisions\/65"}],"wp:attachment":[{"href":"https:\/\/blogs.univ-jfc.fr\/dynamiquesurbaines\/wp-json\/wp\/v2\/media?parent=58"}],"curies":[{"name":"wp","href":"https:\/\/api.w.org\/{rel}","templated":true}]}}