{"id":68,"date":"2018-12-07T13:38:51","date_gmt":"2018-12-07T12:38:51","guid":{"rendered":"http:\/\/blogs.univ-jfc.fr\/dynamiquesurbaines\/?page_id=68"},"modified":"2019-02-08T16:51:16","modified_gmt":"2019-02-08T15:51:16","slug":"clement-alix","status":"publish","type":"page","link":"https:\/\/blogs.univ-jfc.fr\/dynamiquesurbaines\/clement-alix\/","title":{"rendered":"Cl\u00e9ment Alix"},"content":{"rendered":"<p align=\"justify\">Orl\u00e9ans dispose de ressources naturelles multiples ayant pu \u00eatre employ\u00e9es dans la construction du gros-\u0153uvre de b\u00e2timents au Moyen \u00c2ge : calcaire provenant de communes avoisinantes ou du centre-urbain gr\u00e2ce \u00e0 des carri\u00e8res souterraines, dont les localisations t\u00e9moignent des p\u00e9riodes d\u2019extension de la ville ; bois issu d\u2019un important massif forestier jouxtant la cit\u00e9 au nord ; argiles de la Sologne et de l\u2019Orl\u00e9anais exploit\u00e9s depuis l\u2019Antiquit\u00e9 pour la r\u00e9alisation de briques. Sa place de ville d\u2019entrep\u00f4t et de port commercial, situ\u00e9e sur la boucle septentrionale de la Loire, constitue \u00e9galement un atout majeur pour l\u2019approvisionnement de mat\u00e9riaux venant de r\u00e9gions en amont ou en aval. Les observations issues d\u2019\u00e9tudes d\u2019arch\u00e9ologie du b\u00e2ti crois\u00e9es avec des sources d\u2019archives permettent de mieux appr\u00e9hender les choix raisonn\u00e9s effectu\u00e9s par les constructeurs et ma\u00eetres d\u2019ouvrage des habitations de la ville, parfois contraints par des questions \u00e9conomiques et de savoir-faire technique, parfois conditionn\u00e9s par la suj\u00e9tion au parcellaire m\u00e9di\u00e9val ou aux r\u00e9glementations urbaines, et parfois d\u00e9lib\u00e9r\u00e9s quant au programme architectural. Ainsi, la pierre est couramment employ\u00e9e pour les reconstructions des maisons et les cr\u00e9ations de lotissements apr\u00e8s la guerre de Cent Ans, situ\u00e9s aussi bien dans les quartiers anciennement occup\u00e9s que dans ceux nouvellement d\u00e9gag\u00e9s par l\u2019agrandissement de la ville (accrues des enceintes urbaines des XVe et XVIe si\u00e8cles) ; elle est r\u00e9serv\u00e9e notamment aux fa\u00e7ades des r\u00e9sidences patriciennes ou de grands h\u00f4tels particuliers, en concurrence avec la brique \u00e0 partir des ann\u00e9es 1500. N\u00e9anmoins, le pan de bois y appara\u00eet \u00e9galement ponctuellement et ce mat\u00e9riau est m\u00eame tr\u00e8s fr\u00e9quent pour les maisons polyvalentes de bourgeois, de commer\u00e7ants et pour les habitations s\u00e9rielles plus modestes. Outre les maisons, l\u2019analyse d\u2019autres cat\u00e9gories de b\u00e2timents des XIIIe \u2013 XVIe si\u00e8cles (\u00e9glises, enceinte, h\u00f4tel de ville) illustre une hi\u00e9rarchisation dans l\u2019emploi des diff\u00e9rents types de mat\u00e9riaux lithiques mis \u0153uvre au sein d\u2019une m\u00eame \u00e9l\u00e9vation (calcaire de Beauce, calcaires du Nivernais, tuffeau du Cher et de Touraine, \u2026), d\u00e9coulant autant de choix techniques qu\u2019esth\u00e9tiques et r\u00e9v\u00e9lant l\u2019\u00e9mergence de nouveaux circuits \u00e9conomiques.<\/p>\n","protected":false},"excerpt":{"rendered":"<p>Orl\u00e9ans dispose de ressources naturelles multiples ayant pu \u00eatre employ\u00e9es dans la construction du gros-\u0153uvre de b\u00e2timents au Moyen \u00c2ge : calcaire provenant de communes avoisinantes ou du centre-urbain gr\u00e2ce \u00e0 des carri\u00e8res souterraines, dont les localisations t\u00e9moignent des p\u00e9riodes d\u2019extension de la ville ; bois issu d\u2019un important massif forestier jouxtant la cit\u00e9 au &hellip; <\/p>\n<p class=\"link-more\"><a href=\"https:\/\/blogs.univ-jfc.fr\/dynamiquesurbaines\/clement-alix\/\" class=\"more-link\">Continuer la lecture<span class=\"screen-reader-text\"> de &laquo;&nbsp;Cl\u00e9ment Alix&nbsp;&raquo;<\/span><\/a><\/p>\n","protected":false},"author":20,"featured_media":0,"parent":0,"menu_order":0,"comment_status":"closed","ping_status":"closed","template":"","meta":[],"_links":{"self":[{"href":"https:\/\/blogs.univ-jfc.fr\/dynamiquesurbaines\/wp-json\/wp\/v2\/pages\/68"}],"collection":[{"href":"https:\/\/blogs.univ-jfc.fr\/dynamiquesurbaines\/wp-json\/wp\/v2\/pages"}],"about":[{"href":"https:\/\/blogs.univ-jfc.fr\/dynamiquesurbaines\/wp-json\/wp\/v2\/types\/page"}],"author":[{"embeddable":true,"href":"https:\/\/blogs.univ-jfc.fr\/dynamiquesurbaines\/wp-json\/wp\/v2\/users\/20"}],"replies":[{"embeddable":true,"href":"https:\/\/blogs.univ-jfc.fr\/dynamiquesurbaines\/wp-json\/wp\/v2\/comments?post=68"}],"version-history":[{"count":1,"href":"https:\/\/blogs.univ-jfc.fr\/dynamiquesurbaines\/wp-json\/wp\/v2\/pages\/68\/revisions"}],"predecessor-version":[{"id":69,"href":"https:\/\/blogs.univ-jfc.fr\/dynamiquesurbaines\/wp-json\/wp\/v2\/pages\/68\/revisions\/69"}],"wp:attachment":[{"href":"https:\/\/blogs.univ-jfc.fr\/dynamiquesurbaines\/wp-json\/wp\/v2\/media?parent=68"}],"curies":[{"name":"wp","href":"https:\/\/api.w.org\/{rel}","templated":true}]}}