{"id":80,"date":"2018-12-07T13:46:51","date_gmt":"2018-12-07T12:46:51","guid":{"rendered":"http:\/\/blogs.univ-jfc.fr\/dynamiquesurbaines\/?page_id=80"},"modified":"2018-12-07T13:46:51","modified_gmt":"2018-12-07T12:46:51","slug":"quitterie-cazes","status":"publish","type":"page","link":"https:\/\/blogs.univ-jfc.fr\/dynamiquesurbaines\/quitterie-cazes\/","title":{"rendered":"Quitterie Cazes"},"content":{"rendered":"<p align=\"justify\">Toulouse est plut\u00f4t connue comme une ville dont le mat\u00e9riau de construction principal est la brique. L\u2019usage de la pierre, depuis l\u2019Antiquit\u00e9 jusqu\u2019au XXe si\u00e8cle, est un marqueur sensible de diff\u00e9rentes tendances qu\u2019il peut \u00eatre int\u00e9ressant de mettre en \u00e9vidence sur la longue dur\u00e9e. Cet usage se r\u00e9f\u00e8re souvent \u00e0 l\u2019Antiquit\u00e9, que ce soit sous forme de remploi (fin de l\u2019Antiquit\u00e9 et premier Moyen \u00c2ge) ou de renouveau de la taille de la pierre (XIe si\u00e8cle, XVIe si\u00e8cle). Il est \u00e9galement un indicateur des modes dominantes (au XIXe si\u00e8cle, les mod\u00e8les haussmanniens, ou au XXe une certaine image de la modernit\u00e9). Enfin, la pierre suppose un co\u00fbt, mais aussi participe \u00e0 l\u2019aspect d\u00e9coratif des \u00e9l\u00e9vations : elle est donc le t\u00e9moin de choix \u00e0 la fois techniques et esth\u00e9tiques quand la facilit\u00e9 est plut\u00f4t \u00e0 l\u2019emploi de la brique ou du galet.<\/p>\n","protected":false},"excerpt":{"rendered":"<p>Toulouse est plut\u00f4t connue comme une ville dont le mat\u00e9riau de construction principal est la brique. L\u2019usage de la pierre, depuis l\u2019Antiquit\u00e9 jusqu\u2019au XXe si\u00e8cle, est un marqueur sensible de diff\u00e9rentes tendances qu\u2019il peut \u00eatre int\u00e9ressant de mettre en \u00e9vidence sur la longue dur\u00e9e. Cet usage se r\u00e9f\u00e8re souvent \u00e0 l\u2019Antiquit\u00e9, que ce soit sous &hellip; <\/p>\n<p class=\"link-more\"><a href=\"https:\/\/blogs.univ-jfc.fr\/dynamiquesurbaines\/quitterie-cazes\/\" class=\"more-link\">Continuer la lecture<span class=\"screen-reader-text\"> de &laquo;&nbsp;Quitterie Cazes&nbsp;&raquo;<\/span><\/a><\/p>\n","protected":false},"author":20,"featured_media":0,"parent":0,"menu_order":0,"comment_status":"closed","ping_status":"closed","template":"","meta":[],"_links":{"self":[{"href":"https:\/\/blogs.univ-jfc.fr\/dynamiquesurbaines\/wp-json\/wp\/v2\/pages\/80"}],"collection":[{"href":"https:\/\/blogs.univ-jfc.fr\/dynamiquesurbaines\/wp-json\/wp\/v2\/pages"}],"about":[{"href":"https:\/\/blogs.univ-jfc.fr\/dynamiquesurbaines\/wp-json\/wp\/v2\/types\/page"}],"author":[{"embeddable":true,"href":"https:\/\/blogs.univ-jfc.fr\/dynamiquesurbaines\/wp-json\/wp\/v2\/users\/20"}],"replies":[{"embeddable":true,"href":"https:\/\/blogs.univ-jfc.fr\/dynamiquesurbaines\/wp-json\/wp\/v2\/comments?post=80"}],"version-history":[{"count":1,"href":"https:\/\/blogs.univ-jfc.fr\/dynamiquesurbaines\/wp-json\/wp\/v2\/pages\/80\/revisions"}],"predecessor-version":[{"id":81,"href":"https:\/\/blogs.univ-jfc.fr\/dynamiquesurbaines\/wp-json\/wp\/v2\/pages\/80\/revisions\/81"}],"wp:attachment":[{"href":"https:\/\/blogs.univ-jfc.fr\/dynamiquesurbaines\/wp-json\/wp\/v2\/media?parent=80"}],"curies":[{"name":"wp","href":"https:\/\/api.w.org\/{rel}","templated":true}]}}