{"id":84,"date":"2018-12-07T13:48:46","date_gmt":"2018-12-07T12:48:46","guid":{"rendered":"http:\/\/blogs.univ-jfc.fr\/dynamiquesurbaines\/?page_id=84"},"modified":"2018-12-07T13:48:46","modified_gmt":"2018-12-07T12:48:46","slug":"anna-boato","status":"publish","type":"page","link":"https:\/\/blogs.univ-jfc.fr\/dynamiquesurbaines\/anna-boato\/","title":{"rendered":"Anna Boato"},"content":{"rendered":"<p align=\"justify\">La citt\u00e0 di Genova \u00e8 oggi caratterizzata da un ampio e ben conservato centro storico, in cui si notano molti edifici residenziali risalenti al XII-XIV secolo alti diversi piani e caratterizzati da murature esterne in pietra squadrata o, in minore misura, mattoni. Le profonde trasformazioni avvenute tra il Quattrocento e l\u2019Ottocento hanno comportato evidenti stratificazioni degli edifici preesistenti, che sono stati accorpati, soprelevati e modificati internamente ed esternamente. Tutto ci\u00f2 che, delle precedenti fasi edilizie, risultava ancora utile, \u00e8 stato conservato ed \u00e8 rimasto inglobato dentro una nuova veste architettonica: ad esempio i solai lignei nati per essere \u201ca vista\u201d sono stati nascosti da false volte in canniccio intonacato. La Genova medievale che possiamo ricostruire tramite lo studio stratigrafico dell\u2019esistente \u00e8 per\u00f2 molto diversa da quella che doveva essere la citt\u00e0 nel Medioevo.<\/p>\n<p align=\"justify\">Le fonti documentarie genovesi mostrano infatti che a fianco alla Genova di pietra e mattoni esisteva una Genova di legno che \u00e8 progressivamente scomparsa sia a causa dei ricorrenti e devastanti incendi di cui danno notizia gli Annali cittadini, sia per volont\u00e0 dei suoi abitanti e dei suoi amministratori. Tale cambiamento nella scelta dei materiale e delle tecniche costruttive riguarda le case, ma anche il porto (i cui pontili di legno vennero sostituiti da ponti in muratura entro il XV secolo) e le infrastrutture mercantili (come il porticato della Ripa, le cui colonne gi\u00e0 nel 1133 dovevano essere di pietra e non di legno).<\/p>\n<p align=\"justify\">Il contributo cercher\u00e0 di fare luce su una Genova medievale assai pi\u00f9 complessa e costruttivamente varia di quella giunta fino a noi, di ricostruire tempi e modalit\u00e0 della pietrificazione della citt\u00e0 e di interrogarsi sulle cause (economiche? formali? legate alla sicurezza e alla durata dei materiali?) che hanno condotto a tale progressiva sostituzione\/cancellazione.<\/p>\n","protected":false},"excerpt":{"rendered":"<p>La citt\u00e0 di Genova \u00e8 oggi caratterizzata da un ampio e ben conservato centro storico, in cui si notano molti edifici residenziali risalenti al XII-XIV secolo alti diversi piani e caratterizzati da murature esterne in pietra squadrata o, in minore misura, mattoni. Le profonde trasformazioni avvenute tra il Quattrocento e l\u2019Ottocento hanno comportato evidenti stratificazioni &hellip; <\/p>\n<p class=\"link-more\"><a href=\"https:\/\/blogs.univ-jfc.fr\/dynamiquesurbaines\/anna-boato\/\" class=\"more-link\">Continuer la lecture<span class=\"screen-reader-text\"> de &laquo;&nbsp;Anna Boato&nbsp;&raquo;<\/span><\/a><\/p>\n","protected":false},"author":20,"featured_media":0,"parent":0,"menu_order":0,"comment_status":"closed","ping_status":"closed","template":"","meta":[],"_links":{"self":[{"href":"https:\/\/blogs.univ-jfc.fr\/dynamiquesurbaines\/wp-json\/wp\/v2\/pages\/84"}],"collection":[{"href":"https:\/\/blogs.univ-jfc.fr\/dynamiquesurbaines\/wp-json\/wp\/v2\/pages"}],"about":[{"href":"https:\/\/blogs.univ-jfc.fr\/dynamiquesurbaines\/wp-json\/wp\/v2\/types\/page"}],"author":[{"embeddable":true,"href":"https:\/\/blogs.univ-jfc.fr\/dynamiquesurbaines\/wp-json\/wp\/v2\/users\/20"}],"replies":[{"embeddable":true,"href":"https:\/\/blogs.univ-jfc.fr\/dynamiquesurbaines\/wp-json\/wp\/v2\/comments?post=84"}],"version-history":[{"count":1,"href":"https:\/\/blogs.univ-jfc.fr\/dynamiquesurbaines\/wp-json\/wp\/v2\/pages\/84\/revisions"}],"predecessor-version":[{"id":85,"href":"https:\/\/blogs.univ-jfc.fr\/dynamiquesurbaines\/wp-json\/wp\/v2\/pages\/84\/revisions\/85"}],"wp:attachment":[{"href":"https:\/\/blogs.univ-jfc.fr\/dynamiquesurbaines\/wp-json\/wp\/v2\/media?parent=84"}],"curies":[{"name":"wp","href":"https:\/\/api.w.org\/{rel}","templated":true}]}}