{"id":88,"date":"2018-12-07T13:50:58","date_gmt":"2018-12-07T12:50:58","guid":{"rendered":"http:\/\/blogs.univ-jfc.fr\/dynamiquesurbaines\/?page_id=88"},"modified":"2018-12-07T13:50:58","modified_gmt":"2018-12-07T12:50:58","slug":"luisa-trindade","status":"publish","type":"page","link":"https:\/\/blogs.univ-jfc.fr\/dynamiquesurbaines\/luisa-trindade\/","title":{"rendered":"Lu\u00edsa Trindade"},"content":{"rendered":"<p align=\"justify\">\u00ab Que se erga parede direita de pedra e cal \u00bb \u00e9 uma postura urbana que vigora em Portugal na transi\u00e7\u00e3o da Idade M\u00e9dia para a \u00c9poca Moderna. Como sucedia noutros reinos europeus, a medida pretendia p\u00f4r simultaneamente fim \u00e0s casas constru\u00eddas em madeira e aos sucessivos avan\u00e7os das fachadas sobre a rua, caracter\u00edstica construtiva diretamente decorrente do uso daquele material. Se a insist\u00eancia com que \u00e9 promulgada pelo poder central e autoridades locais, significa, por um lado, a dificuldade em erradicar este tipo espec\u00edfico de constru\u00e7\u00e3o, mais econ\u00f3mica e r\u00e1pida de erguer mas tamb\u00e9m mais fr\u00e1gil e modesta, n\u00e3o significa, por outro, a sua absoluta exclusividade. Com efeito, a cidade medieval foi tamb\u00e9m feita de casas de pedra. A propor\u00e7\u00e3o entre uma e outra, as raz\u00f5es da escolha e o seu significado, a par do balan\u00e7o entre norma e pr\u00e1tica, s\u00e3o alguns dos t\u00f3picos que se pretendem abordar na comunica\u00e7\u00e3o ao col\u00f3quio intitulado \u00abPierre et dynamiques urbaines dans l\u2019Europe m\u00e9di\u00e9vale \u00bb.<\/p>\n","protected":false},"excerpt":{"rendered":"<p>\u00ab Que se erga parede direita de pedra e cal \u00bb \u00e9 uma postura urbana que vigora em Portugal na transi\u00e7\u00e3o da Idade M\u00e9dia para a \u00c9poca Moderna. Como sucedia noutros reinos europeus, a medida pretendia p\u00f4r simultaneamente fim \u00e0s casas constru\u00eddas em madeira e aos sucessivos avan\u00e7os das fachadas sobre a rua, caracter\u00edstica construtiva &hellip; <\/p>\n<p class=\"link-more\"><a href=\"https:\/\/blogs.univ-jfc.fr\/dynamiquesurbaines\/luisa-trindade\/\" class=\"more-link\">Continuer la lecture<span class=\"screen-reader-text\"> de &laquo;&nbsp;Lu\u00edsa Trindade&nbsp;&raquo;<\/span><\/a><\/p>\n","protected":false},"author":20,"featured_media":0,"parent":0,"menu_order":0,"comment_status":"closed","ping_status":"closed","template":"","meta":[],"_links":{"self":[{"href":"https:\/\/blogs.univ-jfc.fr\/dynamiquesurbaines\/wp-json\/wp\/v2\/pages\/88"}],"collection":[{"href":"https:\/\/blogs.univ-jfc.fr\/dynamiquesurbaines\/wp-json\/wp\/v2\/pages"}],"about":[{"href":"https:\/\/blogs.univ-jfc.fr\/dynamiquesurbaines\/wp-json\/wp\/v2\/types\/page"}],"author":[{"embeddable":true,"href":"https:\/\/blogs.univ-jfc.fr\/dynamiquesurbaines\/wp-json\/wp\/v2\/users\/20"}],"replies":[{"embeddable":true,"href":"https:\/\/blogs.univ-jfc.fr\/dynamiquesurbaines\/wp-json\/wp\/v2\/comments?post=88"}],"version-history":[{"count":1,"href":"https:\/\/blogs.univ-jfc.fr\/dynamiquesurbaines\/wp-json\/wp\/v2\/pages\/88\/revisions"}],"predecessor-version":[{"id":89,"href":"https:\/\/blogs.univ-jfc.fr\/dynamiquesurbaines\/wp-json\/wp\/v2\/pages\/88\/revisions\/89"}],"wp:attachment":[{"href":"https:\/\/blogs.univ-jfc.fr\/dynamiquesurbaines\/wp-json\/wp\/v2\/media?parent=88"}],"curies":[{"name":"wp","href":"https:\/\/api.w.org\/{rel}","templated":true}]}}