{"id":90,"date":"2018-12-07T13:52:19","date_gmt":"2018-12-07T12:52:19","guid":{"rendered":"http:\/\/blogs.univ-jfc.fr\/dynamiquesurbaines\/?page_id=90"},"modified":"2018-12-07T13:52:19","modified_gmt":"2018-12-07T12:52:19","slug":"bastien-lefebvre","status":"publish","type":"page","link":"https:\/\/blogs.univ-jfc.fr\/dynamiquesurbaines\/bastien-lefebvre\/","title":{"rendered":"Bastien Lef\u00e8bvre"},"content":{"rendered":"<p align=\"justify\">Lorsque l\u2019on \u00e9voque les maisons des villes m\u00e9di\u00e9vales en l\u2019Europe occidentale, le plus souvent vient l\u2019image de b\u00e2timents occup\u00e9s par des boutiques au rez-de-chauss\u00e9e et des logis aux \u00e9tages, celle de constructions serr\u00e9es les unes aux autres, b\u00e2ties en pierre ou en mat\u00e9riaux durs pour le Moyen Age central, plus volontiers en pan de bois pour le bas Moyen \u00c2ge. Pour le haut Moyen \u00c2ge, l\u2019image est moins nette, tout au moins imagine-t-on des maisons en bois, proches de celles connues dans le monde rural pour la m\u00eame p\u00e9riode.<\/p>\n<p align=\"justify\">\u00c0 s\u2019y pencher de pr\u00e8s, au regard des donn\u00e9es mat\u00e9rielles, architecturales et arch\u00e9ologiques, ces images ne tiennent pas, d\u2019abord parce qu\u2019il est trop caricatural d\u2019opposer la maison construite en mat\u00e9riaux durs \u00e0 celle construite en mat\u00e9riaux l\u00e9gers, ensuite parce que ni l\u2019architecture, ni les mat\u00e9riaux mobilis\u00e9s par les maisons urbaines ne connaissent une trajectoire aussi lin\u00e9aire.<\/p>\n<p align=\"justify\">\u00c0 travers cette communication, il est propos\u00e9 d\u2019adorer en particulier la question de la distribution chronologique des mat\u00e9riaux dans la maison urbaine au Moyen \u00c2ge. L\u2019enjeu n\u2019est toutefois pas de dresser une synth\u00e8se, mais plut\u00f4t de s\u2019interroger sur les mani\u00e8res d\u2019interpr\u00e9ter les donn\u00e9es dont les arch\u00e9ologues disposent, ce qui revient pour l\u2019essentiel \u00e0 discuter du corpus et des biais induits par l\u2019effet de source, ou plut\u00f4t par les effets de sources. Pour ce faire, c\u2019est un vaste champ chronologique qui est retenu, englobant premier et second Moyen \u00c2ge, comme l\u2019ensemble des sources mat\u00e9rielles qui documentent l\u2019architecture de la maison, le b\u00e2ti conserv\u00e9 en \u00e9l\u00e9vation et les donn\u00e9es provenant de fouilles.<\/p>\n<p align=\"justify\">\u00c0 partir de cette r\u00e9flexion, d\u2019autres aspects pourront \u00eatre envisag\u00e9s afin d\u2019aller plus loin dans l\u2019interpr\u00e9tation socio-\u00e9conomique de l\u2019usage des diff\u00e9rents mat\u00e9riaux, au regard des commanditaires ou des habitants, dans le temps long des villes m\u00e9di\u00e9vales, selon les diff\u00e9rentes populations urbaines.<\/p>\n","protected":false},"excerpt":{"rendered":"<p>Lorsque l\u2019on \u00e9voque les maisons des villes m\u00e9di\u00e9vales en l\u2019Europe occidentale, le plus souvent vient l\u2019image de b\u00e2timents occup\u00e9s par des boutiques au rez-de-chauss\u00e9e et des logis aux \u00e9tages, celle de constructions serr\u00e9es les unes aux autres, b\u00e2ties en pierre ou en mat\u00e9riaux durs pour le Moyen Age central, plus volontiers en pan de bois &hellip; <\/p>\n<p class=\"link-more\"><a href=\"https:\/\/blogs.univ-jfc.fr\/dynamiquesurbaines\/bastien-lefebvre\/\" class=\"more-link\">Continuer la lecture<span class=\"screen-reader-text\"> de &laquo;&nbsp;Bastien Lef\u00e8bvre&nbsp;&raquo;<\/span><\/a><\/p>\n","protected":false},"author":20,"featured_media":0,"parent":0,"menu_order":0,"comment_status":"closed","ping_status":"closed","template":"","meta":[],"_links":{"self":[{"href":"https:\/\/blogs.univ-jfc.fr\/dynamiquesurbaines\/wp-json\/wp\/v2\/pages\/90"}],"collection":[{"href":"https:\/\/blogs.univ-jfc.fr\/dynamiquesurbaines\/wp-json\/wp\/v2\/pages"}],"about":[{"href":"https:\/\/blogs.univ-jfc.fr\/dynamiquesurbaines\/wp-json\/wp\/v2\/types\/page"}],"author":[{"embeddable":true,"href":"https:\/\/blogs.univ-jfc.fr\/dynamiquesurbaines\/wp-json\/wp\/v2\/users\/20"}],"replies":[{"embeddable":true,"href":"https:\/\/blogs.univ-jfc.fr\/dynamiquesurbaines\/wp-json\/wp\/v2\/comments?post=90"}],"version-history":[{"count":1,"href":"https:\/\/blogs.univ-jfc.fr\/dynamiquesurbaines\/wp-json\/wp\/v2\/pages\/90\/revisions"}],"predecessor-version":[{"id":91,"href":"https:\/\/blogs.univ-jfc.fr\/dynamiquesurbaines\/wp-json\/wp\/v2\/pages\/90\/revisions\/91"}],"wp:attachment":[{"href":"https:\/\/blogs.univ-jfc.fr\/dynamiquesurbaines\/wp-json\/wp\/v2\/media?parent=90"}],"curies":[{"name":"wp","href":"https:\/\/api.w.org\/{rel}","templated":true}]}}