{"id":28,"date":"2022-04-15T12:26:27","date_gmt":"2022-04-15T10:26:27","guid":{"rendered":"https:\/\/blogs.univ-jfc.fr\/easyrmm\/?page_id=28"},"modified":"2025-02-11T22:13:17","modified_gmt":"2025-02-11T21:13:17","slug":"contact","status":"publish","type":"page","link":"https:\/\/blogs.univ-jfc.fr\/easyrmm\/contact\/","title":{"rendered":"Contact"},"content":{"rendered":"\n<p><strong>Contact \u00e9quipe<\/strong> : <a href=\"mailto:easyrmm@listes.univ-jfc.fr\">easyrmm@listes.univ-jfc.fr<\/a><\/p>\n\n\n\n<p><strong>Contacts <\/strong>:<\/p>\n\n\n\n<p>Catherine PONS &#8211; Lelardeux<\/p>\n\n\n\n<p>T\u00e9l : 05 63 48 64 22<\/p>\n\n\n\n<p>mail : <a href=\"mailto:catherine.pons@univ-jfc.fr\">catherine.pons@univ-jfc.fr<\/a><\/p>\n\n\n\n<p>Dr Vincent Lubrano (neurochirurgien, facult\u00e9 de m\u00e9decine de Toulouse)<\/p>\n\n\n\n<p>mail : <a href=\"mailto:lubrano.v@chu-toulouse.fr\">lubrano.v@chu-toulouse.fr<\/a><\/p>\n","protected":false},"excerpt":{"rendered":"<p>Contact \u00e9quipe : easyrmm@listes.univ-jfc.fr Contacts : Catherine PONS &#8211; Lelardeux T\u00e9l : 05 63 48 64 22 mail : catherine.pons@univ-jfc.fr Dr Vincent Lubrano (neurochirurgien, facult\u00e9 de m\u00e9decine de Toulouse) mail : lubrano.v@chu-toulouse.fr<\/p>\n","protected":false},"author":242,"featured_media":0,"parent":0,"menu_order":0,"comment_status":"closed","ping_status":"closed","template":"","meta":[],"_links":{"self":[{"href":"https:\/\/blogs.univ-jfc.fr\/easyrmm\/wp-json\/wp\/v2\/pages\/28"}],"collection":[{"href":"https:\/\/blogs.univ-jfc.fr\/easyrmm\/wp-json\/wp\/v2\/pages"}],"about":[{"href":"https:\/\/blogs.univ-jfc.fr\/easyrmm\/wp-json\/wp\/v2\/types\/page"}],"author":[{"embeddable":true,"href":"https:\/\/blogs.univ-jfc.fr\/easyrmm\/wp-json\/wp\/v2\/users\/242"}],"replies":[{"embeddable":true,"href":"https:\/\/blogs.univ-jfc.fr\/easyrmm\/wp-json\/wp\/v2\/comments?post=28"}],"version-history":[{"count":2,"href":"https:\/\/blogs.univ-jfc.fr\/easyrmm\/wp-json\/wp\/v2\/pages\/28\/revisions"}],"predecessor-version":[{"id":39,"href":"https:\/\/blogs.univ-jfc.fr\/easyrmm\/wp-json\/wp\/v2\/pages\/28\/revisions\/39"}],"wp:attachment":[{"href":"https:\/\/blogs.univ-jfc.fr\/easyrmm\/wp-json\/wp\/v2\/media?parent=28"}],"curies":[{"name":"wp","href":"https:\/\/api.w.org\/{rel}","templated":true}]}}