{"id":95,"date":"2021-10-27T10:12:56","date_gmt":"2021-10-27T08:12:56","guid":{"rendered":"https:\/\/blogs.univ-jfc.fr\/gamelabsnet\/?page_id=95"},"modified":"2021-10-27T10:15:42","modified_gmt":"2021-10-27T08:15:42","slug":"partenaires","status":"publish","type":"page","link":"https:\/\/blogs.univ-jfc.fr\/gamelabsnet\/partenaires\/","title":{"rendered":"Les partenaires"},"content":{"rendered":"\n<p>L&rsquo;<strong>IMMERSIVE LAB <\/strong>de l&rsquo;Institut Universitaire Chapollion d&rsquo;Albi <strong>est un des 6  laboratoires du projet<\/strong> <strong><span class=\"has-inline-color has-black-color\">GameLabsNet<\/span>.<\/strong><\/p>\n\n\n\n<p><strong><a href=\"https:\/\/gamelabsnet.eu\/?lang=fr\">GameLabsNet<\/a><\/strong> est un r\u00e9seau transnational qui r\u00e9unit les laboratoires de trois pays du Sud Ouest de l&rsquo;Europe : la France, l&rsquo;Espagne et le Portugal. L&rsquo;objectif est de d\u00e9velopper des centres de d\u00e9monstrations interconnect\u00e9s ouverts \u00e0 tous ceux et celles qui souhaitent d\u00e9couvrir les innovations num\u00e9riques qui servent aujourd&rsquo;hui la transformation digitale des entreprises. <\/p>\n\n\n\n<p>Le r\u00e9seau couvre un tr\u00e8s large champ d&rsquo;activit\u00e9s, adressant aussi bien les besoins des grandes industries que ceux des TPE et PME. D\u00e9monstrations, exp\u00e9riences et nouvelles pratiques num\u00e9riques seront mises \u00e0 disposition tout au long de l&rsquo;ann\u00e9e au sein des six laboratoires du r\u00e9seau. <a href=\"https:\/\/gamelabsnet.eu\/?lang=fr\">GameLabsNet <\/a>se positionne ainsi comme une v\u00e9ritable source d&rsquo;inspiration dans laquelle chacun pourra trouver les conseils, id\u00e9es et r\u00e9ponses aux besoins de sa propre transformation num\u00e9rique.<\/p>\n\n\n\n<div class=\"wp-block-columns\">\n<div class=\"wp-block-column\">\n<p><strong>Six laboratoires<\/strong> <strong>de recherche<\/strong> de la r\u00e9gion SUDOE r\u00e9alisent ensemble une plateforme de d\u00e9monstrations o\u00f9 l&rsquo;on pourra exp\u00e9rimenter des outils et des pratiques, recueillir des conseils et d\u00e9couvrir des exemples de solutions num\u00e9riques d\u00e9j\u00e0 en place chez des industriels.<\/p>\n<\/div>\n\n\n\n<div class=\"wp-block-column\">\n<figure class=\"wp-block-image size-large is-resized\"><img loading=\"lazy\" src=\"http:\/\/blogs.univ-jfc.fr\/gamelabsnet\/wp-content\/uploads\/sites\/89\/2021\/07\/europe.png\" alt=\"\" class=\"wp-image-123\" width=\"259\" height=\"250\" srcset=\"https:\/\/blogs.univ-jfc.fr\/gamelabsnet\/wp-content\/uploads\/sites\/89\/2021\/07\/europe.png 605w, https:\/\/blogs.univ-jfc.fr\/gamelabsnet\/wp-content\/uploads\/sites\/89\/2021\/07\/europe-300x291.png 300w, https:\/\/blogs.univ-jfc.fr\/gamelabsnet\/wp-content\/uploads\/sites\/89\/2021\/07\/europe-309x300.png 309w\" sizes=\"(max-width: 259px) 100vw, 259px\" \/><\/figure>\n<\/div>\n<\/div>\n\n\n\n<blockquote class=\"wp-block-quote\"><p>\u00ab&nbsp;<em>Le degr\u00e9 de transformation num\u00e9rique dans la plupart des secteurs \u00e9conomiques du SUDOE est encore embryonnaire et cela affecte particuli\u00e8rement les PME, qui pr\u00e9sentent un manque de connaissance des solutions existantes, de l\u2019impact qu\u2019elles peuvent avoir dans leur entreprise et sur leur march\u00e9 et ne connaissent pas l\u2019ampleur de l\u2019investissement que cela repr\u00e9sente pour elles<\/em>&nbsp;\u00bb.<\/p><p>Gloria Diaz, porte-parole du consortium et CEO de Conetic<\/p><\/blockquote>\n\n\n\n<p><strong>Les partenaires du programme :<\/strong><\/p>\n\n\n\n<div class=\"wp-block-group\"><div class=\"wp-block-group__inner-container\">\n<ul><li>En France, l\u2019<strong>Estia<\/strong>, l\u2019<strong>Institut Champollion<\/strong> d&rsquo;Albi et la <strong>CCI de Pau B\u00e9arn<\/strong> <\/li><li>En Espagne,  <strong>Cel Logistica<\/strong> et <strong>Gaia <\/strong>qui sont partenaires, avec <strong>Conetic <\/strong>en chef de file.<\/li><li>Au Portugal, <strong>Politecnico de Leiria<\/strong><\/li><\/ul>\n\n\n\n<div class=\"wp-block-group\"><div class=\"wp-block-group__inner-container\">\n<figure class=\"wp-block-image size-large\"><img loading=\"lazy\" width=\"1024\" height=\"60\" src=\"http:\/\/blogs.univ-jfc.fr\/gamelabsnet\/wp-content\/uploads\/sites\/89\/2021\/07\/partenaires-1024x60.png\" alt=\"\" class=\"wp-image-136\" srcset=\"https:\/\/blogs.univ-jfc.fr\/gamelabsnet\/wp-content\/uploads\/sites\/89\/2021\/07\/partenaires-1024x60.png 1024w, https:\/\/blogs.univ-jfc.fr\/gamelabsnet\/wp-content\/uploads\/sites\/89\/2021\/07\/partenaires-300x18.png 300w, https:\/\/blogs.univ-jfc.fr\/gamelabsnet\/wp-content\/uploads\/sites\/89\/2021\/07\/partenaires-768x45.png 768w, https:\/\/blogs.univ-jfc.fr\/gamelabsnet\/wp-content\/uploads\/sites\/89\/2021\/07\/partenaires-500x30.png 500w, https:\/\/blogs.univ-jfc.fr\/gamelabsnet\/wp-content\/uploads\/sites\/89\/2021\/07\/partenaires.png 1270w\" sizes=\"(max-width: 1024px) 100vw, 1024px\" \/><\/figure>\n<\/div><\/div>\n<\/div><\/div>\n\n\n\n<p><strong>Les technologies d\u00e9velopp\u00e9es dans les laboratoires :<\/strong><\/p>\n\n\n\n<div class=\"wp-block-columns\">\n<div class=\"wp-block-column\" style=\"flex-basis:33.33%\">\n<ul><li>R\u00e9alit\u00e9 augment\u00e9e<\/li><li>R\u00e9alit\u00e9 virtuelle<\/li><li>R\u00e9alit\u00e9 mixte<\/li><li>Jeux s\u00e9rieux<\/li><li>Salles immersives<\/li><li>Jumeaux num\u00e9riques<\/li><li>Virtualizer<\/li><\/ul>\n<\/div>\n\n\n\n<div class=\"wp-block-column\" style=\"flex-basis:66.66%\">\n<figure class=\"wp-block-image size-large\"><img loading=\"lazy\" width=\"521\" height=\"402\" src=\"https:\/\/blogs.univ-jfc.fr\/gamelabsnet\/wp-content\/uploads\/sites\/89\/2021\/07\/Image1.png\" alt=\"\" class=\"wp-image-133\" srcset=\"https:\/\/blogs.univ-jfc.fr\/gamelabsnet\/wp-content\/uploads\/sites\/89\/2021\/07\/Image1.png 521w, https:\/\/blogs.univ-jfc.fr\/gamelabsnet\/wp-content\/uploads\/sites\/89\/2021\/07\/Image1-300x231.png 300w, https:\/\/blogs.univ-jfc.fr\/gamelabsnet\/wp-content\/uploads\/sites\/89\/2021\/07\/Image1-389x300.png 389w\" sizes=\"(max-width: 521px) 100vw, 521px\" \/><\/figure>\n<\/div>\n<\/div>\n\n\n\n<div class=\"wp-block-image\"><figure class=\"aligncenter size-large is-resized\"><img loading=\"lazy\" src=\"https:\/\/blogs.univ-jfc.fr\/gamelabsnet\/wp-content\/uploads\/sites\/89\/2021\/07\/Demos-partenaires.png\" alt=\"\" class=\"wp-image-153\" width=\"593\" height=\"358\" \/><\/figure><\/div>\n\n\n\n<p><strong>En r\u00e9sum\u00e9 :<\/strong><\/p>\n\n\n\n<div class=\"wp-block-columns\">\n<div class=\"wp-block-column\">\n<ul><li><strong>Six laboratoires <\/strong>interconnect\u00e9s<\/li><li><strong>Une<\/strong> <strong>plateforme <\/strong>d&rsquo;acc\u00e8s aux d\u00e9monstrations, accessible depuis chacun des laboratoires<\/li><li>Une offre de <strong>conseil<\/strong> <\/li><li>Une offre de <strong>formation<\/strong><\/li><li>Des <strong>\u00e9v\u00e9nements et <\/strong>des <strong>conf\u00e9rences<\/strong> tout au long de l&rsquo;ann\u00e9e.<\/li><\/ul>\n<\/div>\n<\/div>\n\n\n\n<figure class=\"wp-block-image size-large\"><img loading=\"lazy\" width=\"686\" height=\"132\" src=\"https:\/\/blogs.univ-jfc.fr\/gamelabsnet\/wp-content\/uploads\/sites\/89\/2021\/07\/GLN_SUDOE.png\" alt=\"\" class=\"wp-image-142\" srcset=\"https:\/\/blogs.univ-jfc.fr\/gamelabsnet\/wp-content\/uploads\/sites\/89\/2021\/07\/GLN_SUDOE.png 686w, https:\/\/blogs.univ-jfc.fr\/gamelabsnet\/wp-content\/uploads\/sites\/89\/2021\/07\/GLN_SUDOE-300x58.png 300w, https:\/\/blogs.univ-jfc.fr\/gamelabsnet\/wp-content\/uploads\/sites\/89\/2021\/07\/GLN_SUDOE-500x96.png 500w\" sizes=\"(max-width: 686px) 100vw, 686px\" \/><\/figure>\n\n\n\n<p><a href=\"https:\/\/gamelabsnet.eu\/\">Pour en savoir plus<\/a><\/p>\n","protected":false},"excerpt":{"rendered":"<p>L&rsquo;IMMERSIVE LAB de l&rsquo;Institut Universitaire Chapollion d&rsquo;Albi est un des 6 laboratoires du projet GameLabsNet. GameLabsNet est un r\u00e9seau transnational qui r\u00e9unit les laboratoires de trois pays du Sud Ouest de l&rsquo;Europe : la France, l&rsquo;Espagne et le Portugal. L&rsquo;objectif &hellip; <a href=\"https:\/\/blogs.univ-jfc.fr\/gamelabsnet\/partenaires\/\">Lire la suite <span class=\"meta-nav\">&rarr;<\/span><\/a><\/p>\n","protected":false},"author":492,"featured_media":0,"parent":0,"menu_order":4,"comment_status":"closed","ping_status":"closed","template":"","meta":[],"_links":{"self":[{"href":"https:\/\/blogs.univ-jfc.fr\/gamelabsnet\/wp-json\/wp\/v2\/pages\/95"}],"collection":[{"href":"https:\/\/blogs.univ-jfc.fr\/gamelabsnet\/wp-json\/wp\/v2\/pages"}],"about":[{"href":"https:\/\/blogs.univ-jfc.fr\/gamelabsnet\/wp-json\/wp\/v2\/types\/page"}],"author":[{"embeddable":true,"href":"https:\/\/blogs.univ-jfc.fr\/gamelabsnet\/wp-json\/wp\/v2\/users\/492"}],"replies":[{"embeddable":true,"href":"https:\/\/blogs.univ-jfc.fr\/gamelabsnet\/wp-json\/wp\/v2\/comments?post=95"}],"version-history":[{"count":29,"href":"https:\/\/blogs.univ-jfc.fr\/gamelabsnet\/wp-json\/wp\/v2\/pages\/95\/revisions"}],"predecessor-version":[{"id":207,"href":"https:\/\/blogs.univ-jfc.fr\/gamelabsnet\/wp-json\/wp\/v2\/pages\/95\/revisions\/207"}],"wp:attachment":[{"href":"https:\/\/blogs.univ-jfc.fr\/gamelabsnet\/wp-json\/wp\/v2\/media?parent=95"}],"curies":[{"name":"wp","href":"https:\/\/api.w.org\/{rel}","templated":true}]}}