{"id":12,"date":"2017-09-25T11:34:36","date_gmt":"2017-09-25T09:34:36","guid":{"rendered":"http:\/\/blogs.univ-jfc.fr\/heritage-historique-europeen\/?page_id=12"},"modified":"2021-08-27T15:04:22","modified_gmt":"2021-08-27T13:04:22","slug":"bienvenue","status":"publish","type":"page","link":"https:\/\/blogs.univ-jfc.fr\/heritage-historique-europeen\/","title":{"rendered":"Bienvenue"},"content":{"rendered":"\n<div class=\"wp-block-image\"><figure class=\"aligncenter\"><img loading=\"lazy\" width=\"940\" height=\"198\" src=\"http:\/\/blogs.univ-jfc.fr\/heritage-historique-europeen\/wp-content\/uploads\/sites\/63\/2017\/09\/cropped-en-tete-tc3a9moins-3.jpg\" alt=\"\" class=\"wp-image-113\" srcset=\"https:\/\/blogs.univ-jfc.fr\/heritage-historique-europeen\/wp-content\/uploads\/sites\/63\/2017\/09\/cropped-en-tete-tc3a9moins-3.jpg 940w, https:\/\/blogs.univ-jfc.fr\/heritage-historique-europeen\/wp-content\/uploads\/sites\/63\/2017\/09\/cropped-en-tete-tc3a9moins-3-300x63.jpg 300w, https:\/\/blogs.univ-jfc.fr\/heritage-historique-europeen\/wp-content\/uploads\/sites\/63\/2017\/09\/cropped-en-tete-tc3a9moins-3-768x162.jpg 768w\" sizes=\"(max-width: 706px) 89vw, (max-width: 767px) 82vw, 740px\" \/><\/figure><\/div>\n\n\n\n<p>L&rsquo;Institut Universitaire Champollion d&rsquo;Albi dispense depuis 2016 un enseignement unique en France dont le th\u00e8me est \u00ab\u00a0H\u00e9ritage Historique Europ\u00e9en et Valeurs Citoyennes\u00a0\u00bb.<\/p>\n\n\n\n<p>Dans ce cadre, des \u00e9tudiants en troisi\u00e8me ann\u00e9e de licence de Sociologie, Histoire et G\u00e9ographie travaillent autour de la Shoah par balle et se demandent en quoi ses m\u00e9canismes sont encore d&rsquo;actualit\u00e9 pour comprendre notre soci\u00e9t\u00e9.<\/p>\n\n\n\n<p>Grace au partenariat tiss\u00e9 avec l&rsquo;association <a href=\"http:\/\/blogs.univ-jfc.fr\/heritage-historique-europeen\/les-partenaires\/yahad-in-unum\/\">Yahad-in-Unum<\/a>, ce dispositif p\u00e9dagogique novateur de l&rsquo;INU Champollion s&rsquo;inscrit \u00e9galement dans un programme d&rsquo;action recherche, gr\u00e2ce \u00e0 un s\u00e9minaire sur le terrain, en Ukraine.<\/p>\n\n\n\n<p>Ce site a pour vocation de pr\u00e9senter \u00e0 l&rsquo;internaute des diverses phases de l&rsquo;action p\u00e9dagogique, de l&rsquo;action recherche, ainsi que les op\u00e9rations de diffusion vers le public.<\/p>\n\n\n\n<p>Ce dispositif a f\u00eat\u00e9, en 2021, ses cinq ann\u00e9es d&rsquo;existence. Retrouvez ci-dessous la vid\u00e9o-bilan r\u00e9alis\u00e9e \u00e0 cette occasion :<\/p>\n\n\n\n<div class=\"wp-block-image\"><figure class=\"aligncenter\"><a href=\"https:\/\/media.univ-jfc.fr\/videos\/?video=MEDIA210319121514607\"><img loading=\"lazy\" width=\"892\" height=\"582\" src=\"http:\/\/blogs.univ-jfc.fr\/heritage-historique-europeen\/wp-content\/uploads\/sites\/63\/2021\/08\/5-ans.png\" alt=\"\" class=\"wp-image-712\" srcset=\"https:\/\/blogs.univ-jfc.fr\/heritage-historique-europeen\/wp-content\/uploads\/sites\/63\/2021\/08\/5-ans.png 892w, https:\/\/blogs.univ-jfc.fr\/heritage-historique-europeen\/wp-content\/uploads\/sites\/63\/2021\/08\/5-ans-300x196.png 300w, https:\/\/blogs.univ-jfc.fr\/heritage-historique-europeen\/wp-content\/uploads\/sites\/63\/2021\/08\/5-ans-768x501.png 768w\" sizes=\"(max-width: 706px) 89vw, (max-width: 767px) 82vw, 740px\" \/><\/a><\/figure><\/div>\n\n\n\n<p><\/p>\n\n\n\n<p><\/p>\n\n\n\n<p><span style=\"color: #ff6600\">Contact institutionnel :<\/span><\/p>\n\n\n\n<p>Institut National Universitaire Champollion.<\/p>\n\n\n\n<p>Place de Verdun, 81012 Albi Cedex.<\/p>\n\n\n\n<p><a href=\"mailto:com@univ-jfc.fr\" target=\"_blank\" rel=\"noreferrer noopener\">com@univ-jfc.fr<\/a><\/p>\n\n\n\n<p><a href=\"mailto:missiondiscriminations@listes.univ-jfc.fr\" target=\"_blank\" rel=\"noreferrer noopener\">missiondiscriminations@listes.univ-jfc.fr<\/a>&nbsp;<\/p>\n\n\n\n<div class=\"wp-block-image\"><figure class=\"aligncenter\"><img loading=\"lazy\" width=\"150\" height=\"150\" src=\"http:\/\/blogs.univ-jfc.fr\/heritage-historique-europeen\/wp-content\/uploads\/sites\/63\/2017\/09\/facebook-logo-e1519288362787.png\" alt=\"\" class=\"wp-image-419\" \/><\/figure><\/div>\n\n\n\n<p class=\"has-text-align-center\"><a href=\"https:\/\/www.facebook.com\/INUChampollion\/\">Suivez-nous sur Facebook !&nbsp;<\/a><\/p>\n","protected":false},"excerpt":{"rendered":"<p>L&rsquo;Institut Universitaire Champollion d&rsquo;Albi dispense depuis 2016 un enseignement unique en France dont le th\u00e8me est \u00ab\u00a0H\u00e9ritage Historique Europ\u00e9en et Valeurs Citoyennes\u00a0\u00bb. Dans ce cadre, des \u00e9tudiants en troisi\u00e8me ann\u00e9e de licence de Sociologie, Histoire et G\u00e9ographie travaillent autour de la Shoah par balle et se demandent en quoi ses m\u00e9canismes sont encore d&rsquo;actualit\u00e9 pour &hellip; <\/p>\n<p class=\"link-more\"><a href=\"https:\/\/blogs.univ-jfc.fr\/heritage-historique-europeen\/\" class=\"more-link\">Continuer la lecture<span class=\"screen-reader-text\"> de &laquo;&nbsp;Bienvenue&nbsp;&raquo;<\/span><\/a><\/p>\n","protected":false},"author":242,"featured_media":0,"parent":0,"menu_order":0,"comment_status":"closed","ping_status":"closed","template":"","meta":[],"_links":{"self":[{"href":"https:\/\/blogs.univ-jfc.fr\/heritage-historique-europeen\/wp-json\/wp\/v2\/pages\/12"}],"collection":[{"href":"https:\/\/blogs.univ-jfc.fr\/heritage-historique-europeen\/wp-json\/wp\/v2\/pages"}],"about":[{"href":"https:\/\/blogs.univ-jfc.fr\/heritage-historique-europeen\/wp-json\/wp\/v2\/types\/page"}],"author":[{"embeddable":true,"href":"https:\/\/blogs.univ-jfc.fr\/heritage-historique-europeen\/wp-json\/wp\/v2\/users\/242"}],"replies":[{"embeddable":true,"href":"https:\/\/blogs.univ-jfc.fr\/heritage-historique-europeen\/wp-json\/wp\/v2\/comments?post=12"}],"version-history":[{"count":16,"href":"https:\/\/blogs.univ-jfc.fr\/heritage-historique-europeen\/wp-json\/wp\/v2\/pages\/12\/revisions"}],"predecessor-version":[{"id":725,"href":"https:\/\/blogs.univ-jfc.fr\/heritage-historique-europeen\/wp-json\/wp\/v2\/pages\/12\/revisions\/725"}],"wp:attachment":[{"href":"https:\/\/blogs.univ-jfc.fr\/heritage-historique-europeen\/wp-json\/wp\/v2\/media?parent=12"}],"curies":[{"name":"wp","href":"https:\/\/api.w.org\/{rel}","templated":true}]}}