{"id":203,"date":"2017-12-04T11:34:44","date_gmt":"2017-12-04T10:34:44","guid":{"rendered":"http:\/\/blogs.univ-jfc.fr\/heritage-historique-europeen\/?page_id=203"},"modified":"2017-12-04T11:36:11","modified_gmt":"2017-12-04T10:36:11","slug":"de-lamphi-au-terrain","status":"publish","type":"page","link":"https:\/\/blogs.univ-jfc.fr\/heritage-historique-europeen\/les-actions-recherche\/de-lamphi-au-terrain\/","title":{"rendered":"De l&rsquo;amphi au terrain"},"content":{"rendered":"<h1>De l\u2019amphith\u00e9\u00e2tre, au travail de terrain et \u00e0 la r\u00e9flexion scientifique<\/h1>\n<p align=\"justify\">Dans le cadre de cet enseignement, les \u00e9tudiants effectuent des travaux de nature scientifique \u00e0 partir d&rsquo;\u00e9l\u00e9ments historiques pour comprendre les r\u00e9alit\u00e9s politiques et sociales contemporaines. Le s\u00e9minaire de terrain sur un site historique est un aspect essentiel du dispositif. Il est l\u2019occasion pour les \u00e9tudiants d\u2019aller dans un pays europ\u00e9en o\u00f9 subsistent des vestiges historiques de cette p\u00e9riode sombre et de recueillir des donn\u00e9es sous forme d\u2019observations, d\u2019entretiens, de photos, de documents, de cr\u00e9ation de cartes qui serviront de base \u00e0 leurs analyses.<\/p>\n<p><img loading=\"lazy\" class=\"size-large wp-image-193 aligncenter\" src=\"http:\/\/blogs.univ-jfc.fr\/heritage-historique-europeen\/wp-content\/uploads\/sites\/63\/2017\/09\/IMG_3012-1024x768.jpg\" alt=\"\" width=\"525\" height=\"394\" srcset=\"https:\/\/blogs.univ-jfc.fr\/heritage-historique-europeen\/wp-content\/uploads\/sites\/63\/2017\/09\/IMG_3012-1024x768.jpg 1024w, https:\/\/blogs.univ-jfc.fr\/heritage-historique-europeen\/wp-content\/uploads\/sites\/63\/2017\/09\/IMG_3012-300x225.jpg 300w, https:\/\/blogs.univ-jfc.fr\/heritage-historique-europeen\/wp-content\/uploads\/sites\/63\/2017\/09\/IMG_3012-768x576.jpg 768w\" sizes=\"(max-width: 525px) 100vw, 525px\" \/><\/p>\n<p align=\"justify\">Les \u00e9tudiants effectuent un travail de r\u00e9flexion pluridisciplinaire en vue par la suite d\u2019une restitution collective destin\u00e9e \u00e0 l\u2019ensemble des \u00e9tudiants du campus. Cette restitution est l\u2019occasion de r\u00e9affirmer les valeurs de respect, de dignit\u00e9 et d&rsquo;\u00e9galit\u00e9 qui animent l\u2019institution universitaire, et qui sont \u00e0 la base du processus de construction de l\u2019identit\u00e9 europ\u00e9enne, \u00e0 une heure o\u00f9 l\u2019actualit\u00e9 questionne fortement ce lien.<\/p>\n<p><img loading=\"lazy\" class=\"aligncenter size-large wp-image-147\" src=\"http:\/\/blogs.univ-jfc.fr\/heritage-historique-europeen\/wp-content\/uploads\/sites\/63\/2017\/10\/IMG_9709-1024x796.jpg\" alt=\"\" width=\"525\" height=\"408\" srcset=\"https:\/\/blogs.univ-jfc.fr\/heritage-historique-europeen\/wp-content\/uploads\/sites\/63\/2017\/10\/IMG_9709-1024x796.jpg 1024w, https:\/\/blogs.univ-jfc.fr\/heritage-historique-europeen\/wp-content\/uploads\/sites\/63\/2017\/10\/IMG_9709-300x233.jpg 300w, https:\/\/blogs.univ-jfc.fr\/heritage-historique-europeen\/wp-content\/uploads\/sites\/63\/2017\/10\/IMG_9709-768x597.jpg 768w\" sizes=\"(max-width: 525px) 100vw, 525px\" \/><\/p>\n<p align=\"justify\">Si l\u2019objectif prioritaire de cet enseignement consiste \u00e0 enrichir les connaissances et \u00e0 favoriser la r\u00e9flexion intellectuelle, il sert tout autant des finalit\u00e9s civiques. Le parti-pris p\u00e9dagogique est \u00e0 ce titre original puisqu\u2019il suppose de consid\u00e9rer les \u00e9tudiants comme des acteurs scientifiques, capables de recueillir des donn\u00e9es, de les analyser et de les communiquer \u00e0 un large public.<\/p>\n","protected":false},"excerpt":{"rendered":"<p>De l\u2019amphith\u00e9\u00e2tre, au travail de terrain et \u00e0 la r\u00e9flexion scientifique Dans le cadre de cet enseignement, les \u00e9tudiants effectuent des travaux de nature scientifique \u00e0 partir d&rsquo;\u00e9l\u00e9ments historiques pour comprendre les r\u00e9alit\u00e9s politiques et sociales contemporaines. Le s\u00e9minaire de terrain sur un site historique est un aspect essentiel du dispositif. Il est l\u2019occasion pour &hellip; <\/p>\n<p class=\"link-more\"><a href=\"https:\/\/blogs.univ-jfc.fr\/heritage-historique-europeen\/les-actions-recherche\/de-lamphi-au-terrain\/\" class=\"more-link\">Continuer la lecture<span class=\"screen-reader-text\"> de &laquo;&nbsp;De l&rsquo;amphi au terrain&nbsp;&raquo;<\/span><\/a><\/p>\n","protected":false},"author":20,"featured_media":0,"parent":33,"menu_order":1,"comment_status":"closed","ping_status":"closed","template":"","meta":[],"_links":{"self":[{"href":"https:\/\/blogs.univ-jfc.fr\/heritage-historique-europeen\/wp-json\/wp\/v2\/pages\/203"}],"collection":[{"href":"https:\/\/blogs.univ-jfc.fr\/heritage-historique-europeen\/wp-json\/wp\/v2\/pages"}],"about":[{"href":"https:\/\/blogs.univ-jfc.fr\/heritage-historique-europeen\/wp-json\/wp\/v2\/types\/page"}],"author":[{"embeddable":true,"href":"https:\/\/blogs.univ-jfc.fr\/heritage-historique-europeen\/wp-json\/wp\/v2\/users\/20"}],"replies":[{"embeddable":true,"href":"https:\/\/blogs.univ-jfc.fr\/heritage-historique-europeen\/wp-json\/wp\/v2\/comments?post=203"}],"version-history":[{"count":3,"href":"https:\/\/blogs.univ-jfc.fr\/heritage-historique-europeen\/wp-json\/wp\/v2\/pages\/203\/revisions"}],"predecessor-version":[{"id":208,"href":"https:\/\/blogs.univ-jfc.fr\/heritage-historique-europeen\/wp-json\/wp\/v2\/pages\/203\/revisions\/208"}],"up":[{"embeddable":true,"href":"https:\/\/blogs.univ-jfc.fr\/heritage-historique-europeen\/wp-json\/wp\/v2\/pages\/33"}],"wp:attachment":[{"href":"https:\/\/blogs.univ-jfc.fr\/heritage-historique-europeen\/wp-json\/wp\/v2\/media?parent=203"}],"curies":[{"name":"wp","href":"https:\/\/api.w.org\/{rel}","templated":true}]}}