{"id":219,"date":"2017-12-04T12:26:04","date_gmt":"2017-12-04T11:26:04","guid":{"rendered":"http:\/\/blogs.univ-jfc.fr\/heritage-historique-europeen\/?page_id=219"},"modified":"2022-05-10T10:54:21","modified_gmt":"2022-05-10T08:54:21","slug":"diffusion","status":"publish","type":"page","link":"https:\/\/blogs.univ-jfc.fr\/heritage-historique-europeen\/les-activites\/diffusion\/","title":{"rendered":"Diffusion"},"content":{"rendered":"\n<h5>Aupr\u00e8s du public scolaire :<\/h5>\n\n\n\n<p>Une phase importante du projet est l&rsquo;intervention des \u00e9tudiants aupr\u00e8s des publics coll\u00e9giens et lyc\u00e9ens.<\/p>\n\n\n\n<div class=\"wp-block-image wp-image-494 size-large\"><figure class=\"aligncenter\"><img loading=\"lazy\" width=\"1024\" height=\"768\" src=\"http:\/\/blogs.univ-jfc.fr\/heritage-historique-europeen\/wp-content\/uploads\/sites\/63\/2017\/12\/DSCN1591-1024x768.jpg\" alt=\"\" class=\"wp-image-494\" srcset=\"https:\/\/blogs.univ-jfc.fr\/heritage-historique-europeen\/wp-content\/uploads\/sites\/63\/2017\/12\/DSCN1591-1024x768.jpg 1024w, https:\/\/blogs.univ-jfc.fr\/heritage-historique-europeen\/wp-content\/uploads\/sites\/63\/2017\/12\/DSCN1591-300x225.jpg 300w, https:\/\/blogs.univ-jfc.fr\/heritage-historique-europeen\/wp-content\/uploads\/sites\/63\/2017\/12\/DSCN1591-768x576.jpg 768w\" sizes=\"(max-width: 706px) 89vw, (max-width: 767px) 82vw, 740px\" \/><figcaption>Intervention au lyc\u00e9e Bellevue<\/figcaption><\/figure><\/div>\n\n\n\n<h5>&nbsp;<\/h5>\n\n\n\n<hr class=\"wp-block-separator\" \/>\n\n\n\n<h5>Dans les m\u00e9dias:<\/h5>\n\n\n\n<div class=\"wp-block-image is-style-rounded\"><figure class=\"aligncenter\"><img loading=\"lazy\" width=\"300\" height=\"169\" src=\"http:\/\/blogs.univ-jfc.fr\/heritage-historique-europeen\/wp-content\/uploads\/sites\/63\/2017\/12\/28947121_357628041400615_7425659803270234095_o-300x169.jpg\" alt=\"\" class=\"wp-image-547\" srcset=\"https:\/\/blogs.univ-jfc.fr\/heritage-historique-europeen\/wp-content\/uploads\/sites\/63\/2017\/12\/28947121_357628041400615_7425659803270234095_o-300x169.jpg 300w, https:\/\/blogs.univ-jfc.fr\/heritage-historique-europeen\/wp-content\/uploads\/sites\/63\/2017\/12\/28947121_357628041400615_7425659803270234095_o-768x432.jpg 768w, https:\/\/blogs.univ-jfc.fr\/heritage-historique-europeen\/wp-content\/uploads\/sites\/63\/2017\/12\/28947121_357628041400615_7425659803270234095_o-1024x576.jpg 1024w, https:\/\/blogs.univ-jfc.fr\/heritage-historique-europeen\/wp-content\/uploads\/sites\/63\/2017\/12\/28947121_357628041400615_7425659803270234095_o.jpg 2048w\" sizes=\"(max-width: 300px) 100vw, 300px\" \/><\/figure><\/div>\n\n\n\n<p><\/p>\n\n\n\n<p><\/p>\n\n\n\n<p><\/p>\n\n\n\n<figure class=\"wp-block-image\"><a href=\"https:\/\/www.radiofrance.fr\/franceculture\/podcasts\/grand-reportage\/grand-reportage-direct-du-vendredi-06-mai-2022-5874796\"><img loading=\"lazy\" width=\"1024\" height=\"291\" src=\"http:\/\/blogs.univ-jfc.fr\/heritage-historique-europeen\/wp-content\/uploads\/sites\/63\/2022\/05\/F-culture-1024x291.png\" alt=\"\" class=\"wp-image-816\" srcset=\"https:\/\/blogs.univ-jfc.fr\/heritage-historique-europeen\/wp-content\/uploads\/sites\/63\/2022\/05\/F-culture-1024x291.png 1024w, https:\/\/blogs.univ-jfc.fr\/heritage-historique-europeen\/wp-content\/uploads\/sites\/63\/2022\/05\/F-culture-300x85.png 300w, https:\/\/blogs.univ-jfc.fr\/heritage-historique-europeen\/wp-content\/uploads\/sites\/63\/2022\/05\/F-culture-768x218.png 768w, https:\/\/blogs.univ-jfc.fr\/heritage-historique-europeen\/wp-content\/uploads\/sites\/63\/2022\/05\/F-culture.png 1257w\" sizes=\"(max-width: 706px) 89vw, (max-width: 767px) 82vw, 740px\" \/><\/a><\/figure>\n\n\n\n<p><a href=\"https:\/\/www.radiofrance.fr\/franceculture\/podcasts\/grand-reportage\/grand-reportage-direct-du-vendredi-06-mai-2022-5874796\">France Culture, \u00ab\u00a0Grand Reportage\u00a0\u00bb d&rsquo;Aur\u00e9lie Kieffer<\/a>, en date du 6 mai 2022. Ygal Fijalkow, Marie-C\u00e9cile Amat et Ma\u00ebl Cornus s&rsquo;interrogent sur la fa\u00e7on d&rsquo;enseigner la Shoah.<\/p>\n\n\n\n<p><\/p>\n\n\n\n<div class=\"wp-block-columns\">\n<div class=\"wp-block-column\" style=\"flex-basis:100%\">\n<div class=\"wp-block-image\"><figure class=\"aligncenter is-resized\"><a href=\"https:\/\/rcf.fr\/culture\/sur-les-traces-de-la-shoah-par-balles?unkp=993ee3f44745a44265e8bba6c5a8f782#.Wa51aBwbf4k.facebook\"><img loading=\"lazy\" src=\"http:\/\/blogs.univ-jfc.fr\/heritage-historique-europeen\/wp-content\/uploads\/sites\/63\/2017\/12\/rcf-300x91.png\" alt=\"\" class=\"wp-image-220\" width=\"448\" height=\"136\" \/><\/a><\/figure><\/div>\n\n\n\n<p><\/p>\n<\/div>\n<\/div>\n\n\n\n<p><a href=\"https:\/\/rcf.fr\/culture\/sur-les-traces-de-la-shoah-par-balles?unkp=993ee3f44745a44265e8bba6c5a8f782#.Wa51aBwbf4k.facebook\">Une \u00e9mission sur le projet<\/a> \u00ab\u00a0H\u00e9ritage Historique europ\u00e9en et r\u00e9flexion citoyenne\u00a0\u00bb, RCF Tarn, 2017.<\/p>\n\n\n\n<div class=\"wp-block-columns\">\n<div class=\"wp-block-column\" style=\"flex-basis:100%\">\n<div class=\"wp-block-image\"><figure class=\"aligncenter\"><a href=\"http:\/\/cfmradio.fr\/podcast\/toute-histoire-est-histoire-contemporaine\/\"><img loading=\"lazy\" width=\"151\" height=\"300\" src=\"http:\/\/blogs.univ-jfc.fr\/heritage-historique-europeen\/wp-content\/uploads\/sites\/63\/2017\/12\/radio-cordes-151x300.png\" alt=\"\" class=\"wp-image-223\" srcset=\"https:\/\/blogs.univ-jfc.fr\/heritage-historique-europeen\/wp-content\/uploads\/sites\/63\/2017\/12\/radio-cordes-151x300.png 151w, https:\/\/blogs.univ-jfc.fr\/heritage-historique-europeen\/wp-content\/uploads\/sites\/63\/2017\/12\/radio-cordes.png 201w\" sizes=\"(max-width: 151px) 100vw, 151px\" \/><\/a><\/figure><\/div>\n\n\n\n<p><\/p>\n<\/div>\n<\/div>\n\n\n\n<p><a href=\"http:\/\/cfmradio.fr\/podcast\/toute-histoire-est-histoire-contemporaine\/\">Une \u00e9mission sur l&rsquo;exposition <\/a>durant la semaine de lutte contre le racisme et l&rsquo;antis\u00e9mitisme, Radio Cordes, 2017.<\/p>\n\n\n\n<div class=\"wp-block-columns\">\n<div class=\"wp-block-column\" style=\"flex-basis:100%\">\n<div class=\"wp-block-image\"><figure class=\"aligncenter\"><img loading=\"lazy\" width=\"300\" height=\"72\" src=\"http:\/\/blogs.univ-jfc.fr\/heritage-historique-europeen\/wp-content\/uploads\/sites\/63\/2017\/12\/shoah-radio-300x72.png\" alt=\"\" class=\"wp-image-412\" srcset=\"https:\/\/blogs.univ-jfc.fr\/heritage-historique-europeen\/wp-content\/uploads\/sites\/63\/2017\/12\/shoah-radio-300x72.png 300w, https:\/\/blogs.univ-jfc.fr\/heritage-historique-europeen\/wp-content\/uploads\/sites\/63\/2017\/12\/shoah-radio-768x185.png 768w, https:\/\/blogs.univ-jfc.fr\/heritage-historique-europeen\/wp-content\/uploads\/sites\/63\/2017\/12\/shoah-radio-1024x246.png 1024w, https:\/\/blogs.univ-jfc.fr\/heritage-historique-europeen\/wp-content\/uploads\/sites\/63\/2017\/12\/shoah-radio.png 1385w\" sizes=\"(max-width: 300px) 100vw, 300px\" \/><\/figure><\/div>\n<\/div>\n<\/div>\n\n\n\n<p>Une \u00e9mission en 2 parties (<a href=\"https:\/\/hearthis.at\/radio.albiges\/magshoahparballesep1pad\/\">partie 1<\/a> et <a href=\"https:\/\/hearthis.at\/radio.albiges\/magshoahparballesep2pad\/\">partie 2<\/a>) sur Radio Albig\u00e8s,&nbsp; 2018.<\/p>\n\n\n\n<div class=\"wp-block-columns\">\n<div class=\"wp-block-column\" style=\"flex-basis:100%\">\n<div class=\"wp-block-image\"><figure class=\"aligncenter\"><a href=\"https:\/\/media.univ-jfc.fr\/videos\/?video=MEDIA180406102225740\"><img loading=\"lazy\" width=\"200\" height=\"200\" src=\"http:\/\/blogs.univ-jfc.fr\/heritage-historique-europeen\/wp-content\/uploads\/sites\/63\/2018\/04\/Inauguration-2018.jpg\" alt=\"\" class=\"wp-image-519\" srcset=\"https:\/\/blogs.univ-jfc.fr\/heritage-historique-europeen\/wp-content\/uploads\/sites\/63\/2018\/04\/Inauguration-2018.jpg 200w, https:\/\/blogs.univ-jfc.fr\/heritage-historique-europeen\/wp-content\/uploads\/sites\/63\/2018\/04\/Inauguration-2018-150x150.jpg 150w, https:\/\/blogs.univ-jfc.fr\/heritage-historique-europeen\/wp-content\/uploads\/sites\/63\/2018\/04\/Inauguration-2018-100x100.jpg 100w\" sizes=\"(max-width: 200px) 100vw, 200px\" \/><\/a><\/figure><\/div>\n<\/div>\n<\/div>\n\n\n\n<p><a href=\"https:\/\/media.univ-jfc.fr\/videos\/?video=MEDIA180406102225740\">Emission sp\u00e9ciale \u00ab\u00a0Atout Tarn\u00a0\u00bb<\/a>, Radio Albig\u00e8s, du 4 avril 2018, sur la soir\u00e9e inaugurale du cycle de conf\u00e9rences.<\/p>\n\n\n\n<div class=\"wp-block-columns are-vertically-aligned-center\">\n<div class=\"wp-block-column is-vertically-aligned-center\" style=\"flex-basis:100%\">\n<div class=\"wp-block-image\"><figure class=\"aligncenter\"><img loading=\"lazy\" width=\"150\" height=\"150\" src=\"http:\/\/blogs.univ-jfc.fr\/heritage-historique-europeen\/wp-content\/uploads\/sites\/63\/2017\/12\/d\u00e9peche-150x150.jpg\" alt=\"\" class=\"wp-image-673\" srcset=\"https:\/\/blogs.univ-jfc.fr\/heritage-historique-europeen\/wp-content\/uploads\/sites\/63\/2017\/12\/d\u00e9peche-150x150.jpg 150w, https:\/\/blogs.univ-jfc.fr\/heritage-historique-europeen\/wp-content\/uploads\/sites\/63\/2017\/12\/d\u00e9peche-100x100.jpg 100w\" sizes=\"(max-width: 150px) 100vw, 150px\" \/><\/figure><\/div>\n<\/div>\n<\/div>\n\n\n\n<p>Article dans la <a href=\"https:\/\/www.ladepeche.fr\/2019\/02\/26\/des-etudiants-albigeois-veulent-perpetuer-la-memoire-de-la-shoah,8038620.php\">D\u00e9p\u00eache du Midi<\/a>, 18 mars 2019<\/p>\n\n\n\n<div class=\"wp-block-columns are-vertically-aligned-center\">\n<div class=\"wp-block-column is-vertically-aligned-center\" style=\"flex-basis:100%\">\n<div class=\"wp-block-image\"><figure class=\"aligncenter\"><img loading=\"lazy\" width=\"150\" height=\"150\" src=\"http:\/\/blogs.univ-jfc.fr\/heritage-historique-europeen\/wp-content\/uploads\/sites\/63\/2017\/12\/2019-03-18-15_44_11-\u0422\u0456-\u0449\u0435-\u043d\u043e\u0432\u0438\u043d\u0438-12.03.2019-\u0412\u0430\u0436\u043b\u0438\u0432\u0438\u0439-\u0432\u0456\u0437\u0438\u0442-YouTube-150x150.png\" alt=\"\" class=\"wp-image-669\" srcset=\"https:\/\/blogs.univ-jfc.fr\/heritage-historique-europeen\/wp-content\/uploads\/sites\/63\/2017\/12\/2019-03-18-15_44_11-\u0422\u0456-\u0449\u0435-\u043d\u043e\u0432\u0438\u043d\u0438-12.03.2019-\u0412\u0430\u0436\u043b\u0438\u0432\u0438\u0439-\u0432\u0456\u0437\u0438\u0442-YouTube-150x150.png 150w, https:\/\/blogs.univ-jfc.fr\/heritage-historique-europeen\/wp-content\/uploads\/sites\/63\/2017\/12\/2019-03-18-15_44_11-\u0422\u0456-\u0449\u0435-\u043d\u043e\u0432\u0438\u043d\u0438-12.03.2019-\u0412\u0430\u0436\u043b\u0438\u0432\u0438\u0439-\u0432\u0456\u0437\u0438\u0442-YouTube-100x100.png 100w\" sizes=\"(max-width: 150px) 100vw, 150px\" \/><\/figure><\/div>\n<\/div>\n<\/div>\n\n\n\n<p>En Ukraine, notre venue \u00e0 Odessa en mars 2019 a \u00e9t\u00e9 remarqu\u00e9e par une <a href=\"https:\/\/youtu.be\/kjtQpQDHdck\">t\u00e9l\u00e9vision locale<\/a><\/p>\n\n\n\n<div class=\"wp-block-image\"><figure class=\"aligncenter\"><a href=\"https:\/\/www.facebook.com\/INUChampollion\/\"><img loading=\"lazy\" width=\"150\" height=\"150\" src=\"http:\/\/blogs.univ-jfc.fr\/heritage-historique-europeen\/wp-content\/uploads\/sites\/63\/2017\/09\/facebook-logo-e1519288362787.png\" alt=\"\" class=\"wp-image-419\" \/><\/a><\/figure><\/div>\n","protected":false},"excerpt":{"rendered":"<p>Aupr\u00e8s du public scolaire : Une phase importante du projet est l&rsquo;intervention des \u00e9tudiants aupr\u00e8s des publics coll\u00e9giens et lyc\u00e9ens. &nbsp; Dans les m\u00e9dias: France Culture, \u00ab\u00a0Grand Reportage\u00a0\u00bb d&rsquo;Aur\u00e9lie Kieffer, en date du 6 mai 2022. Ygal Fijalkow, Marie-C\u00e9cile Amat et Ma\u00ebl Cornus s&rsquo;interrogent sur la fa\u00e7on d&rsquo;enseigner la Shoah. Une \u00e9mission sur le projet &hellip; <\/p>\n<p class=\"link-more\"><a href=\"https:\/\/blogs.univ-jfc.fr\/heritage-historique-europeen\/les-activites\/diffusion\/\" class=\"more-link\">Continuer la lecture<span class=\"screen-reader-text\"> de &laquo;&nbsp;Diffusion&nbsp;&raquo;<\/span><\/a><\/p>\n","protected":false},"author":20,"featured_media":0,"parent":29,"menu_order":3,"comment_status":"closed","ping_status":"closed","template":"","meta":[],"_links":{"self":[{"href":"https:\/\/blogs.univ-jfc.fr\/heritage-historique-europeen\/wp-json\/wp\/v2\/pages\/219"}],"collection":[{"href":"https:\/\/blogs.univ-jfc.fr\/heritage-historique-europeen\/wp-json\/wp\/v2\/pages"}],"about":[{"href":"https:\/\/blogs.univ-jfc.fr\/heritage-historique-europeen\/wp-json\/wp\/v2\/types\/page"}],"author":[{"embeddable":true,"href":"https:\/\/blogs.univ-jfc.fr\/heritage-historique-europeen\/wp-json\/wp\/v2\/users\/20"}],"replies":[{"embeddable":true,"href":"https:\/\/blogs.univ-jfc.fr\/heritage-historique-europeen\/wp-json\/wp\/v2\/comments?post=219"}],"version-history":[{"count":18,"href":"https:\/\/blogs.univ-jfc.fr\/heritage-historique-europeen\/wp-json\/wp\/v2\/pages\/219\/revisions"}],"predecessor-version":[{"id":826,"href":"https:\/\/blogs.univ-jfc.fr\/heritage-historique-europeen\/wp-json\/wp\/v2\/pages\/219\/revisions\/826"}],"up":[{"embeddable":true,"href":"https:\/\/blogs.univ-jfc.fr\/heritage-historique-europeen\/wp-json\/wp\/v2\/pages\/29"}],"wp:attachment":[{"href":"https:\/\/blogs.univ-jfc.fr\/heritage-historique-europeen\/wp-json\/wp\/v2\/media?parent=219"}],"curies":[{"name":"wp","href":"https:\/\/api.w.org\/{rel}","templated":true}]}}