{"id":238,"date":"2017-12-04T12:41:14","date_gmt":"2017-12-04T11:41:14","guid":{"rendered":"http:\/\/blogs.univ-jfc.fr\/heritage-historique-europeen\/?page_id=238"},"modified":"2017-12-04T12:53:46","modified_gmt":"2017-12-04T11:53:46","slug":"maxime","status":"publish","type":"page","link":"https:\/\/blogs.univ-jfc.fr\/heritage-historique-europeen\/les-ressources\/paroles-detudiants-2\/maxime\/","title":{"rendered":"Maxime"},"content":{"rendered":"<h1>Maxime est \u00e9tudiant en sociologie. Il a pris sa plume pour raconter \u00e0 sa mani\u00e8re le s\u00e9minaire de terrain 2017.<\/h1>\n<p>&nbsp;<\/p>\n<h1 class=\"entry-title\"><span style=\"color: #ff6600\"><strong>Jour 2 par\u00a0Maxime<\/strong><\/span><\/h1>\n<p>&nbsp;<\/p>\n<div class=\"entry-content\">\n<p><em>Cimeti\u00e8res de Brody<\/em><\/p>\n<p><em>Des pierres tombales,<\/em><\/p>\n<p align=\"justify\">hautes comme des hommes, des femmes, des enfants, debout dans la neige, dress\u00e9es, pench\u00e9es, couch\u00e9es, silencieuses, recouvertes de mousse, de lichen et d\u2019indiff\u00e9rence, entour\u00e9es par la for\u00eat, les hangars, les b\u00e2tisses en construction qui grignotent du terrain.<\/p>\n<p><em>Des pierres tombales,<\/em><\/p>\n<p align=\"justify\">froides comme des corps, regroup\u00e9es dans les plaines, des restes de familles, des restes de villages, de villes, de visages, des miettes de m\u00e9moire et d\u2019histoire oubli\u00e9e, dress\u00e9es face \u00e0 la folie des hommes, face au d\u00e9ni, face \u00e0 la peur.<\/p>\n<p><em>Des pierres tombales,<\/em><\/p>\n<p align=\"justify\">d\u00e9chirant le froid, comme un chant d\u00e9sesp\u00e9r\u00e9, murmurant \u00e0 ceux qui veulent \u00e9couter\u00a0:<br \/>\n\u00ab\u00a0 Nous avons v\u00e9cu l\u00e0.\u00a0\u00bb<\/p>\n<p><em>Des pierres tombales,<\/em><\/p>\n<p>\u00e0 deux doigts de tomber.<\/p>\n<p>Au loin les chiens hurlent.<\/p>\n<\/div>\n<p>&nbsp;<\/p>\n<p><img loading=\"lazy\" class=\"aligncenter size-full wp-image-252\" src=\"http:\/\/blogs.univ-jfc.fr\/heritage-historique-europeen\/wp-content\/uploads\/sites\/63\/2017\/12\/img_9631.jpg\" alt=\"\" width=\"1000\" height=\"609\" srcset=\"https:\/\/blogs.univ-jfc.fr\/heritage-historique-europeen\/wp-content\/uploads\/sites\/63\/2017\/12\/img_9631.jpg 1000w, https:\/\/blogs.univ-jfc.fr\/heritage-historique-europeen\/wp-content\/uploads\/sites\/63\/2017\/12\/img_9631-300x183.jpg 300w, https:\/\/blogs.univ-jfc.fr\/heritage-historique-europeen\/wp-content\/uploads\/sites\/63\/2017\/12\/img_9631-768x468.jpg 768w\" sizes=\"(max-width: 706px) 89vw, (max-width: 767px) 82vw, 740px\" \/><\/p>\n<h1 class=\"entry-title\"><span style=\"color: #ff6600\"><strong>Jour 4 par\u00a0Maxime<\/strong><\/span><\/h1>\n<p>&nbsp;<\/p>\n<div class=\"entry-content\">\n<p><em>For\u00eat de Lyssynytchi<\/em><\/p>\n<p align=\"justify\">Les balades en for\u00eat \u00e7a me rappelle l\u2019enfance. La qu\u00eate aux champignons, les mains de mon p\u00e8re qui serrent les miennes, le visage de ma m\u00e8re ayant peur qu\u2019on se perde, la gadoue sur les bottes et les rires de mon fr\u00e8re. On s\u2019amusait toujours a apprendre les arbres en observant les feuilles, en caressant l\u2019\u00e9corce.<\/p>\n<p align=\"justify\">Aujourd\u2019hui mes mains restent dans mes poches. Je ne reconnais pas d\u2019arbre. Je ne cherche pas vraiment \u00e0 savoir. Aujourd\u2019hui elle est bien loin l\u2019enfance, ensevelie sous le silence des lieux, l\u2019incompr\u00e9hension est une \u00e9paisse couche de glace. L\u00e0 sous mes pieds, sous la neige, les feuilles mortes, l\u2019humus, les racines des grands arbres, reposent 200 000 corps. La terre s\u2019est parfois affaiss\u00e9e, les fosses sont visibles et les grands arbres craquent comme des os bris\u00e9s. 200 000 corps, fusill\u00e9s froidement pour leur culture, leur foi, leurs opinions politiques<\/p>\n<p align=\"justify\">Elle est si loin l\u2019enfance. Je p\u00e8se au moins cent ans. Alors je marche, non pas en qu\u00eate de champignons mais en qu\u00eate d\u2019un signe, d\u2019un petit brin d\u2019espoir. J\u2019ai peur de me perdre, de rester bloqu\u00e9 ici ou dans ma t\u00eate, d\u2019emprunter les chemins qui ne m\u00e8nent qu\u2019au silence et \u00e0 la mort. Je serre les poings dans mes poches, Papa n\u2019est pas l\u00e0 aujourd\u2019hui. La gorge serr\u00e9e, il faut que je respire, que j\u2019emplisse mes poumons au moins 200 000 fois, au moins 200 000 fois\u2026<\/p>\n<p align=\"justify\">Au dessus de ma t\u00eate, le vent fait danser les cimes et les branches murmurent. Que peuvent-elles bien se dire\u00a0? Parlent-elles d\u2019avant\u00a0? Parlent-elles des saisons\u00a0? Les troncs craquent et poussent de longues plaintes. Leurs racines sont ancr\u00e9es profond\u00e9ment dans la terre. Elles semblent puiser leurs forces dans les couches de pass\u00e9, aux abords des fosses qui se r\u00e9v\u00e8lent. Peut-\u00eatre ont-ils pouss\u00e9s sur les corps anonymes, sur les visages \u00e0 jamais silencieux. Magnifiques, majestueux, debout, 200 000 peut \u00eatre, ils chuchotent et ils dansent. Sous mes yeux, les troncs \u00e9lanc\u00e9s deviennent des visages et des corps pleins de vie. Je reconnais Sarah, Herold, Anna, Isaac et tous les autres, ils balancent dans le vent, fiers et paisibles.<\/p>\n<p>Faites qu\u2019ils ne s\u2019arr\u00eatent jamais de murmurer.<\/p>\n<p>Faites qu\u2019ils dansent encore, qu\u2019ils ne cessent jamais de se tenir debout.<\/p>\n<p>Elle est si loin l\u2019enfance.<\/p>\n<p>Je ne pourrai plus voir les for\u00eats de la m\u00eame mani\u00e8re.<\/p>\n<\/div>\n<p><img loading=\"lazy\" class=\"aligncenter size-full wp-image-251\" src=\"http:\/\/blogs.univ-jfc.fr\/heritage-historique-europeen\/wp-content\/uploads\/sites\/63\/2017\/12\/forc3aat-de-lissinichi-oc3b9-furent-exc3a9cutc3a9s-et-enterrc3a9s-prc3a8s-de-200-000-juifs.jpg\" alt=\"\" width=\"700\" height=\"467\" srcset=\"https:\/\/blogs.univ-jfc.fr\/heritage-historique-europeen\/wp-content\/uploads\/sites\/63\/2017\/12\/forc3aat-de-lissinichi-oc3b9-furent-exc3a9cutc3a9s-et-enterrc3a9s-prc3a8s-de-200-000-juifs.jpg 700w, https:\/\/blogs.univ-jfc.fr\/heritage-historique-europeen\/wp-content\/uploads\/sites\/63\/2017\/12\/forc3aat-de-lissinichi-oc3b9-furent-exc3a9cutc3a9s-et-enterrc3a9s-prc3a8s-de-200-000-juifs-300x200.jpg 300w\" sizes=\"(max-width: 700px) 100vw, 700px\" \/><\/p>\n<div class=\"entry-content\">\n<p>&nbsp;<\/p>\n<\/div>\n<h1 class=\"entry-title\"><span style=\"color: #ff6600\"><strong>Jour 4 par\u00a0Maxime<\/strong><\/span><\/h1>\n<p>&nbsp;<\/p>\n<div class=\"entry-content\">\n<p><em>Mikhail<\/em><\/p>\n<p align=\"justify\">Dans ses yeux, il y a comme de la neige, un voile \u00e9pais et froid, des cendres fig\u00e9es, par un hiver sans fin. Quand il parle d\u2019avant ses pupilles s\u2019agitent. Elles ne savent pas o\u00f9 se poser malgr\u00e9 la fatigue et le poids des souvenirs.<\/p>\n<p>Il sait. Il a vu.<\/p>\n<p align=\"justify\">Sa voix tremble comme si les mots ne demandaient qu\u2019\u00e0 exploser pour maculer le sol de sa m\u00e9moire trop lourde. Alors il parle. Beaucoup. Tr\u00e8s vite. Il semble presque vomir ses mots et sa souffrance pour \u00f4ter les tra\u00een\u00e9es de sang incrust\u00e9es dans son cr\u00e2ne. Mais la neige ne tient plus. Elle fond au fur et \u00e0 mesure de son r\u00e9cit. De son regard mouill\u00e9 il balaye la plaine.<\/p>\n<p>Il sait. Il a vu.<\/p>\n<p align=\"justify\">Il a vu les nazis, le massacre des juifs, les balles dans la nuque \u00e0 bout portant, les enfants tra\u00een\u00e9es comme des chiens derri\u00e8re des voitures, la fosse commune se remplir, la terre bouger au dessus des cadavres.<\/p>\n<p>Il sait. Il a vu.<\/p>\n<p align=\"justify\">Il parcourt le champ de ses yeux embu\u00e9s. Il revit les horreurs. Quand son regard croise le mien, je me sens tout petit, ridiculement petit, minuscule, un gamin qui ne sait pas, qui n\u2019a rien vu. Les saloperies de la guerre je ne les connais qu\u2019\u00e0 travers les bouquins. A travers son discours, il r\u00e9v\u00e8le l\u2019indicible, l\u2019inimaginable. Il redonne existence \u00e0 tous les disparus. Il nous attendait depuis longtemps, depuis trop longtemps. L\u2019avait-on d\u00e9j\u00e0 \u00e9cout\u00e9 auparavant\u00a0?<\/p>\n<p>Il sait. Il a vu.<\/p>\n<p>Dans ses yeux, il y avait de la neige.<\/p>\n<p>J\u2019aime \u00e0 penser qu\u2019elle ne g\u00e8lera plus.<\/p>\n<p>Un dernier regard.<\/p>\n<p>Une poign\u00e9e de main.<\/p>\n<p>Nous devons partir.<\/p>\n<p>Demain nous rentrerons en France.<\/p>\n<\/div>\n<p><img loading=\"lazy\" class=\"aligncenter size-full wp-image-253\" src=\"http:\/\/blogs.univ-jfc.fr\/heritage-historique-europeen\/wp-content\/uploads\/sites\/63\/2017\/12\/vassyl-malheureux-tc3a9moin-du-massacre-dune-centaine-de-tsiganes-c3a0-piatykory.jpg\" alt=\"\" width=\"700\" height=\"467\" srcset=\"https:\/\/blogs.univ-jfc.fr\/heritage-historique-europeen\/wp-content\/uploads\/sites\/63\/2017\/12\/vassyl-malheureux-tc3a9moin-du-massacre-dune-centaine-de-tsiganes-c3a0-piatykory.jpg 700w, https:\/\/blogs.univ-jfc.fr\/heritage-historique-europeen\/wp-content\/uploads\/sites\/63\/2017\/12\/vassyl-malheureux-tc3a9moin-du-massacre-dune-centaine-de-tsiganes-c3a0-piatykory-300x200.jpg 300w\" sizes=\"(max-width: 700px) 100vw, 700px\" \/><\/p>\n","protected":false},"excerpt":{"rendered":"<p>Maxime est \u00e9tudiant en sociologie. Il a pris sa plume pour raconter \u00e0 sa mani\u00e8re le s\u00e9minaire de terrain 2017. &nbsp; Jour 2 par\u00a0Maxime &nbsp; Cimeti\u00e8res de Brody Des pierres tombales, hautes comme des hommes, des femmes, des enfants, debout dans la neige, dress\u00e9es, pench\u00e9es, couch\u00e9es, silencieuses, recouvertes de mousse, de lichen et d\u2019indiff\u00e9rence, entour\u00e9es &hellip; <\/p>\n<p class=\"link-more\"><a href=\"https:\/\/blogs.univ-jfc.fr\/heritage-historique-europeen\/les-ressources\/paroles-detudiants-2\/maxime\/\" class=\"more-link\">Continuer la lecture<span class=\"screen-reader-text\"> de &laquo;&nbsp;Maxime&nbsp;&raquo;<\/span><\/a><\/p>\n","protected":false},"author":20,"featured_media":0,"parent":236,"menu_order":1,"comment_status":"closed","ping_status":"closed","template":"","meta":[],"_links":{"self":[{"href":"https:\/\/blogs.univ-jfc.fr\/heritage-historique-europeen\/wp-json\/wp\/v2\/pages\/238"}],"collection":[{"href":"https:\/\/blogs.univ-jfc.fr\/heritage-historique-europeen\/wp-json\/wp\/v2\/pages"}],"about":[{"href":"https:\/\/blogs.univ-jfc.fr\/heritage-historique-europeen\/wp-json\/wp\/v2\/types\/page"}],"author":[{"embeddable":true,"href":"https:\/\/blogs.univ-jfc.fr\/heritage-historique-europeen\/wp-json\/wp\/v2\/users\/20"}],"replies":[{"embeddable":true,"href":"https:\/\/blogs.univ-jfc.fr\/heritage-historique-europeen\/wp-json\/wp\/v2\/comments?post=238"}],"version-history":[{"count":6,"href":"https:\/\/blogs.univ-jfc.fr\/heritage-historique-europeen\/wp-json\/wp\/v2\/pages\/238\/revisions"}],"predecessor-version":[{"id":254,"href":"https:\/\/blogs.univ-jfc.fr\/heritage-historique-europeen\/wp-json\/wp\/v2\/pages\/238\/revisions\/254"}],"up":[{"embeddable":true,"href":"https:\/\/blogs.univ-jfc.fr\/heritage-historique-europeen\/wp-json\/wp\/v2\/pages\/236"}],"wp:attachment":[{"href":"https:\/\/blogs.univ-jfc.fr\/heritage-historique-europeen\/wp-json\/wp\/v2\/media?parent=238"}],"curies":[{"name":"wp","href":"https:\/\/api.w.org\/{rel}","templated":true}]}}