{"id":30,"date":"2017-09-25T13:01:36","date_gmt":"2017-09-25T11:01:36","guid":{"rendered":"http:\/\/blogs.univ-jfc.fr\/heritage-historique-europeen\/?page_id=30"},"modified":"2022-12-14T08:52:22","modified_gmt":"2022-12-14T07:52:22","slug":"les-conferences","status":"publish","type":"page","link":"https:\/\/blogs.univ-jfc.fr\/heritage-historique-europeen\/les-activites\/les-conferences\/","title":{"rendered":"Les conf\u00e9rences"},"content":{"rendered":"\n<p>Chaque ann\u00e9e, les travaux des \u00e9tudiants sont restitu\u00e9s lors de cycles de conf\u00e9rences ouverts au public.<\/p>\n\n\n<div id='gallery-1' class='gallery galleryid-30 gallery-columns-4 gallery-size-thumbnail'><figure class='gallery-item'>\n\t\t\t<div class='gallery-icon portrait'>\n\t\t\t\t<a href='https:\/\/blogs.univ-jfc.fr\/heritage-historique-europeen\/les-activites\/diffusion\/radio-cordes\/'><img width=\"150\" height=\"150\" src=\"https:\/\/blogs.univ-jfc.fr\/heritage-historique-europeen\/wp-content\/uploads\/sites\/63\/2017\/12\/radio-cordes-150x150.png\" class=\"attachment-thumbnail size-thumbnail\" alt=\"\" loading=\"lazy\" srcset=\"https:\/\/blogs.univ-jfc.fr\/heritage-historique-europeen\/wp-content\/uploads\/sites\/63\/2017\/12\/radio-cordes-150x150.png 150w, https:\/\/blogs.univ-jfc.fr\/heritage-historique-europeen\/wp-content\/uploads\/sites\/63\/2017\/12\/radio-cordes-100x100.png 100w\" sizes=\"100vw\" \/><\/a>\n\t\t\t<\/div><\/figure><figure class='gallery-item'>\n\t\t\t<div class='gallery-icon portrait'>\n\t\t\t\t<a href='https:\/\/blogs.univ-jfc.fr\/heritage-historique-europeen\/les-activites\/les-conferences\/invitation24mars20-page-001\/'><img width=\"150\" height=\"150\" src=\"https:\/\/blogs.univ-jfc.fr\/heritage-historique-europeen\/wp-content\/uploads\/sites\/63\/2017\/09\/Invitation24mars20-page-001-150x150.jpg\" class=\"attachment-thumbnail size-thumbnail\" alt=\"\" loading=\"lazy\" srcset=\"https:\/\/blogs.univ-jfc.fr\/heritage-historique-europeen\/wp-content\/uploads\/sites\/63\/2017\/09\/Invitation24mars20-page-001-150x150.jpg 150w, https:\/\/blogs.univ-jfc.fr\/heritage-historique-europeen\/wp-content\/uploads\/sites\/63\/2017\/09\/Invitation24mars20-page-001-100x100.jpg 100w\" sizes=\"100vw\" \/><\/a>\n\t\t\t<\/div><\/figure><figure class='gallery-item'>\n\t\t\t<div class='gallery-icon portrait'>\n\t\t\t\t<a href='https:\/\/blogs.univ-jfc.fr\/heritage-historique-europeen\/les-activites\/les-conferences\/invitation16avril19-page-001\/'><img width=\"150\" height=\"150\" src=\"https:\/\/blogs.univ-jfc.fr\/heritage-historique-europeen\/wp-content\/uploads\/sites\/63\/2017\/09\/Invitation16Avril19-page-001-150x150.jpg\" class=\"attachment-thumbnail size-thumbnail\" alt=\"\" loading=\"lazy\" srcset=\"https:\/\/blogs.univ-jfc.fr\/heritage-historique-europeen\/wp-content\/uploads\/sites\/63\/2017\/09\/Invitation16Avril19-page-001-150x150.jpg 150w, https:\/\/blogs.univ-jfc.fr\/heritage-historique-europeen\/wp-content\/uploads\/sites\/63\/2017\/09\/Invitation16Avril19-page-001-100x100.jpg 100w\" sizes=\"100vw\" \/><\/a>\n\t\t\t<\/div><\/figure><figure class='gallery-item'>\n\t\t\t<div class='gallery-icon landscape'>\n\t\t\t\t<a href='https:\/\/blogs.univ-jfc.fr\/heritage-historique-europeen\/les-activites\/les-conferences\/29186244_355037084993044_337008346881829781_n\/'><img width=\"150\" height=\"150\" src=\"https:\/\/blogs.univ-jfc.fr\/heritage-historique-europeen\/wp-content\/uploads\/sites\/63\/2018\/04\/29186244_355037084993044_337008346881829781_n-150x150.png\" class=\"attachment-thumbnail size-thumbnail\" alt=\"\" loading=\"lazy\" srcset=\"https:\/\/blogs.univ-jfc.fr\/heritage-historique-europeen\/wp-content\/uploads\/sites\/63\/2018\/04\/29186244_355037084993044_337008346881829781_n-150x150.png 150w, https:\/\/blogs.univ-jfc.fr\/heritage-historique-europeen\/wp-content\/uploads\/sites\/63\/2018\/04\/29186244_355037084993044_337008346881829781_n-100x100.png 100w, https:\/\/blogs.univ-jfc.fr\/heritage-historique-europeen\/wp-content\/uploads\/sites\/63\/2018\/04\/29186244_355037084993044_337008346881829781_n.png 200w\" sizes=\"100vw\" \/><\/a>\n\t\t\t<\/div><\/figure>\n\t\t<\/div>\n\n<p>\u00a0<\/p>\n<p>\u00a0<\/p>\n<p><a href=\"https:\/\/media.univ-jfc.fr\/channels\/Histoire\/vodplayer\/106\"><img loading=\"lazy\" class=\"aligncenter size-large wp-image-803\" src=\"http:\/\/blogs.univ-jfc.fr\/heritage-historique-europeen\/wp-content\/uploads\/sites\/63\/2022\/04\/Sans-titre-1024x385.png\" alt=\"\" width=\"525\" height=\"197\" srcset=\"https:\/\/blogs.univ-jfc.fr\/heritage-historique-europeen\/wp-content\/uploads\/sites\/63\/2022\/04\/Sans-titre-1024x385.png 1024w, https:\/\/blogs.univ-jfc.fr\/heritage-historique-europeen\/wp-content\/uploads\/sites\/63\/2022\/04\/Sans-titre-300x113.png 300w, https:\/\/blogs.univ-jfc.fr\/heritage-historique-europeen\/wp-content\/uploads\/sites\/63\/2022\/04\/Sans-titre-768x289.png 768w, https:\/\/blogs.univ-jfc.fr\/heritage-historique-europeen\/wp-content\/uploads\/sites\/63\/2022\/04\/Sans-titre.png 1350w\" sizes=\"(max-width: 525px) 100vw, 525px\" \/><\/a><\/p>\n<p>\u00a0<\/p>\n<hr \/>\n<h5>Le Cycle de conf\u00e9rences 2020<\/h5>\n<p>\u00a0<\/p>\n<p style=\"text-align: justify\">En raison du confinement li\u00e9 \u00e0 l&rsquo;\u00e9pid\u00e9mie de Coronavirus, la semaine de Lutte contre le racisme a \u00e9t\u00e9 annul\u00e9e en 2020. N\u00e9anmoins, les \u00e9tudiants ont pr\u00e9sent\u00e9 leur voyage en Bi\u00e9lorussie lors d&rsquo;une soir\u00e9e sp\u00e9ciale, o\u00f9 ils ont projet\u00e9 un documentaire de leur r\u00e9alisation .<\/p>\n<p>\u00a0<\/p>\n<p><img loading=\"lazy\" class=\"aligncenter wp-image-699 size-medium\" src=\"http:\/\/blogs.univ-jfc.fr\/heritage-historique-europeen\/wp-content\/uploads\/sites\/63\/2017\/09\/Invitation24mars20-page-001-200x300.jpg\" alt=\"\" width=\"200\" height=\"300\" srcset=\"https:\/\/blogs.univ-jfc.fr\/heritage-historique-europeen\/wp-content\/uploads\/sites\/63\/2017\/09\/Invitation24mars20-page-001-200x300.jpg 200w, https:\/\/blogs.univ-jfc.fr\/heritage-historique-europeen\/wp-content\/uploads\/sites\/63\/2017\/09\/Invitation24mars20-page-001-768x1152.jpg 768w, https:\/\/blogs.univ-jfc.fr\/heritage-historique-europeen\/wp-content\/uploads\/sites\/63\/2017\/09\/Invitation24mars20-page-001-682x1024.jpg 682w, https:\/\/blogs.univ-jfc.fr\/heritage-historique-europeen\/wp-content\/uploads\/sites\/63\/2017\/09\/Invitation24mars20-page-001.jpg 1181w\" sizes=\"(max-width: 200px) 100vw, 200px\" \/><\/p>\n<p>\u00a0<\/p>\n<hr \/>\n<h5>Le cycle de conf\u00e9rences 2019<\/h5>\n<p>\u00a0<\/p>\n<p>Retrouvez la <a href=\"https:\/\/media.univ-jfc.fr\/videos\/?video=MEDIA190409194313700\">vid\u00e9o de pr\u00e9sentation du cycle<\/a>.<\/p>\n<div id='gallery-2' class='gallery galleryid-30 gallery-columns-2 gallery-size-medium'><figure class='gallery-item'>\n\t\t\t<div class='gallery-icon portrait'>\n\t\t\t\t<a href='https:\/\/blogs.univ-jfc.fr\/heritage-historique-europeen\/les-activites\/les-conferences\/invitation16avril19-page-001\/'><img width=\"200\" height=\"300\" src=\"https:\/\/blogs.univ-jfc.fr\/heritage-historique-europeen\/wp-content\/uploads\/sites\/63\/2017\/09\/Invitation16Avril19-page-001-200x300.jpg\" class=\"attachment-medium size-medium\" alt=\"\" loading=\"lazy\" srcset=\"https:\/\/blogs.univ-jfc.fr\/heritage-historique-europeen\/wp-content\/uploads\/sites\/63\/2017\/09\/Invitation16Avril19-page-001-200x300.jpg 200w, https:\/\/blogs.univ-jfc.fr\/heritage-historique-europeen\/wp-content\/uploads\/sites\/63\/2017\/09\/Invitation16Avril19-page-001-768x1152.jpg 768w, https:\/\/blogs.univ-jfc.fr\/heritage-historique-europeen\/wp-content\/uploads\/sites\/63\/2017\/09\/Invitation16Avril19-page-001-682x1024.jpg 682w, https:\/\/blogs.univ-jfc.fr\/heritage-historique-europeen\/wp-content\/uploads\/sites\/63\/2017\/09\/Invitation16Avril19-page-001.jpg 1181w\" sizes=\"100vw\" \/><\/a>\n\t\t\t<\/div><\/figure><figure class='gallery-item'>\n\t\t\t<div class='gallery-icon portrait'>\n\t\t\t\t<a href='https:\/\/blogs.univ-jfc.fr\/heritage-historique-europeen\/les-activites\/les-conferences\/conf2019-1-page-001\/'><img width=\"212\" height=\"300\" src=\"https:\/\/blogs.univ-jfc.fr\/heritage-historique-europeen\/wp-content\/uploads\/sites\/63\/2017\/09\/conf2019-1-page-001-212x300.jpg\" class=\"attachment-medium size-medium\" alt=\"\" loading=\"lazy\" srcset=\"https:\/\/blogs.univ-jfc.fr\/heritage-historique-europeen\/wp-content\/uploads\/sites\/63\/2017\/09\/conf2019-1-page-001-212x300.jpg 212w, https:\/\/blogs.univ-jfc.fr\/heritage-historique-europeen\/wp-content\/uploads\/sites\/63\/2017\/09\/conf2019-1-page-001-768x1086.jpg 768w, https:\/\/blogs.univ-jfc.fr\/heritage-historique-europeen\/wp-content\/uploads\/sites\/63\/2017\/09\/conf2019-1-page-001-724x1024.jpg 724w\" sizes=\"100vw\" \/><\/a>\n\t\t\t<\/div><\/figure>\n\t\t<\/div>\n\n<p>\u00a0<\/p>\n<hr \/>\n<p>\u00a0<\/p>\n<p style=\"text-align: center\"><div id=\"metaslider-id-258\" style=\"max-width: 300px;\" class=\"ml-slider-3-27-5 metaslider metaslider-nivo metaslider-258 ml-slider ms-theme-nivo-dark has-dots-nav\">\n    <div id=\"metaslider_container_258\">\n        <div class='slider-wrapper theme-default'><div class='ribbon'><\/div><div id='metaslider_258' class='nivoSlider'><img src=\"https:\/\/blogs.univ-jfc.fr\/heritage-historique-europeen\/wp-content\/uploads\/sites\/63\/2017\/12\/17426316_10211159348792816_6082661025122770671_n-300x250.jpg\" height=\"250\" width=\"300\" alt=\"\" class=\"slider-258 slide-263\" \/><img src=\"https:\/\/blogs.univ-jfc.fr\/heritage-historique-europeen\/wp-content\/uploads\/sites\/63\/2017\/12\/17498821_10211150966623267_7953743852509082538_n-300x250.jpg\" height=\"250\" width=\"300\" alt=\"\" class=\"slider-258 slide-264\" \/><img src=\"https:\/\/blogs.univ-jfc.fr\/heritage-historique-europeen\/wp-content\/uploads\/sites\/63\/2017\/12\/18557104_1299741546800019_1487476038340771887_n-300x250.jpg\" height=\"250\" width=\"300\" alt=\"\" class=\"slider-258 slide-265\" \/><img src=\"https:\/\/blogs.univ-jfc.fr\/heritage-historique-europeen\/wp-content\/uploads\/sites\/63\/2017\/12\/18664147_1299740086800165_7816577446848533991_n-300x250.jpg\" height=\"250\" width=\"300\" alt=\"\" class=\"slider-258 slide-266\" \/><img src=\"https:\/\/blogs.univ-jfc.fr\/heritage-historique-europeen\/wp-content\/uploads\/sites\/63\/2018\/04\/29542184_358998107930275_3195467350298444827_n-200x166.jpg\" height=\"250\" width=\"300\" alt=\"\" class=\"slider-258 slide-530\" \/><img src=\"https:\/\/blogs.univ-jfc.fr\/heritage-historique-europeen\/wp-content\/uploads\/sites\/63\/2018\/04\/29512008_358641954632557_3074721385523888280_n-200x166.jpg\" height=\"250\" width=\"300\" alt=\"\" class=\"slider-258 slide-531\" \/><img src=\"https:\/\/blogs.univ-jfc.fr\/heritage-historique-europeen\/wp-content\/uploads\/sites\/63\/2018\/04\/29496758_359043154592437_7121303352180931731_n-200x166.jpg\" height=\"250\" width=\"300\" alt=\"\" class=\"slider-258 slide-532\" \/><img src=\"https:\/\/blogs.univ-jfc.fr\/heritage-historique-europeen\/wp-content\/uploads\/sites\/63\/2018\/04\/29468996_358198598010226_1665483612752189596_n-200x166.jpg\" height=\"250\" width=\"300\" alt=\"\" class=\"slider-258 slide-533\" \/><img src=\"https:\/\/blogs.univ-jfc.fr\/heritage-historique-europeen\/wp-content\/uploads\/sites\/63\/2018\/04\/29426114_358132404683512_4481859051396846282_n-300x250.jpg\" height=\"250\" width=\"300\" alt=\"\" class=\"slider-258 slide-534\" \/><img src=\"https:\/\/blogs.univ-jfc.fr\/heritage-historique-europeen\/wp-content\/uploads\/sites\/63\/2018\/04\/29425011_358193208010765_6108550199103189156_n-200x166.jpg\" height=\"250\" width=\"300\" alt=\"\" class=\"slider-258 slide-535\" \/><img src=\"https:\/\/blogs.univ-jfc.fr\/heritage-historique-europeen\/wp-content\/uploads\/sites\/63\/2018\/04\/29389302_357935441369875_4129695517095931213_n-200x166.jpg\" height=\"250\" width=\"300\" alt=\"\" class=\"slider-258 slide-536\" \/><img src=\"https:\/\/blogs.univ-jfc.fr\/heritage-historique-europeen\/wp-content\/uploads\/sites\/63\/2018\/04\/Inauguration-2018-200x166.jpg\" height=\"250\" width=\"300\" alt=\"\" class=\"slider-258 slide-537\" \/><\/div><\/div>\n        \n    <\/div>\n<\/div><\/p>\n<p>\u00a0<\/p>\n<p>\u00a0<\/p>\n<p style=\"text-align: center\"><a href=\"https:\/\/www.facebook.com\/INUChampollion\/\"><strong>Suivez les conf\u00e9rences, le programme des activit\u00e9s et bien plus gr\u00e2ce \u00e0 notre page Facebook<\/strong>\u00a0<img loading=\"lazy\" class=\"aligncenter size-full wp-image-419\" src=\"http:\/\/blogs.univ-jfc.fr\/heritage-historique-europeen\/wp-content\/uploads\/sites\/63\/2017\/09\/facebook-logo-e1519288362787.png\" alt=\"\" width=\"150\" height=\"150\" \/><\/a><\/p>\n\n\n<p><\/p>\n\n\n\n<p><\/p>\n","protected":false},"excerpt":{"rendered":"<p>Chaque ann\u00e9e, les travaux des \u00e9tudiants sont restitu\u00e9s lors de cycles de conf\u00e9rences ouverts au public. \u00a0 \u00a0 \u00a0 Le Cycle de conf\u00e9rences 2020 \u00a0 En raison du confinement li\u00e9 \u00e0 l&rsquo;\u00e9pid\u00e9mie de Coronavirus, la semaine de Lutte contre le racisme a \u00e9t\u00e9 annul\u00e9e en 2020. N\u00e9anmoins, les \u00e9tudiants ont pr\u00e9sent\u00e9 leur voyage en Bi\u00e9lorussie &hellip; <\/p>\n<p class=\"link-more\"><a href=\"https:\/\/blogs.univ-jfc.fr\/heritage-historique-europeen\/les-activites\/les-conferences\/\" class=\"more-link\">Continuer la lecture<span class=\"screen-reader-text\"> de &laquo;&nbsp;Les conf\u00e9rences&nbsp;&raquo;<\/span><\/a><\/p>\n","protected":false},"author":20,"featured_media":0,"parent":29,"menu_order":2,"comment_status":"closed","ping_status":"closed","template":"","meta":[],"_links":{"self":[{"href":"https:\/\/blogs.univ-jfc.fr\/heritage-historique-europeen\/wp-json\/wp\/v2\/pages\/30"}],"collection":[{"href":"https:\/\/blogs.univ-jfc.fr\/heritage-historique-europeen\/wp-json\/wp\/v2\/pages"}],"about":[{"href":"https:\/\/blogs.univ-jfc.fr\/heritage-historique-europeen\/wp-json\/wp\/v2\/types\/page"}],"author":[{"embeddable":true,"href":"https:\/\/blogs.univ-jfc.fr\/heritage-historique-europeen\/wp-json\/wp\/v2\/users\/20"}],"replies":[{"embeddable":true,"href":"https:\/\/blogs.univ-jfc.fr\/heritage-historique-europeen\/wp-json\/wp\/v2\/comments?post=30"}],"version-history":[{"count":37,"href":"https:\/\/blogs.univ-jfc.fr\/heritage-historique-europeen\/wp-json\/wp\/v2\/pages\/30\/revisions"}],"predecessor-version":[{"id":842,"href":"https:\/\/blogs.univ-jfc.fr\/heritage-historique-europeen\/wp-json\/wp\/v2\/pages\/30\/revisions\/842"}],"up":[{"embeddable":true,"href":"https:\/\/blogs.univ-jfc.fr\/heritage-historique-europeen\/wp-json\/wp\/v2\/pages\/29"}],"wp:attachment":[{"href":"https:\/\/blogs.univ-jfc.fr\/heritage-historique-europeen\/wp-json\/wp\/v2\/media?parent=30"}],"curies":[{"name":"wp","href":"https:\/\/api.w.org\/{rel}","templated":true}]}}