{"id":31,"date":"2017-09-25T13:01:36","date_gmt":"2017-09-25T11:01:36","guid":{"rendered":"http:\/\/blogs.univ-jfc.fr\/heritage-historique-europeen\/?page_id=31"},"modified":"2022-12-13T19:51:09","modified_gmt":"2022-12-13T18:51:09","slug":"le-voyage","status":"publish","type":"page","link":"https:\/\/blogs.univ-jfc.fr\/heritage-historique-europeen\/les-actions-recherche\/le-voyage\/","title":{"rendered":"Le s\u00e9minaire de terrain"},"content":{"rendered":"<h1>\u00a0<div id=\"metaslider-id-277\" style=\"max-width: 700px;\" class=\"ml-slider-3-27-5 metaslider metaslider-nivo metaslider-277 ml-slider ms-theme-nivo-dark has-dots-nav\">\n    <div id=\"metaslider_container_277\">\n        <div class='slider-wrapper theme-default'><div class='ribbon'><\/div><div id='metaslider_277' class='nivoSlider'><img src=\"https:\/\/blogs.univ-jfc.fr\/heritage-historique-europeen\/wp-content\/uploads\/sites\/63\/2017\/12\/amis-denfance-paulina-et-mikhac3aflo-ont-tous-deux-assistc3a9-c3a0-des-fusillades-c3a0-bolekhiv-700x300.jpg\" height=\"300\" width=\"700\" alt=\"\" class=\"slider-277 slide-302\" \/><img src=\"https:\/\/blogs.univ-jfc.fr\/heritage-historique-europeen\/wp-content\/uploads\/sites\/63\/2017\/12\/a-radyvyliv-les-frontic3a8res-du-ghetto-nexistent-plus-que-dans-les-souvenirs-de-volodymyr-700x300.jpg\" height=\"300\" width=\"700\" alt=\"\" class=\"slider-277 slide-303\" \/><img src=\"https:\/\/blogs.univ-jfc.fr\/heritage-historique-europeen\/wp-content\/uploads\/sites\/63\/2017\/12\/brody-_-au-milieu-du-village-limposante-synagogue-en-ruine-depuis-la-guerre-menace-de-seffondrer6-700x300.jpg\" height=\"300\" width=\"700\" alt=\"\" class=\"slider-277 slide-304\" \/><img src=\"https:\/\/blogs.univ-jfc.fr\/heritage-historique-europeen\/wp-content\/uploads\/sites\/63\/2017\/12\/cimetic3a8re-juif-de-brody3-700x300.jpg\" height=\"300\" width=\"700\" alt=\"\" class=\"slider-277 slide-305\" \/><img src=\"https:\/\/blogs.univ-jfc.fr\/heritage-historique-europeen\/wp-content\/uploads\/sites\/63\/2017\/12\/emus-lair-grave-les-c3a9tudiants-c3a9coutent-mykhac3aflo-prc3a9sent-lors-de-la-fusillade-des-juifs-de-bolekhiv-700x300.jpg\" height=\"300\" width=\"700\" alt=\"\" class=\"slider-277 slide-306\" \/><img src=\"https:\/\/blogs.univ-jfc.fr\/heritage-historique-europeen\/wp-content\/uploads\/sites\/63\/2017\/12\/img_00391-700x300.jpg\" height=\"300\" width=\"700\" alt=\"\" class=\"slider-277 slide-307\" \/><img src=\"https:\/\/blogs.univ-jfc.fr\/heritage-historique-europeen\/wp-content\/uploads\/sites\/63\/2017\/12\/lc3a9motion-c3a0-lc3a9coute-du-tc3a9moignage-puissant-de-mykhac3aflo-sur-la-fusillade-des-juifs-de-bolekhiv-700x300.jpg\" height=\"300\" width=\"700\" alt=\"\" class=\"slider-277 slide-308\" \/><img src=\"https:\/\/blogs.univ-jfc.fr\/heritage-historique-europeen\/wp-content\/uploads\/sites\/63\/2017\/12\/lc3a9quipe-de-lueo-et-de-yahad-in-unum-avec-les-reprc3a9sentants-dune-des-communautc3a9s-juives-de-lutsk-700x300.jpg\" height=\"300\" width=\"700\" alt=\"\" class=\"slider-277 slide-309\" \/><img src=\"https:\/\/blogs.univ-jfc.fr\/heritage-historique-europeen\/wp-content\/uploads\/sites\/63\/2017\/12\/le-cimetic3a8re-juif-de-bolekhiv-du-xviie-sic3a8cle-c3a0-labandon-depuis-la-seconde-guerre-mondial1-370x158.jpg\" height=\"300\" width=\"700\" alt=\"\" class=\"slider-277 slide-310\" \/><img src=\"https:\/\/blogs.univ-jfc.fr\/heritage-historique-europeen\/wp-content\/uploads\/sites\/63\/2017\/12\/le-groupe-dc3a9tude-et-le-guide-volodymyr-dans-la-ville-de-lviv-700x300.jpg\" height=\"300\" width=\"700\" alt=\"\" class=\"slider-277 slide-311\" \/><img src=\"https:\/\/blogs.univ-jfc.fr\/heritage-historique-europeen\/wp-content\/uploads\/sites\/63\/2017\/12\/le-tc3a9moin-vassyl-revenu-sur-le-site-de-massacre-de-piatykory-700x300.jpg\" height=\"300\" width=\"700\" alt=\"\" class=\"slider-277 slide-312\" \/><img src=\"https:\/\/blogs.univ-jfc.fr\/heritage-historique-europeen\/wp-content\/uploads\/sites\/63\/2017\/12\/mc3a9morial-aux-franc3a7ais-et-belges-du-stalag-325-morts-c3a0-rawa-ruska1-700x300.jpg\" height=\"300\" width=\"700\" alt=\"\" class=\"slider-277 slide-313\" \/><img src=\"https:\/\/blogs.univ-jfc.fr\/heritage-historique-europeen\/wp-content\/uploads\/sites\/63\/2017\/12\/mikhac3aflo-tc3a9moin-oculaire-de-la-fusillade-des-juifs-de-bolekhiv-nous-guide-vers-lentrc3a9e-du-cimetic3a8re-juif-de-bolekhiv-700x300.jpg\" height=\"300\" width=\"700\" alt=\"\" class=\"slider-277 slide-314\" \/><img src=\"https:\/\/blogs.univ-jfc.fr\/heritage-historique-europeen\/wp-content\/uploads\/sites\/63\/2017\/12\/mikhac3aflo-tc3a9moin-oculaire-de-la-fusillade-des-juifs-devant-lancienne-synagogue-de-bolekhiv-700x300.jpg\" height=\"300\" width=\"700\" alt=\"\" class=\"slider-277 slide-315\" \/><img src=\"https:\/\/blogs.univ-jfc.fr\/heritage-historique-europeen\/wp-content\/uploads\/sites\/63\/2017\/12\/mikhac3aflo-tc3a9moin-oculaire-de-lune-des-fusillades-de-bolekhiv-700x300.jpg\" height=\"300\" width=\"700\" alt=\"\" class=\"slider-277 slide-316\" \/><img src=\"https:\/\/blogs.univ-jfc.fr\/heritage-historique-europeen\/wp-content\/uploads\/sites\/63\/2017\/12\/nous-traversons-le-cimetic3a8re-juif-abandonnc3a9-de-bolekhiv-dont-les-nazis-ont-fait-un-lieu-de-massacre-700x300.jpg\" height=\"300\" width=\"700\" alt=\"\" class=\"slider-277 slide-317\" \/><img src=\"https:\/\/blogs.univ-jfc.fr\/heritage-historique-europeen\/wp-content\/uploads\/sites\/63\/2017\/12\/paulina-chez-elle-en-face-de-lancien-cimetic3a8re-juif-de-bolekhiv-oc3b9-a-eu-lieu-une-fusillade-dont-elle-a-c3a9tc3a9-tc3a9moin-363x155.jpg\" height=\"300\" width=\"700\" alt=\"\" class=\"slider-277 slide-318\" \/><img src=\"https:\/\/blogs.univ-jfc.fr\/heritage-historique-europeen\/wp-content\/uploads\/sites\/63\/2017\/12\/petro-tc3a9moin-oculaire-du-massacre-des-juifs-dolyka-et-notre-traductrice-olga-700x300.jpg\" height=\"300\" width=\"700\" alt=\"\" class=\"slider-277 slide-319\" \/><img src=\"https:\/\/blogs.univ-jfc.fr\/heritage-historique-europeen\/wp-content\/uploads\/sites\/63\/2017\/12\/quand-le-prc3a9sent-et-le-passc3a9-se-rencontrent-_-serguec3af-nous-immerge-dans-la-ville-de-lutsk-davant-guerre-700x300.jpg\" height=\"300\" width=\"700\" alt=\"\" class=\"slider-277 slide-320\" \/><img src=\"https:\/\/blogs.univ-jfc.fr\/heritage-historique-europeen\/wp-content\/uploads\/sites\/63\/2017\/12\/serguec3af-reprc3a9sentant-dune-des-communautc3a9-juive-de-lutsk-nous-immerge-c3a0-laide-darchives-dans-la-ville-davant-guerre-700x300.jpg\" height=\"300\" width=\"700\" alt=\"\" class=\"slider-277 slide-321\" \/><img src=\"https:\/\/blogs.univ-jfc.fr\/heritage-historique-europeen\/wp-content\/uploads\/sites\/63\/2017\/12\/synagogue-de-lutsk-du-xviie-sic3a8cle-abritant-aujourdhui-une-salle-de-sport-700x300.jpg\" height=\"300\" width=\"700\" alt=\"\" class=\"slider-277 slide-322\" \/><img src=\"https:\/\/blogs.univ-jfc.fr\/heritage-historique-europeen\/wp-content\/uploads\/sites\/63\/2017\/12\/une-habitante-nous-fournit-des-renseignements-complc3a9mentaires-c3a0-ceux-de-notre-tc3a9moin-mikhac3aflo-700x300.jpg\" height=\"300\" width=\"700\" alt=\"\" class=\"slider-277 slide-323\" \/><img src=\"https:\/\/blogs.univ-jfc.fr\/heritage-historique-europeen\/wp-content\/uploads\/sites\/63\/2017\/12\/un-moment-dc3a9change-c3a0-la-communautc3a9-juive-de-lutsk-700x300.jpg\" height=\"300\" width=\"700\" alt=\"\" class=\"slider-277 slide-324\" \/><img src=\"https:\/\/blogs.univ-jfc.fr\/heritage-historique-europeen\/wp-content\/uploads\/sites\/63\/2017\/12\/volodymyr-tc3a9moin-oculaire-du-ghetto-et-la-fusillade-des-juifs-de-brody-raconte-ses-souvenirs-aux-c3a9tudiants-700x300.jpg\" height=\"300\" width=\"700\" alt=\"\" class=\"slider-277 slide-325\" \/><img src=\"https:\/\/blogs.univ-jfc.fr\/heritage-historique-europeen\/wp-content\/uploads\/sites\/63\/2018\/04\/20180306_121022-700x300.jpg\" height=\"300\" width=\"700\" alt=\"\" class=\"slider-277 slide-507\" \/><img src=\"https:\/\/blogs.univ-jfc.fr\/heritage-historique-europeen\/wp-content\/uploads\/sites\/63\/2018\/04\/20180309_145540-700x300.jpg\" height=\"300\" width=\"700\" alt=\"\" class=\"slider-277 slide-508\" \/><img src=\"https:\/\/blogs.univ-jfc.fr\/heritage-historique-europeen\/wp-content\/uploads\/sites\/63\/2018\/04\/IMG_1939-700x300.jpg\" height=\"300\" width=\"700\" alt=\"\" class=\"slider-277 slide-509\" \/><img src=\"https:\/\/blogs.univ-jfc.fr\/heritage-historique-europeen\/wp-content\/uploads\/sites\/63\/2018\/04\/IMG_2082-700x300.jpg\" height=\"300\" width=\"700\" alt=\"\" class=\"slider-277 slide-510\" \/><img src=\"https:\/\/blogs.univ-jfc.fr\/heritage-historique-europeen\/wp-content\/uploads\/sites\/63\/2018\/04\/IMG_2215-700x300.jpg\" height=\"300\" width=\"700\" alt=\"\" class=\"slider-277 slide-511\" \/><img src=\"https:\/\/blogs.univ-jfc.fr\/heritage-historique-europeen\/wp-content\/uploads\/sites\/63\/2018\/04\/IMG_2266-700x300.jpg\" height=\"300\" width=\"700\" alt=\"\" class=\"slider-277 slide-512\" \/><img src=\"https:\/\/blogs.univ-jfc.fr\/heritage-historique-europeen\/wp-content\/uploads\/sites\/63\/2018\/04\/IMG_2370-700x300.jpg\" height=\"300\" width=\"700\" alt=\"\" class=\"slider-277 slide-513\" \/><img src=\"https:\/\/blogs.univ-jfc.fr\/heritage-historique-europeen\/wp-content\/uploads\/sites\/63\/2018\/04\/IMG_2375-700x300.jpg\" height=\"300\" width=\"700\" alt=\"\" class=\"slider-277 slide-514\" \/><img src=\"https:\/\/blogs.univ-jfc.fr\/heritage-historique-europeen\/wp-content\/uploads\/sites\/63\/2018\/04\/IMG_3055-700x300.jpg\" height=\"300\" width=\"700\" alt=\"\" class=\"slider-277 slide-515\" \/><\/div><\/div>\n        \n    <\/div>\n<\/div><\/h1>\n<h1>Une innovation p\u00e9dagogique<\/h1>\n<p align=\"justify\">Le dispositif p\u00e9dagogique propos\u00e9 par cette unit\u00e9 d&rsquo;enseignement dispose d&rsquo;un volet novateur : un s\u00e9minaire de terrain \u00e0 la rencontre <a href=\"http:\/\/blogs.univ-jfc.fr\/heritage-historique-europeen\/les-ressources\/ressources-pedagogiques\/\">des t\u00e9moins de la Shoah par balles<\/a>. Ce voyage, \u00e0 l&rsquo;ouest de l&rsquo;Ukraine, ou en Bi\u00e9lorussie, est possible gr\u00e2ce au partenariat et \u00e0 l&rsquo;expertise de notre partenaire, l&rsquo;association <a href=\"http:\/\/blogs.univ-jfc.fr\/heritage-historique-europeen\/les-partenaires\/yahad-in-unum\/\">Yahad-in-Unum<\/a>, qui nous accompagne et guide sur le terrain.<\/p>\n<h1><img loading=\"lazy\" class=\"aligncenter size-full wp-image-269\" src=\"http:\/\/blogs.univ-jfc.fr\/heritage-historique-europeen\/wp-content\/uploads\/sites\/63\/2017\/09\/les-membres-de-yahad-in-unum-et-de-champollion-dc3a9briefent-une-dernic3a8re-fois-c3a0-lac3a9roport-de-lviv.jpg\" alt=\"\" width=\"700\" height=\"525\" srcset=\"https:\/\/blogs.univ-jfc.fr\/heritage-historique-europeen\/wp-content\/uploads\/sites\/63\/2017\/09\/les-membres-de-yahad-in-unum-et-de-champollion-dc3a9briefent-une-dernic3a8re-fois-c3a0-lac3a9roport-de-lviv.jpg 700w, https:\/\/blogs.univ-jfc.fr\/heritage-historique-europeen\/wp-content\/uploads\/sites\/63\/2017\/09\/les-membres-de-yahad-in-unum-et-de-champollion-dc3a9briefent-une-dernic3a8re-fois-c3a0-lac3a9roport-de-lviv-300x225.jpg 300w\" sizes=\"(max-width: 700px) 100vw, 700px\" \/><\/h1>\n<p>Retrouvez les temps forts du s\u00e9minaire de terrain en Bucovine et Gallicie orientale 2018 dans cette <a href=\"https:\/\/media.univ-jfc.fr\/videos\/?video=MEDIA180406115929661\">pr\u00e9sentation<\/a> .<\/p>\n<p>Quelques extraits de t\u00e9moignages vid\u00e9os sont disponibles ci-apr\u00e8s (s\u00e9minaire 2018) :<\/p>\n<p><a href=\"https:\/\/media.univ-jfc.fr\/videos\/?video=MEDIA180319103444511\"><img loading=\"lazy\" class=\"aligncenter size-full wp-image-590\" src=\"http:\/\/blogs.univ-jfc.fr\/heritage-historique-europeen\/wp-content\/uploads\/sites\/63\/2017\/09\/extraits-t\u00e9moignages-vid\u00e9os.jpg\" alt=\"\" width=\"914\" height=\"515\" srcset=\"https:\/\/blogs.univ-jfc.fr\/heritage-historique-europeen\/wp-content\/uploads\/sites\/63\/2017\/09\/extraits-t\u00e9moignages-vid\u00e9os.jpg 914w, https:\/\/blogs.univ-jfc.fr\/heritage-historique-europeen\/wp-content\/uploads\/sites\/63\/2017\/09\/extraits-t\u00e9moignages-vid\u00e9os-300x169.jpg 300w, https:\/\/blogs.univ-jfc.fr\/heritage-historique-europeen\/wp-content\/uploads\/sites\/63\/2017\/09\/extraits-t\u00e9moignages-vid\u00e9os-768x433.jpg 768w\" sizes=\"(max-width: 706px) 89vw, (max-width: 767px) 82vw, 740px\" \/><\/a><\/p>\n<p><a href=\"https:\/\/www.facebook.com\/INUChampollion\/\"><br \/>\n<img loading=\"lazy\" class=\"wp-image-419 size-full aligncenter\" src=\"http:\/\/blogs.univ-jfc.fr\/heritage-historique-europeen\/wp-content\/uploads\/sites\/63\/2017\/09\/facebook-logo-e1519288362787.png\" alt=\"\" width=\"150\" height=\"150\" \/><\/a><\/p>\n<p style=\"text-align: center\">Suivez les \u00e9tudiants sur le terrain sur notre page Facebook<\/p>\n","protected":false},"excerpt":{"rendered":"<p>\u00a0 Une innovation p\u00e9dagogique Le dispositif p\u00e9dagogique propos\u00e9 par cette unit\u00e9 d&rsquo;enseignement dispose d&rsquo;un volet novateur : un s\u00e9minaire de terrain \u00e0 la rencontre des t\u00e9moins de la Shoah par balles. Ce voyage, \u00e0 l&rsquo;ouest de l&rsquo;Ukraine, ou en Bi\u00e9lorussie, est possible gr\u00e2ce au partenariat et \u00e0 l&rsquo;expertise de notre partenaire, l&rsquo;association Yahad-in-Unum, qui nous &hellip; <\/p>\n<p class=\"link-more\"><a href=\"https:\/\/blogs.univ-jfc.fr\/heritage-historique-europeen\/les-actions-recherche\/le-voyage\/\" class=\"more-link\">Continuer la lecture<span class=\"screen-reader-text\"> de &laquo;&nbsp;Le s\u00e9minaire de terrain&nbsp;&raquo;<\/span><\/a><\/p>\n","protected":false},"author":20,"featured_media":0,"parent":33,"menu_order":1,"comment_status":"closed","ping_status":"closed","template":"","meta":[],"_links":{"self":[{"href":"https:\/\/blogs.univ-jfc.fr\/heritage-historique-europeen\/wp-json\/wp\/v2\/pages\/31"}],"collection":[{"href":"https:\/\/blogs.univ-jfc.fr\/heritage-historique-europeen\/wp-json\/wp\/v2\/pages"}],"about":[{"href":"https:\/\/blogs.univ-jfc.fr\/heritage-historique-europeen\/wp-json\/wp\/v2\/types\/page"}],"author":[{"embeddable":true,"href":"https:\/\/blogs.univ-jfc.fr\/heritage-historique-europeen\/wp-json\/wp\/v2\/users\/20"}],"replies":[{"embeddable":true,"href":"https:\/\/blogs.univ-jfc.fr\/heritage-historique-europeen\/wp-json\/wp\/v2\/comments?post=31"}],"version-history":[{"count":14,"href":"https:\/\/blogs.univ-jfc.fr\/heritage-historique-europeen\/wp-json\/wp\/v2\/pages\/31\/revisions"}],"predecessor-version":[{"id":832,"href":"https:\/\/blogs.univ-jfc.fr\/heritage-historique-europeen\/wp-json\/wp\/v2\/pages\/31\/revisions\/832"}],"up":[{"embeddable":true,"href":"https:\/\/blogs.univ-jfc.fr\/heritage-historique-europeen\/wp-json\/wp\/v2\/pages\/33"}],"wp:attachment":[{"href":"https:\/\/blogs.univ-jfc.fr\/heritage-historique-europeen\/wp-json\/wp\/v2\/media?parent=31"}],"curies":[{"name":"wp","href":"https:\/\/api.w.org\/{rel}","templated":true}]}}