{"id":33,"date":"2017-09-25T13:01:36","date_gmt":"2017-09-25T11:01:36","guid":{"rendered":"http:\/\/blogs.univ-jfc.fr\/heritage-historique-europeen\/?page_id=33"},"modified":"2017-12-04T11:36:00","modified_gmt":"2017-12-04T10:36:00","slug":"les-actions-recherche","status":"publish","type":"page","link":"https:\/\/blogs.univ-jfc.fr\/heritage-historique-europeen\/les-actions-recherche\/","title":{"rendered":"La recherche"},"content":{"rendered":"<h1><\/h1>\n<p>&nbsp;<\/p>\n<p align=\"justify\">Les \u00e9tudiants apr\u00e8s avoir pr\u00e9par\u00e9 une s\u00e9rie de th\u00e9matiques li\u00e9es \u00e0 la probl\u00e9matique g\u00e9n\u00e9rale du cours, vont sur le terrain afin de recueillir des donn\u00e9es originales, qu\u2019ils restituent sous forme de conf\u00e9rences ou d&rsquo;interventions aupr\u00e8s des coll\u00e9giens. Ils sont ainsi acteurs scientifiques, porteurs de projets et animateurs d\u2019une r\u00e9flexion citoyenne.<\/p>\n<p align=\"justify\"><img loading=\"lazy\" class=\"size-large wp-image-191 aligncenter\" src=\"http:\/\/blogs.univ-jfc.fr\/heritage-historique-europeen\/wp-content\/uploads\/sites\/63\/2017\/09\/IMG_3028-1024x768.jpg\" alt=\"\" width=\"525\" height=\"394\" srcset=\"https:\/\/blogs.univ-jfc.fr\/heritage-historique-europeen\/wp-content\/uploads\/sites\/63\/2017\/09\/IMG_3028-1024x768.jpg 1024w, https:\/\/blogs.univ-jfc.fr\/heritage-historique-europeen\/wp-content\/uploads\/sites\/63\/2017\/09\/IMG_3028-300x225.jpg 300w, https:\/\/blogs.univ-jfc.fr\/heritage-historique-europeen\/wp-content\/uploads\/sites\/63\/2017\/09\/IMG_3028-768x576.jpg 768w\" sizes=\"(max-width: 525px) 100vw, 525px\" \/><\/p>\n<p align=\"justify\">\n","protected":false},"excerpt":{"rendered":"<p>&nbsp; Les \u00e9tudiants apr\u00e8s avoir pr\u00e9par\u00e9 une s\u00e9rie de th\u00e9matiques li\u00e9es \u00e0 la probl\u00e9matique g\u00e9n\u00e9rale du cours, vont sur le terrain afin de recueillir des donn\u00e9es originales, qu\u2019ils restituent sous forme de conf\u00e9rences ou d&rsquo;interventions aupr\u00e8s des coll\u00e9giens. Ils sont ainsi acteurs scientifiques, porteurs de projets et animateurs d\u2019une r\u00e9flexion citoyenne.<\/p>\n","protected":false},"author":20,"featured_media":0,"parent":0,"menu_order":0,"comment_status":"closed","ping_status":"closed","template":"","meta":[],"_links":{"self":[{"href":"https:\/\/blogs.univ-jfc.fr\/heritage-historique-europeen\/wp-json\/wp\/v2\/pages\/33"}],"collection":[{"href":"https:\/\/blogs.univ-jfc.fr\/heritage-historique-europeen\/wp-json\/wp\/v2\/pages"}],"about":[{"href":"https:\/\/blogs.univ-jfc.fr\/heritage-historique-europeen\/wp-json\/wp\/v2\/types\/page"}],"author":[{"embeddable":true,"href":"https:\/\/blogs.univ-jfc.fr\/heritage-historique-europeen\/wp-json\/wp\/v2\/users\/20"}],"replies":[{"embeddable":true,"href":"https:\/\/blogs.univ-jfc.fr\/heritage-historique-europeen\/wp-json\/wp\/v2\/comments?post=33"}],"version-history":[{"count":12,"href":"https:\/\/blogs.univ-jfc.fr\/heritage-historique-europeen\/wp-json\/wp\/v2\/pages\/33\/revisions"}],"predecessor-version":[{"id":207,"href":"https:\/\/blogs.univ-jfc.fr\/heritage-historique-europeen\/wp-json\/wp\/v2\/pages\/33\/revisions\/207"}],"wp:attachment":[{"href":"https:\/\/blogs.univ-jfc.fr\/heritage-historique-europeen\/wp-json\/wp\/v2\/media?parent=33"}],"curies":[{"name":"wp","href":"https:\/\/api.w.org\/{rel}","templated":true}]}}