{"id":429,"date":"2018-03-13T14:34:11","date_gmt":"2018-03-13T13:34:11","guid":{"rendered":"http:\/\/blogs.univ-jfc.fr\/heritage-historique-europeen\/?page_id=429"},"modified":"2022-04-04T18:20:14","modified_gmt":"2022-04-04T16:20:14","slug":"lequipe","status":"publish","type":"page","link":"https:\/\/blogs.univ-jfc.fr\/heritage-historique-europeen\/le-projet\/lequipe\/","title":{"rendered":"L&rsquo;\u00e9quipe"},"content":{"rendered":"\n<figure class=\"wp-block-image size-large\"><img loading=\"lazy\" width=\"960\" height=\"720\" src=\"https:\/\/blogs.univ-jfc.fr\/heritage-historique-europeen\/wp-content\/uploads\/sites\/63\/2022\/04\/Equipe-2021-1.jpg\" alt=\"\" class=\"wp-image-786\" srcset=\"https:\/\/blogs.univ-jfc.fr\/heritage-historique-europeen\/wp-content\/uploads\/sites\/63\/2022\/04\/Equipe-2021-1.jpg 960w, https:\/\/blogs.univ-jfc.fr\/heritage-historique-europeen\/wp-content\/uploads\/sites\/63\/2022\/04\/Equipe-2021-1-300x225.jpg 300w, https:\/\/blogs.univ-jfc.fr\/heritage-historique-europeen\/wp-content\/uploads\/sites\/63\/2022\/04\/Equipe-2021-1-768x576.jpg 768w\" sizes=\"(max-width: 706px) 89vw, (max-width: 767px) 82vw, 740px\" \/><figcaption>Thibault Courcelle, Marco Gonzalez, pr\u00e9sident de Yahad- In Unum, Ygal Fijalkow, Sandrine Victor, PIerre-Roland Saint Dizier et C\u00e9cile Jouffron, D\u00e9partement du Tarn<\/figcaption><\/figure>\n\n\n<p>\u00a0<\/p>\n<p align=\"justify\">L&rsquo;\u00e9quipe p\u00e9dagogique est compos\u00e9e de chercheurs de l&rsquo;universit\u00e9 Champollion d&rsquo;Albi et de l&rsquo;association Yahad-in-Unum. Ensemble, ils ont \u00e9labor\u00e9 \u00e0 la fois le programme scientifique, le d\u00e9roul\u00e9 p\u00e9dagogique et le s\u00e9minaire de terrain.<\/p>\n<p>Equipe Yahad-in-Unum :<\/p>\n<ul>\n<li>Marie Moutier, chercheure ind\u00e9pendante<\/li>\n<li>Michal Chojak, directeur adjoint du centre de recherche<\/li>\n<li>Julia Garmash, traductrice<\/li>\n<li>Olga Koulbachna, traductrice<\/li>\n<li>Anna Mozharova, traductrice<\/li>\n<li>Renata Masna, traductrice<\/li>\n<\/ul>\n<p>Equipe Universit\u00e9 Champollion Albi :<\/p>\n<ul>\n<li>Ygal Fijalkow, ma\u00eetre de conf\u00e9rences en Sociologie<\/li>\n<li>Sandrine Victor, ma\u00eetre de conf\u00e9rences en Histoire<\/li>\n<li>Thibault Courcelle, ma\u00eetre de conf\u00e9rences en G\u00e9ographie<\/li>\n<\/ul>\n\n\n<figure class=\"wp-block-image size-large\"><img loading=\"lazy\" width=\"1024\" height=\"768\" src=\"http:\/\/blogs.univ-jfc.fr\/heritage-historique-europeen\/wp-content\/uploads\/sites\/63\/2018\/03\/IMG_3495-1024x768.jpg\" alt=\"\" class=\"wp-image-430\" srcset=\"https:\/\/blogs.univ-jfc.fr\/heritage-historique-europeen\/wp-content\/uploads\/sites\/63\/2018\/03\/IMG_3495-1024x768.jpg 1024w, https:\/\/blogs.univ-jfc.fr\/heritage-historique-europeen\/wp-content\/uploads\/sites\/63\/2018\/03\/IMG_3495-300x225.jpg 300w, https:\/\/blogs.univ-jfc.fr\/heritage-historique-europeen\/wp-content\/uploads\/sites\/63\/2018\/03\/IMG_3495-768x576.jpg 768w, https:\/\/blogs.univ-jfc.fr\/heritage-historique-europeen\/wp-content\/uploads\/sites\/63\/2018\/03\/IMG_3495.jpg 1600w\" sizes=\"(max-width: 706px) 89vw, (max-width: 767px) 82vw, 740px\" \/><\/figure>\n","protected":false},"excerpt":{"rendered":"<p>\u00a0 L&rsquo;\u00e9quipe p\u00e9dagogique est compos\u00e9e de chercheurs de l&rsquo;universit\u00e9 Champollion d&rsquo;Albi et de l&rsquo;association Yahad-in-Unum. Ensemble, ils ont \u00e9labor\u00e9 \u00e0 la fois le programme scientifique, le d\u00e9roul\u00e9 p\u00e9dagogique et le s\u00e9minaire de terrain. Equipe Yahad-in-Unum : Marie Moutier, chercheure ind\u00e9pendante Michal Chojak, directeur adjoint du centre de recherche Julia Garmash, traductrice Olga Koulbachna, traductrice Anna &hellip; <\/p>\n<p class=\"link-more\"><a href=\"https:\/\/blogs.univ-jfc.fr\/heritage-historique-europeen\/le-projet\/lequipe\/\" class=\"more-link\">Continuer la lecture<span class=\"screen-reader-text\"> de &laquo;&nbsp;L&rsquo;\u00e9quipe&nbsp;&raquo;<\/span><\/a><\/p>\n","protected":false},"author":20,"featured_media":0,"parent":4,"menu_order":0,"comment_status":"closed","ping_status":"closed","template":"","meta":[],"_links":{"self":[{"href":"https:\/\/blogs.univ-jfc.fr\/heritage-historique-europeen\/wp-json\/wp\/v2\/pages\/429"}],"collection":[{"href":"https:\/\/blogs.univ-jfc.fr\/heritage-historique-europeen\/wp-json\/wp\/v2\/pages"}],"about":[{"href":"https:\/\/blogs.univ-jfc.fr\/heritage-historique-europeen\/wp-json\/wp\/v2\/types\/page"}],"author":[{"embeddable":true,"href":"https:\/\/blogs.univ-jfc.fr\/heritage-historique-europeen\/wp-json\/wp\/v2\/users\/20"}],"replies":[{"embeddable":true,"href":"https:\/\/blogs.univ-jfc.fr\/heritage-historique-europeen\/wp-json\/wp\/v2\/comments?post=429"}],"version-history":[{"count":5,"href":"https:\/\/blogs.univ-jfc.fr\/heritage-historique-europeen\/wp-json\/wp\/v2\/pages\/429\/revisions"}],"predecessor-version":[{"id":788,"href":"https:\/\/blogs.univ-jfc.fr\/heritage-historique-europeen\/wp-json\/wp\/v2\/pages\/429\/revisions\/788"}],"up":[{"embeddable":true,"href":"https:\/\/blogs.univ-jfc.fr\/heritage-historique-europeen\/wp-json\/wp\/v2\/pages\/4"}],"wp:attachment":[{"href":"https:\/\/blogs.univ-jfc.fr\/heritage-historique-europeen\/wp-json\/wp\/v2\/media?parent=429"}],"curies":[{"name":"wp","href":"https:\/\/api.w.org\/{rel}","templated":true}]}}