{"id":455,"date":"2018-03-20T10:24:34","date_gmt":"2018-03-20T09:24:34","guid":{"rendered":"http:\/\/blogs.univ-jfc.fr\/heritage-historique-europeen\/?page_id=455"},"modified":"2018-03-20T10:26:36","modified_gmt":"2018-03-20T09:26:36","slug":"remi","status":"publish","type":"page","link":"https:\/\/blogs.univ-jfc.fr\/heritage-historique-europeen\/les-ressources\/paroles-detudiants-2\/remi\/","title":{"rendered":"R\u00e9mi"},"content":{"rendered":"<p align=\"justify\">R\u00e9mi Demoen, \u00e9tudiant en Histoire, est all\u00e9 avec le groupe sur le terrain en 2018. Il a utilis\u00e9 sa plume non pas pour \u00e9crire, mais pour dessiner les rencontres avec les t\u00e9moins.<\/p>\n<p>&nbsp;<\/p>\n<div id=\"metaslider-id-447\" style=\"max-width: 700px;\" class=\"ml-slider-3-27-5 metaslider metaslider-nivo metaslider-447 ml-slider ms-theme-nivo-dark has-dots-nav\">\n    <div id=\"metaslider_container_447\">\n        <div class='slider-wrapper theme-default'><div class='ribbon'><\/div><div id='metaslider_447' class='nivoSlider'><img src=\"https:\/\/blogs.univ-jfc.fr\/heritage-historique-europeen\/wp-content\/uploads\/sites\/63\/2017\/12\/received_588673494815756-700x300.jpg\" height=\"300\" width=\"700\" data-caption=\"Dans le Dniestr. Une femme juive est tu&eacute;e apr&egrave;s avoir vu ses deux enfants &ecirc;tre assassin&eacute;s.\" alt=\"\" class=\"slider-447 slide-448\" \/><img src=\"https:\/\/blogs.univ-jfc.fr\/heritage-historique-europeen\/wp-content\/uploads\/sites\/63\/2017\/12\/received_476391836090824-700x300.jpg\" height=\"300\" width=\"700\" data-caption=\"Jossip, t&eacute;moin &agrave; Rawa Ruska\" alt=\"\" class=\"slider-447 slide-449\" \/><img src=\"https:\/\/blogs.univ-jfc.fr\/heritage-historique-europeen\/wp-content\/uploads\/sites\/63\/2017\/12\/received_475574872839187-700x300.jpg\" height=\"300\" width=\"700\" data-caption=\"Micka&euml;lo, t&eacute;moin &agrave; Bolekhiv\" alt=\"\" class=\"slider-447 slide-450\" \/><img src=\"https:\/\/blogs.univ-jfc.fr\/heritage-historique-europeen\/wp-content\/uploads\/sites\/63\/2017\/12\/received_475106469552694-700x300.jpg\" height=\"300\" width=\"700\" data-caption=\"Ivan, t&eacute;moin des fusillades dans le Dniestr\" alt=\"\" class=\"slider-447 slide-451\" \/><img src=\"https:\/\/blogs.univ-jfc.fr\/heritage-historique-europeen\/wp-content\/uploads\/sites\/63\/2017\/12\/20180306_212151-700x300.jpg\" height=\"300\" width=\"700\" data-caption=\"Natalia, t&eacute;moind e la vie juive de Tchernivtsi\" alt=\"\" class=\"slider-447 slide-452\" \/><img src=\"https:\/\/blogs.univ-jfc.fr\/heritage-historique-europeen\/wp-content\/uploads\/sites\/63\/2017\/12\/2018-03-09-19.39.07-700x300.jpg\" height=\"300\" width=\"700\" data-caption=\"Les hommes, femmes et enfants &eacute;taient regroup&eacute;s avant le massacre\" alt=\"\" class=\"slider-447 slide-453\" \/><img src=\"https:\/\/blogs.univ-jfc.fr\/heritage-historique-europeen\/wp-content\/uploads\/sites\/63\/2017\/12\/2018-03-06-21.23.29-700x300.jpg\" height=\"300\" width=\"700\" data-caption=\"Itzack, d&eacute;port&eacute; &agrave; 9 ans\" alt=\"\" class=\"slider-447 slide-454\" \/><\/div><\/div>\n        \n    <\/div>\n<\/div>\n","protected":false},"excerpt":{"rendered":"<p>R\u00e9mi Demoen, \u00e9tudiant en Histoire, est all\u00e9 avec le groupe sur le terrain en 2018. Il a utilis\u00e9 sa plume non pas pour \u00e9crire, mais pour dessiner les rencontres avec les t\u00e9moins. &nbsp;<\/p>\n","protected":false},"author":20,"featured_media":0,"parent":236,"menu_order":0,"comment_status":"closed","ping_status":"closed","template":"","meta":[],"_links":{"self":[{"href":"https:\/\/blogs.univ-jfc.fr\/heritage-historique-europeen\/wp-json\/wp\/v2\/pages\/455"}],"collection":[{"href":"https:\/\/blogs.univ-jfc.fr\/heritage-historique-europeen\/wp-json\/wp\/v2\/pages"}],"about":[{"href":"https:\/\/blogs.univ-jfc.fr\/heritage-historique-europeen\/wp-json\/wp\/v2\/types\/page"}],"author":[{"embeddable":true,"href":"https:\/\/blogs.univ-jfc.fr\/heritage-historique-europeen\/wp-json\/wp\/v2\/users\/20"}],"replies":[{"embeddable":true,"href":"https:\/\/blogs.univ-jfc.fr\/heritage-historique-europeen\/wp-json\/wp\/v2\/comments?post=455"}],"version-history":[{"count":3,"href":"https:\/\/blogs.univ-jfc.fr\/heritage-historique-europeen\/wp-json\/wp\/v2\/pages\/455\/revisions"}],"predecessor-version":[{"id":458,"href":"https:\/\/blogs.univ-jfc.fr\/heritage-historique-europeen\/wp-json\/wp\/v2\/pages\/455\/revisions\/458"}],"up":[{"embeddable":true,"href":"https:\/\/blogs.univ-jfc.fr\/heritage-historique-europeen\/wp-json\/wp\/v2\/pages\/236"}],"wp:attachment":[{"href":"https:\/\/blogs.univ-jfc.fr\/heritage-historique-europeen\/wp-json\/wp\/v2\/media?parent=455"}],"curies":[{"name":"wp","href":"https:\/\/api.w.org\/{rel}","templated":true}]}}