{"id":460,"date":"2018-03-20T10:28:20","date_gmt":"2018-03-20T09:28:20","guid":{"rendered":"http:\/\/blogs.univ-jfc.fr\/heritage-historique-europeen\/?page_id=460"},"modified":"2018-10-25T10:25:35","modified_gmt":"2018-10-25T08:25:35","slug":"ressources-pedagogiques","status":"publish","type":"page","link":"https:\/\/blogs.univ-jfc.fr\/heritage-historique-europeen\/les-ressources\/ressources-pedagogiques\/","title":{"rendered":"Ressources p\u00e9dagogiques"},"content":{"rendered":"<p align=\"justify\">Nous vous proposons ici de retrouver des vid\u00e9os de pr\u00e9sentation\u00a0et les conf\u00e9rences des \u00e9tudiants.<\/p>\n<ul>\n<li><a href=\"https:\/\/media.univ-jfc.fr\/videos\/?video=MEDIA180319131355180\"><img loading=\"lazy\" class=\"alignleft wp-image-466 size-thumbnail\" src=\"http:\/\/blogs.univ-jfc.fr\/heritage-historique-europeen\/wp-content\/uploads\/sites\/63\/2018\/03\/9db26d61441ee2a46b22b26f881810f7-150x150.jpg\" alt=\"\" width=\"150\" height=\"150\" srcset=\"https:\/\/blogs.univ-jfc.fr\/heritage-historique-europeen\/wp-content\/uploads\/sites\/63\/2018\/03\/9db26d61441ee2a46b22b26f881810f7-150x150.jpg 150w, https:\/\/blogs.univ-jfc.fr\/heritage-historique-europeen\/wp-content\/uploads\/sites\/63\/2018\/03\/9db26d61441ee2a46b22b26f881810f7-100x100.jpg 100w\" sizes=\"(max-width: 150px) 100vw, 150px\" \/><\/a>Les <a href=\"https:\/\/media.univ-jfc.fr\/videos\/?video=MEDIA180319131355180\">Einsatzgruppen, des hommes ordinaires<\/a> ?<\/li>\n<\/ul>\n<p>&nbsp;<\/p>\n<p>&nbsp;<\/p>\n<p>&nbsp;<\/p>\n<p>&nbsp;<\/p>\n<p>&nbsp;<\/p>\n<ul>\n<li><a href=\"https:\/\/media.univ-jfc.fr\/videos\/?video=MEDIA180319094206590\"><img loading=\"lazy\" class=\"alignleft wp-image-467 size-thumbnail\" src=\"http:\/\/blogs.univ-jfc.fr\/heritage-historique-europeen\/wp-content\/uploads\/sites\/63\/2018\/03\/littlerock2-150x150.jpg\" alt=\"\" width=\"150\" height=\"150\" srcset=\"https:\/\/blogs.univ-jfc.fr\/heritage-historique-europeen\/wp-content\/uploads\/sites\/63\/2018\/03\/littlerock2-150x150.jpg 150w, https:\/\/blogs.univ-jfc.fr\/heritage-historique-europeen\/wp-content\/uploads\/sites\/63\/2018\/03\/littlerock2-100x100.jpg 100w\" sizes=\"(max-width: 150px) 100vw, 150px\" \/><\/a><a href=\"https:\/\/media.univ-jfc.fr\/videos\/?video=MEDIA180319094206590\">Les voisins du crime : de la proximit\u00e9 villageoise au crime de proximit\u00e9<\/a><\/li>\n<\/ul>\n<p>&nbsp;<\/p>\n<p>&nbsp;<\/p>\n<p>&nbsp;<\/p>\n<p>&nbsp;<\/p>\n<p>&nbsp;<\/p>\n<ul>\n<li><a href=\"https:\/\/media.univ-jfc.fr\/videos\/?video=MEDIA180316134755731\"><img loading=\"lazy\" class=\"alignleft wp-image-470 size-thumbnail\" src=\"http:\/\/blogs.univ-jfc.fr\/heritage-historique-europeen\/wp-content\/uploads\/sites\/63\/2018\/03\/Francois-Mitterrand-Helmut-Kohl-22-septembre-1984-Douaumont_2_1400_932-150x150.jpg\" alt=\"\" width=\"150\" height=\"150\" srcset=\"https:\/\/blogs.univ-jfc.fr\/heritage-historique-europeen\/wp-content\/uploads\/sites\/63\/2018\/03\/Francois-Mitterrand-Helmut-Kohl-22-septembre-1984-Douaumont_2_1400_932-150x150.jpg 150w, https:\/\/blogs.univ-jfc.fr\/heritage-historique-europeen\/wp-content\/uploads\/sites\/63\/2018\/03\/Francois-Mitterrand-Helmut-Kohl-22-septembre-1984-Douaumont_2_1400_932-100x100.jpg 100w\" sizes=\"(max-width: 150px) 100vw, 150px\" \/><\/a><a href=\"https:\/\/media.univ-jfc.fr\/videos\/?video=MEDIA180316134755731\">l&rsquo;Europe face \u00e0 son pass\u00e9 : enjeux et superpositions m\u00e9morielles<\/a><\/li>\n<\/ul>\n<p>&nbsp;<\/p>\n<p>&nbsp;<\/p>\n<p>&nbsp;<\/p>\n<p>&nbsp;<\/p>\n<p>&nbsp;<\/p>\n<p>&nbsp;<\/p>\n<ul>\n<li><img loading=\"lazy\" class=\"alignleft wp-image-376 size-thumbnail\" src=\"http:\/\/blogs.univ-jfc.fr\/heritage-historique-europeen\/wp-content\/uploads\/sites\/63\/2017\/12\/Etoile-Jood-150x150.jpg\" alt=\"\" width=\"150\" height=\"150\" srcset=\"https:\/\/blogs.univ-jfc.fr\/heritage-historique-europeen\/wp-content\/uploads\/sites\/63\/2017\/12\/Etoile-Jood-150x150.jpg 150w, https:\/\/blogs.univ-jfc.fr\/heritage-historique-europeen\/wp-content\/uploads\/sites\/63\/2017\/12\/Etoile-Jood-100x100.jpg 100w\" sizes=\"(max-width: 150px) 100vw, 150px\" \/>Vie des communaut\u00e9s juives avant et apr\u00e8s la Shoah. Int\u00e9r\u00eats et limites des sources orales.<\/li>\n<\/ul>\n<p>&nbsp;<\/p>\n<p>&nbsp;<\/p>\n<p>&nbsp;<\/p>\n<p>&nbsp;<\/p>\n<p>&nbsp;<\/p>\n<ul>\n<li><a href=\"https:\/\/media.univ-jfc.fr\/videos\/?video=MEDIA180319103444511\"><img loading=\"lazy\" class=\"alignleft wp-image-444 size-thumbnail\" src=\"http:\/\/blogs.univ-jfc.fr\/heritage-historique-europeen\/wp-content\/uploads\/sites\/63\/2017\/12\/received_476391836090824-150x150.jpg\" alt=\"\" width=\"150\" height=\"150\" srcset=\"https:\/\/blogs.univ-jfc.fr\/heritage-historique-europeen\/wp-content\/uploads\/sites\/63\/2017\/12\/received_476391836090824-150x150.jpg 150w, https:\/\/blogs.univ-jfc.fr\/heritage-historique-europeen\/wp-content\/uploads\/sites\/63\/2017\/12\/received_476391836090824-100x100.jpg 100w\" sizes=\"(max-width: 150px) 100vw, 150px\" \/><\/a><a href=\"https:\/\/media.univ-jfc.fr\/videos\/?video=MEDIA180319103444511\">S\u00e9lection vid\u00e9o de t\u00e9moignages recueillis sur le terrain<\/a>, Bucovine et Galicie orientale, 2018.<\/li>\n<\/ul>\n<p>&nbsp;<\/p>\n<p>&nbsp;<\/p>\n<p>&nbsp;<\/p>\n<p>&nbsp;<\/p>\n<h5>Conf\u00e9rences des \u00e9tudiants (2018)<\/h5>\n<p>&nbsp;<\/p>\n<ul>\n<li>La vie des communaut\u00e9s juives, avant et apr\u00e8s la Shoah<\/li>\n<\/ul>\n<p><a href=\"https:\/\/media.univ-jfc.fr\/videos\/?video=MEDIA180419114943498\"><img loading=\"lazy\" class=\"aligncenter size-full wp-image-579\" src=\"http:\/\/blogs.univ-jfc.fr\/heritage-historique-europeen\/wp-content\/uploads\/sites\/63\/2018\/03\/communaut\u00e9s-juives.jpg\" alt=\"\" width=\"920\" height=\"513\" srcset=\"https:\/\/blogs.univ-jfc.fr\/heritage-historique-europeen\/wp-content\/uploads\/sites\/63\/2018\/03\/communaut\u00e9s-juives.jpg 920w, https:\/\/blogs.univ-jfc.fr\/heritage-historique-europeen\/wp-content\/uploads\/sites\/63\/2018\/03\/communaut\u00e9s-juives-300x167.jpg 300w, https:\/\/blogs.univ-jfc.fr\/heritage-historique-europeen\/wp-content\/uploads\/sites\/63\/2018\/03\/communaut\u00e9s-juives-768x428.jpg 768w\" sizes=\"(max-width: 706px) 89vw, (max-width: 767px) 82vw, 740px\" \/><\/a><\/p>\n<p>&nbsp;<\/p>\n<ul>\n<li>Les Einzatsgruppen, des hommes ordinaires ?<\/li>\n<\/ul>\n<p><a href=\"https:\/\/media.univ-jfc.fr\/videos\/?video=MEDIA180411155642996\"><img loading=\"lazy\" class=\"aligncenter size-full wp-image-580\" src=\"http:\/\/blogs.univ-jfc.fr\/heritage-historique-europeen\/wp-content\/uploads\/sites\/63\/2018\/03\/einzatsgruppen.jpg\" alt=\"\" width=\"918\" height=\"519\" srcset=\"https:\/\/blogs.univ-jfc.fr\/heritage-historique-europeen\/wp-content\/uploads\/sites\/63\/2018\/03\/einzatsgruppen.jpg 918w, https:\/\/blogs.univ-jfc.fr\/heritage-historique-europeen\/wp-content\/uploads\/sites\/63\/2018\/03\/einzatsgruppen-300x170.jpg 300w, https:\/\/blogs.univ-jfc.fr\/heritage-historique-europeen\/wp-content\/uploads\/sites\/63\/2018\/03\/einzatsgruppen-768x434.jpg 768w\" sizes=\"(max-width: 706px) 89vw, (max-width: 767px) 82vw, 740px\" \/><\/a><\/p>\n<p>&nbsp;<\/p>\n<ul>\n<li>Les voisins du crime<\/li>\n<\/ul>\n<p><a href=\"https:\/\/media.univ-jfc.fr\/videos\/?video=MEDIA180413155001690\"><img loading=\"lazy\" class=\"aligncenter size-full wp-image-609\" src=\"http:\/\/blogs.univ-jfc.fr\/heritage-historique-europeen\/wp-content\/uploads\/sites\/63\/2018\/03\/voisin.jpg\" alt=\"\" width=\"911\" height=\"511\" srcset=\"https:\/\/blogs.univ-jfc.fr\/heritage-historique-europeen\/wp-content\/uploads\/sites\/63\/2018\/03\/voisin.jpg 911w, https:\/\/blogs.univ-jfc.fr\/heritage-historique-europeen\/wp-content\/uploads\/sites\/63\/2018\/03\/voisin-300x168.jpg 300w, https:\/\/blogs.univ-jfc.fr\/heritage-historique-europeen\/wp-content\/uploads\/sites\/63\/2018\/03\/voisin-768x431.jpg 768w\" sizes=\"(max-width: 706px) 89vw, (max-width: 767px) 82vw, 740px\" \/><\/a><\/p>\n<p>&nbsp;<\/p>\n<ul>\n<li>L&rsquo;Europe face \u00e0 son histoire : enjeux et superpositions m\u00e9morielles<\/li>\n<\/ul>\n<p><a href=\"https:\/\/media.univ-jfc.fr\/videos\/?video=MEDIA180406095836479\"><img loading=\"lazy\" class=\"aligncenter size-full wp-image-581\" src=\"http:\/\/blogs.univ-jfc.fr\/heritage-historique-europeen\/wp-content\/uploads\/sites\/63\/2018\/03\/europe.jpg\" alt=\"\" width=\"916\" height=\"516\" srcset=\"https:\/\/blogs.univ-jfc.fr\/heritage-historique-europeen\/wp-content\/uploads\/sites\/63\/2018\/03\/europe.jpg 916w, https:\/\/blogs.univ-jfc.fr\/heritage-historique-europeen\/wp-content\/uploads\/sites\/63\/2018\/03\/europe-300x169.jpg 300w, https:\/\/blogs.univ-jfc.fr\/heritage-historique-europeen\/wp-content\/uploads\/sites\/63\/2018\/03\/europe-768x433.jpg 768w\" sizes=\"(max-width: 706px) 89vw, (max-width: 767px) 82vw, 740px\" \/><\/a><\/p>\n<p>&nbsp;<\/p>\n<h5>Vid\u00e9os compl\u00e9mentaires<\/h5>\n<p>&nbsp;<\/p>\n<ul>\n<li>Pour aller plus loin sur \u00ab\u00a0la vie des communaut\u00e9s juives avant et apr\u00e8s la shoah\u00a0\u00bb<\/li>\n<\/ul>\n<p><img loading=\"lazy\" class=\"wp-image-585 size-medium alignleft\" src=\"http:\/\/blogs.univ-jfc.fr\/heritage-historique-europeen\/wp-content\/uploads\/sites\/63\/2018\/03\/pastilles-communaut\u00e9s-juives-300x168.jpg\" alt=\"\" width=\"300\" height=\"168\" \/><\/p>\n<p>&nbsp;<\/p>\n<p>&nbsp;<\/p>\n<p>&nbsp;<\/p>\n<p>&nbsp;<\/p>\n<p><a href=\"https:\/\/media.univ-jfc.fr\/videos\/?video=MEDIA180831121449420\"><img loading=\"lazy\" class=\"alignright wp-image-602 size-medium\" src=\"http:\/\/blogs.univ-jfc.fr\/heritage-historique-europeen\/wp-content\/uploads\/sites\/63\/2018\/03\/shoah-2-300x169.jpg\" alt=\"\" width=\"300\" height=\"169\" \/><\/a><\/p>\n<p>&nbsp;<\/p>\n<p>&nbsp;<\/p>\n<p>&nbsp;<\/p>\n<p>&nbsp;<\/p>\n<p>&nbsp;<\/p>\n<ul>\n<li>Pour aller plus sur \u00ab\u00a0Les einzatsgruppen\u00a0\u00bb<\/li>\n<\/ul>\n<p><img loading=\"lazy\" class=\"wp-image-586 size-medium alignleft\" src=\"http:\/\/blogs.univ-jfc.fr\/heritage-historique-europeen\/wp-content\/uploads\/sites\/63\/2018\/03\/pastille-einzatsgruppen-300x169.jpg\" alt=\"\" width=\"300\" height=\"169\" \/><\/p>\n<p>&nbsp;<\/p>\n<p>&nbsp;<\/p>\n<p>&nbsp;<\/p>\n<p>&nbsp;<\/p>\n<p><a href=\"https:\/\/media.univ-jfc.fr\/videos\/?video=MEDIA180831121610636\"><img loading=\"lazy\" class=\"alignright wp-image-599 size-medium\" src=\"http:\/\/blogs.univ-jfc.fr\/heritage-historique-europeen\/wp-content\/uploads\/sites\/63\/2018\/03\/einzatsgruppen-2-300x169.jpg\" alt=\"\" width=\"300\" height=\"169\" \/><\/a><\/p>\n<p>&nbsp;<\/p>\n<p>&nbsp;<\/p>\n<p>&nbsp;<\/p>\n<p>&nbsp;<\/p>\n<ul>\n<li>Pour aller plus loin sur \u00ab\u00a0enjeux et superpositions m\u00e9morielles\u00a0\u00bb<\/li>\n<\/ul>\n<p><img loading=\"lazy\" class=\"wp-image-588 size-medium alignleft\" src=\"http:\/\/blogs.univ-jfc.fr\/heritage-historique-europeen\/wp-content\/uploads\/sites\/63\/2018\/03\/pastille-enjeux-300x169.jpg\" alt=\"\" width=\"300\" height=\"169\" \/><\/p>\n<p style=\"text-align: right\"><img loading=\"lazy\" class=\"alignright wp-image-592 size-medium\" src=\"http:\/\/blogs.univ-jfc.fr\/heritage-historique-europeen\/wp-content\/uploads\/sites\/63\/2018\/03\/enjeux-2-300x168.jpg\" alt=\"\" width=\"300\" height=\"168\" \/><\/p>\n<p>&nbsp;<\/p>\n<p>&nbsp;<\/p>\n<p>&nbsp;<\/p>\n<p>&nbsp;<\/p>\n<p>&nbsp;<\/p>\n<p>&nbsp;<\/p>\n<p>&nbsp;<\/p>\n<p><a href=\"https:\/\/media.univ-jfc.fr\/videos\/?video=MEDIA180831121737522\"><img loading=\"lazy\" class=\"alignleft wp-image-600 size-medium\" src=\"http:\/\/blogs.univ-jfc.fr\/heritage-historique-europeen\/wp-content\/uploads\/sites\/63\/2018\/03\/enjeux-3-300x169.jpg\" alt=\"\" width=\"300\" height=\"169\" \/><\/a><a href=\"https:\/\/media.univ-jfc.fr\/videos\/?video=MEDIA180831121707416\"><img loading=\"lazy\" class=\"alignright wp-image-601 size-medium\" src=\"http:\/\/blogs.univ-jfc.fr\/heritage-historique-europeen\/wp-content\/uploads\/sites\/63\/2018\/03\/enjeux-4-300x169.jpg\" alt=\"\" width=\"300\" height=\"169\" \/><\/a><\/p>\n<p>&nbsp;<\/p>\n<p>&nbsp;<\/p>\n<p>&nbsp;<\/p>\n<p>&nbsp;<\/p>\n<p>&nbsp;<\/p>\n<p>&nbsp;<\/p>\n<p>&nbsp;<\/p>\n<ul>\n<li>Pour aller plus loin sur les voisins du crime<\/li>\n<\/ul>\n<p><a href=\"https:\/\/media.univ-jfc.fr\/videos\/?video=MEDIA180319094206590\"><img loading=\"lazy\" class=\"alignleft wp-image-612 size-medium\" src=\"http:\/\/blogs.univ-jfc.fr\/heritage-historique-europeen\/wp-content\/uploads\/sites\/63\/2018\/03\/voisin-3-300x169.jpg\" alt=\"\" width=\"300\" height=\"169\" \/><\/a><a href=\"https:\/\/media.univ-jfc.fr\/videos\/?video=MEDIA180903101711410\"><img loading=\"lazy\" class=\"alignright wp-image-608 size-medium\" src=\"http:\/\/blogs.univ-jfc.fr\/heritage-historique-europeen\/wp-content\/uploads\/sites\/63\/2018\/03\/voisin-2-300x168.jpg\" alt=\"\" width=\"300\" height=\"168\" \/><\/a><\/p>\n","protected":false},"excerpt":{"rendered":"<p>Nous vous proposons ici de retrouver des vid\u00e9os de pr\u00e9sentation\u00a0et les conf\u00e9rences des \u00e9tudiants. Les Einsatzgruppen, des hommes ordinaires ? &nbsp; &nbsp; &nbsp; &nbsp; &nbsp; Les voisins du crime : de la proximit\u00e9 villageoise au crime de proximit\u00e9 &nbsp; &nbsp; &nbsp; &nbsp; &nbsp; l&rsquo;Europe face \u00e0 son pass\u00e9 : enjeux et superpositions m\u00e9morielles &nbsp; &nbsp; &hellip; <\/p>\n<p class=\"link-more\"><a href=\"https:\/\/blogs.univ-jfc.fr\/heritage-historique-europeen\/les-ressources\/ressources-pedagogiques\/\" class=\"more-link\">Continuer la lecture<span class=\"screen-reader-text\"> de &laquo;&nbsp;Ressources p\u00e9dagogiques&nbsp;&raquo;<\/span><\/a><\/p>\n","protected":false},"author":20,"featured_media":0,"parent":27,"menu_order":0,"comment_status":"closed","ping_status":"closed","template":"","meta":[],"_links":{"self":[{"href":"https:\/\/blogs.univ-jfc.fr\/heritage-historique-europeen\/wp-json\/wp\/v2\/pages\/460"}],"collection":[{"href":"https:\/\/blogs.univ-jfc.fr\/heritage-historique-europeen\/wp-json\/wp\/v2\/pages"}],"about":[{"href":"https:\/\/blogs.univ-jfc.fr\/heritage-historique-europeen\/wp-json\/wp\/v2\/types\/page"}],"author":[{"embeddable":true,"href":"https:\/\/blogs.univ-jfc.fr\/heritage-historique-europeen\/wp-json\/wp\/v2\/users\/20"}],"replies":[{"embeddable":true,"href":"https:\/\/blogs.univ-jfc.fr\/heritage-historique-europeen\/wp-json\/wp\/v2\/comments?post=460"}],"version-history":[{"count":39,"href":"https:\/\/blogs.univ-jfc.fr\/heritage-historique-europeen\/wp-json\/wp\/v2\/pages\/460\/revisions"}],"predecessor-version":[{"id":840,"href":"https:\/\/blogs.univ-jfc.fr\/heritage-historique-europeen\/wp-json\/wp\/v2\/pages\/460\/revisions\/840"}],"up":[{"embeddable":true,"href":"https:\/\/blogs.univ-jfc.fr\/heritage-historique-europeen\/wp-json\/wp\/v2\/pages\/27"}],"wp:attachment":[{"href":"https:\/\/blogs.univ-jfc.fr\/heritage-historique-europeen\/wp-json\/wp\/v2\/media?parent=460"}],"curies":[{"name":"wp","href":"https:\/\/api.w.org\/{rel}","templated":true}]}}