{"id":49,"date":"2017-09-26T13:14:05","date_gmt":"2017-09-26T11:14:05","guid":{"rendered":"http:\/\/blogs.univ-jfc.fr\/heritage-historique-europeen\/?page_id=49"},"modified":"2017-12-04T15:59:57","modified_gmt":"2017-12-04T14:59:57","slug":"yahad-in-unum","status":"publish","type":"page","link":"https:\/\/blogs.univ-jfc.fr\/heritage-historique-europeen\/yahad-in-unum\/","title":{"rendered":"Yahad-in-Unum"},"content":{"rendered":"<p align=\"justify\">L&rsquo;association <a href=\"http:\/\/www.yahadinunum.org\/fr\/\">Yahad-in-Unum <\/a>est partenaire de l&rsquo;INU Champollion pour le montage p\u00e9dagogique et l&rsquo;action de terrain.<\/p>\n<p><img loading=\"lazy\" class=\"aligncenter size-full wp-image-55\" src=\"http:\/\/blogs.univ-jfc.fr\/heritage-historique-europeen\/wp-content\/uploads\/sites\/63\/2017\/09\/im.jpeg\" alt=\"\" width=\"300\" height=\"300\" srcset=\"https:\/\/blogs.univ-jfc.fr\/heritage-historique-europeen\/wp-content\/uploads\/sites\/63\/2017\/09\/im.jpeg 300w, https:\/\/blogs.univ-jfc.fr\/heritage-historique-europeen\/wp-content\/uploads\/sites\/63\/2017\/09\/im-150x150.jpeg 150w, https:\/\/blogs.univ-jfc.fr\/heritage-historique-europeen\/wp-content\/uploads\/sites\/63\/2017\/09\/im-100x100.jpeg 100w\" sizes=\"(max-width: 300px) 100vw, 300px\" \/><\/p>\n<div class=\"wpb_text_column wpb_content_element \">\n<div class=\"wpb_wrapper\">\n<p align=\"justify\">Yahad \u2013 In Unum associe le mot h\u00e9breu \u00ab Yahad \u00bb, signifiant \u00ab ensemble \u00bb avec l\u2019expression latine \u00ab In Unum \u00bb, \u00ab en un \u00bb. <a href=\"https:\/\/www.youtube.com\/watch?v=3v7gFf5xpPY\">Fond\u00e9e en 2004 par le P\u00e8re Desbois<\/a>, dont l\u2019\u0153uvre humanitaire est mondialement reconnue, nous sommes une organisation mondiale retrouvant les sites d\u2019ex\u00e9cution de Juifs et de Roms, tu\u00e9s par les unit\u00e9s nazies en Europe de l\u2019Est pendant la Seconde Guerre mondiale. Il s\u2019agit de la tristement c\u00e9l\u00e8bre \u00ab Shoah par balles \u00bb, prototype des g\u00e9nocides moderne. Les massacres au Cambodge, au Rwanda, au Darfour, dans les Balkans et en Syrie ont reproduit les proc\u00e9d\u00e9s syst\u00e9matiques employ\u00e9s lors de la \u00ab Shoah par balles. \u00bb<\/p>\n<p align=\"justify\">En enqu\u00eatant et en pr\u00e9sentant les preuves de ces crimes contre l\u2019humanit\u00e9, terribles mais m\u00e9connus, nous rendons hommage \u00e0 la m\u00e9moire des victimes. De plus, nous travaillons \u00e0 faire prendre conscience au monde de la n\u00e9cessit\u00e9 de reconna\u00eetre et de d\u00e9noncer l\u2019\u00e9pid\u00e9mie des g\u00e9nocides en cours. Yahad \u2013 In Unum est la seule organisation chr\u00e9tienne au monde \u00e0 se consacrer \u00e0 cette cause essentielle.<\/p>\n<div class=\"vc_custom_heading\">\n<h2>L\u2019objectif de ce travail :<\/h2>\n<p>1. De documenter la \u00ab\u00a0Shoah par balles\u00a0\u00bb, l\u2019assassinat des victimes juives hors des camps de concentration nazis<\/p>\n<p>2. R\u00e9unir les preuves des ex\u00e9cutions de masse afin de r\u00e9pondre aux n\u00e9gationnistes d\u2019aujourd\u2019hui et de demain<\/p>\n<p>3. D\u2019offrir le respect appropri\u00e9 aux fosses communes des victimes et de permettre leur pr\u00e9servation<\/p>\n<p>4. Faire conna\u00eetre et aider \u00e0 mettre en pratique les le\u00e7ons universelles sur les g\u00e9nocides qui peuvent \u00eatre tir\u00e9es du travail de Yahad-In Unum.<\/p>\n<\/div>\n<blockquote><p>Plus d&rsquo;information <a href=\"http:\/\/www.yahadinunum.org\/fr\/\">sur le site de l&rsquo;association<\/a>.<\/p><\/blockquote>\n<\/div>\n<\/div>\n","protected":false},"excerpt":{"rendered":"<p>L&rsquo;association Yahad-in-Unum est partenaire de l&rsquo;INU Champollion pour le montage p\u00e9dagogique et l&rsquo;action de terrain. Yahad \u2013 In Unum associe le mot h\u00e9breu \u00ab Yahad \u00bb, signifiant \u00ab ensemble \u00bb avec l\u2019expression latine \u00ab In Unum \u00bb, \u00ab en un \u00bb. Fond\u00e9e en 2004 par le P\u00e8re Desbois, dont l\u2019\u0153uvre humanitaire est mondialement reconnue, nous &hellip; <\/p>\n<p class=\"link-more\"><a href=\"https:\/\/blogs.univ-jfc.fr\/heritage-historique-europeen\/yahad-in-unum\/\" class=\"more-link\">Continuer la lecture<span class=\"screen-reader-text\"> de &laquo;&nbsp;Yahad-in-Unum&nbsp;&raquo;<\/span><\/a><\/p>\n","protected":false},"author":20,"featured_media":0,"parent":0,"menu_order":0,"comment_status":"closed","ping_status":"closed","template":"","meta":[],"_links":{"self":[{"href":"https:\/\/blogs.univ-jfc.fr\/heritage-historique-europeen\/wp-json\/wp\/v2\/pages\/49"}],"collection":[{"href":"https:\/\/blogs.univ-jfc.fr\/heritage-historique-europeen\/wp-json\/wp\/v2\/pages"}],"about":[{"href":"https:\/\/blogs.univ-jfc.fr\/heritage-historique-europeen\/wp-json\/wp\/v2\/types\/page"}],"author":[{"embeddable":true,"href":"https:\/\/blogs.univ-jfc.fr\/heritage-historique-europeen\/wp-json\/wp\/v2\/users\/20"}],"replies":[{"embeddable":true,"href":"https:\/\/blogs.univ-jfc.fr\/heritage-historique-europeen\/wp-json\/wp\/v2\/comments?post=49"}],"version-history":[{"count":8,"href":"https:\/\/blogs.univ-jfc.fr\/heritage-historique-europeen\/wp-json\/wp\/v2\/pages\/49\/revisions"}],"predecessor-version":[{"id":734,"href":"https:\/\/blogs.univ-jfc.fr\/heritage-historique-europeen\/wp-json\/wp\/v2\/pages\/49\/revisions\/734"}],"wp:attachment":[{"href":"https:\/\/blogs.univ-jfc.fr\/heritage-historique-europeen\/wp-json\/wp\/v2\/media?parent=49"}],"curies":[{"name":"wp","href":"https:\/\/api.w.org\/{rel}","templated":true}]}}