{"id":615,"date":"2018-11-20T16:34:19","date_gmt":"2018-11-20T15:34:19","guid":{"rendered":"http:\/\/blogs.univ-jfc.fr\/heritage-historique-europeen\/?page_id=615"},"modified":"2018-11-20T17:05:11","modified_gmt":"2018-11-20T16:05:11","slug":"projet-rivesaltes-2018-2019","status":"publish","type":"page","link":"https:\/\/blogs.univ-jfc.fr\/heritage-historique-europeen\/les-activites\/diffusion\/projet-rivesaltes-2018-2019\/","title":{"rendered":"Projet Rivesaltes. 2018-2019"},"content":{"rendered":"<p align=\"justify\">Les anciens \u00e9tudiants de l&rsquo;UEO \u00ab\u00a0H\u00e9ritage Historique\u00a0\u00bb sont revenus \u00e0 l&rsquo;INU Champollion pour partager leur exp\u00e9rience aupr\u00e8s des \u00e9tudiants du d\u00e9partement Arts Lettres et Langues, mention Espagnol, pour les pr\u00e9parer \u00e0 une visite du M\u00e9morial de Rivesaltes. Les th\u00e8mes du racisme, de l&rsquo;antis\u00e9mitisme et de l&rsquo;exclusion ont \u00e9t\u00e9 abord\u00e9s, en particulier autour du destin des r\u00e9fugi\u00e9s espagnols. Ce fut surtout une occasion pour les \u00e9tudiant<\/p>\n<p align=\"justify\">s d&rsquo;\u00e9changer autour de la m\u00e9moire des victimes.<\/p>\n<h5 style=\"text-align: center\">\u00ab\u00a0Singularit\u00e9 des crimes, universalit\u00e9 des victimes\u00a0\u00bb<\/h5>\n<p>&nbsp;<\/p>\n<p style=\"text-align: center\"><div id=\"metaslider-id-630\" style=\"max-width: 800px;\" class=\"ml-slider-3-27-5 metaslider metaslider-nivo metaslider-630 ml-slider\">\n    <div id=\"metaslider_container_630\">\n        <div class='slider-wrapper theme-default'><div class='ribbon'><\/div><div id='metaslider_630' class='nivoSlider'><img width=\"1383\" height=\"2074\" src=\"https:\/\/blogs.univ-jfc.fr\/heritage-historique-europeen\/wp-content\/uploads\/sites\/63\/2018\/11\/IMG_7813.jpg\" class=\"slider-630 slide-644\" alt=\"\" loading=\"lazy\" data-caption=\"\" data-thumb=\"\" title=\"\" rel=\"\" srcset=\"https:\/\/blogs.univ-jfc.fr\/heritage-historique-europeen\/wp-content\/uploads\/sites\/63\/2018\/11\/IMG_7813.jpg 1383w, https:\/\/blogs.univ-jfc.fr\/heritage-historique-europeen\/wp-content\/uploads\/sites\/63\/2018\/11\/IMG_7813-200x300.jpg 200w, https:\/\/blogs.univ-jfc.fr\/heritage-historique-europeen\/wp-content\/uploads\/sites\/63\/2018\/11\/IMG_7813-768x1152.jpg 768w, https:\/\/blogs.univ-jfc.fr\/heritage-historique-europeen\/wp-content\/uploads\/sites\/63\/2018\/11\/IMG_7813-683x1024.jpg 683w\" sizes=\"100vw\" \/><img width=\"1383\" height=\"2074\" src=\"https:\/\/blogs.univ-jfc.fr\/heritage-historique-europeen\/wp-content\/uploads\/sites\/63\/2018\/11\/IMG_7810.jpg\" class=\"slider-630 slide-645\" alt=\"\" loading=\"lazy\" data-caption=\"\" data-thumb=\"\" title=\"\" rel=\"\" srcset=\"https:\/\/blogs.univ-jfc.fr\/heritage-historique-europeen\/wp-content\/uploads\/sites\/63\/2018\/11\/IMG_7810.jpg 1383w, https:\/\/blogs.univ-jfc.fr\/heritage-historique-europeen\/wp-content\/uploads\/sites\/63\/2018\/11\/IMG_7810-200x300.jpg 200w, https:\/\/blogs.univ-jfc.fr\/heritage-historique-europeen\/wp-content\/uploads\/sites\/63\/2018\/11\/IMG_7810-768x1152.jpg 768w, https:\/\/blogs.univ-jfc.fr\/heritage-historique-europeen\/wp-content\/uploads\/sites\/63\/2018\/11\/IMG_7810-683x1024.jpg 683w\" sizes=\"100vw\" \/><img width=\"1556\" height=\"2333\" src=\"https:\/\/blogs.univ-jfc.fr\/heritage-historique-europeen\/wp-content\/uploads\/sites\/63\/2018\/11\/IMG_7806.jpg\" class=\"slider-630 slide-647\" alt=\"\" loading=\"lazy\" data-caption=\"\" data-thumb=\"\" title=\"\" rel=\"\" srcset=\"https:\/\/blogs.univ-jfc.fr\/heritage-historique-europeen\/wp-content\/uploads\/sites\/63\/2018\/11\/IMG_7806.jpg 1556w, https:\/\/blogs.univ-jfc.fr\/heritage-historique-europeen\/wp-content\/uploads\/sites\/63\/2018\/11\/IMG_7806-200x300.jpg 200w, https:\/\/blogs.univ-jfc.fr\/heritage-historique-europeen\/wp-content\/uploads\/sites\/63\/2018\/11\/IMG_7806-768x1152.jpg 768w, https:\/\/blogs.univ-jfc.fr\/heritage-historique-europeen\/wp-content\/uploads\/sites\/63\/2018\/11\/IMG_7806-683x1024.jpg 683w\" sizes=\"100vw\" \/><img width=\"1556\" height=\"2333\" src=\"https:\/\/blogs.univ-jfc.fr\/heritage-historique-europeen\/wp-content\/uploads\/sites\/63\/2018\/11\/IMG_7808.jpg\" class=\"slider-630 slide-646\" alt=\"\" loading=\"lazy\" data-caption=\"\" data-thumb=\"\" title=\"\" rel=\"\" srcset=\"https:\/\/blogs.univ-jfc.fr\/heritage-historique-europeen\/wp-content\/uploads\/sites\/63\/2018\/11\/IMG_7808.jpg 1556w, https:\/\/blogs.univ-jfc.fr\/heritage-historique-europeen\/wp-content\/uploads\/sites\/63\/2018\/11\/IMG_7808-200x300.jpg 200w, https:\/\/blogs.univ-jfc.fr\/heritage-historique-europeen\/wp-content\/uploads\/sites\/63\/2018\/11\/IMG_7808-768x1152.jpg 768w, https:\/\/blogs.univ-jfc.fr\/heritage-historique-europeen\/wp-content\/uploads\/sites\/63\/2018\/11\/IMG_7808-683x1024.jpg 683w\" sizes=\"100vw\" \/><img width=\"1383\" height=\"2074\" src=\"https:\/\/blogs.univ-jfc.fr\/heritage-historique-europeen\/wp-content\/uploads\/sites\/63\/2018\/11\/IMG_7799.jpg\" class=\"slider-630 slide-648\" alt=\"\" loading=\"lazy\" data-caption=\"\" data-thumb=\"\" title=\"\" rel=\"\" srcset=\"https:\/\/blogs.univ-jfc.fr\/heritage-historique-europeen\/wp-content\/uploads\/sites\/63\/2018\/11\/IMG_7799.jpg 1383w, https:\/\/blogs.univ-jfc.fr\/heritage-historique-europeen\/wp-content\/uploads\/sites\/63\/2018\/11\/IMG_7799-200x300.jpg 200w, https:\/\/blogs.univ-jfc.fr\/heritage-historique-europeen\/wp-content\/uploads\/sites\/63\/2018\/11\/IMG_7799-768x1152.jpg 768w, https:\/\/blogs.univ-jfc.fr\/heritage-historique-europeen\/wp-content\/uploads\/sites\/63\/2018\/11\/IMG_7799-683x1024.jpg 683w\" sizes=\"100vw\" \/><img width=\"1296\" height=\"1944\" src=\"https:\/\/blogs.univ-jfc.fr\/heritage-historique-europeen\/wp-content\/uploads\/sites\/63\/2018\/11\/IMG_7793.jpg\" class=\"slider-630 slide-652\" alt=\"\" loading=\"lazy\" data-caption=\"\" data-thumb=\"\" title=\"\" rel=\"\" srcset=\"https:\/\/blogs.univ-jfc.fr\/heritage-historique-europeen\/wp-content\/uploads\/sites\/63\/2018\/11\/IMG_7793.jpg 1296w, https:\/\/blogs.univ-jfc.fr\/heritage-historique-europeen\/wp-content\/uploads\/sites\/63\/2018\/11\/IMG_7793-200x300.jpg 200w, https:\/\/blogs.univ-jfc.fr\/heritage-historique-europeen\/wp-content\/uploads\/sites\/63\/2018\/11\/IMG_7793-768x1152.jpg 768w, https:\/\/blogs.univ-jfc.fr\/heritage-historique-europeen\/wp-content\/uploads\/sites\/63\/2018\/11\/IMG_7793-683x1024.jpg 683w\" sizes=\"100vw\" \/><img width=\"2100\" height=\"1401\" src=\"https:\/\/blogs.univ-jfc.fr\/heritage-historique-europeen\/wp-content\/uploads\/sites\/63\/2018\/11\/IMG_7804.jpg\" class=\"slider-630 slide-661\" alt=\"\" loading=\"lazy\" data-caption=\"\" data-thumb=\"\" title=\"\" rel=\"\" srcset=\"https:\/\/blogs.univ-jfc.fr\/heritage-historique-europeen\/wp-content\/uploads\/sites\/63\/2018\/11\/IMG_7804.jpg 2100w, https:\/\/blogs.univ-jfc.fr\/heritage-historique-europeen\/wp-content\/uploads\/sites\/63\/2018\/11\/IMG_7804-300x200.jpg 300w, https:\/\/blogs.univ-jfc.fr\/heritage-historique-europeen\/wp-content\/uploads\/sites\/63\/2018\/11\/IMG_7804-768x512.jpg 768w, https:\/\/blogs.univ-jfc.fr\/heritage-historique-europeen\/wp-content\/uploads\/sites\/63\/2018\/11\/IMG_7804-1024x683.jpg 1024w\" sizes=\"100vw\" \/><\/div><\/div>\n        \n    <\/div>\n<\/div><\/p>\n<div id='gallery-1' class='gallery galleryid-615 gallery-columns-3 gallery-size-medium'><figure class='gallery-item'>\n\t\t\t<div class='gallery-icon landscape'>\n\t\t\t\t<a href='https:\/\/blogs.univ-jfc.fr\/heritage-historique-europeen\/les-activites\/diffusion\/projet-rivesaltes-2018-2019\/img_7797\/'><img width=\"300\" height=\"200\" src=\"https:\/\/blogs.univ-jfc.fr\/heritage-historique-europeen\/wp-content\/uploads\/sites\/63\/2018\/11\/IMG_7797-300x200.jpg\" class=\"attachment-medium size-medium\" alt=\"\" loading=\"lazy\" srcset=\"https:\/\/blogs.univ-jfc.fr\/heritage-historique-europeen\/wp-content\/uploads\/sites\/63\/2018\/11\/IMG_7797-300x200.jpg 300w, https:\/\/blogs.univ-jfc.fr\/heritage-historique-europeen\/wp-content\/uploads\/sites\/63\/2018\/11\/IMG_7797-768x512.jpg 768w, https:\/\/blogs.univ-jfc.fr\/heritage-historique-europeen\/wp-content\/uploads\/sites\/63\/2018\/11\/IMG_7797-1024x683.jpg 1024w, https:\/\/blogs.univ-jfc.fr\/heritage-historique-europeen\/wp-content\/uploads\/sites\/63\/2018\/11\/IMG_7797.jpg 1944w\" sizes=\"100vw\" \/><\/a>\n\t\t\t<\/div><\/figure><figure class='gallery-item'>\n\t\t\t<div class='gallery-icon landscape'>\n\t\t\t\t<a href='https:\/\/blogs.univ-jfc.fr\/heritage-historique-europeen\/les-activites\/diffusion\/projet-rivesaltes-2018-2019\/img_7794\/'><img width=\"300\" height=\"200\" src=\"https:\/\/blogs.univ-jfc.fr\/heritage-historique-europeen\/wp-content\/uploads\/sites\/63\/2018\/11\/IMG_7794-300x200.jpg\" class=\"attachment-medium size-medium\" alt=\"\" loading=\"lazy\" srcset=\"https:\/\/blogs.univ-jfc.fr\/heritage-historique-europeen\/wp-content\/uploads\/sites\/63\/2018\/11\/IMG_7794-300x200.jpg 300w, https:\/\/blogs.univ-jfc.fr\/heritage-historique-europeen\/wp-content\/uploads\/sites\/63\/2018\/11\/IMG_7794-768x512.jpg 768w, https:\/\/blogs.univ-jfc.fr\/heritage-historique-europeen\/wp-content\/uploads\/sites\/63\/2018\/11\/IMG_7794-1024x683.jpg 1024w\" sizes=\"100vw\" \/><\/a>\n\t\t\t<\/div><\/figure><figure class='gallery-item'>\n\t\t\t<div class='gallery-icon landscape'>\n\t\t\t\t<a href='https:\/\/blogs.univ-jfc.fr\/heritage-historique-europeen\/les-activites\/diffusion\/projet-rivesaltes-2018-2019\/img_7790\/'><img width=\"300\" height=\"200\" src=\"https:\/\/blogs.univ-jfc.fr\/heritage-historique-europeen\/wp-content\/uploads\/sites\/63\/2018\/11\/IMG_7790-300x200.jpg\" class=\"attachment-medium size-medium\" alt=\"\" loading=\"lazy\" srcset=\"https:\/\/blogs.univ-jfc.fr\/heritage-historique-europeen\/wp-content\/uploads\/sites\/63\/2018\/11\/IMG_7790-300x200.jpg 300w, https:\/\/blogs.univ-jfc.fr\/heritage-historique-europeen\/wp-content\/uploads\/sites\/63\/2018\/11\/IMG_7790-768x512.jpg 768w, https:\/\/blogs.univ-jfc.fr\/heritage-historique-europeen\/wp-content\/uploads\/sites\/63\/2018\/11\/IMG_7790-1024x683.jpg 1024w, https:\/\/blogs.univ-jfc.fr\/heritage-historique-europeen\/wp-content\/uploads\/sites\/63\/2018\/11\/IMG_7790.jpg 1944w\" sizes=\"100vw\" \/><\/a>\n\t\t\t<\/div><\/figure><figure class='gallery-item'>\n\t\t\t<div class='gallery-icon landscape'>\n\t\t\t\t<a href='https:\/\/blogs.univ-jfc.fr\/heritage-historique-europeen\/les-activites\/diffusion\/projet-rivesaltes-2018-2019\/img_7795\/'><img width=\"300\" height=\"200\" src=\"https:\/\/blogs.univ-jfc.fr\/heritage-historique-europeen\/wp-content\/uploads\/sites\/63\/2018\/11\/IMG_7795-300x200.jpg\" class=\"attachment-medium size-medium\" alt=\"\" loading=\"lazy\" srcset=\"https:\/\/blogs.univ-jfc.fr\/heritage-historique-europeen\/wp-content\/uploads\/sites\/63\/2018\/11\/IMG_7795-300x200.jpg 300w, https:\/\/blogs.univ-jfc.fr\/heritage-historique-europeen\/wp-content\/uploads\/sites\/63\/2018\/11\/IMG_7795-768x512.jpg 768w, https:\/\/blogs.univ-jfc.fr\/heritage-historique-europeen\/wp-content\/uploads\/sites\/63\/2018\/11\/IMG_7795-1024x683.jpg 1024w\" sizes=\"100vw\" \/><\/a>\n\t\t\t<\/div><\/figure><figure class='gallery-item'>\n\t\t\t<div class='gallery-icon landscape'>\n\t\t\t\t<a href='https:\/\/blogs.univ-jfc.fr\/heritage-historique-europeen\/les-activites\/diffusion\/projet-rivesaltes-2018-2019\/img_7789\/'><img width=\"300\" height=\"200\" src=\"https:\/\/blogs.univ-jfc.fr\/heritage-historique-europeen\/wp-content\/uploads\/sites\/63\/2018\/11\/IMG_7789-300x200.jpg\" class=\"attachment-medium size-medium\" alt=\"\" loading=\"lazy\" srcset=\"https:\/\/blogs.univ-jfc.fr\/heritage-historique-europeen\/wp-content\/uploads\/sites\/63\/2018\/11\/IMG_7789-300x200.jpg 300w, https:\/\/blogs.univ-jfc.fr\/heritage-historique-europeen\/wp-content\/uploads\/sites\/63\/2018\/11\/IMG_7789-768x512.jpg 768w, https:\/\/blogs.univ-jfc.fr\/heritage-historique-europeen\/wp-content\/uploads\/sites\/63\/2018\/11\/IMG_7789-1024x683.jpg 1024w, https:\/\/blogs.univ-jfc.fr\/heritage-historique-europeen\/wp-content\/uploads\/sites\/63\/2018\/11\/IMG_7789.jpg 1944w\" sizes=\"100vw\" \/><\/a>\n\t\t\t<\/div><\/figure><figure class='gallery-item'>\n\t\t\t<div class='gallery-icon landscape'>\n\t\t\t\t<a href='https:\/\/blogs.univ-jfc.fr\/heritage-historique-europeen\/les-activites\/diffusion\/projet-rivesaltes-2018-2019\/img_7807\/'><img width=\"300\" height=\"200\" src=\"https:\/\/blogs.univ-jfc.fr\/heritage-historique-europeen\/wp-content\/uploads\/sites\/63\/2018\/11\/IMG_7807-300x200.jpg\" class=\"attachment-medium size-medium\" alt=\"\" loading=\"lazy\" srcset=\"https:\/\/blogs.univ-jfc.fr\/heritage-historique-europeen\/wp-content\/uploads\/sites\/63\/2018\/11\/IMG_7807-300x200.jpg 300w, https:\/\/blogs.univ-jfc.fr\/heritage-historique-europeen\/wp-content\/uploads\/sites\/63\/2018\/11\/IMG_7807-768x512.jpg 768w, https:\/\/blogs.univ-jfc.fr\/heritage-historique-europeen\/wp-content\/uploads\/sites\/63\/2018\/11\/IMG_7807-1024x683.jpg 1024w\" sizes=\"100vw\" \/><\/a>\n\t\t\t<\/div><\/figure>\n\t\t<\/div>\n\n<p>&nbsp;<\/p>\n<p>&nbsp;<\/p>\n","protected":false},"excerpt":{"rendered":"<p>Les anciens \u00e9tudiants de l&rsquo;UEO \u00ab\u00a0H\u00e9ritage Historique\u00a0\u00bb sont revenus \u00e0 l&rsquo;INU Champollion pour partager leur exp\u00e9rience aupr\u00e8s des \u00e9tudiants du d\u00e9partement Arts Lettres et Langues, mention Espagnol, pour les pr\u00e9parer \u00e0 une visite du M\u00e9morial de Rivesaltes. Les th\u00e8mes du racisme, de l&rsquo;antis\u00e9mitisme et de l&rsquo;exclusion ont \u00e9t\u00e9 abord\u00e9s, en particulier autour du destin des &hellip; <\/p>\n<p class=\"link-more\"><a href=\"https:\/\/blogs.univ-jfc.fr\/heritage-historique-europeen\/les-activites\/diffusion\/projet-rivesaltes-2018-2019\/\" class=\"more-link\">Continuer la lecture<span class=\"screen-reader-text\"> de &laquo;&nbsp;Projet Rivesaltes. 2018-2019&nbsp;&raquo;<\/span><\/a><\/p>\n","protected":false},"author":20,"featured_media":0,"parent":219,"menu_order":2,"comment_status":"closed","ping_status":"closed","template":"","meta":[],"_links":{"self":[{"href":"https:\/\/blogs.univ-jfc.fr\/heritage-historique-europeen\/wp-json\/wp\/v2\/pages\/615"}],"collection":[{"href":"https:\/\/blogs.univ-jfc.fr\/heritage-historique-europeen\/wp-json\/wp\/v2\/pages"}],"about":[{"href":"https:\/\/blogs.univ-jfc.fr\/heritage-historique-europeen\/wp-json\/wp\/v2\/types\/page"}],"author":[{"embeddable":true,"href":"https:\/\/blogs.univ-jfc.fr\/heritage-historique-europeen\/wp-json\/wp\/v2\/users\/20"}],"replies":[{"embeddable":true,"href":"https:\/\/blogs.univ-jfc.fr\/heritage-historique-europeen\/wp-json\/wp\/v2\/comments?post=615"}],"version-history":[{"count":8,"href":"https:\/\/blogs.univ-jfc.fr\/heritage-historique-europeen\/wp-json\/wp\/v2\/pages\/615\/revisions"}],"predecessor-version":[{"id":662,"href":"https:\/\/blogs.univ-jfc.fr\/heritage-historique-europeen\/wp-json\/wp\/v2\/pages\/615\/revisions\/662"}],"up":[{"embeddable":true,"href":"https:\/\/blogs.univ-jfc.fr\/heritage-historique-europeen\/wp-json\/wp\/v2\/pages\/219"}],"wp:attachment":[{"href":"https:\/\/blogs.univ-jfc.fr\/heritage-historique-europeen\/wp-json\/wp\/v2\/media?parent=615"}],"curies":[{"name":"wp","href":"https:\/\/api.w.org\/{rel}","templated":true}]}}