{"id":687,"date":"2020-03-25T13:27:49","date_gmt":"2020-03-25T12:27:49","guid":{"rendered":"http:\/\/blogs.univ-jfc.fr\/heritage-historique-europeen\/?page_id=687"},"modified":"2020-03-25T13:37:44","modified_gmt":"2020-03-25T12:37:44","slug":"maeva","status":"publish","type":"page","link":"https:\/\/blogs.univ-jfc.fr\/heritage-historique-europeen\/les-ressources\/paroles-detudiants-2\/maeva\/","title":{"rendered":"Ma\u00ebva"},"content":{"rendered":"<p style=\"text-align: justify\">Ma\u00ebva, \u00e9tudiante en Histoire, a particip\u00e9 au s\u00e9minaire de terrain 2020 en Bi\u00e9lorussie. Elle avait pris avec elle ses couleurs et ses pastels. Elle a r\u00e9alis\u00e9 les portraits des t\u00e9moins.<\/p>\n<p>&nbsp;<\/p>\n<div id=\"metaslider-id-692\" style=\"max-width: 800px;\" class=\"ml-slider-3-27-5 metaslider metaslider-nivo metaslider-692 ml-slider\">\n    <div id=\"metaslider_container_692\">\n        <div class='slider-wrapper theme-default'><div class='ribbon'><\/div><div id='metaslider_692' class='nivoSlider'><img width=\"2147\" height=\"2806\" src=\"https:\/\/blogs.univ-jfc.fr\/heritage-historique-europeen\/wp-content\/uploads\/sites\/63\/2020\/03\/0F505D35-C1BC-4793-9E2F-BA8766A42721.jpg\" class=\"slider-692 slide-693\" alt=\"\" loading=\"lazy\" data-caption=\"\" data-thumb=\"\" title=\"0F505D35-C1BC-4793-9E2F-BA8766A42721\" rel=\"\" srcset=\"https:\/\/blogs.univ-jfc.fr\/heritage-historique-europeen\/wp-content\/uploads\/sites\/63\/2020\/03\/0F505D35-C1BC-4793-9E2F-BA8766A42721.jpg 2147w, https:\/\/blogs.univ-jfc.fr\/heritage-historique-europeen\/wp-content\/uploads\/sites\/63\/2020\/03\/0F505D35-C1BC-4793-9E2F-BA8766A42721-230x300.jpg 230w, https:\/\/blogs.univ-jfc.fr\/heritage-historique-europeen\/wp-content\/uploads\/sites\/63\/2020\/03\/0F505D35-C1BC-4793-9E2F-BA8766A42721-768x1004.jpg 768w, https:\/\/blogs.univ-jfc.fr\/heritage-historique-europeen\/wp-content\/uploads\/sites\/63\/2020\/03\/0F505D35-C1BC-4793-9E2F-BA8766A42721-784x1024.jpg 784w\" sizes=\"100vw\" \/><img width=\"2404\" height=\"3154\" src=\"https:\/\/blogs.univ-jfc.fr\/heritage-historique-europeen\/wp-content\/uploads\/sites\/63\/2020\/03\/5F5A69CA-AAC8-4A77-BA5C-4DCA606B5656.jpg\" class=\"slider-692 slide-694\" alt=\"\" loading=\"lazy\" data-caption=\"\" data-thumb=\"\" title=\"5F5A69CA-AAC8-4A77-BA5C-4DCA606B5656\" rel=\"\" srcset=\"https:\/\/blogs.univ-jfc.fr\/heritage-historique-europeen\/wp-content\/uploads\/sites\/63\/2020\/03\/5F5A69CA-AAC8-4A77-BA5C-4DCA606B5656.jpg 2404w, https:\/\/blogs.univ-jfc.fr\/heritage-historique-europeen\/wp-content\/uploads\/sites\/63\/2020\/03\/5F5A69CA-AAC8-4A77-BA5C-4DCA606B5656-229x300.jpg 229w, https:\/\/blogs.univ-jfc.fr\/heritage-historique-europeen\/wp-content\/uploads\/sites\/63\/2020\/03\/5F5A69CA-AAC8-4A77-BA5C-4DCA606B5656-768x1008.jpg 768w, https:\/\/blogs.univ-jfc.fr\/heritage-historique-europeen\/wp-content\/uploads\/sites\/63\/2020\/03\/5F5A69CA-AAC8-4A77-BA5C-4DCA606B5656-780x1024.jpg 780w\" sizes=\"100vw\" \/><img width=\"2117\" height=\"2943\" src=\"https:\/\/blogs.univ-jfc.fr\/heritage-historique-europeen\/wp-content\/uploads\/sites\/63\/2020\/03\/20B6A7E3-9632-4828-B0BF-33FCFA9F75DF.jpg\" class=\"slider-692 slide-695\" alt=\"\" loading=\"lazy\" data-caption=\"\" data-thumb=\"\" title=\"20B6A7E3-9632-4828-B0BF-33FCFA9F75DF\" rel=\"\" srcset=\"https:\/\/blogs.univ-jfc.fr\/heritage-historique-europeen\/wp-content\/uploads\/sites\/63\/2020\/03\/20B6A7E3-9632-4828-B0BF-33FCFA9F75DF.jpg 2117w, https:\/\/blogs.univ-jfc.fr\/heritage-historique-europeen\/wp-content\/uploads\/sites\/63\/2020\/03\/20B6A7E3-9632-4828-B0BF-33FCFA9F75DF-216x300.jpg 216w, https:\/\/blogs.univ-jfc.fr\/heritage-historique-europeen\/wp-content\/uploads\/sites\/63\/2020\/03\/20B6A7E3-9632-4828-B0BF-33FCFA9F75DF-768x1068.jpg 768w, https:\/\/blogs.univ-jfc.fr\/heritage-historique-europeen\/wp-content\/uploads\/sites\/63\/2020\/03\/20B6A7E3-9632-4828-B0BF-33FCFA9F75DF-737x1024.jpg 737w\" sizes=\"100vw\" \/><\/div><\/div>\n        \n    <\/div>\n<\/div>\n<p>&nbsp;<\/p>\n","protected":false},"excerpt":{"rendered":"<p>Ma\u00ebva, \u00e9tudiante en Histoire, a particip\u00e9 au s\u00e9minaire de terrain 2020 en Bi\u00e9lorussie. Elle avait pris avec elle ses couleurs et ses pastels. Elle a r\u00e9alis\u00e9 les portraits des t\u00e9moins. &nbsp; &nbsp;<\/p>\n","protected":false},"author":20,"featured_media":0,"parent":236,"menu_order":3,"comment_status":"closed","ping_status":"closed","template":"","meta":[],"_links":{"self":[{"href":"https:\/\/blogs.univ-jfc.fr\/heritage-historique-europeen\/wp-json\/wp\/v2\/pages\/687"}],"collection":[{"href":"https:\/\/blogs.univ-jfc.fr\/heritage-historique-europeen\/wp-json\/wp\/v2\/pages"}],"about":[{"href":"https:\/\/blogs.univ-jfc.fr\/heritage-historique-europeen\/wp-json\/wp\/v2\/types\/page"}],"author":[{"embeddable":true,"href":"https:\/\/blogs.univ-jfc.fr\/heritage-historique-europeen\/wp-json\/wp\/v2\/users\/20"}],"replies":[{"embeddable":true,"href":"https:\/\/blogs.univ-jfc.fr\/heritage-historique-europeen\/wp-json\/wp\/v2\/comments?post=687"}],"version-history":[{"count":4,"href":"https:\/\/blogs.univ-jfc.fr\/heritage-historique-europeen\/wp-json\/wp\/v2\/pages\/687\/revisions"}],"predecessor-version":[{"id":702,"href":"https:\/\/blogs.univ-jfc.fr\/heritage-historique-europeen\/wp-json\/wp\/v2\/pages\/687\/revisions\/702"}],"up":[{"embeddable":true,"href":"https:\/\/blogs.univ-jfc.fr\/heritage-historique-europeen\/wp-json\/wp\/v2\/pages\/236"}],"wp:attachment":[{"href":"https:\/\/blogs.univ-jfc.fr\/heritage-historique-europeen\/wp-json\/wp\/v2\/media?parent=687"}],"curies":[{"name":"wp","href":"https:\/\/api.w.org\/{rel}","templated":true}]}}