{"id":735,"date":"2021-08-27T15:17:25","date_gmt":"2021-08-27T13:17:25","guid":{"rendered":"http:\/\/blogs.univ-jfc.fr\/heritage-historique-europeen\/?page_id=735"},"modified":"2021-08-27T15:17:43","modified_gmt":"2021-08-27T13:17:43","slug":"entretien-exclusif-avec-patrick-desbois","status":"publish","type":"page","link":"https:\/\/blogs.univ-jfc.fr\/heritage-historique-europeen\/yahad-in-unum\/entretien-exclusif-avec-patrick-desbois\/","title":{"rendered":"Entretien exclusif avec Patrick Desbois"},"content":{"rendered":"\n<p>Pour le bilan des 5 ans du dispositif, les \u00e9tudiants de la promotion 2020-2021 ont interview\u00e9 le p\u00e8re Patrick Desbois sont sont revenus avec lui sur son action.<\/p>\n\n\n\n<figure class=\"wp-block-image size-large\"><a href=\"https:\/\/media.univ-jfc.fr\/videos\/?video=MEDIA210319100321517\"><img loading=\"lazy\" width=\"1024\" height=\"575\" src=\"https:\/\/blogs.univ-jfc.fr\/heritage-historique-europeen\/wp-content\/uploads\/sites\/63\/2021\/08\/desbois-1024x575.png\" alt=\"\" class=\"wp-image-736\" srcset=\"https:\/\/blogs.univ-jfc.fr\/heritage-historique-europeen\/wp-content\/uploads\/sites\/63\/2021\/08\/desbois-1024x575.png 1024w, https:\/\/blogs.univ-jfc.fr\/heritage-historique-europeen\/wp-content\/uploads\/sites\/63\/2021\/08\/desbois-300x168.png 300w, https:\/\/blogs.univ-jfc.fr\/heritage-historique-europeen\/wp-content\/uploads\/sites\/63\/2021\/08\/desbois-768x431.png 768w, https:\/\/blogs.univ-jfc.fr\/heritage-historique-europeen\/wp-content\/uploads\/sites\/63\/2021\/08\/desbois.png 1039w\" sizes=\"(max-width: 706px) 89vw, (max-width: 767px) 82vw, 740px\" \/><\/a><\/figure>\n\n\n\n<p><\/p>\n","protected":false},"excerpt":{"rendered":"<p>Pour le bilan des 5 ans du dispositif, les \u00e9tudiants de la promotion 2020-2021 ont interview\u00e9 le p\u00e8re Patrick Desbois sont sont revenus avec lui sur son action.<\/p>\n","protected":false},"author":20,"featured_media":0,"parent":49,"menu_order":-2,"comment_status":"closed","ping_status":"closed","template":"","meta":[],"_links":{"self":[{"href":"https:\/\/blogs.univ-jfc.fr\/heritage-historique-europeen\/wp-json\/wp\/v2\/pages\/735"}],"collection":[{"href":"https:\/\/blogs.univ-jfc.fr\/heritage-historique-europeen\/wp-json\/wp\/v2\/pages"}],"about":[{"href":"https:\/\/blogs.univ-jfc.fr\/heritage-historique-europeen\/wp-json\/wp\/v2\/types\/page"}],"author":[{"embeddable":true,"href":"https:\/\/blogs.univ-jfc.fr\/heritage-historique-europeen\/wp-json\/wp\/v2\/users\/20"}],"replies":[{"embeddable":true,"href":"https:\/\/blogs.univ-jfc.fr\/heritage-historique-europeen\/wp-json\/wp\/v2\/comments?post=735"}],"version-history":[{"count":2,"href":"https:\/\/blogs.univ-jfc.fr\/heritage-historique-europeen\/wp-json\/wp\/v2\/pages\/735\/revisions"}],"predecessor-version":[{"id":738,"href":"https:\/\/blogs.univ-jfc.fr\/heritage-historique-europeen\/wp-json\/wp\/v2\/pages\/735\/revisions\/738"}],"up":[{"embeddable":true,"href":"https:\/\/blogs.univ-jfc.fr\/heritage-historique-europeen\/wp-json\/wp\/v2\/pages\/49"}],"wp:attachment":[{"href":"https:\/\/blogs.univ-jfc.fr\/heritage-historique-europeen\/wp-json\/wp\/v2\/media?parent=735"}],"curies":[{"name":"wp","href":"https:\/\/api.w.org\/{rel}","templated":true}]}}