{"id":742,"date":"2021-11-16T17:16:29","date_gmt":"2021-11-16T16:16:29","guid":{"rendered":"http:\/\/blogs.univ-jfc.fr\/heritage-historique-europeen\/?page_id=742"},"modified":"2021-11-16T17:16:29","modified_gmt":"2021-11-16T16:16:29","slug":"5-ans-premier-bilan","status":"publish","type":"page","link":"https:\/\/blogs.univ-jfc.fr\/heritage-historique-europeen\/le-projet\/5-ans-premier-bilan\/","title":{"rendered":"5 ans : premier bilan"},"content":{"rendered":"\n<p>A l&rsquo;occasion des 5 ans du dispositif, une vid\u00e9o bilan a \u00e9t\u00e9 r\u00e9alis\u00e9e par les \u00e9tudiants de la promotion 2020-2021.<\/p>\n\n\n\n<p>Elle permet aux anciens \u00e9tudiants, aux partenaires et acteurs du dispositif d&rsquo;en tirer les premi\u00e8res r\u00e9flexions.<\/p>\n\n\n\n<div class=\"wp-block-media-text alignwide is-stacked-on-mobile\"><figure class=\"wp-block-media-text__media\"><a href=\"https:\/\/media.univ-jfc.fr\/videos\/?video=MEDIA210319121514607\"><img loading=\"lazy\" width=\"882\" height=\"576\" src=\"https:\/\/blogs.univ-jfc.fr\/heritage-historique-europeen\/wp-content\/uploads\/sites\/63\/2021\/11\/Heritage.png\" alt=\"\" class=\"wp-image-743 size-full\" srcset=\"https:\/\/blogs.univ-jfc.fr\/heritage-historique-europeen\/wp-content\/uploads\/sites\/63\/2021\/11\/Heritage.png 882w, https:\/\/blogs.univ-jfc.fr\/heritage-historique-europeen\/wp-content\/uploads\/sites\/63\/2021\/11\/Heritage-300x196.png 300w, https:\/\/blogs.univ-jfc.fr\/heritage-historique-europeen\/wp-content\/uploads\/sites\/63\/2021\/11\/Heritage-768x502.png 768w\" sizes=\"(max-width: 706px) 89vw, (max-width: 767px) 82vw, 740px\" \/><\/a><\/figure><div class=\"wp-block-media-text__content\">\n<p class=\"has-large-font-size\"><a href=\"https:\/\/media.univ-jfc.fr\/videos\/?video=MEDIA210319121514607\">5 ans d&rsquo;innovation p\u00e9dagogique<\/a><\/p>\n<\/div><\/div>\n","protected":false},"excerpt":{"rendered":"<p>A l&rsquo;occasion des 5 ans du dispositif, une vid\u00e9o bilan a \u00e9t\u00e9 r\u00e9alis\u00e9e par les \u00e9tudiants de la promotion 2020-2021. Elle permet aux anciens \u00e9tudiants, aux partenaires et acteurs du dispositif d&rsquo;en tirer les premi\u00e8res r\u00e9flexions. 5 ans d&rsquo;innovation p\u00e9dagogique<\/p>\n","protected":false},"author":20,"featured_media":0,"parent":4,"menu_order":0,"comment_status":"closed","ping_status":"closed","template":"","meta":[],"_links":{"self":[{"href":"https:\/\/blogs.univ-jfc.fr\/heritage-historique-europeen\/wp-json\/wp\/v2\/pages\/742"}],"collection":[{"href":"https:\/\/blogs.univ-jfc.fr\/heritage-historique-europeen\/wp-json\/wp\/v2\/pages"}],"about":[{"href":"https:\/\/blogs.univ-jfc.fr\/heritage-historique-europeen\/wp-json\/wp\/v2\/types\/page"}],"author":[{"embeddable":true,"href":"https:\/\/blogs.univ-jfc.fr\/heritage-historique-europeen\/wp-json\/wp\/v2\/users\/20"}],"replies":[{"embeddable":true,"href":"https:\/\/blogs.univ-jfc.fr\/heritage-historique-europeen\/wp-json\/wp\/v2\/comments?post=742"}],"version-history":[{"count":1,"href":"https:\/\/blogs.univ-jfc.fr\/heritage-historique-europeen\/wp-json\/wp\/v2\/pages\/742\/revisions"}],"predecessor-version":[{"id":744,"href":"https:\/\/blogs.univ-jfc.fr\/heritage-historique-europeen\/wp-json\/wp\/v2\/pages\/742\/revisions\/744"}],"up":[{"embeddable":true,"href":"https:\/\/blogs.univ-jfc.fr\/heritage-historique-europeen\/wp-json\/wp\/v2\/pages\/4"}],"wp:attachment":[{"href":"https:\/\/blogs.univ-jfc.fr\/heritage-historique-europeen\/wp-json\/wp\/v2\/media?parent=742"}],"curies":[{"name":"wp","href":"https:\/\/api.w.org\/{rel}","templated":true}]}}