{"id":774,"date":"2022-03-16T09:01:47","date_gmt":"2022-03-16T08:01:47","guid":{"rendered":"http:\/\/blogs.univ-jfc.fr\/heritage-historique-europeen\/?page_id=774"},"modified":"2022-09-05T08:20:16","modified_gmt":"2022-09-05T06:20:16","slug":"anciens-etudiants-porteurs-de-memoire","status":"publish","type":"page","link":"https:\/\/blogs.univ-jfc.fr\/heritage-historique-europeen\/les-activites\/diffusion\/anciens-etudiants-porteurs-de-memoire\/","title":{"rendered":"Anciens \u00e9tudiants, porteurs de m\u00e9moire"},"content":{"rendered":"\n<p>Le travail de recherche et l&rsquo;exp\u00e9rience du s\u00e9minaire de terrain marquent les \u00e9tudiants qui gardent en eux une forte sensibilit\u00e9 au sujet.<\/p>\n\n\n\n<p>Au fil de leur parcours post-licence, ils continuent \u00e0 porter la voix du terrain \u00e9tudi\u00e9.<\/p>\n\n\n\n<p>Ainsi, Ana\u00efs a pris comme sujet pour son master 2 \u00ab\u00a0<a data-type=\"URL\" data-id=\"http:\/\/urlz.fr\/h9zX\" href=\"http:\/\/urlz.fr\/h9zX\">Communication et territoire<\/a>\u00a0\u00bb son exp\u00e9rience sur le terrain bi\u00e9lorusse. Son billet de blog est visible en cliquant <a href=\"http:\/\/www.m2-infocom.iut-tlse3.fr\/?longform=a-chaque-fois-que-jy-pense-ca-me-retourne-lame-les-voix-des-derniers-temoins-de-la-shoah-par-balles-en-bielorussie\">ci-apr\u00e8s<\/a>.<\/p>\n\n\n\n<figure class=\"wp-block-image size-large\"><a href=\"http:\/\/www.m2-infocom.iut-tlse3.fr\/?longform=a-chaque-fois-que-jy-pense-ca-me-retourne-lame-les-voix-des-derniers-temoins-de-la-shoah-par-balles-en-bielorussie\"><img loading=\"lazy\" width=\"694\" height=\"292\" src=\"https:\/\/blogs.univ-jfc.fr\/heritage-historique-europeen\/wp-content\/uploads\/sites\/63\/2022\/03\/Sans-titre.png\" alt=\"\" class=\"wp-image-775\" srcset=\"https:\/\/blogs.univ-jfc.fr\/heritage-historique-europeen\/wp-content\/uploads\/sites\/63\/2022\/03\/Sans-titre.png 694w, https:\/\/blogs.univ-jfc.fr\/heritage-historique-europeen\/wp-content\/uploads\/sites\/63\/2022\/03\/Sans-titre-300x126.png 300w\" sizes=\"(max-width: 694px) 100vw, 694px\" \/><\/a><\/figure>\n\n\n\n<p>D&rsquo;autres \u00e9tudiants en t\u00e9moignent \u00e9galement dans cette vid\u00e9o r\u00e9alis\u00e9e pour les 5 ans de l&rsquo;UEO H\u00e9ritage :<\/p>\n\n\n\n<figure class=\"wp-block-image size-large\"><a href=\"https:\/\/media.univ-jfc.fr\/videos\/?video=MEDIA210319121514607\"><img loading=\"lazy\" width=\"1024\" height=\"607\" src=\"https:\/\/blogs.univ-jfc.fr\/heritage-historique-europeen\/wp-content\/uploads\/sites\/63\/2022\/03\/Sans-titre-2-1024x607.png\" alt=\"\" class=\"wp-image-778\" srcset=\"https:\/\/blogs.univ-jfc.fr\/heritage-historique-europeen\/wp-content\/uploads\/sites\/63\/2022\/03\/Sans-titre-2-1024x607.png 1024w, https:\/\/blogs.univ-jfc.fr\/heritage-historique-europeen\/wp-content\/uploads\/sites\/63\/2022\/03\/Sans-titre-2-300x178.png 300w, https:\/\/blogs.univ-jfc.fr\/heritage-historique-europeen\/wp-content\/uploads\/sites\/63\/2022\/03\/Sans-titre-2-768x455.png 768w, https:\/\/blogs.univ-jfc.fr\/heritage-historique-europeen\/wp-content\/uploads\/sites\/63\/2022\/03\/Sans-titre-2.png 1031w\" sizes=\"(max-width: 706px) 89vw, (max-width: 767px) 82vw, 740px\" \/><\/a><\/figure>\n\n\n\n<p><\/p>\n","protected":false},"excerpt":{"rendered":"<p>Le travail de recherche et l&rsquo;exp\u00e9rience du s\u00e9minaire de terrain marquent les \u00e9tudiants qui gardent en eux une forte sensibilit\u00e9 au sujet. Au fil de leur parcours post-licence, ils continuent \u00e0 porter la voix du terrain \u00e9tudi\u00e9. Ainsi, Ana\u00efs a pris comme sujet pour son master 2 \u00ab\u00a0Communication et territoire\u00a0\u00bb son exp\u00e9rience sur le terrain &hellip; <\/p>\n<p class=\"link-more\"><a href=\"https:\/\/blogs.univ-jfc.fr\/heritage-historique-europeen\/les-activites\/diffusion\/anciens-etudiants-porteurs-de-memoire\/\" class=\"more-link\">Continuer la lecture<span class=\"screen-reader-text\"> de &laquo;&nbsp;Anciens \u00e9tudiants, porteurs de m\u00e9moire&nbsp;&raquo;<\/span><\/a><\/p>\n","protected":false},"author":20,"featured_media":781,"parent":219,"menu_order":-2,"comment_status":"closed","ping_status":"closed","template":"","meta":[],"_links":{"self":[{"href":"https:\/\/blogs.univ-jfc.fr\/heritage-historique-europeen\/wp-json\/wp\/v2\/pages\/774"}],"collection":[{"href":"https:\/\/blogs.univ-jfc.fr\/heritage-historique-europeen\/wp-json\/wp\/v2\/pages"}],"about":[{"href":"https:\/\/blogs.univ-jfc.fr\/heritage-historique-europeen\/wp-json\/wp\/v2\/types\/page"}],"author":[{"embeddable":true,"href":"https:\/\/blogs.univ-jfc.fr\/heritage-historique-europeen\/wp-json\/wp\/v2\/users\/20"}],"replies":[{"embeddable":true,"href":"https:\/\/blogs.univ-jfc.fr\/heritage-historique-europeen\/wp-json\/wp\/v2\/comments?post=774"}],"version-history":[{"count":4,"href":"https:\/\/blogs.univ-jfc.fr\/heritage-historique-europeen\/wp-json\/wp\/v2\/pages\/774\/revisions"}],"predecessor-version":[{"id":829,"href":"https:\/\/blogs.univ-jfc.fr\/heritage-historique-europeen\/wp-json\/wp\/v2\/pages\/774\/revisions\/829"}],"up":[{"embeddable":true,"href":"https:\/\/blogs.univ-jfc.fr\/heritage-historique-europeen\/wp-json\/wp\/v2\/pages\/219"}],"wp:featuredmedia":[{"embeddable":true,"href":"https:\/\/blogs.univ-jfc.fr\/heritage-historique-europeen\/wp-json\/wp\/v2\/media\/781"}],"wp:attachment":[{"href":"https:\/\/blogs.univ-jfc.fr\/heritage-historique-europeen\/wp-json\/wp\/v2\/media?parent=774"}],"curies":[{"name":"wp","href":"https:\/\/api.w.org\/{rel}","templated":true}]}}