{"id":791,"date":"2022-04-04T18:38:57","date_gmt":"2022-04-04T16:38:57","guid":{"rendered":"http:\/\/blogs.univ-jfc.fr\/heritage-historique-europeen\/?page_id=791"},"modified":"2022-04-04T18:38:58","modified_gmt":"2022-04-04T16:38:58","slug":"retours-sur-images","status":"publish","type":"page","link":"https:\/\/blogs.univ-jfc.fr\/heritage-historique-europeen\/les-activites\/les-conferences\/retours-sur-images\/","title":{"rendered":"Retours sur images"},"content":{"rendered":"\n<p>Chaque ann\u00e9e, la c\u00e9r\u00e9monie d&rsquo;ouverture de la semaine de conf\u00e9rences des \u00e9tudiants est marqu\u00e9e par une vid\u00e9o qui revient en images sur les moments forts du terrain de recherche.<\/p>\n\n\n\n<p><\/p>\n\n\n\n<figure class=\"wp-block-image size-large\"><a href=\"https:\/\/media.univ-jfc.fr\/videos\/?video=MEDIA220401161626263\"><img loading=\"lazy\" width=\"1024\" height=\"553\" src=\"https:\/\/blogs.univ-jfc.fr\/heritage-historique-europeen\/wp-content\/uploads\/sites\/63\/2022\/04\/Pologne-1024x553.png\" alt=\"\" class=\"wp-image-792\" srcset=\"https:\/\/blogs.univ-jfc.fr\/heritage-historique-europeen\/wp-content\/uploads\/sites\/63\/2022\/04\/Pologne-1024x553.png 1024w, https:\/\/blogs.univ-jfc.fr\/heritage-historique-europeen\/wp-content\/uploads\/sites\/63\/2022\/04\/Pologne-300x162.png 300w, https:\/\/blogs.univ-jfc.fr\/heritage-historique-europeen\/wp-content\/uploads\/sites\/63\/2022\/04\/Pologne-768x415.png 768w, https:\/\/blogs.univ-jfc.fr\/heritage-historique-europeen\/wp-content\/uploads\/sites\/63\/2022\/04\/Pologne.png 1101w\" sizes=\"(max-width: 706px) 89vw, (max-width: 767px) 82vw, 740px\" \/><\/a><figcaption><a href=\"https:\/\/media.univ-jfc.fr\/videos\/?video=MEDIA220401161626263\" target=\"_blank\" rel=\"noreferrer noopener\">https:\/\/media.univ-jfc.fr\/videos\/?video=MEDIA220401161626263<\/a><\/figcaption><\/figure>\n\n\n\n<figure class=\"wp-block-image size-large\"><a href=\"https:\/\/media.univ-jfc.fr\/videos\/?video=MEDIA220401161821800\"><img loading=\"lazy\" width=\"919\" height=\"631\" src=\"https:\/\/blogs.univ-jfc.fr\/heritage-historique-europeen\/wp-content\/uploads\/sites\/63\/2022\/04\/Bielorussie.png\" alt=\"\" class=\"wp-image-794\" srcset=\"https:\/\/blogs.univ-jfc.fr\/heritage-historique-europeen\/wp-content\/uploads\/sites\/63\/2022\/04\/Bielorussie.png 919w, https:\/\/blogs.univ-jfc.fr\/heritage-historique-europeen\/wp-content\/uploads\/sites\/63\/2022\/04\/Bielorussie-300x206.png 300w, https:\/\/blogs.univ-jfc.fr\/heritage-historique-europeen\/wp-content\/uploads\/sites\/63\/2022\/04\/Bielorussie-768x527.png 768w\" sizes=\"(max-width: 706px) 89vw, (max-width: 767px) 82vw, 740px\" \/><\/a><figcaption><a href=\"https:\/\/media.univ-jfc.fr\/videos\/?video=MEDIA220401161821800\" target=\"_blank\" rel=\"noreferrer noopener\">https:\/\/media.univ-jfc.fr\/videos\/?video=MEDIA220401161821800<\/a><\/figcaption><\/figure>\n\n\n\n<figure class=\"wp-block-image size-large\"><a href=\"https:\/\/media.univ-jfc.fr\/videos\/?video=MEDIA190409194313700\"><img loading=\"lazy\" width=\"845\" height=\"593\" src=\"https:\/\/blogs.univ-jfc.fr\/heritage-historique-europeen\/wp-content\/uploads\/sites\/63\/2022\/04\/Ukraine.png\" alt=\"\" class=\"wp-image-795\" srcset=\"https:\/\/blogs.univ-jfc.fr\/heritage-historique-europeen\/wp-content\/uploads\/sites\/63\/2022\/04\/Ukraine.png 845w, https:\/\/blogs.univ-jfc.fr\/heritage-historique-europeen\/wp-content\/uploads\/sites\/63\/2022\/04\/Ukraine-300x211.png 300w, https:\/\/blogs.univ-jfc.fr\/heritage-historique-europeen\/wp-content\/uploads\/sites\/63\/2022\/04\/Ukraine-768x539.png 768w\" sizes=\"(max-width: 706px) 89vw, (max-width: 767px) 82vw, 740px\" \/><\/a><figcaption><a href=\"https:\/\/media.univ-jfc.fr\/videos\/?video=MEDIA190409194313700\">https:\/\/media.univ-jfc.fr\/videos\/?video=MEDIA190409194313700<\/a><\/figcaption><\/figure>\n\n\n\n<figure class=\"wp-block-image size-large\"><a href=\"https:\/\/media.univ-jfc.fr\/videos\/?video=MEDIA180406115929661\"><img loading=\"lazy\" width=\"905\" height=\"591\" src=\"https:\/\/blogs.univ-jfc.fr\/heritage-historique-europeen\/wp-content\/uploads\/sites\/63\/2022\/04\/Galicie.png\" alt=\"\" class=\"wp-image-796\" srcset=\"https:\/\/blogs.univ-jfc.fr\/heritage-historique-europeen\/wp-content\/uploads\/sites\/63\/2022\/04\/Galicie.png 905w, https:\/\/blogs.univ-jfc.fr\/heritage-historique-europeen\/wp-content\/uploads\/sites\/63\/2022\/04\/Galicie-300x196.png 300w, https:\/\/blogs.univ-jfc.fr\/heritage-historique-europeen\/wp-content\/uploads\/sites\/63\/2022\/04\/Galicie-768x502.png 768w\" sizes=\"(max-width: 706px) 89vw, (max-width: 767px) 82vw, 740px\" \/><\/a><figcaption><a href=\"https:\/\/media.univ-jfc.fr\/videos\/?video=MEDIA180406115929661\" target=\"_blank\" rel=\"noreferrer noopener\">https:\/\/media.univ-jfc.fr\/videos\/?video=MEDIA180406115929661<\/a><\/figcaption><\/figure>\n","protected":false},"excerpt":{"rendered":"<p>Chaque ann\u00e9e, la c\u00e9r\u00e9monie d&rsquo;ouverture de la semaine de conf\u00e9rences des \u00e9tudiants est marqu\u00e9e par une vid\u00e9o qui revient en images sur les moments forts du terrain de recherche.<\/p>\n","protected":false},"author":20,"featured_media":0,"parent":30,"menu_order":-1,"comment_status":"closed","ping_status":"closed","template":"","meta":[],"_links":{"self":[{"href":"https:\/\/blogs.univ-jfc.fr\/heritage-historique-europeen\/wp-json\/wp\/v2\/pages\/791"}],"collection":[{"href":"https:\/\/blogs.univ-jfc.fr\/heritage-historique-europeen\/wp-json\/wp\/v2\/pages"}],"about":[{"href":"https:\/\/blogs.univ-jfc.fr\/heritage-historique-europeen\/wp-json\/wp\/v2\/types\/page"}],"author":[{"embeddable":true,"href":"https:\/\/blogs.univ-jfc.fr\/heritage-historique-europeen\/wp-json\/wp\/v2\/users\/20"}],"replies":[{"embeddable":true,"href":"https:\/\/blogs.univ-jfc.fr\/heritage-historique-europeen\/wp-json\/wp\/v2\/comments?post=791"}],"version-history":[{"count":2,"href":"https:\/\/blogs.univ-jfc.fr\/heritage-historique-europeen\/wp-json\/wp\/v2\/pages\/791\/revisions"}],"predecessor-version":[{"id":797,"href":"https:\/\/blogs.univ-jfc.fr\/heritage-historique-europeen\/wp-json\/wp\/v2\/pages\/791\/revisions\/797"}],"up":[{"embeddable":true,"href":"https:\/\/blogs.univ-jfc.fr\/heritage-historique-europeen\/wp-json\/wp\/v2\/pages\/30"}],"wp:attachment":[{"href":"https:\/\/blogs.univ-jfc.fr\/heritage-historique-europeen\/wp-json\/wp\/v2\/media?parent=791"}],"curies":[{"name":"wp","href":"https:\/\/api.w.org\/{rel}","templated":true}]}}