{"id":83,"date":"2017-09-26T17:50:05","date_gmt":"2017-09-26T15:50:05","guid":{"rendered":"http:\/\/blogs.univ-jfc.fr\/heritage-historique-europeen\/?page_id=83"},"modified":"2019-04-17T09:17:54","modified_gmt":"2019-04-17T07:17:54","slug":"les-expositions","status":"publish","type":"page","link":"https:\/\/blogs.univ-jfc.fr\/heritage-historique-europeen\/les-activites\/les-expositions\/","title":{"rendered":"Les expositions"},"content":{"rendered":"<p align=\"justify\">Premi\u00e8res photos de l&rsquo;exposition 2019 !<\/p>\n<p align=\"justify\"><img loading=\"lazy\" class=\"aligncenter size-full wp-image-683\" src=\"http:\/\/blogs.univ-jfc.fr\/heritage-historique-europeen\/wp-content\/uploads\/sites\/63\/2017\/09\/57094457_588803551616395_1224103114294951936_n.jpg\" alt=\"\" width=\"960\" height=\"720\" srcset=\"https:\/\/blogs.univ-jfc.fr\/heritage-historique-europeen\/wp-content\/uploads\/sites\/63\/2017\/09\/57094457_588803551616395_1224103114294951936_n.jpg 960w, https:\/\/blogs.univ-jfc.fr\/heritage-historique-europeen\/wp-content\/uploads\/sites\/63\/2017\/09\/57094457_588803551616395_1224103114294951936_n-300x225.jpg 300w, https:\/\/blogs.univ-jfc.fr\/heritage-historique-europeen\/wp-content\/uploads\/sites\/63\/2017\/09\/57094457_588803551616395_1224103114294951936_n-768x576.jpg 768w\" sizes=\"(max-width: 706px) 89vw, (max-width: 767px) 82vw, 740px\" \/><\/p>\n<p align=\"justify\">\n<hr \/>\n<p align=\"justify\">\n<p align=\"justify\"><img loading=\"lazy\" class=\"aligncenter size-full wp-image-255\" src=\"http:\/\/blogs.univ-jfc.fr\/heritage-historique-europeen\/wp-content\/uploads\/sites\/63\/2017\/09\/cropped-17309352_10211125415344501_4670530349771233738_n2.jpg\" alt=\"\" width=\"640\" height=\"135\" srcset=\"https:\/\/blogs.univ-jfc.fr\/heritage-historique-europeen\/wp-content\/uploads\/sites\/63\/2017\/09\/cropped-17309352_10211125415344501_4670530349771233738_n2.jpg 640w, https:\/\/blogs.univ-jfc.fr\/heritage-historique-europeen\/wp-content\/uploads\/sites\/63\/2017\/09\/cropped-17309352_10211125415344501_4670530349771233738_n2-300x63.jpg 300w\" sizes=\"(max-width: 640px) 100vw, 640px\" \/><\/p>\n<p align=\"justify\">Lors de la semaine <a href=\"http:\/\/eduscol.education.fr\/cid86337\/du-21-au-28-mars-2016.html\">d\u2019\u00c9ducation et d&rsquo;Actions contre le racisme et l&rsquo;antis\u00e9mitisme<\/a> 2017, les \u00e9tudiants impliqu\u00e9s dans le dispositif \u00ab\u00a0H\u00e9ritage Historique Europ\u00e9en\u00a0\u00bb ont r\u00e9alis\u00e9 une exposition, fruit de leur travail de recherche et de leur s\u00e9minaire de terrain, en partenariat avec <a href=\"http:\/\/www.yahadinunum.org\/fr\/\">Yahad-in-Unum<\/a>, le D\u00e9partement du Tarn, la <a href=\"http:\/\/www.gouvernement.fr\/dilcrah\">Dilcrah<\/a>, et la Fondation pour la M\u00e9moire de la Shoah. Elle a tout d&rsquo;abord \u00e9t\u00e9 pr\u00e9sent\u00e9e \u00e0 l&rsquo;INU Champollion.<\/p>\n<figure id=\"attachment_124\" aria-describedby=\"caption-attachment-124\" style=\"width: 3240px\" class=\"wp-caption aligncenter\"><img loading=\"lazy\" class=\"wp-image-124 size-full\" src=\"http:\/\/blogs.univ-jfc.fr\/heritage-historique-europeen\/wp-content\/uploads\/sites\/63\/2017\/09\/IMG_2561.jpg\" alt=\"\" width=\"3240\" height=\"708\" srcset=\"https:\/\/blogs.univ-jfc.fr\/heritage-historique-europeen\/wp-content\/uploads\/sites\/63\/2017\/09\/IMG_2561.jpg 3240w, https:\/\/blogs.univ-jfc.fr\/heritage-historique-europeen\/wp-content\/uploads\/sites\/63\/2017\/09\/IMG_2561-300x66.jpg 300w, https:\/\/blogs.univ-jfc.fr\/heritage-historique-europeen\/wp-content\/uploads\/sites\/63\/2017\/09\/IMG_2561-768x168.jpg 768w, https:\/\/blogs.univ-jfc.fr\/heritage-historique-europeen\/wp-content\/uploads\/sites\/63\/2017\/09\/IMG_2561-1024x224.jpg 1024w\" sizes=\"(max-width: 706px) 89vw, (max-width: 767px) 82vw, 740px\" \/><figcaption id=\"caption-attachment-124\" class=\"wp-caption-text\">L&rsquo;installation \u00e0 l&rsquo;INU Champollion.<\/figcaption><\/figure>\n<blockquote><p>Cliquez sur les panneaux pour agrandir<\/p><\/blockquote>\n<div id='gallery-1' class='gallery galleryid-83 gallery-columns-3 gallery-size-full'><figure class='gallery-item'>\n\t\t\t<div class='gallery-icon portrait'>\n\t\t\t\t<a href='https:\/\/blogs.univ-jfc.fr\/heritage-historique-europeen\/wp-content\/uploads\/sites\/63\/2017\/09\/0001.jpg'><img width=\"1064\" height=\"2658\" src=\"https:\/\/blogs.univ-jfc.fr\/heritage-historique-europeen\/wp-content\/uploads\/sites\/63\/2017\/09\/0001.jpg\" class=\"attachment-full size-full\" alt=\"\" loading=\"lazy\" srcset=\"https:\/\/blogs.univ-jfc.fr\/heritage-historique-europeen\/wp-content\/uploads\/sites\/63\/2017\/09\/0001.jpg 1064w, https:\/\/blogs.univ-jfc.fr\/heritage-historique-europeen\/wp-content\/uploads\/sites\/63\/2017\/09\/0001-120x300.jpg 120w, https:\/\/blogs.univ-jfc.fr\/heritage-historique-europeen\/wp-content\/uploads\/sites\/63\/2017\/09\/0001-768x1919.jpg 768w, https:\/\/blogs.univ-jfc.fr\/heritage-historique-europeen\/wp-content\/uploads\/sites\/63\/2017\/09\/0001-410x1024.jpg 410w\" sizes=\"100vw\" \/><\/a>\n\t\t\t<\/div><\/figure><figure class='gallery-item'>\n\t\t\t<div class='gallery-icon portrait'>\n\t\t\t\t<a href='https:\/\/blogs.univ-jfc.fr\/heritage-historique-europeen\/wp-content\/uploads\/sites\/63\/2017\/09\/0002.jpg'><img width=\"1348\" height=\"3367\" src=\"https:\/\/blogs.univ-jfc.fr\/heritage-historique-europeen\/wp-content\/uploads\/sites\/63\/2017\/09\/0002.jpg\" class=\"attachment-full size-full\" alt=\"\" loading=\"lazy\" srcset=\"https:\/\/blogs.univ-jfc.fr\/heritage-historique-europeen\/wp-content\/uploads\/sites\/63\/2017\/09\/0002.jpg 1348w, https:\/\/blogs.univ-jfc.fr\/heritage-historique-europeen\/wp-content\/uploads\/sites\/63\/2017\/09\/0002-120x300.jpg 120w, https:\/\/blogs.univ-jfc.fr\/heritage-historique-europeen\/wp-content\/uploads\/sites\/63\/2017\/09\/0002-768x1918.jpg 768w, https:\/\/blogs.univ-jfc.fr\/heritage-historique-europeen\/wp-content\/uploads\/sites\/63\/2017\/09\/0002-410x1024.jpg 410w\" sizes=\"100vw\" \/><\/a>\n\t\t\t<\/div><\/figure><figure class='gallery-item'>\n\t\t\t<div class='gallery-icon portrait'>\n\t\t\t\t<a href='https:\/\/blogs.univ-jfc.fr\/heritage-historique-europeen\/wp-content\/uploads\/sites\/63\/2017\/09\/0003.jpg'><img width=\"1348\" height=\"3367\" src=\"https:\/\/blogs.univ-jfc.fr\/heritage-historique-europeen\/wp-content\/uploads\/sites\/63\/2017\/09\/0003.jpg\" class=\"attachment-full size-full\" alt=\"\" loading=\"lazy\" srcset=\"https:\/\/blogs.univ-jfc.fr\/heritage-historique-europeen\/wp-content\/uploads\/sites\/63\/2017\/09\/0003.jpg 1348w, https:\/\/blogs.univ-jfc.fr\/heritage-historique-europeen\/wp-content\/uploads\/sites\/63\/2017\/09\/0003-120x300.jpg 120w, https:\/\/blogs.univ-jfc.fr\/heritage-historique-europeen\/wp-content\/uploads\/sites\/63\/2017\/09\/0003-768x1918.jpg 768w, https:\/\/blogs.univ-jfc.fr\/heritage-historique-europeen\/wp-content\/uploads\/sites\/63\/2017\/09\/0003-410x1024.jpg 410w\" sizes=\"100vw\" \/><\/a>\n\t\t\t<\/div><\/figure><figure class='gallery-item'>\n\t\t\t<div class='gallery-icon portrait'>\n\t\t\t\t<a href='https:\/\/blogs.univ-jfc.fr\/heritage-historique-europeen\/wp-content\/uploads\/sites\/63\/2017\/09\/0004.jpg'><img width=\"1182\" height=\"2953\" src=\"https:\/\/blogs.univ-jfc.fr\/heritage-historique-europeen\/wp-content\/uploads\/sites\/63\/2017\/09\/0004.jpg\" class=\"attachment-full size-full\" alt=\"\" loading=\"lazy\" srcset=\"https:\/\/blogs.univ-jfc.fr\/heritage-historique-europeen\/wp-content\/uploads\/sites\/63\/2017\/09\/0004.jpg 1182w, https:\/\/blogs.univ-jfc.fr\/heritage-historique-europeen\/wp-content\/uploads\/sites\/63\/2017\/09\/0004-120x300.jpg 120w, https:\/\/blogs.univ-jfc.fr\/heritage-historique-europeen\/wp-content\/uploads\/sites\/63\/2017\/09\/0004-768x1919.jpg 768w, https:\/\/blogs.univ-jfc.fr\/heritage-historique-europeen\/wp-content\/uploads\/sites\/63\/2017\/09\/0004-410x1024.jpg 410w\" sizes=\"100vw\" \/><\/a>\n\t\t\t<\/div><\/figure><figure class='gallery-item'>\n\t\t\t<div class='gallery-icon portrait'>\n\t\t\t\t<a href='https:\/\/blogs.univ-jfc.fr\/heritage-historique-europeen\/wp-content\/uploads\/sites\/63\/2017\/09\/0005.jpg'><img width=\"4725\" height=\"11812\" src=\"https:\/\/blogs.univ-jfc.fr\/heritage-historique-europeen\/wp-content\/uploads\/sites\/63\/2017\/09\/0005.jpg\" class=\"attachment-full size-full\" alt=\"\" loading=\"lazy\" srcset=\"https:\/\/blogs.univ-jfc.fr\/heritage-historique-europeen\/wp-content\/uploads\/sites\/63\/2017\/09\/0005.jpg 4725w, https:\/\/blogs.univ-jfc.fr\/heritage-historique-europeen\/wp-content\/uploads\/sites\/63\/2017\/09\/0005-120x300.jpg 120w, https:\/\/blogs.univ-jfc.fr\/heritage-historique-europeen\/wp-content\/uploads\/sites\/63\/2017\/09\/0005-768x1920.jpg 768w, https:\/\/blogs.univ-jfc.fr\/heritage-historique-europeen\/wp-content\/uploads\/sites\/63\/2017\/09\/0005-410x1024.jpg 410w\" sizes=\"100vw\" \/><\/a>\n\t\t\t<\/div><\/figure><figure class='gallery-item'>\n\t\t\t<div class='gallery-icon portrait'>\n\t\t\t\t<a href='https:\/\/blogs.univ-jfc.fr\/heritage-historique-europeen\/wp-content\/uploads\/sites\/63\/2017\/09\/0006.jpg'><img width=\"1404\" height=\"3509\" src=\"https:\/\/blogs.univ-jfc.fr\/heritage-historique-europeen\/wp-content\/uploads\/sites\/63\/2017\/09\/0006.jpg\" class=\"attachment-full size-full\" alt=\"\" loading=\"lazy\" srcset=\"https:\/\/blogs.univ-jfc.fr\/heritage-historique-europeen\/wp-content\/uploads\/sites\/63\/2017\/09\/0006.jpg 1404w, https:\/\/blogs.univ-jfc.fr\/heritage-historique-europeen\/wp-content\/uploads\/sites\/63\/2017\/09\/0006-120x300.jpg 120w, https:\/\/blogs.univ-jfc.fr\/heritage-historique-europeen\/wp-content\/uploads\/sites\/63\/2017\/09\/0006-768x1919.jpg 768w, https:\/\/blogs.univ-jfc.fr\/heritage-historique-europeen\/wp-content\/uploads\/sites\/63\/2017\/09\/0006-410x1024.jpg 410w\" sizes=\"100vw\" \/><\/a>\n\t\t\t<\/div><\/figure><figure class='gallery-item'>\n\t\t\t<div class='gallery-icon portrait'>\n\t\t\t\t<a href='https:\/\/blogs.univ-jfc.fr\/heritage-historique-europeen\/wp-content\/uploads\/sites\/63\/2017\/09\/0007.jpg'><img width=\"1418\" height=\"3544\" src=\"https:\/\/blogs.univ-jfc.fr\/heritage-historique-europeen\/wp-content\/uploads\/sites\/63\/2017\/09\/0007.jpg\" class=\"attachment-full size-full\" alt=\"\" loading=\"lazy\" srcset=\"https:\/\/blogs.univ-jfc.fr\/heritage-historique-europeen\/wp-content\/uploads\/sites\/63\/2017\/09\/0007.jpg 1418w, https:\/\/blogs.univ-jfc.fr\/heritage-historique-europeen\/wp-content\/uploads\/sites\/63\/2017\/09\/0007-120x300.jpg 120w, https:\/\/blogs.univ-jfc.fr\/heritage-historique-europeen\/wp-content\/uploads\/sites\/63\/2017\/09\/0007-768x1919.jpg 768w, https:\/\/blogs.univ-jfc.fr\/heritage-historique-europeen\/wp-content\/uploads\/sites\/63\/2017\/09\/0007-410x1024.jpg 410w\" sizes=\"100vw\" \/><\/a>\n\t\t\t<\/div><\/figure><figure class='gallery-item'>\n\t\t\t<div class='gallery-icon portrait'>\n\t\t\t\t<a href='https:\/\/blogs.univ-jfc.fr\/heritage-historique-europeen\/wp-content\/uploads\/sites\/63\/2017\/09\/0008.jpg'><img width=\"1067\" height=\"2666\" src=\"https:\/\/blogs.univ-jfc.fr\/heritage-historique-europeen\/wp-content\/uploads\/sites\/63\/2017\/09\/0008.jpg\" class=\"attachment-full size-full\" alt=\"\" loading=\"lazy\" srcset=\"https:\/\/blogs.univ-jfc.fr\/heritage-historique-europeen\/wp-content\/uploads\/sites\/63\/2017\/09\/0008.jpg 1067w, https:\/\/blogs.univ-jfc.fr\/heritage-historique-europeen\/wp-content\/uploads\/sites\/63\/2017\/09\/0008-120x300.jpg 120w, https:\/\/blogs.univ-jfc.fr\/heritage-historique-europeen\/wp-content\/uploads\/sites\/63\/2017\/09\/0008-768x1919.jpg 768w, https:\/\/blogs.univ-jfc.fr\/heritage-historique-europeen\/wp-content\/uploads\/sites\/63\/2017\/09\/0008-410x1024.jpg 410w\" sizes=\"100vw\" \/><\/a>\n\t\t\t<\/div><\/figure><figure class='gallery-item'>\n\t\t\t<div class='gallery-icon portrait'>\n\t\t\t\t<a href='https:\/\/blogs.univ-jfc.fr\/heritage-historique-europeen\/wp-content\/uploads\/sites\/63\/2017\/09\/0009.jpg'><img width=\"1277\" height=\"3190\" src=\"https:\/\/blogs.univ-jfc.fr\/heritage-historique-europeen\/wp-content\/uploads\/sites\/63\/2017\/09\/0009.jpg\" class=\"attachment-full size-full\" alt=\"\" loading=\"lazy\" srcset=\"https:\/\/blogs.univ-jfc.fr\/heritage-historique-europeen\/wp-content\/uploads\/sites\/63\/2017\/09\/0009.jpg 1277w, https:\/\/blogs.univ-jfc.fr\/heritage-historique-europeen\/wp-content\/uploads\/sites\/63\/2017\/09\/0009-120x300.jpg 120w, https:\/\/blogs.univ-jfc.fr\/heritage-historique-europeen\/wp-content\/uploads\/sites\/63\/2017\/09\/0009-768x1918.jpg 768w, https:\/\/blogs.univ-jfc.fr\/heritage-historique-europeen\/wp-content\/uploads\/sites\/63\/2017\/09\/0009-410x1024.jpg 410w\" sizes=\"100vw\" \/><\/a>\n\t\t\t<\/div><\/figure><figure class='gallery-item'>\n\t\t\t<div class='gallery-icon portrait'>\n\t\t\t\t<a href='https:\/\/blogs.univ-jfc.fr\/heritage-historique-europeen\/wp-content\/uploads\/sites\/63\/2017\/09\/0010.jpg'><img width=\"945\" height=\"2363\" src=\"https:\/\/blogs.univ-jfc.fr\/heritage-historique-europeen\/wp-content\/uploads\/sites\/63\/2017\/09\/0010.jpg\" class=\"attachment-full size-full\" alt=\"\" loading=\"lazy\" srcset=\"https:\/\/blogs.univ-jfc.fr\/heritage-historique-europeen\/wp-content\/uploads\/sites\/63\/2017\/09\/0010.jpg 945w, https:\/\/blogs.univ-jfc.fr\/heritage-historique-europeen\/wp-content\/uploads\/sites\/63\/2017\/09\/0010-120x300.jpg 120w, https:\/\/blogs.univ-jfc.fr\/heritage-historique-europeen\/wp-content\/uploads\/sites\/63\/2017\/09\/0010-768x1920.jpg 768w, https:\/\/blogs.univ-jfc.fr\/heritage-historique-europeen\/wp-content\/uploads\/sites\/63\/2017\/09\/0010-410x1024.jpg 410w\" sizes=\"100vw\" \/><\/a>\n\t\t\t<\/div><\/figure><figure class='gallery-item'>\n\t\t\t<div class='gallery-icon portrait'>\n\t\t\t\t<a href='https:\/\/blogs.univ-jfc.fr\/heritage-historique-europeen\/wp-content\/uploads\/sites\/63\/2017\/09\/0011.jpg'><img width=\"1064\" height=\"2658\" src=\"https:\/\/blogs.univ-jfc.fr\/heritage-historique-europeen\/wp-content\/uploads\/sites\/63\/2017\/09\/0011.jpg\" class=\"attachment-full size-full\" alt=\"\" loading=\"lazy\" srcset=\"https:\/\/blogs.univ-jfc.fr\/heritage-historique-europeen\/wp-content\/uploads\/sites\/63\/2017\/09\/0011.jpg 1064w, https:\/\/blogs.univ-jfc.fr\/heritage-historique-europeen\/wp-content\/uploads\/sites\/63\/2017\/09\/0011-120x300.jpg 120w, https:\/\/blogs.univ-jfc.fr\/heritage-historique-europeen\/wp-content\/uploads\/sites\/63\/2017\/09\/0011-768x1919.jpg 768w, https:\/\/blogs.univ-jfc.fr\/heritage-historique-europeen\/wp-content\/uploads\/sites\/63\/2017\/09\/0011-410x1024.jpg 410w\" sizes=\"100vw\" \/><\/a>\n\t\t\t<\/div><\/figure><figure class='gallery-item'>\n\t\t\t<div class='gallery-icon portrait'>\n\t\t\t\t<a href='https:\/\/blogs.univ-jfc.fr\/heritage-historique-europeen\/wp-content\/uploads\/sites\/63\/2017\/09\/0012.jpg'><img width=\"1772\" height=\"4430\" src=\"https:\/\/blogs.univ-jfc.fr\/heritage-historique-europeen\/wp-content\/uploads\/sites\/63\/2017\/09\/0012.jpg\" class=\"attachment-full size-full\" alt=\"\" loading=\"lazy\" srcset=\"https:\/\/blogs.univ-jfc.fr\/heritage-historique-europeen\/wp-content\/uploads\/sites\/63\/2017\/09\/0012.jpg 1772w, https:\/\/blogs.univ-jfc.fr\/heritage-historique-europeen\/wp-content\/uploads\/sites\/63\/2017\/09\/0012-120x300.jpg 120w, https:\/\/blogs.univ-jfc.fr\/heritage-historique-europeen\/wp-content\/uploads\/sites\/63\/2017\/09\/0012-768x1920.jpg 768w, https:\/\/blogs.univ-jfc.fr\/heritage-historique-europeen\/wp-content\/uploads\/sites\/63\/2017\/09\/0012-410x1024.jpg 410w\" sizes=\"100vw\" \/><\/a>\n\t\t\t<\/div><\/figure><figure class='gallery-item'>\n\t\t\t<div class='gallery-icon portrait'>\n\t\t\t\t<a href='https:\/\/blogs.univ-jfc.fr\/heritage-historique-europeen\/wp-content\/uploads\/sites\/63\/2017\/09\/0013.jpg'><img width=\"1064\" height=\"2658\" src=\"https:\/\/blogs.univ-jfc.fr\/heritage-historique-europeen\/wp-content\/uploads\/sites\/63\/2017\/09\/0013.jpg\" class=\"attachment-full size-full\" alt=\"\" loading=\"lazy\" srcset=\"https:\/\/blogs.univ-jfc.fr\/heritage-historique-europeen\/wp-content\/uploads\/sites\/63\/2017\/09\/0013.jpg 1064w, https:\/\/blogs.univ-jfc.fr\/heritage-historique-europeen\/wp-content\/uploads\/sites\/63\/2017\/09\/0013-120x300.jpg 120w, https:\/\/blogs.univ-jfc.fr\/heritage-historique-europeen\/wp-content\/uploads\/sites\/63\/2017\/09\/0013-768x1919.jpg 768w, https:\/\/blogs.univ-jfc.fr\/heritage-historique-europeen\/wp-content\/uploads\/sites\/63\/2017\/09\/0013-410x1024.jpg 410w\" sizes=\"100vw\" \/><\/a>\n\t\t\t<\/div><\/figure><figure class='gallery-item'>\n\t\t\t<div class='gallery-icon portrait'>\n\t\t\t\t<a href='https:\/\/blogs.univ-jfc.fr\/heritage-historique-europeen\/wp-content\/uploads\/sites\/63\/2017\/09\/0014.jpg'><img width=\"1153\" height=\"2882\" src=\"https:\/\/blogs.univ-jfc.fr\/heritage-historique-europeen\/wp-content\/uploads\/sites\/63\/2017\/09\/0014.jpg\" class=\"attachment-full size-full\" alt=\"\" loading=\"lazy\" srcset=\"https:\/\/blogs.univ-jfc.fr\/heritage-historique-europeen\/wp-content\/uploads\/sites\/63\/2017\/09\/0014.jpg 1153w, https:\/\/blogs.univ-jfc.fr\/heritage-historique-europeen\/wp-content\/uploads\/sites\/63\/2017\/09\/0014-120x300.jpg 120w, https:\/\/blogs.univ-jfc.fr\/heritage-historique-europeen\/wp-content\/uploads\/sites\/63\/2017\/09\/0014-768x1920.jpg 768w, https:\/\/blogs.univ-jfc.fr\/heritage-historique-europeen\/wp-content\/uploads\/sites\/63\/2017\/09\/0014-410x1024.jpg 410w\" sizes=\"100vw\" \/><\/a>\n\t\t\t<\/div><\/figure><figure class='gallery-item'>\n\t\t\t<div class='gallery-icon portrait'>\n\t\t\t\t<a href='https:\/\/blogs.univ-jfc.fr\/heritage-historique-europeen\/wp-content\/uploads\/sites\/63\/2017\/09\/0015.jpg'><img width=\"1182\" height=\"2953\" src=\"https:\/\/blogs.univ-jfc.fr\/heritage-historique-europeen\/wp-content\/uploads\/sites\/63\/2017\/09\/0015.jpg\" class=\"attachment-full size-full\" alt=\"\" loading=\"lazy\" srcset=\"https:\/\/blogs.univ-jfc.fr\/heritage-historique-europeen\/wp-content\/uploads\/sites\/63\/2017\/09\/0015.jpg 1182w, https:\/\/blogs.univ-jfc.fr\/heritage-historique-europeen\/wp-content\/uploads\/sites\/63\/2017\/09\/0015-120x300.jpg 120w, https:\/\/blogs.univ-jfc.fr\/heritage-historique-europeen\/wp-content\/uploads\/sites\/63\/2017\/09\/0015-768x1919.jpg 768w, https:\/\/blogs.univ-jfc.fr\/heritage-historique-europeen\/wp-content\/uploads\/sites\/63\/2017\/09\/0015-410x1024.jpg 410w\" sizes=\"100vw\" \/><\/a>\n\t\t\t<\/div><\/figure><figure class='gallery-item'>\n\t\t\t<div class='gallery-icon portrait'>\n\t\t\t\t<a href='https:\/\/blogs.univ-jfc.fr\/heritage-historique-europeen\/wp-content\/uploads\/sites\/63\/2017\/09\/0016.jpg'><img width=\"945\" height=\"2363\" src=\"https:\/\/blogs.univ-jfc.fr\/heritage-historique-europeen\/wp-content\/uploads\/sites\/63\/2017\/09\/0016.jpg\" class=\"attachment-full size-full\" alt=\"\" loading=\"lazy\" srcset=\"https:\/\/blogs.univ-jfc.fr\/heritage-historique-europeen\/wp-content\/uploads\/sites\/63\/2017\/09\/0016.jpg 945w, https:\/\/blogs.univ-jfc.fr\/heritage-historique-europeen\/wp-content\/uploads\/sites\/63\/2017\/09\/0016-120x300.jpg 120w, https:\/\/blogs.univ-jfc.fr\/heritage-historique-europeen\/wp-content\/uploads\/sites\/63\/2017\/09\/0016-768x1920.jpg 768w, https:\/\/blogs.univ-jfc.fr\/heritage-historique-europeen\/wp-content\/uploads\/sites\/63\/2017\/09\/0016-410x1024.jpg 410w\" sizes=\"100vw\" \/><\/a>\n\t\t\t<\/div><\/figure>\n\t\t<\/div>\n\n<p>&nbsp;<\/p>\n<p align=\"justify\">Cette exposition a \u00e9t\u00e9 ensuite propos\u00e9e aux coll\u00e8ges et lyc\u00e9es du d\u00e9partement, \u00e0 l&rsquo;Universit\u00e9 F\u00e9d\u00e9rale de Toulouse et \u00e0 la Nuit des chercheurs 2017.<\/p>\n<p>&nbsp;<\/p>\n<figure id=\"attachment_122\" aria-describedby=\"caption-attachment-122\" style=\"width: 525px\" class=\"wp-caption aligncenter\"><img loading=\"lazy\" class=\"wp-image-122 size-large\" src=\"http:\/\/blogs.univ-jfc.fr\/heritage-historique-europeen\/wp-content\/uploads\/sites\/63\/2017\/09\/IMG_2587-1024x768.jpg\" alt=\"\" width=\"525\" height=\"394\" srcset=\"https:\/\/blogs.univ-jfc.fr\/heritage-historique-europeen\/wp-content\/uploads\/sites\/63\/2017\/09\/IMG_2587-1024x768.jpg 1024w, https:\/\/blogs.univ-jfc.fr\/heritage-historique-europeen\/wp-content\/uploads\/sites\/63\/2017\/09\/IMG_2587-300x225.jpg 300w, https:\/\/blogs.univ-jfc.fr\/heritage-historique-europeen\/wp-content\/uploads\/sites\/63\/2017\/09\/IMG_2587-768x576.jpg 768w, https:\/\/blogs.univ-jfc.fr\/heritage-historique-europeen\/wp-content\/uploads\/sites\/63\/2017\/09\/IMG_2587.jpg 1306w\" sizes=\"(max-width: 525px) 100vw, 525px\" \/><figcaption id=\"caption-attachment-122\" class=\"wp-caption-text\">Exposition \u00e0 l&rsquo;H\u00f4tel du D\u00e9partement<\/figcaption><\/figure>\n<p>&nbsp;<\/p>\n<p>&nbsp;<\/p>\n<p>Lors de la Nuit des Chercheurs 2017 \u00e0 Albi, le public a \u00e9t\u00e9 accueilli et guid\u00e9 dans l&rsquo;exposition par les enseignants-chercheurs, et les \u00e9tudiants.<\/p>\n<p>Si vous le souhaitez, cette exposition peut \u00eatre mise \u00e0 disposition de votre structure gracieusement (hors frais de transport et assurance). N&rsquo;h\u00e9sitez pas \u00e0 nous contacter.<\/p>\n<div id=\"metaslider-id-181\" style=\"max-width: 700px;\" class=\"ml-slider-3-27-5 metaslider metaslider-nivo metaslider-181 ml-slider ms-theme-nivo-dark has-dots-nav\">\n    <div id=\"metaslider_container_181\">\n        <div class='slider-wrapper theme-default'><div class='ribbon'><\/div><div id='metaslider_181' class='nivoSlider'><img src=\"https:\/\/blogs.univ-jfc.fr\/heritage-historique-europeen\/wp-content\/uploads\/sites\/63\/2017\/09\/IMG_2902-700x300.jpg\" height=\"300\" width=\"700\" alt=\"\" class=\"slider-181 slide-182\" \/><img src=\"https:\/\/blogs.univ-jfc.fr\/heritage-historique-europeen\/wp-content\/uploads\/sites\/63\/2017\/09\/IMG_2903-700x300.jpg\" height=\"300\" width=\"700\" alt=\"\" class=\"slider-181 slide-183\" \/><img src=\"https:\/\/blogs.univ-jfc.fr\/heritage-historique-europeen\/wp-content\/uploads\/sites\/63\/2017\/09\/IMG_2901-700x300.jpg\" height=\"300\" width=\"700\" alt=\"\" class=\"slider-181 slide-184\" \/><img src=\"https:\/\/blogs.univ-jfc.fr\/heritage-historique-europeen\/wp-content\/uploads\/sites\/63\/2017\/09\/FB_IMG_1506941053503-540x231.jpg\" height=\"300\" width=\"700\" alt=\"\" class=\"slider-181 slide-185\" \/><img src=\"https:\/\/blogs.univ-jfc.fr\/heritage-historique-europeen\/wp-content\/uploads\/sites\/63\/2017\/09\/FB_IMG_1506941040254-552x236.jpg\" height=\"300\" width=\"700\" alt=\"\" class=\"slider-181 slide-186\" \/><\/div><\/div>\n        \n    <\/div>\n<\/div>\n<p>&nbsp;<\/p>\n<p>Vous pouvez voir l&rsquo;album photo de la nuit des chercheurs 2017 <a href=\"https:\/\/www.flickr.com\/photos\/universite_champollion\/sets\/72157686939677870\/page1\">ici<\/a>.<\/p>\n","protected":false},"excerpt":{"rendered":"<p>Premi\u00e8res photos de l&rsquo;exposition 2019 ! Lors de la semaine d\u2019\u00c9ducation et d&rsquo;Actions contre le racisme et l&rsquo;antis\u00e9mitisme 2017, les \u00e9tudiants impliqu\u00e9s dans le dispositif \u00ab\u00a0H\u00e9ritage Historique Europ\u00e9en\u00a0\u00bb ont r\u00e9alis\u00e9 une exposition, fruit de leur travail de recherche et de leur s\u00e9minaire de terrain, en partenariat avec Yahad-in-Unum, le D\u00e9partement du Tarn, la Dilcrah, et &hellip; <\/p>\n<p class=\"link-more\"><a href=\"https:\/\/blogs.univ-jfc.fr\/heritage-historique-europeen\/les-activites\/les-expositions\/\" class=\"more-link\">Continuer la lecture<span class=\"screen-reader-text\"> de &laquo;&nbsp;Les expositions&nbsp;&raquo;<\/span><\/a><\/p>\n","protected":false},"author":20,"featured_media":0,"parent":29,"menu_order":1,"comment_status":"closed","ping_status":"closed","template":"","meta":[],"_links":{"self":[{"href":"https:\/\/blogs.univ-jfc.fr\/heritage-historique-europeen\/wp-json\/wp\/v2\/pages\/83"}],"collection":[{"href":"https:\/\/blogs.univ-jfc.fr\/heritage-historique-europeen\/wp-json\/wp\/v2\/pages"}],"about":[{"href":"https:\/\/blogs.univ-jfc.fr\/heritage-historique-europeen\/wp-json\/wp\/v2\/types\/page"}],"author":[{"embeddable":true,"href":"https:\/\/blogs.univ-jfc.fr\/heritage-historique-europeen\/wp-json\/wp\/v2\/users\/20"}],"replies":[{"embeddable":true,"href":"https:\/\/blogs.univ-jfc.fr\/heritage-historique-europeen\/wp-json\/wp\/v2\/comments?post=83"}],"version-history":[{"count":25,"href":"https:\/\/blogs.univ-jfc.fr\/heritage-historique-europeen\/wp-json\/wp\/v2\/pages\/83\/revisions"}],"predecessor-version":[{"id":684,"href":"https:\/\/blogs.univ-jfc.fr\/heritage-historique-europeen\/wp-json\/wp\/v2\/pages\/83\/revisions\/684"}],"up":[{"embeddable":true,"href":"https:\/\/blogs.univ-jfc.fr\/heritage-historique-europeen\/wp-json\/wp\/v2\/pages\/29"}],"wp:attachment":[{"href":"https:\/\/blogs.univ-jfc.fr\/heritage-historique-europeen\/wp-json\/wp\/v2\/media?parent=83"}],"curies":[{"name":"wp","href":"https:\/\/api.w.org\/{rel}","templated":true}]}}