{"id":10,"date":"2023-07-21T14:35:48","date_gmt":"2023-07-21T12:35:48","guid":{"rendered":"https:\/\/blogs.univ-jfc.fr\/hydrogene\/?page_id=10"},"modified":"2024-10-25T10:56:40","modified_gmt":"2024-10-25T08:56:40","slug":"fca","status":"publish","type":"page","link":"https:\/\/blogs.univ-jfc.fr\/hydrogene\/fca\/","title":{"rendered":"Fuel Cell Assembly, Virtual Reality"},"content":{"rendered":"\n<p>La premi\u00e8re partie de cette application a \u00e9t\u00e9 d\u00e9velopp\u00e9e par <a rel=\"noreferrer noopener\" href=\"https:\/\/thivet-judicael.itch.io\/\" target=\"_blank\">Thivet Judica\u00ebl<\/a>, \u00e9tudiant en 2\u00e8me ann\u00e9e de master AMINJ. La deuxi\u00e8me partie est en cours de developpement <\/p>\n\n\n\n<p>Elle r\u00e9pond \u00e0 une probl\u00e9matique rencontr\u00e9e \u00e0 l&rsquo;IMT Albi, lors de l&rsquo;apprentissage sur l\u2019hydrog\u00e8ne de ses \u00e9tudiants. Lors de cet apprentissage ces \u00e9tudiants sont amen\u00e9s \u00e0 interagir avec une Pile \u00e0 Combustible. Or celle-ci est fragile, toute manipulation pr\u00e9sente donc un risque humain et mat\u00e9riel. De plus les \u00e9tudiants \u00e9tant nombreux et la manipulation prenant du temps, une alternative \u00e9tait la bienvenue.<\/p>\n\n\n\n<p>Fuel Cell Assembly tente de r\u00e9pondre \u00e0 cette probl\u00e9matique en rempla\u00e7ant le TP de manipulation.<\/p>\n\n\n\n<p><\/p>\n\n\n\n<p><\/p>\n\n\n\n<p>Afin de remplacer le TP actuel, en sortant de l&rsquo;application, les apprenants doivent :<\/p>\n\n\n\n<ul><li>Connaitre le fonctionnement de base d&rsquo;une pile \u00e0 combustible<\/li><li>Identifier les composants principaux<\/li><li>Comprendre les produits de la r\u00e9action \u00e9lectrochimique<\/li><\/ul>\n\n\n\n<p><\/p>\n\n\n\n<p>La deuxi\u00e8me partie va permettre la manipulation de la pile pour comprendre l&rsquo;influence des diff\u00e9rents param\u00e8tres (stage de Josue Morel)<\/p>\n\n\n\n<p>Fuel Cell Assembly, Virtual Reality a \u00e9t\u00e9 d\u00e9velopp\u00e9e en r\u00e9alit\u00e9 virtuelle afin de pouvoir simuler le montage de la pile \u00e0 combustible dans un environnement sans risque. L&rsquo;application a \u00e9t\u00e9 d\u00e9velopp\u00e9e pour \u00eatre utilis\u00e9e sur les casques M\u00e9ta Quest 2.<\/p>\n\n\n\n<p><\/p>\n\n\n\n<p>La mod\u00e9lisation de la Pile \u00e0 Combustible et de ses composants a \u00e9t\u00e9 produite par <a href=\"https:\/\/arnaudcmps.artstation.com\" target=\"_blank\" rel=\"noreferrer noopener\">Arnaud Compans<\/a>.<\/p>\n\n\n\n<figure class=\"wp-block-gallery columns-2 is-cropped\"><ul class=\"blocks-gallery-grid\"><li class=\"blocks-gallery-item\"><figure><img loading=\"lazy\" width=\"576\" height=\"1024\" src=\"http:\/\/blogs.univ-jfc.fr\/hydrogene\/wp-content\/uploads\/sites\/126\/2023\/07\/pile2-576x1024.jpg\" alt=\"\" data-id=\"36\" data-full-url=\"http:\/\/blogs.univ-jfc.fr\/hydrogene\/wp-content\/uploads\/sites\/126\/2023\/07\/pile2.jpg\" data-link=\"https:\/\/blogs.univ-jfc.fr\/hydrogene\/fca\/pile2\/\" class=\"wp-image-36\" srcset=\"https:\/\/blogs.univ-jfc.fr\/hydrogene\/wp-content\/uploads\/sites\/126\/2023\/07\/pile2-576x1024.jpg 576w, https:\/\/blogs.univ-jfc.fr\/hydrogene\/wp-content\/uploads\/sites\/126\/2023\/07\/pile2-169x300.jpg 169w, https:\/\/blogs.univ-jfc.fr\/hydrogene\/wp-content\/uploads\/sites\/126\/2023\/07\/pile2-768x1365.jpg 768w, https:\/\/blogs.univ-jfc.fr\/hydrogene\/wp-content\/uploads\/sites\/126\/2023\/07\/pile2-864x1536.jpg 864w, https:\/\/blogs.univ-jfc.fr\/hydrogene\/wp-content\/uploads\/sites\/126\/2023\/07\/pile2-1153x2048.jpg 1153w, https:\/\/blogs.univ-jfc.fr\/hydrogene\/wp-content\/uploads\/sites\/126\/2023\/07\/pile2.jpg 1407w\" sizes=\"(max-width: 576px) 100vw, 576px\" \/><\/figure><\/li><li class=\"blocks-gallery-item\"><figure><img loading=\"lazy\" width=\"576\" height=\"1024\" src=\"http:\/\/blogs.univ-jfc.fr\/hydrogene\/wp-content\/uploads\/sites\/126\/2023\/07\/pile-576x1024.jpg\" alt=\"\" data-id=\"34\" data-full-url=\"http:\/\/blogs.univ-jfc.fr\/hydrogene\/wp-content\/uploads\/sites\/126\/2023\/07\/pile.jpg\" data-link=\"https:\/\/blogs.univ-jfc.fr\/hydrogene\/fca\/pile\/\" class=\"wp-image-34\" srcset=\"https:\/\/blogs.univ-jfc.fr\/hydrogene\/wp-content\/uploads\/sites\/126\/2023\/07\/pile-576x1024.jpg 576w, https:\/\/blogs.univ-jfc.fr\/hydrogene\/wp-content\/uploads\/sites\/126\/2023\/07\/pile-169x300.jpg 169w, https:\/\/blogs.univ-jfc.fr\/hydrogene\/wp-content\/uploads\/sites\/126\/2023\/07\/pile-768x1365.jpg 768w, https:\/\/blogs.univ-jfc.fr\/hydrogene\/wp-content\/uploads\/sites\/126\/2023\/07\/pile-864x1536.jpg 864w, https:\/\/blogs.univ-jfc.fr\/hydrogene\/wp-content\/uploads\/sites\/126\/2023\/07\/pile-1153x2048.jpg 1153w, https:\/\/blogs.univ-jfc.fr\/hydrogene\/wp-content\/uploads\/sites\/126\/2023\/07\/pile.jpg 1407w\" sizes=\"(max-width: 576px) 100vw, 576px\" \/><\/figure><\/li><\/ul><\/figure>\n\n\n\n<p>Si vous souhaitez tester par vous-m\u00eame l&rsquo;application <a rel=\"noreferrer noopener\" href=\"https:\/\/github.com\/Weedris\/RealiteVirtuel_PileACombustible\" target=\"_blank\">cliquez-ici<\/a>, ensuite dans l&rsquo;onglet releases, cliquez sur 1.0 et installer l&rsquo;apk sur votre casque.<\/p>\n\n\n\n<p>Voici une vid\u00e9o de d\u00e9monstration d&rsquo;utilisation de l&rsquo;application.<\/p>\n\n\n\n<figure class=\"wp-block-embed is-type-video is-provider-youtube wp-block-embed-youtube wp-embed-aspect-16-9 wp-has-aspect-ratio\"><div class=\"wp-block-embed__wrapper\">\n<iframe title=\"Demonstration-VirtualReality-FuelCell\" width=\"584\" height=\"329\" src=\"https:\/\/www.youtube.com\/embed\/rAzmox-F3oI?feature=oembed\" frameborder=\"0\" allow=\"accelerometer; autoplay; clipboard-write; encrypted-media; gyroscope; picture-in-picture; web-share\" referrerpolicy=\"strict-origin-when-cross-origin\" allowfullscreen><\/iframe>\n<\/div><\/figure>\n","protected":false},"excerpt":{"rendered":"<p>La premi\u00e8re partie de cette application a \u00e9t\u00e9 d\u00e9velopp\u00e9e par Thivet Judica\u00ebl, \u00e9tudiant en 2\u00e8me ann\u00e9e de master AMINJ. La deuxi\u00e8me partie est en cours de developpement Elle r\u00e9pond \u00e0 une probl\u00e9matique rencontr\u00e9e \u00e0 l&rsquo;IMT Albi, lors de l&rsquo;apprentissage sur &hellip; <a href=\"https:\/\/blogs.univ-jfc.fr\/hydrogene\/fca\/\">Lire la suite <span class=\"meta-nav\">&rarr;<\/span><\/a><\/p>\n","protected":false},"author":1255,"featured_media":0,"parent":0,"menu_order":0,"comment_status":"closed","ping_status":"closed","template":"","meta":[],"_links":{"self":[{"href":"https:\/\/blogs.univ-jfc.fr\/hydrogene\/wp-json\/wp\/v2\/pages\/10"}],"collection":[{"href":"https:\/\/blogs.univ-jfc.fr\/hydrogene\/wp-json\/wp\/v2\/pages"}],"about":[{"href":"https:\/\/blogs.univ-jfc.fr\/hydrogene\/wp-json\/wp\/v2\/types\/page"}],"author":[{"embeddable":true,"href":"https:\/\/blogs.univ-jfc.fr\/hydrogene\/wp-json\/wp\/v2\/users\/1255"}],"replies":[{"embeddable":true,"href":"https:\/\/blogs.univ-jfc.fr\/hydrogene\/wp-json\/wp\/v2\/comments?post=10"}],"version-history":[{"count":12,"href":"https:\/\/blogs.univ-jfc.fr\/hydrogene\/wp-json\/wp\/v2\/pages\/10\/revisions"}],"predecessor-version":[{"id":337,"href":"https:\/\/blogs.univ-jfc.fr\/hydrogene\/wp-json\/wp\/v2\/pages\/10\/revisions\/337"}],"wp:attachment":[{"href":"https:\/\/blogs.univ-jfc.fr\/hydrogene\/wp-json\/wp\/v2\/media?parent=10"}],"curies":[{"name":"wp","href":"https:\/\/api.w.org\/{rel}","templated":true}]}}