{"id":2,"date":"2023-07-13T11:45:10","date_gmt":"2023-07-13T09:45:10","guid":{"rendered":"https:\/\/blogs.univ-jfc.fr\/hydrogene\/?page_id=2"},"modified":"2024-10-25T11:21:39","modified_gmt":"2024-10-25T09:21:39","slug":"page-d-exemple","status":"publish","type":"page","link":"https:\/\/blogs.univ-jfc.fr\/hydrogene\/","title":{"rendered":"Qu&rsquo;est ce que c&rsquo;est ?"},"content":{"rendered":"\n<p>Bienvenue sur le site <em>(en construction) <\/em>regroupant les productions de formation num\u00e9rique sur l&rsquo;hydrog\u00e8ne.<\/p>\n\n\n\n<p>Sur ce site vous trouverez notamment :<\/p>\n\n\n\n<p> <a rel=\"noreferrer noopener\" href=\"https:\/\/blogs.univ-jfc.fr\/hydrogene\/fca\/\" target=\"_blank\">Fuel Cell Assembly, Virtual Reality<\/a> : outil de formation sur les piles \u00e0 combustibles en r\u00e9alit\u00e9 virtuelle.<\/p>\n\n\n\n<p><a href=\"https:\/\/blogs.univ-jfc.fr\/hydrogene\/h2-virtual-training\/\">H2VT <\/a>: programme de formation num\u00e9rique destin\u00e9 aux enjeux de s\u00e9curit\u00e9 dans les zones de travail ATEX hydrog\u00e8ne.<\/p>\n\n\n\n\n\n<p><\/p>\n","protected":false},"excerpt":{"rendered":"<p>Bienvenue sur le site (en construction) regroupant les productions de formation num\u00e9rique sur l&rsquo;hydrog\u00e8ne. Sur ce site vous trouverez notamment : Fuel Cell Assembly, Virtual Reality : outil de formation sur les piles \u00e0 combustibles en r\u00e9alit\u00e9 virtuelle. H2VT : &hellip; <a href=\"https:\/\/blogs.univ-jfc.fr\/hydrogene\/\">Lire la suite <span class=\"meta-nav\">&rarr;<\/span><\/a><\/p>\n","protected":false},"author":548,"featured_media":0,"parent":0,"menu_order":0,"comment_status":"closed","ping_status":"open","template":"","meta":[],"_links":{"self":[{"href":"https:\/\/blogs.univ-jfc.fr\/hydrogene\/wp-json\/wp\/v2\/pages\/2"}],"collection":[{"href":"https:\/\/blogs.univ-jfc.fr\/hydrogene\/wp-json\/wp\/v2\/pages"}],"about":[{"href":"https:\/\/blogs.univ-jfc.fr\/hydrogene\/wp-json\/wp\/v2\/types\/page"}],"author":[{"embeddable":true,"href":"https:\/\/blogs.univ-jfc.fr\/hydrogene\/wp-json\/wp\/v2\/users\/548"}],"replies":[{"embeddable":true,"href":"https:\/\/blogs.univ-jfc.fr\/hydrogene\/wp-json\/wp\/v2\/comments?post=2"}],"version-history":[{"count":17,"href":"https:\/\/blogs.univ-jfc.fr\/hydrogene\/wp-json\/wp\/v2\/pages\/2\/revisions"}],"predecessor-version":[{"id":347,"href":"https:\/\/blogs.univ-jfc.fr\/hydrogene\/wp-json\/wp\/v2\/pages\/2\/revisions\/347"}],"wp:attachment":[{"href":"https:\/\/blogs.univ-jfc.fr\/hydrogene\/wp-json\/wp\/v2\/media?parent=2"}],"curies":[{"name":"wp","href":"https:\/\/api.w.org\/{rel}","templated":true}]}}