{"id":48,"date":"2023-11-09T10:50:10","date_gmt":"2023-11-09T09:50:10","guid":{"rendered":"https:\/\/blogs.univ-jfc.fr\/hydrogene\/?page_id=48"},"modified":"2025-09-08T16:06:00","modified_gmt":"2025-09-08T14:06:00","slug":"equipe","status":"publish","type":"page","link":"https:\/\/blogs.univ-jfc.fr\/hydrogene\/equipe\/","title":{"rendered":"Equipe"},"content":{"rendered":"\n<p><strong>SGRL<\/strong><br><br><\/p>\n\n\n\n<p>Dan Andreea, Ing\u00e9nieure de recherche<br>Estevan Benjamin, Ing\u00e9nieur de recherche<br>Galaup Michel, Professeur des universit\u00e9s, Directeur du SGRL<br>Lagarrigue Pierre, Professeur des universit\u00e9s<br>Lavergne-Boudier Val\u00e9rie, Ing\u00e9nieure de recherche<br>Panzoli David, Professeur des universit\u00e9s<\/p>\n\n\n\n<p><strong>IMT ALBI<\/strong><br>GONZALEZ-MARTINEZ Maria, Ma\u00eetre assistant<\/p>\n\n\n\n<p><strong>Instituto Politecnico de LEIRIA<\/strong><br>ABRANTES Eduarda, Ma\u00eetre de conf\u00e9rence<\/p>\n\n\n\n<p><\/p>\n\n\n\n<p><br><\/p>\n","protected":false},"excerpt":{"rendered":"<p>SGRL Dan Andreea, Ing\u00e9nieure de rechercheEstevan Benjamin, Ing\u00e9nieur de rechercheGalaup Michel, Professeur des universit\u00e9s, Directeur du SGRLLagarrigue Pierre, Professeur des universit\u00e9sLavergne-Boudier Val\u00e9rie, Ing\u00e9nieure de recherchePanzoli David, Professeur des universit\u00e9s IMT ALBIGONZALEZ-MARTINEZ Maria, Ma\u00eetre assistant Instituto Politecnico de LEIRIAABRANTES Eduarda, Ma\u00eetre &hellip; <a href=\"https:\/\/blogs.univ-jfc.fr\/hydrogene\/equipe\/\">Lire la suite <span class=\"meta-nav\">&rarr;<\/span><\/a><\/p>\n","protected":false},"author":548,"featured_media":0,"parent":0,"menu_order":0,"comment_status":"closed","ping_status":"closed","template":"","meta":[],"_links":{"self":[{"href":"https:\/\/blogs.univ-jfc.fr\/hydrogene\/wp-json\/wp\/v2\/pages\/48"}],"collection":[{"href":"https:\/\/blogs.univ-jfc.fr\/hydrogene\/wp-json\/wp\/v2\/pages"}],"about":[{"href":"https:\/\/blogs.univ-jfc.fr\/hydrogene\/wp-json\/wp\/v2\/types\/page"}],"author":[{"embeddable":true,"href":"https:\/\/blogs.univ-jfc.fr\/hydrogene\/wp-json\/wp\/v2\/users\/548"}],"replies":[{"embeddable":true,"href":"https:\/\/blogs.univ-jfc.fr\/hydrogene\/wp-json\/wp\/v2\/comments?post=48"}],"version-history":[{"count":11,"href":"https:\/\/blogs.univ-jfc.fr\/hydrogene\/wp-json\/wp\/v2\/pages\/48\/revisions"}],"predecessor-version":[{"id":428,"href":"https:\/\/blogs.univ-jfc.fr\/hydrogene\/wp-json\/wp\/v2\/pages\/48\/revisions\/428"}],"wp:attachment":[{"href":"https:\/\/blogs.univ-jfc.fr\/hydrogene\/wp-json\/wp\/v2\/media?parent=48"}],"curies":[{"name":"wp","href":"https:\/\/api.w.org\/{rel}","templated":true}]}}